{"id":998,"date":"2019-06-06T17:29:33","date_gmt":"2019-06-06T16:29:33","guid":{"rendered":"http:\/\/interware.dk\/fjernstyret\/vare\/pace-setter\/"},"modified":"2021-01-16T21:13:57","modified_gmt":"2021-01-16T20:13:57","slug":"pace-setter","status":"publish","type":"product","link":"https:\/\/interware.dk\/RC\/vare\/pace-setter\/","title":{"rendered":"Pace-Setter"},"content":{"rendered":"<p style=\"text-align: center;\">\n<p style=\"text-align: center;\">\n<p style=\"text-align: center;\">\n<p style=\"text-align: center;\"><span style=\"font-size: 20px;\">Pace-Setter<\/span><\/p>\n<p style=\"text-align: center;\"><strong>1\/10 2,6cc nitro car<\/strong><\/p>\n<p style=\"text-align: center;\">\u00a0<a href=\"http:\/\/interware.dk\/RC\/index.php?cPath=2_35_45\">Reservedele til Pace-setter finder du her.<\/a><\/p>\n<p style=\"text-align: center;\">\n<p style=\"text-align: center;\"><img data-recalc-dims=\"1\" decoding=\"async\" style=\"height: 382px; width: 500px;\" src=\"https:\/\/i0.wp.com\/www.interware.dk\/picture_library\/Pace.jpg?w=1165\" alt=\"\" \/><\/p>\n<p style=\"text-align: center;\">\n<p style=\"text-align: center;\"><strong>Specifikationer<\/strong>:<\/p>\n<p>l\u00e6ngde 360mm<br \/>\nBredde 200mm<br \/>\nH\u00f8jde 112mm<br \/>\n4WD (4 Hjulstr\u00e6k)<br \/>\nAluminium chassis<br \/>\nMotor 2,6 ccm<\/p>\n<p style=\"text-align: center;\">\u00a0Modellen leveres inkl. pistol fjernbetjening, det eneste der mangler for at v\u00e6re k\u00f8rende er: br\u00e6ndstof, 12AA batterier og gl\u00f8destarter.<\/p>\n<p style=\"text-align: center;\"><img data-recalc-dims=\"1\" decoding=\"async\" style=\"height: 431px; width: 500px;\" src=\"https:\/\/i0.wp.com\/www.interware.dk\/picture_library\/Pace2.jpg?w=1165\" alt=\"\" \/><\/p>\n<p style=\"text-align: center;\"><img data-recalc-dims=\"1\" decoding=\"async\" style=\"height: 214px; width: 500px;\" src=\"https:\/\/i0.wp.com\/www.interware.dk\/picture_library\/Pace3.jpg?w=1165\" alt=\"\" \/><\/p>\n<p style=\"text-align: center;\"><img data-recalc-dims=\"1\" decoding=\"async\" style=\"height: 171px; width: 500px;\" src=\"https:\/\/i0.wp.com\/www.interware.dk\/picture_library\/Pace5.jpg?w=1165\" alt=\"\" \/><\/p>\n<p style=\"text-align: center;\"><img data-recalc-dims=\"1\" decoding=\"async\" style=\"height: 199px; width: 500px;\" src=\"https:\/\/i0.wp.com\/www.interware.dk\/picture_library\/Pace4.jpg?w=1165\" alt=\"\" \/><\/p>\n<p style=\"text-align: center;\"><a href=\"http:\/\/www.interware.dk\/mediafiles\/Indkoringafmotor.doc\"><u>Husk at en ny motor altid skal k\u00f8res til inden brug, klik her for at l\u00e6se, hvordan det g\u00f8res.<\/u><\/a><\/p>\n<!--themify_builder_content-->\n<div id=\"themify_builder_content-998\" data-postid=\"998\" class=\"themify_builder_content themify_builder_content-998 themify_builder tf_clear\">\n    <\/div>\n<!--\/themify_builder_content-->\n","protected":false},"excerpt":{"rendered":"<p>Pace-Setter 1\/10 2,6cc nitro car \u00a0Reservedele til Pace-setter finder du her. Specifikationer: l\u00e6ngde 360mm Bredde 200mm H\u00f8jde 112mm 4WD (4 Hjulstr\u00e6k) Aluminium chassis Motor 2,6 ccm \u00a0Modellen leveres inkl. pistol fjernbetjening, det eneste der mangler for at v\u00e6re k\u00f8rende er: br\u00e6ndstof, 12AA batterier og gl\u00f8destarter. Husk at en ny motor altid skal k\u00f8res til inden [&hellip;]<\/p>\n","protected":false},"featured_media":4517,"comment_status":"open","ping_status":"closed","template":"","meta":[],"pwb-brand":[167],"product_brand":[],"product_cat":[58],"product_tag":[],"class_list":{"0":"post-998","1":"product","2":"type-product","3":"status-publish","4":"has-post-thumbnail","6":"pwb-brand-hsp","7":"product_cat-1-10-biler","8":"has-post-title","9":"has-post-date","10":"has-post-category","11":"has-post-tag","12":"has-post-comment","13":"has-post-author","14":"","16":"first","17":"instock","18":"sale","19":"taxable","20":"shipping-taxable","21":"purchasable","22":"product-type-simple"},"jetpack_sharing_enabled":true,"brands":[{"id":167,"name":"HSP","slug":"hsp"}],"builder_content":"","_links":{"self":[{"href":"https:\/\/interware.dk\/RC\/wp-json\/wp\/v2\/product\/998","targetHints":{"allow":["GET"]}}],"collection":[{"href":"https:\/\/interware.dk\/RC\/wp-json\/wp\/v2\/product"}],"about":[{"href":"https:\/\/interware.dk\/RC\/wp-json\/wp\/v2\/types\/product"}],"replies":[{"embeddable":true,"href":"https:\/\/interware.dk\/RC\/wp-json\/wp\/v2\/comments?post=998"}],"wp:featuredmedia":[{"embeddable":true,"href":"https:\/\/interware.dk\/RC\/wp-json\/wp\/v2\/media\/4517"}],"wp:attachment":[{"href":"https:\/\/interware.dk\/RC\/wp-json\/wp\/v2\/media?parent=998"}],"wp:term":[{"taxonomy":"pwb-brand","embeddable":true,"href":"https:\/\/interware.dk\/RC\/wp-json\/wp\/v2\/pwb-brand?post=998"},{"taxonomy":"product_brand","embeddable":true,"href":"https:\/\/interware.dk\/RC\/wp-json\/wp\/v2\/product_brand?post=998"},{"taxonomy":"product_cat","embeddable":true,"href":"https:\/\/interware.dk\/RC\/wp-json\/wp\/v2\/product_cat?post=998"},{"taxonomy":"product_tag","embeddable":true,"href":"https:\/\/interware.dk\/RC\/wp-json\/wp\/v2\/product_tag?post=998"}],"curies":[{"name":"wp","href":"https:\/\/api.w.org\/{rel}","templated":true}]}}