{"id":7212,"date":"2019-06-06T17:44:52","date_gmt":"2019-06-06T16:44:52","guid":{"rendered":"https:\/\/interware.dk\/fjernstyret\/vare\/ftx-carnage-4wd-truggy-rtr\/"},"modified":"2021-03-13T10:24:50","modified_gmt":"2021-03-13T09:24:50","slug":"ftx-carnage-4wd-truggy-rtr","status":"publish","type":"product","link":"https:\/\/interware.dk\/RC\/produkt\/ftx-carnage-4wd-truggy-rtr\/?lang=sv","title":{"rendered":"FTX Carnage 4wd Truggy &#8211; RTR"},"content":{"rendered":"<p>Elak 4WD Truggy<\/p>\n<p>Carnage Brushed Edition kommer med allt du beh\u00f6ver f\u00f6r att vara ig\u00e5ng allt finns i l\u00e5dan (l\u00e4gg bara till AA batterier ). F\u00f6r dem med en begr\u00e4nsad budget representerar Carnage Brushed fantastiskt v\u00e4rde och inneh\u00e5ller ett Voltz 1800mah NiMh batteri och laddare.<\/p>\n<p>Ing\u00e5r i denna nya utg\u00e5va \u00e4r en Etronix Sport radiosystem, vilket ger dig alla f\u00f6rdelar med 2,4 GHz-teknik. Ocks\u00e5 ny, \u00e4r en helt vattent\u00e4t motor och hastighetsregulator, s\u00e5 att du kan ta din Carnage ytterligare off-road utan r\u00e4dsla f\u00f6r vatten skador p\u00e5 el..<\/p>\n<p>4wd-axelns drivlinje har metalldifferentialgear och fr\u00e4mre universella drivaxlar, medan en integrerad slipper hj\u00e4lper till att skydda enheten fr\u00e5n eventuella skador. Med justerbara vantskruvar, och stora oljefylld st\u00f6td\u00e4mpare, Carnage Brushed, finns till ett riktigt fantastiskt pris.<\/p>\n<p>Dessutom, om du vill trimma och uppgradera din Carnage Brushed, erbjuder FTX ett brett utbud av karbon- och aluminiumuppgraderingar som tar din modell upp till en helt ny pro niv\u00e5.<\/p>\n<p>FTX Carnage Brushed Funktioner:<\/p>\n<ul>\n<li>Klar att k\u00f6ra med 2,4 GHz Etronix Sport radiosystem<\/li>\n<li>30A VATTENT\u00c4T borstad hastighetskontroll<\/li>\n<li>VATTENT\u00c4T 550 borstad motor<\/li>\n<li>Voltz 1800mAh 7.2v NiMH batteri<\/li>\n<li>V\u00e4ggladdare f\u00f6r batteri<\/li>\n<li>Race utformade l\u00e5g profil f\u00e4rdigm\u00e5lad kaross<\/li>\n<li>Gjutet karosschassi<\/li>\n<li>4wd axeldrivning med slipper system<\/li>\n<li>Unik v\u00e4xell\u00e5da design f\u00f6r l\u00e5g CG<\/li>\n<li>L\u00e5g vikt med stor p\u00e5verkan armar<\/li>\n<li>Stora oljefyllda justerbara st\u00f6td\u00e4mpare<\/li>\n<li>V\u00e4xell\u00e5da med metallkrona och kugghjul<\/li>\n<li>Front universella drivaxlar<\/li>\n<li>Justerbar hjulbas<\/li>\n<li>Justerbara vantskruvar<\/li>\n<li>Fullt justerbar upph\u00e4ngning inklusive, dra, camber, toe-in, hjulbas etc<\/li>\n<li>Slipper f\u00f6r drivlina skydd<\/li>\n<li>Chassit accepterar NiMh eller LiPo-batteri<\/li>\n<li>3kg styrservo med kylfl\u00e4ns<\/li>\n<li>Brett utbud av alternativ delar tillg\u00e4ngliga<\/li>\n<\/ul>\n<p><img decoding=\"async\" style=\"width: 100%x;\" src=\"\/RC\/images\/FTX\/Carnage\/new5-700x700.jpeg\" alt=\"\" \/><\/p>\n<p><img decoding=\"async\" style=\"width: 100%x;\" src=\"\/RC\/images\/FTX\/Carnage\/3-700x700.jpeg\" alt=\"\" \/><\/p>\n<p>&nbsp;<\/p>\n<p>Beh\u00f6vs f\u00f6r att vara klar 8st AA-batterier<\/p>\n<!--themify_builder_content-->\n<div id=\"themify_builder_content-7212\" data-postid=\"7212\" class=\"themify_builder_content themify_builder_content-7212 themify_builder tf_clear\">\n    <\/div>\n<!--\/themify_builder_content-->\n","protected":false},"excerpt":{"rendered":"<p>Elak 4WD Truggy Carnage Brushed Edition kommer med allt du beh\u00f6ver f\u00f6r att vara ig\u00e5ng allt finns i l\u00e5dan (l\u00e4gg bara till AA batterier ). F\u00f6r dem med en begr\u00e4nsad budget representerar Carnage Brushed fantastiskt v\u00e4rde och inneh\u00e5ller ett Voltz 1800mah NiMh batteri och laddare. Ing\u00e5r i denna nya utg\u00e5va \u00e4r en Etronix Sport radiosystem, [&hellip;]<\/p>\n","protected":false},"featured_media":7214,"comment_status":"open","ping_status":"closed","template":"","meta":[],"pwb-brand":[166],"product_brand":[],"product_cat":[220],"product_tag":[],"class_list":{"0":"post-7212","1":"product","2":"type-product","3":"status-publish","4":"has-post-thumbnail","6":"pwb-brand-ftx-rc","7":"product_cat-1-10-modeller","8":"has-post-title","9":"has-post-date","10":"has-post-category","11":"has-post-tag","12":"has-post-comment","13":"has-post-author","14":"","16":"first","17":"onbackorder","18":"taxable","19":"shipping-taxable","20":"purchasable","21":"product-type-simple"},"jetpack_sharing_enabled":true,"brands":[{"id":166,"name":"FTX RC","slug":"ftx-rc"}],"builder_content":"","_links":{"self":[{"href":"https:\/\/interware.dk\/RC\/wp-json\/wp\/v2\/product\/7212","targetHints":{"allow":["GET"]}}],"collection":[{"href":"https:\/\/interware.dk\/RC\/wp-json\/wp\/v2\/product"}],"about":[{"href":"https:\/\/interware.dk\/RC\/wp-json\/wp\/v2\/types\/product"}],"replies":[{"embeddable":true,"href":"https:\/\/interware.dk\/RC\/wp-json\/wp\/v2\/comments?post=7212"}],"wp:featuredmedia":[{"embeddable":true,"href":"https:\/\/interware.dk\/RC\/wp-json\/wp\/v2\/media\/7214"}],"wp:attachment":[{"href":"https:\/\/interware.dk\/RC\/wp-json\/wp\/v2\/media?parent=7212"}],"wp:term":[{"taxonomy":"pwb-brand","embeddable":true,"href":"https:\/\/interware.dk\/RC\/wp-json\/wp\/v2\/pwb-brand?post=7212"},{"taxonomy":"product_brand","embeddable":true,"href":"https:\/\/interware.dk\/RC\/wp-json\/wp\/v2\/product_brand?post=7212"},{"taxonomy":"product_cat","embeddable":true,"href":"https:\/\/interware.dk\/RC\/wp-json\/wp\/v2\/product_cat?post=7212"},{"taxonomy":"product_tag","embeddable":true,"href":"https:\/\/interware.dk\/RC\/wp-json\/wp\/v2\/product_tag?post=7212"}],"curies":[{"name":"wp","href":"https:\/\/api.w.org\/{rel}","templated":true}]}}