{"id":7204,"date":"2019-06-24T09:25:43","date_gmt":"2019-06-24T08:25:43","guid":{"rendered":"https:\/\/interware.dk\/fjernstyret\/vare\/mad-shark\/"},"modified":"2019-07-10T19:57:29","modified_gmt":"2019-07-10T18:57:29","slug":"mad-shark","status":"publish","type":"product","link":"https:\/\/interware.dk\/RC\/produkt\/mad-shark\/?lang=sv","title":{"rendered":"Mad Shark"},"content":{"rendered":"<p>Mad Shark fr\u00e5n Joysway \u00e4r en snabb motorb\u00e5t med en vattenkyld borstl\u00f6s motor.<\/p>\n<p>B\u00e5ten \u00e4r utrustad med ett smart system om den v\u00e4lter i en skarpt sv\u00e4ng, kan den v\u00e4nda p\u00e5 sig igen och du kan forts\u00e4tta segla.<\/p>\n<p>Mad Shark \u00e4r RTR, Allt ing\u00e5r utom 4x AA-batterier f\u00f6r fj\u00e4rrkontrollen.<\/p>\n<div>\n<p><strong><span class=\"subtitle\">Specifikationer<\/span><\/strong><\/p>\n<ul>\n<li>L\u00e4ngd: 443mm<\/li>\n<li>Bredd: 172mm<\/li>\n<li>Hastighed: ungef\u00e4r 40km\/t<\/li>\n<li>Fj\u00e4rrkontroll: 2-kanals, <abbr class=\"m3dict\" title=\".\">2.4GHz<\/abbr>, anv\u00e4nder 4 AA batterier (ing\u00e5r ej)<\/li>\n<li>Motor: brushless, vattenkyld 2500KV<\/li>\n<li>ESC 30A, vattenkyld<\/li>\n<li>2 kanals, <abbr class=\"m3dict\" title=\".\">2.4GHz<\/abbr> mottagare<\/li>\n<li>Vattent\u00e4t servo 9g<\/li>\n<li>Propell: 35mm<\/li>\n<li>Motoraxeldiameter: 2.3mm<\/li>\n<li>Batteri: 11.1V 1300mAh 35C LiPo (Plugg: XH 3S han och T-Dean hon)<\/li>\n<li>Laddare med adapter 2S\/3S<\/li>\n<li>Vikt: 610g<\/li>\n<\/ul>\n<\/div>\n<div><\/div>\n<div>\n<p><strong><span class=\"subtitle\">Paketet inneh\u00e5ller<\/span><\/strong><\/p>\n<ul>\n<li>Mad Shark <abbr class=\"m3dict\" title=\".\">2.4GHz<\/abbr> motorb\u00e5t med brushless motor<\/li>\n<li>2-kanals, radioutrustning, <abbr class=\"m3dict\" title=\".\">2.4GHz<\/abbr><\/li>\n<li>Batteri: 11.1V 1300mAh 35C Li-Po<\/li>\n<li>2S\/3S Laddare med adapter<\/li>\n<li>Biladapter<\/li>\n<li>Extra propell 35mm<\/li>\n<li>V\u00e4rmekrympslang 55mm<\/li>\n<li>Plastklammer<\/li>\n<li>2 Hex nycklar<\/li>\n<li>Ballong f\u00f6r \u00f6versv\u00e4mningsskydd<\/li>\n<li>Velcro f\u00f6r att h\u00e5lla batteriet<\/li>\n<li>T-Dean plugg<\/li>\n<li>Manual<\/li>\n<\/ul>\n<div class=\"post-video\"><iframe loading=\"lazy\" title=\"\u30e9\u30b8\u30b3\u30f3\uff11\u30008205 Mad Shark F1 Brushless\" width=\"1165\" height=\"655\" src=\"https:\/\/www.youtube.com\/embed\/5650BSUvN6g?feature=oembed\" frameborder=\"0\" allow=\"accelerometer; autoplay; encrypted-media; gyroscope; picture-in-picture\" allowfullscreen><\/iframe><\/div>\n<\/div>\n","protected":false},"excerpt":{"rendered":"<h2>Mini F1 Brushless Power Speed Boat fr\u00e5n joysway<\/h2>\n","protected":false},"featured_media":6861,"comment_status":"open","ping_status":"closed","template":"","meta":[],"pwb-brand":[],"product_brand":[],"product_cat":[88,210],"product_tag":[],"class_list":{"0":"post-7204","1":"product","2":"type-product","3":"status-publish","4":"has-post-thumbnail","6":"product_cat-baade","7":"product_cat-baatar","8":"has-post-title","9":"has-post-date","10":"has-post-category","11":"has-post-tag","12":"has-post-comment","13":"has-post-author","14":"","16":"first","17":"outofstock","18":"taxable","19":"shipping-taxable","20":"purchasable","21":"product-type-simple"},"jetpack_sharing_enabled":true,"brands":[],"builder_content":"","_links":{"self":[{"href":"https:\/\/interware.dk\/RC\/wp-json\/wp\/v2\/product\/7204","targetHints":{"allow":["GET"]}}],"collection":[{"href":"https:\/\/interware.dk\/RC\/wp-json\/wp\/v2\/product"}],"about":[{"href":"https:\/\/interware.dk\/RC\/wp-json\/wp\/v2\/types\/product"}],"replies":[{"embeddable":true,"href":"https:\/\/interware.dk\/RC\/wp-json\/wp\/v2\/comments?post=7204"}],"wp:featuredmedia":[{"embeddable":true,"href":"https:\/\/interware.dk\/RC\/wp-json\/wp\/v2\/media\/6861"}],"wp:attachment":[{"href":"https:\/\/interware.dk\/RC\/wp-json\/wp\/v2\/media?parent=7204"}],"wp:term":[{"taxonomy":"pwb-brand","embeddable":true,"href":"https:\/\/interware.dk\/RC\/wp-json\/wp\/v2\/pwb-brand?post=7204"},{"taxonomy":"product_brand","embeddable":true,"href":"https:\/\/interware.dk\/RC\/wp-json\/wp\/v2\/product_brand?post=7204"},{"taxonomy":"product_cat","embeddable":true,"href":"https:\/\/interware.dk\/RC\/wp-json\/wp\/v2\/product_cat?post=7204"},{"taxonomy":"product_tag","embeddable":true,"href":"https:\/\/interware.dk\/RC\/wp-json\/wp\/v2\/product_tag?post=7204"}],"curies":[{"name":"wp","href":"https:\/\/api.w.org\/{rel}","templated":true}]}}