{"id":4413,"date":"2019-06-06T17:44:52","date_gmt":"2019-06-06T16:44:52","guid":{"rendered":"http:\/\/interware.dk\/fjernstyret\/vare\/ftx-bugsta-brushless-rtr-monster-beetle\/"},"modified":"2020-07-02T09:20:57","modified_gmt":"2020-07-02T08:20:57","slug":"ftx-bugsta-brushless-rtr-monster-beetle","status":"publish","type":"product","link":"https:\/\/interware.dk\/RC\/vare\/ftx-bugsta-brushless-rtr-monster-beetle\/","title":{"rendered":"FTX Bugsta Brushless RTR Monster Beetle"},"content":{"rendered":"<h2>Brushless FTX Bugsta Monster Beetle<\/h2>\n<p>Klassisk bille stil og r\u00e5styrke smeltet sammen til FTX Bugsta, den nyeste kraftige 4WD terr\u00e6ng\u00e5ende model fra FTX. Ved at bruge den samme chassisplatform som den meget popul\u00e6re Carnage Truggy, fanger Bugsta det bedst af buggies og trucks, med en smule monster kastet i.<\/p>\n<p>4wd drivlinjen har metal diff gear og front universal drivaksler, mens en integreret slipper hj\u00e6lper med at beskytte drivlinjen mod mulig skade ved stor kraft. Med justerbare vantskruer hele vejen rundt og\u00a0 oliefyldte st\u00f8dd\u00e6mpere, kan Bugsta indstilles til at passe til dig eller terr\u00e6net.<\/p>\n<p>Etronix leverer elektronikken i form af EX2 2.4ghz krystalfri radiosystem. Den vandt\u00e6tte Photon 60 Amp 2.1W Sensorless b\u00f8rstel\u00f8s hastighedsregulator kombineret med 2950kv motor giver ekstraordin\u00e6r hastighed og effekt.<\/p>\n<p>For at f\u00e5 det bedste ud af det b\u00f8rstel\u00f8se system, inkluderer FTX et Voltz 2S LiPo batteri, balance oplader og opladningspose i en komplet pakke. Alt du skal tilf\u00f8je er AA-batterier til senderen, og du er ude at k\u00f8re!<\/p>\n<p>Vil du have en RC model, der er lige s\u00e5 sjov som den ser ud, s\u00e5 er Bugsta noget for dig!<\/p>\n<p>FTX Bugsta Funktioner:<\/p>\n<ul>\n<li>99% Klar til at k\u00f8re<\/li>\n<li>Etronix EX2 Sport 2.4ghz radio<\/li>\n<li>Etronix 2.1W Vandt\u00e6t 60 Amp ESC<\/li>\n<li>Etronix 2950kv B\u00f8rstel\u00f8s motor<\/li>\n<li>Etronix 9kg metal gearet vandt\u00e6t styreservo<\/li>\n<li>Voltz 3250mah 7.4v 20c LiPo Hardcased batteri<\/li>\n<li>Voltz LiPo lade pose<\/li>\n<li>Pre-malet Beetle stil karrosseri<\/li>\n<li>St\u00f8bt karrosseri<\/li>\n<li>4wd akseldrev med slipper system<\/li>\n<li>Unikt gearkasse design for lav CG<\/li>\n<li>Store oliefyldte justerbare st\u00f8dd\u00e6mpere<\/li>\n<li>Gearkasse metal krone &amp; pinion gear<\/li>\n<li>Front universal drivaksler<\/li>\n<li>Justerbar akselafstand<\/li>\n<li>Justerbare vantskruer<\/li>\n<li>Fuldt justerbar suspension inklusive, droop, camber, toe-in, akselafstand mv<\/li>\n<li>Slipper for beskyttelse af drivlinjen<\/li>\n<li>Chassis accepterer NiMh eller LiPo batteri<\/li>\n<li>Stort udvalg af ekstra dele til r\u00e5dighed<\/li>\n<\/ul>\n<p>Specifikationer:<\/p>\n<ul>\n<li>L\u00e6ngde: 415mm<\/li>\n<li>Bredde: 328mm<\/li>\n<li>H\u00f8jde: 156mm<\/li>\n<li>Akselafstand: 290\/295mm<\/li>\n<li>Hjul: \u00f8 125 x 60mm<\/li>\n<li>Udveksling: 11.2:1<\/li>\n<\/ul>\n<p><img decoding=\"async\" style=\"width: 100%;\" src=\"\/RC\/images\/FTX\/Bugsta%20brushless\/gallery3-700x700.jpg\" alt=\"\" \/><\/p>\n<p><img decoding=\"async\" style=\"width: 100%;\" src=\"\/RC\/images\/FTX\/Bugsta%20brushless\/gallery4-700x700.jpg\" alt=\"\" \/><br \/>\nKr\u00e6ves for at v\u00e6re k\u00f8reklar: 8pcs AA-batterier<\/p>\n<!--themify_builder_content-->\n<div id=\"themify_builder_content-4413\" data-postid=\"4413\" class=\"themify_builder_content themify_builder_content-4413 themify_builder tf_clear\">\n    <\/div>\n<!--\/themify_builder_content-->\n","protected":false},"excerpt":{"rendered":"<p>Brushless FTX Bugsta Monster Beetle Klassisk bille stil og r\u00e5styrke smeltet sammen til FTX Bugsta, den nyeste kraftige 4WD terr\u00e6ng\u00e5ende model fra FTX. Ved at bruge den samme chassisplatform som den meget popul\u00e6re Carnage Truggy, fanger Bugsta det bedst af buggies og trucks, med en smule monster kastet i. 4wd drivlinjen har metal diff gear [&hellip;]<\/p>\n","protected":false},"featured_media":4613,"comment_status":"open","ping_status":"closed","template":"","meta":[],"pwb-brand":[166],"product_brand":[],"product_cat":[66],"product_tag":[],"class_list":{"0":"post-4413","1":"product","2":"type-product","3":"status-publish","4":"has-post-thumbnail","6":"pwb-brand-ftx-rc","7":"product_cat-1-10-biler-el-modeller","8":"has-post-title","9":"has-post-date","10":"has-post-category","11":"has-post-tag","12":"has-post-comment","13":"has-post-author","14":"","16":"first","17":"onbackorder","18":"taxable","19":"shipping-taxable","20":"purchasable","21":"product-type-simple"},"jetpack_sharing_enabled":true,"brands":[{"id":166,"name":"FTX RC","slug":"ftx-rc"}],"builder_content":"","_links":{"self":[{"href":"https:\/\/interware.dk\/RC\/wp-json\/wp\/v2\/product\/4413","targetHints":{"allow":["GET"]}}],"collection":[{"href":"https:\/\/interware.dk\/RC\/wp-json\/wp\/v2\/product"}],"about":[{"href":"https:\/\/interware.dk\/RC\/wp-json\/wp\/v2\/types\/product"}],"replies":[{"embeddable":true,"href":"https:\/\/interware.dk\/RC\/wp-json\/wp\/v2\/comments?post=4413"}],"wp:featuredmedia":[{"embeddable":true,"href":"https:\/\/interware.dk\/RC\/wp-json\/wp\/v2\/media\/4613"}],"wp:attachment":[{"href":"https:\/\/interware.dk\/RC\/wp-json\/wp\/v2\/media?parent=4413"}],"wp:term":[{"taxonomy":"pwb-brand","embeddable":true,"href":"https:\/\/interware.dk\/RC\/wp-json\/wp\/v2\/pwb-brand?post=4413"},{"taxonomy":"product_brand","embeddable":true,"href":"https:\/\/interware.dk\/RC\/wp-json\/wp\/v2\/product_brand?post=4413"},{"taxonomy":"product_cat","embeddable":true,"href":"https:\/\/interware.dk\/RC\/wp-json\/wp\/v2\/product_cat?post=4413"},{"taxonomy":"product_tag","embeddable":true,"href":"https:\/\/interware.dk\/RC\/wp-json\/wp\/v2\/product_tag?post=4413"}],"curies":[{"name":"wp","href":"https:\/\/api.w.org\/{rel}","templated":true}]}}