{"id":4412,"date":"2019-06-06T17:44:52","date_gmt":"2019-06-06T16:44:52","guid":{"rendered":"http:\/\/interware.dk\/fjernstyret\/vare\/ftx-bugsta-rtr-monster-beetle\/"},"modified":"2020-07-02T09:15:55","modified_gmt":"2020-07-02T08:15:55","slug":"ftx-bugsta-rtr-monster-beetle","status":"publish","type":"product","link":"https:\/\/interware.dk\/RC\/vare\/ftx-bugsta-rtr-monster-beetle\/","title":{"rendered":"FTX Bugsta RTR Monster Beetle"},"content":{"rendered":"<h2>Vandt\u00e6t FTX Bugsta Monster Beetle<\/h2>\n<p>Klassisk bille stil og r\u00e5styrke smeltet sammen til FTX Bugsta, den nyeste kraftige 4WD terr\u00e6ng\u00e5ende model fra FTX. Ved at bruge den samme chassisplatform som den meget popul\u00e6re Carnage Truggy, fanger Bugsta det bedst af buggies og trucks, med en smule monster kastet i.<\/p>\n<p>4wd drivlinjen har metal diff gear og front universal drivaksler, mens en integreret slipper hj\u00e6lper med at beskytte drivlinjen mod mulig skade ved stor kraft. Med justerbare vantskruer hele vejen rundt og\u00a0 oliefyldte st\u00f8dd\u00e6mpere, kan Bugsta indstilles til at passe til dig eller terr\u00e6net.<\/p>\n<p>Styring sker via et Etronix 2.4ghz EX2 radiosystem, med kraft forsynet via en b\u00f8rstet 550 motor, elektronisk hastighedsregulering og et Voltz 1800mah NiMH batteri, og styring h\u00e5ndteret af en vandt\u00e6t 9kg metal gearet servo.<\/p>\n<p>Vil du have en RC model, der er lige s\u00e5 sjov som den ser ud, s\u00e5 er Bugsta noget for dig!<\/p>\n<p>FTX Bugsta Funktioner:<\/p>\n<ul>\n<li>99% Klar til at k\u00f8re<\/li>\n<li>Etronix EX2 Sport 2.4ghz radio<\/li>\n<li>Vandt\u00e6t hastighedsregulering<\/li>\n<li>550 Brushed motor<\/li>\n<li>V\u00e6g oplader<\/li>\n<li>Etronix 9kg metal gear vandt\u00e6t styre servo<\/li>\n<li>Voltz 1800mAh NiMH Batteri<\/li>\n<li>Pre-malet Beetle stil karrosseri<\/li>\n<li>St\u00f8bt karrosseri<\/li>\n<li>4wd akseldrev med slipper system<\/li>\n<li>Unikt gearkasse design for lav CG<\/li>\n<li>Store oliefyldte justerbare st\u00f8dd\u00e6mpere<\/li>\n<li>Gearkasse metal krone &amp; pinion gear<\/li>\n<li>Front universal drivaksler<\/li>\n<li>Justerbar akselafstand<\/li>\n<li>Justerbare vantskruer<\/li>\n<li>Fuldt justerbar suspension inklusive, droop, camber, toe-in, akselafstand mv<\/li>\n<li>Slipper for beskyttelse af drivlinjen<\/li>\n<li>Chassis accepterer NiMh eller LiPo batteri<\/li>\n<li>Stort udvalg af ekstra dele til r\u00e5dighed<\/li>\n<\/ul>\n<p>Specifikationer:<\/p>\n<ul>\n<li>L\u00e6ngde: 415mm<\/li>\n<li>Bredde: 328mm<\/li>\n<li>H\u00f8jde: 156mm<\/li>\n<li>Akselafstand: 290\/295mm<\/li>\n<li>Hjul: \u00f8 125 x 60mm<\/li>\n<li>Udveksling: 11.2:1<\/li>\n<\/ul>\n<p><img decoding=\"async\" style=\"width: 100%;\" src=\"\/RC\/images\/FTX\/Bugsta\/gallery1-700x700.jpg\" alt=\"\" \/><\/p>\n<p><img decoding=\"async\" style=\"width: 100%;\" src=\"\/RC\/images\/FTX\/Bugsta\/gallery3-700x700.jpg\" alt=\"\" \/><\/p>\n<p>Kr\u00e6ves for at v\u00e6re k\u00f8reklar: 8pcs AA-batterier<\/p>\n<!--themify_builder_content-->\n<div id=\"themify_builder_content-4412\" data-postid=\"4412\" class=\"themify_builder_content themify_builder_content-4412 themify_builder tf_clear\">\n    <\/div>\n<!--\/themify_builder_content-->\n","protected":false},"excerpt":{"rendered":"<p>Vandt\u00e6t FTX Bugsta Monster Beetle Klassisk bille stil og r\u00e5styrke smeltet sammen til FTX Bugsta, den nyeste kraftige 4WD terr\u00e6ng\u00e5ende model fra FTX. Ved at bruge den samme chassisplatform som den meget popul\u00e6re Carnage Truggy, fanger Bugsta det bedst af buggies og trucks, med en smule monster kastet i. 4wd drivlinjen har metal diff gear [&hellip;]<\/p>\n","protected":false},"featured_media":4605,"comment_status":"open","ping_status":"closed","template":"","meta":[],"pwb-brand":[166],"product_brand":[],"product_cat":[66],"product_tag":[],"class_list":{"0":"post-4412","1":"product","2":"type-product","3":"status-publish","4":"has-post-thumbnail","6":"pwb-brand-ftx-rc","7":"product_cat-1-10-biler-el-modeller","8":"has-post-title","9":"has-post-date","10":"has-post-category","11":"has-post-tag","12":"has-post-comment","13":"has-post-author","14":"","16":"first","17":"onbackorder","18":"taxable","19":"shipping-taxable","20":"purchasable","21":"product-type-simple"},"jetpack_sharing_enabled":true,"brands":[{"id":166,"name":"FTX RC","slug":"ftx-rc"}],"builder_content":"","_links":{"self":[{"href":"https:\/\/interware.dk\/RC\/wp-json\/wp\/v2\/product\/4412","targetHints":{"allow":["GET"]}}],"collection":[{"href":"https:\/\/interware.dk\/RC\/wp-json\/wp\/v2\/product"}],"about":[{"href":"https:\/\/interware.dk\/RC\/wp-json\/wp\/v2\/types\/product"}],"replies":[{"embeddable":true,"href":"https:\/\/interware.dk\/RC\/wp-json\/wp\/v2\/comments?post=4412"}],"wp:featuredmedia":[{"embeddable":true,"href":"https:\/\/interware.dk\/RC\/wp-json\/wp\/v2\/media\/4605"}],"wp:attachment":[{"href":"https:\/\/interware.dk\/RC\/wp-json\/wp\/v2\/media?parent=4412"}],"wp:term":[{"taxonomy":"pwb-brand","embeddable":true,"href":"https:\/\/interware.dk\/RC\/wp-json\/wp\/v2\/pwb-brand?post=4412"},{"taxonomy":"product_brand","embeddable":true,"href":"https:\/\/interware.dk\/RC\/wp-json\/wp\/v2\/product_brand?post=4412"},{"taxonomy":"product_cat","embeddable":true,"href":"https:\/\/interware.dk\/RC\/wp-json\/wp\/v2\/product_cat?post=4412"},{"taxonomy":"product_tag","embeddable":true,"href":"https:\/\/interware.dk\/RC\/wp-json\/wp\/v2\/product_tag?post=4412"}],"curies":[{"name":"wp","href":"https:\/\/api.w.org\/{rel}","templated":true}]}}