{"id":4411,"date":"2019-06-06T17:44:52","date_gmt":"2019-06-06T16:44:52","guid":{"rendered":"http:\/\/interware.dk\/fjernstyret\/vare\/ftx-carnage-4wd-truggy-rtr\/"},"modified":"2020-07-02T09:18:07","modified_gmt":"2020-07-02T08:18:07","slug":"ftx-carnage-4wd-truggy-rtr","status":"publish","type":"product","link":"https:\/\/interware.dk\/RC\/vare\/ftx-carnage-4wd-truggy-rtr\/","title":{"rendered":"FTX Carnage 4wd Truggy &#8211; RTR"},"content":{"rendered":"<p>Ond 4WD Truggy<\/p>\n<p>Carnage Brushed Edition leveres med alt hvad du beh\u00f8ver for at v\u00e6re i gang med k\u00f8re ud af kassen (tilf\u00f8j bare AA&#8217;er). For dem med et begr\u00e6nset budget repr\u00e6senterer Vantage Brushed fantastisk v\u00e6rdi og inkluderer et Voltz 1800mah NiMh batteri og oplader.<\/p>\n<p>Inkluderet i denne nye udgave er et Etronix Sport radiosystem, der giver dig alle fordelene ved 2.4Ghz teknologi. Ogs\u00e5 nyt, er en fuldt vandt\u00e6t motor og hastighedsregulator, s\u00e5 du kan tage din Carnage endnu mere offroad uden at frygte vandskader p\u00e5 elen.<\/p>\n<p>4wd aksel drivlinien har metal diff gear og front universal drivaksler, mens en integreret slipper hj\u00e6lper med at beskytte drevet mod mulige skader. Med justerbare vanteskruer hele vejen rund og store oliefyldte st\u00f8dd\u00e6mpere, er Carnage Brushed et fund til en virkelig fantastisk pris.<\/p>\n<p>Hvis du ogs\u00e5 vil tune og opgradere din Carnage Brushed, tilbyder FTX en bred vifte af kulstof- og aluminiumopgraderinger, der vil bringe din model op til et helt nyt pro niveau.<\/p>\n<p>FTX Carnage Brushed Funktioner:<\/p>\n<ul>\n<li>Klar til at k\u00f8re med 2,4 GHz Etronix Sport radiosystem<\/li>\n<li>30A VANDBESKYTTET b\u00f8rstet hastighedsregulering<\/li>\n<li>VANDBESKYTTET 550 b\u00f8rstet motor<\/li>\n<li>Voltz 1800mAh 7.2v NiMH batteri<\/li>\n<li>V\u00e6g oplader til batteri<\/li>\n<li>Race designet lav profil pre-malet karrosseri<\/li>\n<li>St\u00f8bt karrosseri<\/li>\n<li>4wd kardan med slipper-system<\/li>\n<li>Unikt gearkasse design til lav CG<\/li>\n<li>Letv\u00e6gts stor indvirkning arme<\/li>\n<li>Store oliefyldte justerbare st\u00f8dd\u00e6mpere<\/li>\n<li>Gearkasse metal krone &amp; pinion gear<\/li>\n<li>Front universal drivaksler<\/li>\n<li>Justerbar akselafstand<\/li>\n<li>Justerbare vantskruer<\/li>\n<li>Fuldt justerbar suspension herunder, droop, camber, toe-in, akselafstand etc<\/li>\n<li>Slipper for beskyttelse af drivlinien<\/li>\n<li>Chassis accepterer NiMh eller LiPo batteri<\/li>\n<li>3kg styre servo med k\u00f8lelement<\/li>\n<li>Stort udvalg af ekstra dele til r\u00e5dighed<\/li>\n<\/ul>\n<p><img decoding=\"async\" style=\"width: 100%;\" src=\"\/RC\/images\/FTX\/Carnage\/new5-700x700.jpeg\" alt=\"\" \/><\/p>\n<p><img decoding=\"async\" style=\"width: 100%;\" src=\"\/RC\/images\/FTX\/Carnage\/3-700x700.jpeg\" alt=\"\" \/><\/p>\n<p>&nbsp;<\/p>\n<p>N\u00f8dvendigt for at v\u00e6re k\u00f8rende 8 stk. AA-batterier<\/p>\n<!--themify_builder_content-->\n<div id=\"themify_builder_content-4411\" data-postid=\"4411\" class=\"themify_builder_content themify_builder_content-4411 themify_builder tf_clear\">\n    <\/div>\n<!--\/themify_builder_content-->\n","protected":false},"excerpt":{"rendered":"<p>Ond 4WD Truggy Carnage Brushed Edition leveres med alt hvad du beh\u00f8ver for at v\u00e6re i gang med k\u00f8re ud af kassen (tilf\u00f8j bare AA&#8217;er). For dem med et begr\u00e6nset budget repr\u00e6senterer Vantage Brushed fantastisk v\u00e6rdi og inkluderer et Voltz 1800mah NiMh batteri og oplader. Inkluderet i denne nye udgave er et Etronix Sport radiosystem, [&hellip;]<\/p>\n","protected":false},"featured_media":4614,"comment_status":"open","ping_status":"closed","template":"","meta":[],"pwb-brand":[166],"product_brand":[],"product_cat":[66],"product_tag":[],"class_list":{"0":"post-4411","1":"product","2":"type-product","3":"status-publish","4":"has-post-thumbnail","6":"pwb-brand-ftx-rc","7":"product_cat-1-10-biler-el-modeller","8":"has-post-title","9":"has-post-date","10":"has-post-category","11":"has-post-tag","12":"has-post-comment","13":"has-post-author","14":"","16":"first","17":"onbackorder","18":"taxable","19":"shipping-taxable","20":"purchasable","21":"product-type-simple"},"jetpack_sharing_enabled":true,"brands":[{"id":166,"name":"FTX RC","slug":"ftx-rc"}],"builder_content":"","_links":{"self":[{"href":"https:\/\/interware.dk\/RC\/wp-json\/wp\/v2\/product\/4411","targetHints":{"allow":["GET"]}}],"collection":[{"href":"https:\/\/interware.dk\/RC\/wp-json\/wp\/v2\/product"}],"about":[{"href":"https:\/\/interware.dk\/RC\/wp-json\/wp\/v2\/types\/product"}],"replies":[{"embeddable":true,"href":"https:\/\/interware.dk\/RC\/wp-json\/wp\/v2\/comments?post=4411"}],"wp:featuredmedia":[{"embeddable":true,"href":"https:\/\/interware.dk\/RC\/wp-json\/wp\/v2\/media\/4614"}],"wp:attachment":[{"href":"https:\/\/interware.dk\/RC\/wp-json\/wp\/v2\/media?parent=4411"}],"wp:term":[{"taxonomy":"pwb-brand","embeddable":true,"href":"https:\/\/interware.dk\/RC\/wp-json\/wp\/v2\/pwb-brand?post=4411"},{"taxonomy":"product_brand","embeddable":true,"href":"https:\/\/interware.dk\/RC\/wp-json\/wp\/v2\/product_brand?post=4411"},{"taxonomy":"product_cat","embeddable":true,"href":"https:\/\/interware.dk\/RC\/wp-json\/wp\/v2\/product_cat?post=4411"},{"taxonomy":"product_tag","embeddable":true,"href":"https:\/\/interware.dk\/RC\/wp-json\/wp\/v2\/product_tag?post=4411"}],"curies":[{"name":"wp","href":"https:\/\/api.w.org\/{rel}","templated":true}]}}