{"id":4409,"date":"2019-06-06T17:44:51","date_gmt":"2019-06-06T16:44:51","guid":{"rendered":"http:\/\/interware.dk\/fjernstyret\/vare\/traxxas-x-maxx-8s-4wd-brushless-tqi-tsm\/"},"modified":"2025-01-13T13:57:25","modified_gmt":"2025-01-13T12:57:25","slug":"traxxas-x-maxx-8s-4wd-brushless-tqi-tsm","status":"publish","type":"product","link":"https:\/\/interware.dk\/RC\/vare\/traxxas-x-maxx-8s-4wd-brushless-tqi-tsm\/","title":{"rendered":"Traxxas X-Maxx 8S 4WD Brushless TQi TSM"},"content":{"rendered":"<h1>8S 4WD Brushless Brushless power<\/h1>\n<p>G\u00f8r dig klar til at opleve den mest kraftfulde RTR Monster Truck p\u00e5 Planeten!<\/p>\n<p>&nbsp;<\/p>\n<p>Uafh\u00e6ngig 4X4 kraft, mammut st\u00f8rrelse og prisbel\u00f8nnet innovation g\u00f8r X-Maxx til den ultimative monsterbil. Med 30+ volt ekstrem 8s kraft, X-Maxx trodser fysik, giver k\u00e6befaldende acceleration og 80+ km\/t hastigheder. Konstrueret til at erobre det mest ekstreme terr\u00e6n, er X-Maxx definitionen af Traxxas Tough \u2122.<\/p>\n<p><iframe loading=\"lazy\" style=\"box-sizing: inherit; max-width: 100%;\" src=\"https:\/\/www.youtube.com\/embed\/Jta7T48SopQ\" width=\"560\" height=\"315\" frameborder=\"0\"><\/iframe><\/p>\n<p><img data-recalc-dims=\"1\" decoding=\"async\" style=\"width: 100%;\" src=\"https:\/\/i0.wp.com\/interware.dk\/RC\/images\/Traxxas\/X-maxx\/TRX77086-4_15_6fe0c3a.jpg?w=1165&#038;ssl=1\" \/><\/p>\n<p>Size Wins<\/p>\n<p>At the end of the day, size always wins. X-Maxx plows over obstacles and muscles through extreme terrain that leaves lesser trucks stranded. Mammoth 8-inch tall tires, long-arm suspension, and huge ground clearance dwarf the surroundings for virtually unstoppable monster truck fun.<\/p>\n<p><img data-recalc-dims=\"1\" decoding=\"async\" style=\"width: 100%;\" src=\"https:\/\/i0.wp.com\/interware.dk\/RC\/images\/Traxxas\/X-maxx\/X-Maxx-8S-Gallery-Action_0021_6d63eaa.jpg?w=1165&#038;ssl=1\" \/><\/p>\n<p>Extreme Power<\/p>\n<p>At Traxxas, too much power is never enough! The durability of the new VXL-8s is matched only by the sheer ferocity of its 8s 30+ volt dual LiPo muscle. The speed-tuned 1200XL Big Block\u2122 motor propels X-Maxx with brutal authority and exacting quickness that warps your senses. No matter what you have driven in the past, nothing will prepare you for X-Maxx.<\/p>\n<p><img data-recalc-dims=\"1\" decoding=\"async\" style=\"width: 100%;\" src=\"https:\/\/i0.wp.com\/interware.dk\/RC\/images\/Traxxas\/X-maxx\/TRX77086-4_29_70ab6ab.jpg?w=1165&#038;ssl=1\" \/><\/p>\n<p>Maxx-Duty Drivetrain<\/p>\n<p>X-Maxx puts the power to the ground through tough all-steel drivetrain gears, the revolutionary Cush Drive system, and our strongest driveshafts ever. The all-new Torque-Biasing Center Drive improves driveline durability and drives larger module ring and pinion gears on the toughest differentials we have ever produced.<\/p>\n<p><img data-recalc-dims=\"1\" decoding=\"async\" style=\"width: 100%;\" src=\"https:\/\/i0.wp.com\/interware.dk\/RC\/images\/Traxxas\/X-maxx\/TRX77086-4_30_bc6bad0.jpg?w=1165&#038;ssl=1\" \/><\/p>\n<p>Innovation<\/p>\n<p>Insightful engineering and precise integration of innovative solutions set X-Maxx in an all-new category of superior performance. It\u2019s as satisfying and rewarding to use as it is fun and exciting to drive.<\/p>\n<p>&nbsp;<\/p>\n<table style=\"width: 100%;\" border=\"1\" cellspacing=\"1\" cellpadding=\"1\">\n<tbody>\n<tr>\n<td><img data-recalc-dims=\"1\" decoding=\"async\" style=\"width: 100%;\" src=\"https:\/\/i0.wp.com\/interware.dk\/RC\/images\/Traxxas\/X-maxx\/8s-X-Maxx-Specs-Side.jpg?w=1165&#038;ssl=1\" alt=\"X-Maxx Specs Side\" \/><\/td>\n<td><img data-recalc-dims=\"1\" decoding=\"async\" style=\"width: 100%;\" src=\"https:\/\/i0.wp.com\/interware.dk\/RC\/images\/Traxxas\/X-maxx\/8s-X-Maxx-Specs-Front.jpg?w=1165&#038;ssl=1\" alt=\"X-Maxx Specs Front\" \/><\/td>\n<\/tr>\n<tr>\n<td>\n<table class=\"table table-striped vehicle-specs\" style=\"background-color: #d1d3d4; border-bottom: 2px solid #f3f3f3; border-collapse: collapse; border-spacing: 0px; box-sizing: border-box; color: #777777; font-family: open sans,arial,sans-serif; font-size: 12px; margin-bottom: 20px; width: 100%;\">\n<tbody>\n<tr>\n<th style=\"background-color: #f5f5f5; text-align: left; vertical-align: top;\">Length:<\/th>\n<td style=\"background-color: #f5f5f5; vertical-align: top;\">30.67 inches (779mm)<\/td>\n<\/tr>\n<tr>\n<th style=\"text-align: left; vertical-align: top;\">Front Track:<\/th>\n<td style=\"vertical-align: top;\">22.26 inches (540mm)<\/td>\n<\/tr>\n<tr>\n<th style=\"background-color: #f5f5f5; text-align: left; vertical-align: top;\">Rear Track:<\/th>\n<td style=\"background-color: #f5f5f5; vertical-align: top;\">20.66 inches (525mm)<\/td>\n<\/tr>\n<tr>\n<th style=\"text-align: left; vertical-align: top;\">Ground Clearance:<\/th>\n<td style=\"vertical-align: top;\">4 inches (102mm)<\/td>\n<\/tr>\n<tr>\n<th style=\"background-color: #f5f5f5; text-align: left; vertical-align: top;\">Weight:<\/th>\n<td style=\"background-color: #f5f5f5; vertical-align: top;\">19.1lbs (8.66kg)<\/td>\n<\/tr>\n<tr>\n<th style=\"text-align: left; vertical-align: top;\">Height (ride):<\/th>\n<td style=\"vertical-align: top;\">13.79 inches (350mm)<\/td>\n<\/tr>\n<tr>\n<th style=\"background-color: #f5f5f5; text-align: left; vertical-align: top;\">Wheelbase:<\/th>\n<td style=\"background-color: #f5f5f5; vertical-align: top;\">18.92 inches (480mm)<\/td>\n<\/tr>\n<tr>\n<th style=\"text-align: left; vertical-align: top;\">Shock Length:<\/th>\n<td style=\"vertical-align: top;\">7.4 inches (187mm)<\/td>\n<\/tr>\n<tr>\n<th style=\"background-color: #f5f5f5; text-align: left; vertical-align: top;\">Tires (pre-glued):<\/th>\n<td style=\"background-color: #f5f5f5; vertical-align: top;\">8.0&#215;4.0 inches (203mm)<\/td>\n<\/tr>\n<tr>\n<th style=\"text-align: left; vertical-align: top;\">Wheels:<\/th>\n<td style=\"vertical-align: top;\">4.3&#215;5.7 inches (110x145mm)<\/td>\n<\/tr>\n<tr>\n<th style=\"background-color: #f5f5f5; text-align: left; vertical-align: top;\">Speed Control:<\/th>\n<td style=\"background-color: #f5f5f5; vertical-align: top;\">Velineon VXL-8s<\/td>\n<\/tr>\n<tr>\n<th style=\"text-align: left; vertical-align: top;\">Motor (electric):<\/th>\n<td style=\"vertical-align: top;\">Velineon 1200XL<\/td>\n<\/tr>\n<tr>\n<th style=\"background-color: #f5f5f5; text-align: left; vertical-align: top;\">Transmission:<\/th>\n<td style=\"background-color: #f5f5f5; vertical-align: top;\">Single-Speed<\/td>\n<\/tr>\n<\/tbody>\n<\/table>\n<\/td>\n<td>\n<table class=\"table table-striped vehicle-specs\" style=\"background-color: #d1d3d4; border-bottom: 2px solid #f3f3f3; border-collapse: collapse; border-spacing: 0px; box-sizing: border-box; color: #777777; font-family: open sans,arial,sans-serif; font-size: 12px; margin-bottom: 20px; width: 100%;\">\n<tbody>\n<tr>\n<th style=\"background-color: #f5f5f5; text-align: left; vertical-align: top;\">Overall Drive Ratio:<\/th>\n<td style=\"background-color: #f5f5f5; vertical-align: top;\">8.11 (stock, out-of-box)<\/td>\n<\/tr>\n<tr>\n<th style=\"text-align: left; vertical-align: top;\">Differential Type:<\/th>\n<td style=\"vertical-align: top;\">Sealed, Hardened Steel Bevel, Limited Slip<\/td>\n<\/tr>\n<tr>\n<th style=\"background-color: #f5f5f5; text-align: left; vertical-align: top;\">Gear Pitch:<\/th>\n<td style=\"background-color: #f5f5f5; vertical-align: top;\">1.0-Pitch<\/td>\n<\/tr>\n<tr>\n<th style=\"text-align: left; vertical-align: top;\">Chassis Structure\/Material:<\/th>\n<td style=\"vertical-align: top;\">Composite Nylon Tub<\/td>\n<\/tr>\n<tr>\n<th style=\"background-color: #f5f5f5; text-align: left; vertical-align: top;\">Brake Type:<\/th>\n<td style=\"background-color: #f5f5f5; vertical-align: top;\">Electronic<\/td>\n<\/tr>\n<tr>\n<th style=\"text-align: left; vertical-align: top;\">Drive System:<\/th>\n<td style=\"vertical-align: top;\">Shaft-Driven 4WD<\/td>\n<\/tr>\n<tr>\n<th style=\"background-color: #f5f5f5; text-align: left; vertical-align: top;\">Steering:<\/th>\n<td style=\"background-color: #f5f5f5; vertical-align: top;\">Bellcrank<\/td>\n<\/tr>\n<tr>\n<th style=\"text-align: left; vertical-align: top;\">Radio System:<\/th>\n<td style=\"vertical-align: top;\">TQi\u2122 2.4GHz Transmitter with TSM<span style=\"font-size: 9px;\">\u00ae<\/span>\u00a0receiver\u2122<\/td>\n<\/tr>\n<tr>\n<th style=\"background-color: #f5f5f5; text-align: left; vertical-align: top;\">Servo:<\/th>\n<td style=\"background-color: #f5f5f5; vertical-align: top;\">Torque: 365oz. Speed: 0.17 sec\/ 60 degrees(6.0V)<\/td>\n<\/tr>\n<tr>\n<th style=\"text-align: left; vertical-align: top;\">Top Speed:<\/th>\n<td style=\"vertical-align: top;\">50+ MPH with two 4s LiPo batteries and optional pinion gear<\/td>\n<\/tr>\n<tr>\n<th style=\"background-color: #f5f5f5; text-align: left; vertical-align: top;\">Skill Level:<\/th>\n<td style=\"background-color: #f5f5f5; vertical-align: top;\">6<\/td>\n<\/tr>\n<tr>\n<th style=\"text-align: left; vertical-align: top;\">Battery Tray:<\/th>\n<td style=\"vertical-align: top;\">197mm x 51.5mm x 44mm<\/td>\n<\/tr>\n<tr>\n<th style=\"background-color: #f5f5f5; text-align: left; vertical-align: top;\">Required Batteries:<\/th>\n<td style=\"background-color: #f5f5f5; vertical-align: top;\">4 \u201cAA\u201d (transmitter)<\/td>\n<\/tr>\n<\/tbody>\n<\/table>\n<\/td>\n<\/tr>\n<\/tbody>\n<\/table>\n<p>&nbsp;<\/p>\n<p><img data-recalc-dims=\"1\" decoding=\"async\" style=\"width: 100%;\" src=\"https:\/\/i0.wp.com\/interware.dk\/RC\/images\/Traxxas\/X-maxx\/VXL-8s-ESC-specs-image_0202f88.jpg?w=1165&#038;ssl=1\" \/><\/p>\n<p>ESC Specs:<\/p>\n<p>*\u00a0\u00a0\u00a0 Input Voltage: 4s \u2013 8s LiPo (Max 33.6 Volts)<br \/>\n*\u00a0\u00a0\u00a0 Case Size: 58 x 72 x 46 mm<br \/>\n*\u00a0\u00a0\u00a0 Weight: 161.4 g<br \/>\n*\u00a0\u00a0\u00a0 Motor Connectors: Traxxas 6.5 mm Bullet Connectors<br \/>\n*\u00a0\u00a0\u00a0 Battery Connectors: Traxxas High-Current Connectors with iD\u2122<br \/>\n*\u00a0\u00a0\u00a0 Power Wire: 10-gauge Maxx Cable<\/p>\n<p>What\u2019s In The Box:<\/p>\n<p>*\u00a0\u00a0\u00a0 X-Maxx, Ready-To-Race\u00ae model with Traxxas Big Block\u2122 brushless motor<br \/>\n*\u00a0\u00a0\u00a0 VXL-8s waterproof electronic speed control<br \/>\n*\u00a0\u00a0\u00a0 Quick Start Guide<br \/>\n*\u00a0\u00a0\u00a0 TQi\u2122 2.4GHz radio system<br \/>\n*\u00a0\u00a0\u00a0 High quality maintenance tools<\/p>\n<p>Det mangler du:<\/p>\n<ul>\n<li>Batterier: 2x LiPo (2s\u20134s) batterier. Priser p\u00e5 batterier \u00e6ndrer sig hele tiden, kontakt os hvis du \u00f8nsker at k\u00f8be batteri til, s\u00e5 finder vi dagens pris.<\/li>\n<li>Lader: Lader til valgte batteri.<\/li>\n<li>AA Alkaline Batterier:\u00a0Fire\u00a0AA alkaline batterier\u00a0til fjernbetjening.<\/li>\n<\/ul>\n<!--themify_builder_content-->\n<div id=\"themify_builder_content-4409\" data-postid=\"4409\" class=\"themify_builder_content themify_builder_content-4409 themify_builder tf_clear\">\n    <\/div>\n<!--\/themify_builder_content-->\n","protected":false},"excerpt":{"rendered":"<p>8S 4WD Brushless Brushless power G\u00f8r dig klar til at opleve den mest kraftfulde RTR Monster Truck p\u00e5 Planeten! &nbsp; Uafh\u00e6ngig 4X4 kraft, mammut st\u00f8rrelse og prisbel\u00f8nnet innovation g\u00f8r X-Maxx til den ultimative monsterbil. Med 30+ volt ekstrem 8s kraft, X-Maxx trodser fysik, giver k\u00e6befaldende acceleration og 80+ km\/t hastigheder. Konstrueret til at erobre det [&hellip;]<\/p>\n","protected":false},"featured_media":4649,"comment_status":"open","ping_status":"closed","template":"","meta":[],"pwb-brand":[],"product_brand":[],"product_cat":[70],"product_tag":[],"class_list":{"0":"post-4409","1":"product","2":"type-product","3":"status-publish","4":"has-post-thumbnail","6":"product_cat-1-6-biler-el-modeller","7":"has-post-title","8":"has-post-date","9":"has-post-category","10":"has-post-tag","11":"has-post-comment","12":"has-post-author","13":"","15":"first","16":"outofstock","17":"taxable","18":"shipping-taxable","19":"purchasable","20":"product-type-variable","21":"has-default-attributes"},"jetpack_sharing_enabled":true,"brands":[],"builder_content":"","_links":{"self":[{"href":"https:\/\/interware.dk\/RC\/wp-json\/wp\/v2\/product\/4409","targetHints":{"allow":["GET"]}}],"collection":[{"href":"https:\/\/interware.dk\/RC\/wp-json\/wp\/v2\/product"}],"about":[{"href":"https:\/\/interware.dk\/RC\/wp-json\/wp\/v2\/types\/product"}],"replies":[{"embeddable":true,"href":"https:\/\/interware.dk\/RC\/wp-json\/wp\/v2\/comments?post=4409"}],"wp:featuredmedia":[{"embeddable":true,"href":"https:\/\/interware.dk\/RC\/wp-json\/wp\/v2\/media\/4649"}],"wp:attachment":[{"href":"https:\/\/interware.dk\/RC\/wp-json\/wp\/v2\/media?parent=4409"}],"wp:term":[{"taxonomy":"pwb-brand","embeddable":true,"href":"https:\/\/interware.dk\/RC\/wp-json\/wp\/v2\/pwb-brand?post=4409"},{"taxonomy":"product_brand","embeddable":true,"href":"https:\/\/interware.dk\/RC\/wp-json\/wp\/v2\/product_brand?post=4409"},{"taxonomy":"product_cat","embeddable":true,"href":"https:\/\/interware.dk\/RC\/wp-json\/wp\/v2\/product_cat?post=4409"},{"taxonomy":"product_tag","embeddable":true,"href":"https:\/\/interware.dk\/RC\/wp-json\/wp\/v2\/product_tag?post=4409"}],"curies":[{"name":"wp","href":"https:\/\/api.w.org\/{rel}","templated":true}]}}