{"id":4361,"date":"2019-06-06T17:44:48","date_gmt":"2019-06-06T16:44:48","guid":{"rendered":"http:\/\/interware.dk\/fjernstyret\/vare\/tekno-rc-mt410\/"},"modified":"2022-04-15T00:29:34","modified_gmt":"2022-04-14T23:29:34","slug":"tekno-rc-mt410","status":"publish","type":"product","link":"https:\/\/interware.dk\/RC\/vare\/tekno-rc-mt410\/","title":{"rendered":"Tekno RC MT410"},"content":{"rendered":"<p style=\"text-align: center;\"><span style=\"font-size: 22px;\">Tekno RC MT410<\/span><\/p>\n<p style=\"text-align: center;\"><span style=\"font-size: 16px;\">1\/10 4WD Electrisk\u00a0Pro Monster Truck<\/span><\/p>\n<p style=\"text-align: center;\"><img data-recalc-dims=\"1\" decoding=\"async\" style=\"width: 100%;\" src=\"https:\/\/i0.wp.com\/www.interware.dk\/picture_library\/MT410wBodyCorner.jpg?w=1165\" \/><\/p>\n<div class=\"auto-style4\" style=\"text-align: center;\"><span style=\"color: #000000;\"><span style=\"font-size: 14px;\"><span style=\"font-family: trebuchet ms,helvetica,sans-serif;\">Tekno RC er stolte af at annoncere den nyeste tilf\u00f8jelse til stalden af innovative RC biler &#8211; MT410 1\/10\u00a0Elektrisk 4\u00d74 Pro Monster Truck Kit. MT410 er ikke din grundl\u00e6ggende, bare knogler, billig plastik monster truck. Den er baseret p\u00e5 den kritikerroste ET48 platform, som har\u00a0k\u00f8rt\u00a0p\u00e5 de h\u00f8jeste niveauer af konkurrence.<br \/>\nHvis du er interesseret i opgradering eller bare vil have den\u00a0bedste og mest holdbare monster truck, s\u00e5 er\u00a0MT410 for dig.\u00a0Mange elektronik, d\u00e6k og karrosser fra popul\u00e6re monstertrucks passer direkte p\u00e5.<br \/>\nMen hvorfor bruge tid\u00a0p\u00e5 et high-end MT kit? Enkelt, der er altid plads til forbedringer, og i dette tilf\u00e6lde, springet i ydelse og holdbarhed i forhold til, hvad markedet har i \u00f8jeblikket,\u00a0er forbl\u00f8ffende. \u00a0Vi bruger h\u00f8j kvalitet CNC bearbejdede dele (chassis, shock towers, shock bodies, motor mount, hinge pin braces, etc.), som du simpelthen ikke finder p\u00e5 grundl\u00e6ggende RTR MT&#8217;s.<br \/>\nDele og opgraderinger er let tilg\u00e6ngelige fra hundredvis af forhandlere rundt om i verden. Mange af dem er sandsynligvis i din v\u00e6rkt\u00f8jskasse allerede da MT410 deler dele med ET48, EB48 og andre popul\u00e6re Tekno RC biler.<br \/>\nV\u00e6r ikke bange for at bygge din egen MT; Instruktionerne er nemme at f\u00f8lge og vores kundeservice er i verdensklasse, hvis du har brug for lidt hj\u00e6lp.<\/span><\/span><\/span><\/div>\n<p style=\"text-align: center;\"><span style=\"color: #000000;\"><span style=\"font-size: 14px;\"><span style=\"font-family: trebuchet ms,helvetica,sans-serif;\">Du kan opgradere direkte fra\u00a0Traxxas eRevo Brushless eller lignende monster truck. For eksempel eRevo Brushless elektronik, hjul\/d\u00e6k passer direkte uden\u00a0\u00e6ndringer.<\/span><\/span><\/span><\/p>\n<p style=\"text-align: center;\"><span style=\"font-family: trebuchet ms,helvetica,sans-serif;\"><span style=\"color: #000000;\"><span style=\"font-size: 14px;\"><strong>Specifikationer<\/strong><\/span><\/span><\/span><\/p>\n<div class=\"auto-style4\">\n<p style=\"text-align: center;\"><span style=\"font-family: trebuchet ms,helvetica,sans-serif;\"><span style=\"color: #000000;\"><span style=\"font-size: 14px;\">L\u00e6ngde: \u00a0530mm<br \/>\nAkselafstand: \u00a0323-335mm<br \/>\nBredde: \u00a0420mm<br \/>\nV\u00e6gt: \u00a0~3850g (8.3lb) out of the box RTR (RTR v\u00e6gt\u00a0udstyret\u00a0m\/ Tekin RX8, 2200kv truggy motor, 700g batteri, rx, etc)<br \/>\nDiff Ratio: \u00a0F\/R \u2013 10\/40t, Center \u2013 44t<br \/>\nBatteri\u00a0bakke\u00a0dimensioner: 50x148mm<br \/>\nKit\/RTR: Kit<\/span><\/span><\/span><\/p>\n<\/div>\n<p style=\"text-align: center;\"><img data-recalc-dims=\"1\" decoding=\"async\" style=\"width: 100%;\" src=\"https:\/\/i0.wp.com\/www.interware.dk\/picture_library\/MT410woBodyCorner.jpg?w=1165\" \/><\/p>\n<p style=\"text-align: center;\">\u00a0<img data-recalc-dims=\"1\" decoding=\"async\" style=\"width: 100%;\" src=\"https:\/\/i0.wp.com\/www.interware.dk\/picture_library\/MT410woBodyLeftSide.jpg?w=1165\" \/><\/p>\n<p style=\"text-align: center;\"><span style=\"font-family: trebuchet ms,helvetica,sans-serif;\"><span style=\"color: #000000;\"><span style=\"font-size: 14px;\">With the MT410, we are presenting a new standard of performance and value to customers without compromising on the great qualities that Tekno RC has established.<\/span><\/span><\/span><\/p>\n<div class=\"auto-style4\">\n<p style=\"text-align: center;\"><span style=\"font-family: trebuchet ms,helvetica,sans-serif;\"><span style=\"color: #000000;\"><span style=\"font-size: 14px;\"><strong>MT410 Features:<\/strong><br \/>\nThick 4mm CNC Aluminum Black Anodized Chassis<br \/>\nEasy to Build Kit with Detailed Instructions for All Skill Levels<br \/>\nSuper Smooth Threaded 16mm Big Bore Shocks<br \/>\nVariety of Motor\/Battery Configurations Accommodated<br \/>\nWide Range of Body Styles and Wheels Accommodated<br \/>\nBest-in-class Durability and Wear<br \/>\nLowest CG Available in Monster Truck Class<br \/>\nMany Aluminum Upgrades Throughout<br \/>\nRace Inspired Design and Dependability<br \/>\nAll Metric Hex Hardware<br \/>\nThis provides our customers with the best handling monster truck kit that also happens to be the best value on the market.<br \/>\nFull Feature List:<\/span><\/span><\/span><\/p>\n<div class=\"auto-style4\">\n<p style=\"text-align: center;\"><span style=\"font-family: trebuchet ms,helvetica,sans-serif;\"><span style=\"color: #000000;\"><span style=\"font-size: 14px;\"><strong>Chassis:<\/strong><\/span><br \/>\n<span style=\"font-size: 14px;\">4mm CNC aluminum black anodized chassis.<br \/>\nSuper narrow layout \u2013 widest point is only 125mm (less than 5\u201d) mudguard-to-mudguard.<br \/>\nClass leading front and rear clearance (short chassis overhang) provides better bump handling and jump landing.<br \/>\nAdjustable, LCG lightweight body mounting system fits most popular MT bodies (Proline, JConcepts, etc.).<br \/>\nLightweight, extremely durable front and rear bumper system.<br \/>\nIntegrated battery tray\/mud guard, battery is sunken into chassis for a super low CG.<br \/>\nIntegrated electronics tray\/mud guard for easy removal of electronics.<br \/>\nSpacious, enclosed, easy access radio box with integrated transponder mount.<br \/>\nAdjustable chassis brace system for fine tuning flex with front, center, and rear braces.<\/span><\/span><\/span><\/p>\n<p style=\"text-align: center;\"><span style=\"font-family: trebuchet ms,helvetica,sans-serif;\"><span style=\"color: #000000;\"><span style=\"font-size: 14px;\"><strong>Motor Mount:<\/strong><br \/>\n2-piece CNC aluminum motor mount with precision dual clamping gear mesh adjustment.<br \/>\nSplit center diff mount for easy maintenance.<br \/>\nLightweight direct-to-diff mount design.<br \/>\nUses standard MOD 1 pinions.<br \/>\nDifferentials and Drivetrain:<br \/>\n3 fluid filled adjustable super lightweight diffs.<br \/>\nLess rotating mass = better acceleration.<br \/>\nLightweight straight center driveline for maximum efficiency and reduced wear.<br \/>\nCV driveshafts with captured pins on all 4 wheels.<br \/>\nStandard 17mm hexes fits most popular MT wheels.<\/span><\/span><\/span><\/p>\n<p style=\"text-align: center;\"><span style=\"font-family: trebuchet ms,helvetica,sans-serif;\"><span style=\"color: #000000;\"><span style=\"font-size: 14px;\"><strong>Shocks:<\/strong><br \/>\n16mm bore hard anodized shocks \u2013 Biggest-in-class!<br \/>\n4mm 7075 aluminum shock towers are standard.<br \/>\nInnovative conical piston design (not just tapered) provides varied compression and rebound rates.<br \/>\nFully adjustable long travel suspension geometry maximizes stability and traction while soaking up any bumps and jumps.<br \/>\nCNC aluminum threaded shock bodies.<br \/>\n4mm hardened steel polished shafts.<br \/>\nTriple guide design for true consistent shaft action.<br \/>\nOptions for vented cap, emulsion, or standard shock configurations out of the box.<br \/>\nOptional springs and sway bars available.<\/span><\/span><\/span><\/p>\n<p style=\"text-align: center;\"><span style=\"font-family: trebuchet ms,helvetica,sans-serif;\"><span style=\"color: #000000;\"><span style=\"font-size: 14px;\"><strong>Suspension and Steering:<\/strong><br \/>\nBulletproof suspension arms \u2013 thicker and stronger than the competition.<br \/>\nAdjustable front arm sweep and angle to make the car more aggressive (swept forward), or easier to drive (swept back).<br \/>\n\u2018Narrow pivot\u2019 steering posts provide \u20180 bump\u2019 geometry with almost 0 steering slop.<br \/>\nAdjustable hinge pin braces are standard (toe, anti-squat, kick-up, front arm sweep).<br \/>\n4mm inner, 3.5mm outer hinge pins, polished for smooth action.<br \/>\nAdjustable Ackermann and bump-steer (bump in, 0 bump, bump out).<br \/>\nSteering system is fully supported on precision ball bearings. \u00a0No bushings here.<br \/>\nStraight rod ends and lightweight turnbuckles.<\/span><\/span><\/span><\/p>\n<p style=\"text-align: center;\"><span style=\"font-family: trebuchet ms,helvetica,sans-serif;\"><span style=\"color: #000000;\"><span style=\"font-size: 14px;\"><strong>Other Features:<\/strong><br \/>\nExceptional wear characteristics. \u00a0Leave the slop and warping to the other guys.<br \/>\nEasily adjust anti-squat, rear toe, front arm angle, front arm sweep, roll center, toe, camber, wheelbase, Ackermann, bump steer, suspension geometry out of the box..<br \/>\nExtremely easy to work on with minimal screw count.<br \/>\nShares many parts with our EB\/NB\/ET\/NT48 = less parts in your toolbox.<br \/>\nAll metric hex hardware.<br \/>\n100% Tekno RC Designed and Tested in Southern California.<\/span><\/span><\/span><\/p>\n<p style=\"text-align: center;\"><span style=\"font-family: trebuchet ms,helvetica,sans-serif;\"><span style=\"color: #000000;\"><span style=\"font-size: 14px;\"><strong>Yderligere udstyr og dele du har brug for:<\/strong><br \/>\n2 kanals sender\/modtager<br \/>\nMonster truck karrosseri\u00a0og\u00a0maling\u00a0(eller\u00a0samme\u00a0st\u00f8rrelse\u00a0karrosseri)<br \/>\n1\/8\u00a0ESC og\u00a0motor system<br \/>\nH\u00f8j moment\u00a0styre\u00a0servo<br \/>\n4s (4 cell, 14.8v) LiPo batteri<br \/>\n1\/8\u00a0Monster Truck d\u00e6k, hjul\u00a0&amp; CA lim\u00a0(eller\u00a0f\u00e6rdig monteret)<br \/>\nMOD1 Pinion 15 t\u00e6nder\u00a0\u2013 25 t\u00e6nder\u00a0(TKR4175 \u2013 TKR4185)<\/span><\/span><\/span><\/p>\n<p style=\"text-align: center;\"><span style=\"font-family: trebuchet ms,helvetica,sans-serif;\"><span style=\"color: #000000;\"><span style=\"font-size: 14px;\"><strong>V\u00e6rkt\u00f8j du skal bruge:<\/strong><br \/>\nUmbraco 1.5mm (TKR1104), 2.0mm (TKR1105), 2.5mm (TKR1106)<br \/>\nTopskruetr\u00e6kker\u00a05.0mm (TKR1107, 5.5mm (TKR1108), 7.0mm (TKR1109)<br \/>\n17mm hjuln\u00f8gle<br \/>\nHobby kniv<br \/>\nSpidstang<br \/>\nSt\u00f8dd\u00e6mper v\u00e6rkt\u00f8j (TKR1115) eller\u00a0svensk n\u00f8gle<br \/>\n4mm turnbuckle wrench (TKR1103) \u2013 5.5\/7.0 two sided wrench (TKR1119)<br \/>\n4mm arm reamer (or #19 drill bit)<\/span><\/span><\/span><\/p>\n<\/div>\n<\/div>\n<p style=\"text-align: center;\">\u00a0<img data-recalc-dims=\"1\" decoding=\"async\" style=\"width: 100%;\" src=\"https:\/\/i0.wp.com\/www.interware.dk\/picture_library\/MT410woBodyFront2.jpg?w=1165\" \/><br \/>\n<img data-recalc-dims=\"1\" decoding=\"async\" style=\"width: 100%;\" src=\"https:\/\/i0.wp.com\/www.interware.dk\/picture_library\/MT410woBodyAbove.jpg?w=1165\" \/><br \/>\n<iframe loading=\"lazy\" src=\"https:\/\/www.youtube.com\/embed\/7HdAAC3QHoc\" width=\"560\" height=\"315\" frameborder=\"0\"><\/iframe><\/p>\n<p style=\"text-align: center;\">\n<!--themify_builder_content-->\n<div id=\"themify_builder_content-4361\" data-postid=\"4361\" class=\"themify_builder_content themify_builder_content-4361 themify_builder tf_clear\">\n    <\/div>\n<!--\/themify_builder_content-->\n","protected":false},"excerpt":{"rendered":"<p>Tekno RC MT410 1\/10 4WD Electrisk\u00a0Pro Monster Truck Tekno RC er stolte af at annoncere den nyeste tilf\u00f8jelse til stalden af innovative RC biler &#8211; MT410 1\/10\u00a0Elektrisk 4\u00d74 Pro Monster Truck Kit. MT410 er ikke din grundl\u00e6ggende, bare knogler, billig plastik monster truck. Den er baseret p\u00e5 den kritikerroste ET48 platform, som har\u00a0k\u00f8rt\u00a0p\u00e5 de h\u00f8jeste [&hellip;]<\/p>\n","protected":false},"featured_media":4644,"comment_status":"open","ping_status":"closed","template":"","meta":[],"pwb-brand":[170],"product_brand":[],"product_cat":[66],"product_tag":[],"class_list":{"0":"post-4361","1":"product","2":"type-product","3":"status-publish","4":"has-post-thumbnail","6":"pwb-brand-teknorc","7":"product_cat-1-10-biler-el-modeller","8":"has-post-title","9":"has-post-date","10":"has-post-category","11":"has-post-tag","12":"has-post-comment","13":"has-post-author","14":"","16":"first","17":"onbackorder","18":"taxable","19":"shipping-taxable","20":"purchasable","21":"product-type-simple"},"jetpack_sharing_enabled":true,"brands":[{"id":170,"name":"TeknoRC","slug":"teknorc"}],"builder_content":"","_links":{"self":[{"href":"https:\/\/interware.dk\/RC\/wp-json\/wp\/v2\/product\/4361","targetHints":{"allow":["GET"]}}],"collection":[{"href":"https:\/\/interware.dk\/RC\/wp-json\/wp\/v2\/product"}],"about":[{"href":"https:\/\/interware.dk\/RC\/wp-json\/wp\/v2\/types\/product"}],"replies":[{"embeddable":true,"href":"https:\/\/interware.dk\/RC\/wp-json\/wp\/v2\/comments?post=4361"}],"wp:featuredmedia":[{"embeddable":true,"href":"https:\/\/interware.dk\/RC\/wp-json\/wp\/v2\/media\/4644"}],"wp:attachment":[{"href":"https:\/\/interware.dk\/RC\/wp-json\/wp\/v2\/media?parent=4361"}],"wp:term":[{"taxonomy":"pwb-brand","embeddable":true,"href":"https:\/\/interware.dk\/RC\/wp-json\/wp\/v2\/pwb-brand?post=4361"},{"taxonomy":"product_brand","embeddable":true,"href":"https:\/\/interware.dk\/RC\/wp-json\/wp\/v2\/product_brand?post=4361"},{"taxonomy":"product_cat","embeddable":true,"href":"https:\/\/interware.dk\/RC\/wp-json\/wp\/v2\/product_cat?post=4361"},{"taxonomy":"product_tag","embeddable":true,"href":"https:\/\/interware.dk\/RC\/wp-json\/wp\/v2\/product_tag?post=4361"}],"curies":[{"name":"wp","href":"https:\/\/api.w.org\/{rel}","templated":true}]}}