{"id":4209,"date":"2019-06-06T17:44:37","date_gmt":"2019-06-06T16:44:37","guid":{"rendered":"http:\/\/interware.dk\/fjernstyret\/vare\/tekno-rc-eb48-3\/"},"modified":"2020-09-17T20:10:57","modified_gmt":"2020-09-17T19:10:57","slug":"tekno-rc-eb48-3","status":"publish","type":"product","link":"https:\/\/interware.dk\/RC\/vare\/tekno-rc-eb48-3\/","title":{"rendered":"Tekno RC EB48.3"},"content":{"rendered":"<p style=\"text-align: center;\"><span style=\"color: #000000;\"><span style=\"font-size: large;\"><span style=\"font-family: arial;\">Tekno RC EB48.3<\/span><\/span><\/span><\/p>\n<p>&nbsp;<\/p>\n<p style=\"text-align: center;\"><span style=\"color: #000000;\"><span style=\"font-size: medium;\"><span style=\"font-family: arial;\">1\/8 4WD Electric Competition Buggy<\/span><\/span><\/span><\/p>\n<p>&nbsp;<\/p>\n<p style=\"text-align: center;\"><span style=\"font-size: small;\"><span style=\"font-family: arial;\"><img data-recalc-dims=\"1\" decoding=\"async\" style=\"width: 100%;\" src=\"https:\/\/i0.wp.com\/www.interware.dk\/picture_library\/EB48.3withbody.png?w=1165\" alt=\"\" \/><\/span><\/span><\/p>\n<p>&nbsp;<\/p>\n<div class=\"auto-style7\" style=\"text-align: center;\"><\/div>\n<p>&nbsp;<\/p>\n<div class=\"auto-style7\" style=\"text-align: center;\">Siden udgivelsen af den oprindelige EB48 i august 2012, har vi l\u00f8bende forbedret vores produkter. Gennem \u00e5rene har vi testet hundredvis af dele, udgivet dusinvis af meningsfulde ekstra dele, og vi har forbedret den samlede ops\u00e6tning af EB48. EB48.2 blev forbedret p\u00e5 det oprindelige k\u00f8ret\u00f8j, og har haft utrolig succes i hele verden. Nu er det tid til at introducere EB48.3 &#8211; den nye standard i 1\/8-Electric Buggy klasse.<\/div>\n<p><span style=\"color: #000000;\">\u00a0<\/span><\/p>\n<p>&nbsp;<\/p>\n<p style=\"text-align: center;\"><span style=\"color: #000000;\"><span style=\"font-family: arial;\"><strong>Specifikationer<\/strong><\/span><\/span><\/span><\/p>\n<div class=\"auto-style7\" style=\"text-align: center;\">\n<p>L\u00e6ngde: 435mm (uden vinge)<br \/>\nAkselafstand: 323-335mm<br \/>\nBredde: 306-310*mm (*Valgfri hubs kr\u00e6vet)<br \/>\nV\u00e6gt: 3200g (7.0lb) (RTR v\u00e6gt udstyret med Tekin RX8, 500g battery, rx, etc)<br \/>\nDiff Ratio: F\/R \u2013 10\/40t, Center \u2013 44t<br \/>\nBatteri bakke dimensioner: 50x148mm (2x2s eller 1x4s config)<br \/>\nKit\/RTR: Kit<\/span><\/span><\/span><\/p>\n<\/div>\n<p style=\"text-align: center;\">\n<p>&nbsp;<\/p>\n<p style=\"text-align: center;\"><span style=\"font-size: small;\"><span style=\"font-family: arial;\"><img data-recalc-dims=\"1\" decoding=\"async\" style=\"width: 100%;\" src=\"https:\/\/i0.wp.com\/www.interware.dk\/picture_library\/EB48.3wobody.jpg?w=1165\" alt=\"\" \/><\/span><\/span><\/p>\n<p style=\"text-align: center;\">\u00a0\u00a0 <span style=\"font-size: small;\"><span style=\"font-family: arial;\"><img data-recalc-dims=\"1\" decoding=\"async\" style=\"width: 100%;\" src=\"https:\/\/i0.wp.com\/www.interware.dk\/picture_library\/EB48.3otherside.jpg?w=1165\" alt=\"\" \/><\/span><\/span><\/p>\n<p>&nbsp;<br \/>\n<span style=\"color: #000000;\"><span style=\"font-family: arial;\"><strong>EB48.3 New Features:<\/strong><\/span><\/span><\/span><\/p>\n<p>Completely redesigned suspension geometry<br \/>\nNew front arms<br \/>\nNew rear arms<br \/>\nNew front and rear 7075 CNC aluminum shock towers<br \/>\nNew extra long shocks for increased suspension travel<br \/>\nNew tapered 4 x 1.8mm shock pistons<br \/>\nNew clamping spring perches with captured shock boots<br \/>\nNew rear hubs<br \/>\nNew trailing front spindles and spindle carriers<br \/>\nNew V2 hinge pin braces and inserts<br \/>\nLow profile wing mount<br \/>\nRevised bumper for increased ground clearance<br \/>\nNew split center differential mount<br \/>\nNew straight turnbuckle rod ends<br \/>\nNew tapered aluminum front center driveshaft<br \/>\nNew left and right hand threaded shock mount screws<br \/>\nNew easily adjustable droop screws<br \/>\nRevised shock standoffs for easier droop measurement<br \/>\nLonger rear sway bar for more consistent traction<br \/>\nUpdated chassis with increased clearance for V2 hinge pin settings<br \/>\nUpdated setup sheet for improved handling<\/p>\n<p><span style=\"color: #000000;\"><span style=\"font-family: arial;\"><strong>Chassis:<\/strong><\/span><\/span><\/span><\/p>\n<p>Proven design<br \/>\nDesigned to be electric from the ground up \u2013 no nitro conversions here!<br \/>\n4mm CNC 7075 aluminum hard anodized lightened chassis.<br \/>\nSuper narrow chassis layout \u2013 widest point is only 125mm (less than 5\u201d) mudguard-to-mudguard.<br \/>\nClass leading front and rear clearance (short chassis overhang) provides better bump handling and jump landing.<br \/>\nIntegrated battery tray\/mud guard, battery is sunken into chassis for a super low COG.<br \/>\nAdjustable, LCG lightweight wing mount.<br \/>\nIntegrated electronics tray\/mud guard for easy removal of electronics.<br \/>\nSpacious, enclosed, easy access radio box with integrated transponder mount.<br \/>\nSingle pack configuration is better balanced, lighter weight, and makes battery changes easier. Battery tray accommodate 2x2s packs.<br \/>\nAdjustable chassis brace system for fine tuning flex with front, center, and rear braces.<\/p>\n<p><span style=\"color: #000000;\"><strong>Motor Mount:<\/strong><\/span><\/p>\n<p>2-piece CNC aluminum motor mount with precision dual clamping gear mesh adjustment.<br \/>\nSplit center diff mount for easy maintenance.<br \/>\nLightweight direct-to-diff mount design.<br \/>\nUses standard MOD 1 pinion gears (TKR4171-TKR4190).<\/p>\n<p><span style=\"color: #000000;\"><strong>Differentials and Drivetrain:<\/strong><\/span><\/p>\n<p>3 fluid filled adjustable super lightweight diffs.<br \/>\nLess rotating mass = better acceleration.<br \/>\nLightened outdrives and diff couplers used throughout.<br \/>\nAluminum tapered aluminum center driveshaft.<br \/>\nAngled rear gearbox with large bearings reduces wear.<br \/>\nStraight center driveline for maximum efficiency and minimal wear.<br \/>\nCV driveshafts with captured pins on all 4 wheels.<\/p>\n<p><span style=\"color: #000000;\"><strong>Shocks:<\/strong><\/span><\/p>\n<p>Super smooth 16mm big bore shocks.<br \/>\n6mm front, 5mm rear CNC 7075 aluminum gun metal anodized shock towers are standard.<br \/>\nNew tapered piston design and configuration (4 x 1.8mm)<br \/>\nFully adjustable long travel suspension geometry maximizes stability and traction while providing superior cornering and on-power steering.<br \/>\nCNC threaded shock bodies, caps, cartridge caps, and adjustment nuts.<br \/>\n4mm hardened steel polished shafts.<br \/>\nNew clamping spring perches with captured shock boots.<br \/>\nTriple guide design for true consistent shaft action.<br \/>\nOptions for vented cap, emulsion, or standard shock configurations.<br \/>\nOptional springs and sway bars are available.<\/p>\n<p><span style=\"color: #000000;\"><strong>Suspension and Steering:<\/strong><\/span><\/p>\n<p>Adjustable front arm sweep and angle to make the car more aggressive (swept forward), or easier to drive (swept back).<br \/>\n\u2018Narrow pivot\u2019 steering posts provide \u20180 bump\u2019 geometry with almost \u20180 steering slop\u2019.<br \/>\nAdjustable CNC 7075 hinge pin braces are standard.<br \/>\nNew longer rear sway bar for better consistency.<br \/>\n4mm inner, 3.5mm outer hinge pins, polished for smooth action.<br \/>\nAdjustable Ackerman and bump-steer (bump in, 0 bump, bump out).<br \/>\nCNC aluminum Ackerman plate rides on 4 precision bearings.<br \/>\nAdjustable steering stops for precise steering travel settings.<\/p>\n<p><span style=\"color: #000000;\"><span style=\"font-family: arial;\"><strong>Other Features:<\/strong><\/span><\/span><\/p>\n<p>High downforce wing included.<br \/>\nEasily adjust anti-squat, rear toe, front arm angle, front arm sweep, roll center, toe, camber, wheelbase, rear arm length, Ackerman, bump steer, suspension geometry out of the box.<br \/>\nFull set of option parts available.<br \/>\nExtremely easy to work on with minimal screw count.<br \/>\nAll metric hex hardware.<\/p>\n<p>&nbsp;<\/p>\n<p><span style=\"color: #000000;\">\u00a0<\/span><\/p>\n<p><span style=\"color: #000000;\"><span style=\"font-family: arial;\"><strong>Det mangler for at v\u00e6re k\u00f8reklar:<\/strong><\/span><\/span><\/span><\/p>\n<p>2\/3 kanals radioudstyr<br \/>\n1\/8 Skala ESC og motor<br \/>\nH\u00f8jtydende styre servo, evt bremse servo<br \/>\nPinion or Traktion Drive \/ Elektri-Clutch system<br \/>\n4-6s LiPo batteri<br \/>\n1\/8th skala buggy hjul<br \/>\nMaling til karrosseriet<br \/>\nHex v\u00e6rkt\u00f8j (1.5, 2.0, 2.5mm), tang, andet v\u00e6rkt\u00f8j<\/p>\n<p><img data-recalc-dims=\"1\" decoding=\"async\" style=\"width: 100%;\" src=\"https:\/\/i0.wp.com\/www.interware.dk\/picture_library\/EB48.3suspension.jpg?w=1165\" alt=\"\" \/> <img data-recalc-dims=\"1\" decoding=\"async\" style=\"width: 100%;\" src=\"https:\/\/i0.wp.com\/www.interware.dk\/picture_library\/EB48.3gears.jpg?w=1165\" alt=\"\" \/><br \/>\n<img data-recalc-dims=\"1\" decoding=\"async\" style=\"width: 100%;\" src=\"https:\/\/i0.wp.com\/www.interware.dk\/picture_library\/EB48.3back.jpg?w=1165\" alt=\"\" \/> <img data-recalc-dims=\"1\" decoding=\"async\" style=\"width: 100%;\" src=\"https:\/\/i0.wp.com\/www.interware.dk\/picture_library\/SplitDiff_Inset2.jpg?w=1165\" alt=\"\" \/><\/p>\n<!--themify_builder_content-->\n<div id=\"themify_builder_content-4209\" data-postid=\"4209\" class=\"themify_builder_content themify_builder_content-4209 themify_builder tf_clear\">\n    <\/div>\n<!--\/themify_builder_content-->\n","protected":false},"excerpt":{"rendered":"<p>Tekno RC EB48.3 &nbsp; 1\/8 4WD Electric Competition Buggy &nbsp; &nbsp; &nbsp; Siden udgivelsen af den oprindelige EB48 i august 2012, har vi l\u00f8bende forbedret vores produkter. Gennem \u00e5rene har vi testet hundredvis af dele, udgivet dusinvis af meningsfulde ekstra dele, og vi har forbedret den samlede ops\u00e6tning af EB48. EB48.2 blev forbedret p\u00e5 det [&hellip;]<\/p>\n","protected":false},"featured_media":4646,"comment_status":"open","ping_status":"closed","template":"","meta":[],"pwb-brand":[170],"product_brand":[],"product_cat":[69],"product_tag":[],"class_list":{"0":"post-4209","1":"product","2":"type-product","3":"status-publish","4":"has-post-thumbnail","6":"pwb-brand-teknorc","7":"product_cat-1-8-biler-el-modeller","8":"has-post-title","9":"has-post-date","10":"has-post-category","11":"has-post-tag","12":"has-post-comment","13":"has-post-author","14":"","16":"first","17":"outofstock","18":"taxable","19":"shipping-taxable","20":"purchasable","21":"product-type-simple"},"jetpack_sharing_enabled":true,"brands":[{"id":170,"name":"TeknoRC","slug":"teknorc"}],"builder_content":"","_links":{"self":[{"href":"https:\/\/interware.dk\/RC\/wp-json\/wp\/v2\/product\/4209","targetHints":{"allow":["GET"]}}],"collection":[{"href":"https:\/\/interware.dk\/RC\/wp-json\/wp\/v2\/product"}],"about":[{"href":"https:\/\/interware.dk\/RC\/wp-json\/wp\/v2\/types\/product"}],"replies":[{"embeddable":true,"href":"https:\/\/interware.dk\/RC\/wp-json\/wp\/v2\/comments?post=4209"}],"wp:featuredmedia":[{"embeddable":true,"href":"https:\/\/interware.dk\/RC\/wp-json\/wp\/v2\/media\/4646"}],"wp:attachment":[{"href":"https:\/\/interware.dk\/RC\/wp-json\/wp\/v2\/media?parent=4209"}],"wp:term":[{"taxonomy":"pwb-brand","embeddable":true,"href":"https:\/\/interware.dk\/RC\/wp-json\/wp\/v2\/pwb-brand?post=4209"},{"taxonomy":"product_brand","embeddable":true,"href":"https:\/\/interware.dk\/RC\/wp-json\/wp\/v2\/product_brand?post=4209"},{"taxonomy":"product_cat","embeddable":true,"href":"https:\/\/interware.dk\/RC\/wp-json\/wp\/v2\/product_cat?post=4209"},{"taxonomy":"product_tag","embeddable":true,"href":"https:\/\/interware.dk\/RC\/wp-json\/wp\/v2\/product_tag?post=4209"}],"curies":[{"name":"wp","href":"https:\/\/api.w.org\/{rel}","templated":true}]}}