{"id":4186,"date":"2019-06-06T17:44:35","date_gmt":"2019-06-06T16:44:35","guid":{"rendered":"http:\/\/interware.dk\/fjernstyret\/vare\/mugen-seiki-mbx-7r\/"},"modified":"2020-07-02T09:21:42","modified_gmt":"2020-07-02T08:21:42","slug":"mugen-seiki-mbx-7r","status":"publish","type":"product","link":"https:\/\/interware.dk\/RC\/vare\/mugen-seiki-mbx-7r\/","title":{"rendered":"Mugen Seiki MBX-7R"},"content":{"rendered":"<p style=\"text-align: center;\">\n<p style=\"text-align: center;\"><strong><span style=\"font-size: large;\"><span style=\"font-family: arial;\">Mugen Seiki MBX-7R<\/span><\/span><\/strong><br \/>\n<span style=\"font-size: small;\"><span style=\"font-family: arial;\">1\/8 4WD Nitro Competition Buggy<\/span><\/span><\/p>\n<p style=\"text-align: center;\"><span style=\"font-size: small;\"><span style=\"font-family: arial;\"><img data-recalc-dims=\"1\" decoding=\"async\" style=\"height: 333px; width: 500px;\" src=\"https:\/\/i0.wp.com\/www.interware.dk\/picture_library\/MBX-7R%20corner.jpg?w=1165\" alt=\"\" \/><\/span><\/span><\/p>\n<p style=\"text-align: center;\"><span style=\"font-size: small;\"><span style=\"font-family: arial;\">Mugen Seiki er stolte af at pr\u00e6sentere udgivelsen af MBX-7R 1\/8 nitro Buggy!<br \/>\nMBX7R er baseret p\u00e5 World Champion MBX7 Platformen med mange avancerede forbedringer i styret\u00f8j, affjedring, og mange andre omr\u00e5der for at skabe den ultimative 1\/8 nitro off-road buggy<\/span><\/span><\/p>\n<p><strong>Specifikationer<\/strong><\/p>\n<p>L\u00e6ngde: &#8212; mm<br \/>\nBredde: 309mm<br \/>\nH\u00f8jde: &#8212; mm<br \/>\nAkselafstand: 315-320mm<br \/>\nV\u00e6gt: 3370g<br \/>\nFirehjulstr\u00e6k<br \/>\nChassis type: 3,0mm A-7075 aluminium<\/p>\n<p style=\"text-align: center;\"><span style=\"font-size: small;\"><span style=\"font-family: arial;\"><img data-recalc-dims=\"1\" decoding=\"async\" style=\"height: 333px; width: 500px;\" src=\"https:\/\/i0.wp.com\/www.interware.dk\/picture_library\/MBX-7R%20corner2.jpg?w=1165\" alt=\"\" \/><\/span><\/span><\/p>\n<p style=\"text-align: center;\"><span style=\"font-size: small;\"><span style=\"font-family: arial;\">\u00a0<\/span><\/span><\/p>\n<div style=\"text-align: center;\"><span style=\"font-size: small;\"><span style=\"font-family: arial;\">\u00a0<img data-recalc-dims=\"1\" decoding=\"async\" style=\"height: 333px; width: 500px;\" src=\"https:\/\/i0.wp.com\/www.interware.dk\/picture_library\/MBX-7R%20wo%20body.jpg?w=1165\" alt=\"\" \/><br \/>\n<\/span><strong><span style=\"font-family: arial;\">MBX-7R Features<\/span><\/strong><\/span><\/div>\n<div style=\"text-align: center;\">\n<p><span style=\"font-size: small;\"><span style=\"font-family: arial;\">3mm A7075 hard anodized chassis<br \/>\nLightweight 46T spur gear<br \/>\nLightweight conical gears<br \/>\nStraight cut conical and ring differential gears<br \/>\nSpecially designed front upper and rear lower suspension arms, front hub carriers,\u00a0rear suspension arms and hub carriers<br \/>\nFully adjustable steering with new geometry, servo saver and ackerman plate<br \/>\nFront\/Rear 16mm hard anodized threaded shocks with 3.5mm shock shafts and slim rubber\u00a0boots<br \/>\n5mm A7075 aluminum front shock tower<br \/>\n4mm A7075 aluminum rear shock tower<br \/>\n5mm A7075 aluminum lower suspension mounts for optimized geometry<br \/>\nSpecial designed fuel tank with new baffle system<br \/>\nE0710 heavy duty aluminum clutch shoes<br \/>\nStylish cab forward body<br \/>\nRe-designed wing mount and high-down force wing<\/span><\/span><\/p>\n<p><strong>MBX-7R kommer som kit og mangler<\/strong><\/p>\n<p>Nitro motor<br \/>\nUdst\u00f8dning<br \/>\nBatterier<br \/>\nRadio udstyr<\/p>\n<\/div>\n<div style=\"text-align: center;\">\n<p><span style=\"font-size: small;\"><span style=\"font-family: arial;\">Servoer<br \/>\nHjul<\/span><\/span><\/p>\n<p><img data-recalc-dims=\"1\" decoding=\"async\" style=\"height: 233px; width: 350px;\" src=\"https:\/\/i0.wp.com\/www.interware.dk\/picture_library\/MBX-7R%20details.jpg?w=1165\" alt=\"\" \/> <img data-recalc-dims=\"1\" decoding=\"async\" style=\"height: 233px; width: 350px;\" src=\"https:\/\/i0.wp.com\/www.interware.dk\/picture_library\/MBX-7R%20details2.jpg?w=1165\" alt=\"\" \/><\/p>\n<p><img data-recalc-dims=\"1\" decoding=\"async\" style=\"height: 233px; width: 350px;\" src=\"https:\/\/i0.wp.com\/www.interware.dk\/picture_library\/MBX-7R%20details3.jpg?w=1165\" alt=\"\" \/> <img data-recalc-dims=\"1\" decoding=\"async\" style=\"height: 233px; width: 350px;\" src=\"https:\/\/i0.wp.com\/www.interware.dk\/picture_library\/MBX-7R%20details4.jpg?w=1165\" alt=\"\" \/><\/p>\n<p><strong>E2015 &#8211; MBX7R 1\/8 Nitro Buggy Kit (off road):<\/strong><\/p>\n<p>Mugen concentrated on the making the suspension on the MBX7R even better with new 16mm bodied front and rear racing shocks. These new shocks will improve stability in both bumps and jumps greatly. The bigger bodies\u2019 shocks will make the 7R have less fade during longer runs which means you can drive even harder than ever before. The rear shocks are 4mm shorter and with the use of a new rear shock tower will keep the back of the 7R hooked up and on the ground. The 7R gets a chassis change with the side angle of the chassis changed which creates more strength and a better feeling on all racing surfaces.<br \/>\nThe MBX7R gets a re-designed front hub carrier in which the position of the front axle has been changed to a trailing axle position. This will improve overall steering and feeling of the 7R. A new steering ackerman plate with additional steering tie rod holes to have maximum steering adjustability. The front upper suspension arm has been shorten 1.6mm to allow for more camber adjustability and the use of the E0161 spacer between the pillar ball and upper arm.<br \/>\nThe drive train of the MBX7R has been changed and improved with the use of a new universal style drive shaft for both the front and rear drive shafts. This will greatly improve the feel of the buggy on bumpy surfaces. The use of the universal will make the overall drive train much smoother and will spin with less friction. New wings mount which will allow the wing to be moved closer to the shock tower to allow for better traction and jumping abilities. The fuel tank gets a re-designed baffle system to increase fuel pick up and to keep the fuel clunk positioned correctly.<\/p>\n<p><strong>Differentials Oils<\/strong>:<\/p>\n<p>Front &#8211; 7,000 wt Oil (B0323)<br \/>\nCenter &#8211; 7,000 wt Oil (B0323)<br \/>\nRear &#8211; 3,000 wt Oil (B0321)<\/p>\n<p><strong>Shocks, Springs, and Sway Bars:<\/strong><\/p>\n<p>Front:<br \/>\n550 wt Oil (B0333) \/ \u03c61.6 L70\/9.25T Spring (E2516) \/ \u03c61.3 8H Piston (E2525) \/ \u03c62.3mm (E0164)<br \/>\nRear:<\/p>\n<\/div>\n<p style=\"text-align: center;\"><span style=\"font-size: small;\"><span style=\"font-family: arial;\">550 wt Oil (B0333) \/ \u03c61.6 L86\/10.75T Spring (E0563) \/ \u03c61.3 8H Piston (E2525) \/ \u03c62.7mm (E0168)<\/span><\/span><\/p>\n<p>&nbsp;<\/p>\n<p>&nbsp;<\/p>\n<!--themify_builder_content-->\n<div id=\"themify_builder_content-4186\" data-postid=\"4186\" class=\"themify_builder_content themify_builder_content-4186 themify_builder tf_clear\">\n    <\/div>\n<!--\/themify_builder_content-->\n","protected":false},"excerpt":{"rendered":"<p>Mugen Seiki MBX-7R 1\/8 4WD Nitro Competition Buggy Mugen Seiki er stolte af at pr\u00e6sentere udgivelsen af MBX-7R 1\/8 nitro Buggy! MBX7R er baseret p\u00e5 World Champion MBX7 Platformen med mange avancerede forbedringer i styret\u00f8j, affjedring, og mange andre omr\u00e5der for at skabe den ultimative 1\/8 nitro off-road buggy Specifikationer L\u00e6ngde: &#8212; mm Bredde: 309mm [&hellip;]<\/p>\n","protected":false},"featured_media":4626,"comment_status":"open","ping_status":"closed","template":"","meta":[],"pwb-brand":[165],"product_brand":[],"product_cat":[57],"product_tag":[],"class_list":{"0":"post-4186","1":"product","2":"type-product","3":"status-publish","4":"has-post-thumbnail","6":"pwb-brand-mugen-seiki","7":"product_cat-1-8-biler","8":"has-post-title","9":"has-post-date","10":"has-post-category","11":"has-post-tag","12":"has-post-comment","13":"has-post-author","14":"","16":"first","17":"onbackorder","18":"taxable","19":"shipping-taxable","20":"purchasable","21":"product-type-simple"},"jetpack_sharing_enabled":true,"brands":[{"id":165,"name":"Mugen Seiki","slug":"mugen-seiki"}],"builder_content":"","_links":{"self":[{"href":"https:\/\/interware.dk\/RC\/wp-json\/wp\/v2\/product\/4186","targetHints":{"allow":["GET"]}}],"collection":[{"href":"https:\/\/interware.dk\/RC\/wp-json\/wp\/v2\/product"}],"about":[{"href":"https:\/\/interware.dk\/RC\/wp-json\/wp\/v2\/types\/product"}],"replies":[{"embeddable":true,"href":"https:\/\/interware.dk\/RC\/wp-json\/wp\/v2\/comments?post=4186"}],"wp:featuredmedia":[{"embeddable":true,"href":"https:\/\/interware.dk\/RC\/wp-json\/wp\/v2\/media\/4626"}],"wp:attachment":[{"href":"https:\/\/interware.dk\/RC\/wp-json\/wp\/v2\/media?parent=4186"}],"wp:term":[{"taxonomy":"pwb-brand","embeddable":true,"href":"https:\/\/interware.dk\/RC\/wp-json\/wp\/v2\/pwb-brand?post=4186"},{"taxonomy":"product_brand","embeddable":true,"href":"https:\/\/interware.dk\/RC\/wp-json\/wp\/v2\/product_brand?post=4186"},{"taxonomy":"product_cat","embeddable":true,"href":"https:\/\/interware.dk\/RC\/wp-json\/wp\/v2\/product_cat?post=4186"},{"taxonomy":"product_tag","embeddable":true,"href":"https:\/\/interware.dk\/RC\/wp-json\/wp\/v2\/product_tag?post=4186"}],"curies":[{"name":"wp","href":"https:\/\/api.w.org\/{rel}","templated":true}]}}