{"id":4102,"date":"2019-06-06T17:44:29","date_gmt":"2019-06-06T16:44:29","guid":{"rendered":"http:\/\/interware.dk\/fjernstyret\/vare\/lipopal\/"},"modified":"2019-06-09T14:51:26","modified_gmt":"2019-06-09T12:51:26","slug":"lipopal","status":"publish","type":"product","link":"https:\/\/interware.dk\/RC\/vare\/lipopal\/","title":{"rendered":"Lipopal"},"content":{"rendered":"<p>&#160;<\/p>\n<p>&#160;<\/p>\n<p>&#160;<\/p>\n<p><span style=\"font-size: small;\"><span style=\"font-family: Arial;\">SKYRC LiPoPal er en simpel brugervenlig batteri checker og selvst\u00e6ndig sp\u00e6nding balancer. N\u00e5r vi flyver eller k\u00f8rer udenfor, er det vanskeligt at kende den resterende batterikapacitet. Med denne lille LiPoPal vil vi kunne kontrollere sp\u00e6ndingen p\u00e5 hver celle og den resterende kapacitet i procent n\u00e5r som helst og hvor som helst. Som vi ved, hvis hver celle i batteriet er balanceret, vil batteriets ydeevne v\u00e6re meget bedre og cyklus liv vil blive l\u00e6ngere. Men nogle gange har vi ikke tid eller redskabet til at balancere batteri cellerne. Med dette lille kit, n\u00e5r den opdager batteri pakken ikke er balanceret, vil den begynde at balancere batteri cellerne med det samme.<\/span><\/span><\/p>\n<p><strong><span style=\"font-size: small;\"><span style=\"font-family: Arial;\">Funktioner:<\/span><\/span><\/strong><\/p>\n<p><span style=\"font-size: small;\"><span style=\"font-family: Arial;\">Der er to funktioner i denne kompakte enhed:<\/span><\/span><\/p>\n<p><strong><span style=\"font-size: small;\"><span style=\"font-family: Arial;\">1.Battery Checker<\/span><\/span><\/strong><\/p>\n<p><span style=\"font-size: small;\"><span style=\"font-family: Arial;\">LiPoPal kan kontrollere sp\u00e6ndingen p\u00e5 hver celle af et lithium-batteri og resterende kapacitet i procent%.<\/span><\/span><\/p>\n<p><strong><span style=\"font-size: small;\"><span style=\"font-family: Arial;\">2.Self Voltage Balancer<\/span><\/span><\/strong><\/p>\n<p><span style=\"font-size: small;\"><span style=\"font-family: Arial;\">Dette program kan udligne de individuelle sp\u00e6ndinger til det laveste af dem. Balance operationen starter automatisk cirka 5 sekunder efter at batteriet er tilsluttet. N\u00e5r sp\u00e6ndingsforskellen mellem celler er over 0.02V, vil balanceringen begynde at arbejde. Det tilsvarende &#8220;V&#8221; vil blinke, n\u00e5r den er igang med at balancere. N\u00e5r sp\u00e6ndings forskellen mellem celler er 0.01V eller mindre, afbrydes balanceringen og enheden g\u00e5r i dvaletilstand og &#8220;SLP&#8221; vil blive vist p\u00e5 displayet.<\/span><\/span><\/p>\n<p>&#160;<\/p>\n<p>&#160;<\/p>\n","protected":false},"excerpt":{"rendered":"<p>&#160; &#160; &#160; SKYRC LiPoPal er en simpel brugervenlig batteri checker og selvst\u00e6ndig sp\u00e6nding balancer. N\u00e5r vi flyver eller k\u00f8rer udenfor, er det vanskeligt at kende den resterende batterikapacitet. Med denne lille LiPoPal vil vi kunne kontrollere sp\u00e6ndingen p\u00e5 hver celle og den resterende kapacitet i procent n\u00e5r som helst og hvor som helst. Som [&hellip;]<\/p>\n","protected":false},"featured_media":4763,"comment_status":"open","ping_status":"closed","template":"","meta":[],"pwb-brand":[],"product_brand":[],"product_cat":[89],"product_tag":[],"class_list":{"0":"post-4102","1":"product","2":"type-product","3":"status-publish","4":"has-post-thumbnail","6":"product_cat-batteri-og-ladere","7":"has-post-title","8":"has-post-date","9":"has-post-category","10":"has-post-tag","11":"has-post-comment","12":"has-post-author","13":"","15":"first","16":"instock","17":"taxable","18":"shipping-taxable","19":"purchasable","20":"product-type-simple"},"jetpack_sharing_enabled":true,"brands":[],"builder_content":"","_links":{"self":[{"href":"https:\/\/interware.dk\/RC\/wp-json\/wp\/v2\/product\/4102","targetHints":{"allow":["GET"]}}],"collection":[{"href":"https:\/\/interware.dk\/RC\/wp-json\/wp\/v2\/product"}],"about":[{"href":"https:\/\/interware.dk\/RC\/wp-json\/wp\/v2\/types\/product"}],"replies":[{"embeddable":true,"href":"https:\/\/interware.dk\/RC\/wp-json\/wp\/v2\/comments?post=4102"}],"wp:featuredmedia":[{"embeddable":true,"href":"https:\/\/interware.dk\/RC\/wp-json\/wp\/v2\/media\/4763"}],"wp:attachment":[{"href":"https:\/\/interware.dk\/RC\/wp-json\/wp\/v2\/media?parent=4102"}],"wp:term":[{"taxonomy":"pwb-brand","embeddable":true,"href":"https:\/\/interware.dk\/RC\/wp-json\/wp\/v2\/pwb-brand?post=4102"},{"taxonomy":"product_brand","embeddable":true,"href":"https:\/\/interware.dk\/RC\/wp-json\/wp\/v2\/product_brand?post=4102"},{"taxonomy":"product_cat","embeddable":true,"href":"https:\/\/interware.dk\/RC\/wp-json\/wp\/v2\/product_cat?post=4102"},{"taxonomy":"product_tag","embeddable":true,"href":"https:\/\/interware.dk\/RC\/wp-json\/wp\/v2\/product_tag?post=4102"}],"curies":[{"name":"wp","href":"https:\/\/api.w.org\/{rel}","templated":true}]}}