{"id":4101,"date":"2019-06-06T17:44:29","date_gmt":"2019-06-06T16:44:29","guid":{"rendered":"http:\/\/interware.dk\/fjernstyret\/vare\/1-8-brushless-combo-saet-1900kv\/"},"modified":"2020-07-02T09:14:38","modified_gmt":"2020-07-02T08:14:38","slug":"1-8-brushless-combo-saet-1900kv","status":"publish","type":"product","link":"https:\/\/interware.dk\/RC\/vare\/1-8-brushless-combo-saet-1900kv\/","title":{"rendered":"1\/8 brushless combo s\u00e6t 1900kv"},"content":{"rendered":"<p>&#160;<\/p>\n<p>&#160;<\/p>\n<p>&#160;&#160;<\/p>\n<p>&#160;<\/p>\n<p style=\"text-align: center;\">&#160;<\/p>\n<p>&#160;<\/p>\n<p>&#160;<\/p>\n<p style=\"text-align: center;\"><span style=\"font-size: medium;\"><span style=\"font-family: Arial;\">Denne b\u00f8rstel\u00f8s, sensorless esc er sp\u00e6kket med mange funktioner, hvilket g\u00f8r den enest\u00e5ende til enten non stop sjov eller topniveau racing.<\/span><\/span><\/p>\n<p>&#160;<\/p>\n<p style=\"text-align: center;\"><span style=\"font-size: medium;\"><span style=\"font-family: Arial;\">Toro 8 fartregulatorer s\u00e6tter nye standarder i B\u00f8rstel\u00f8s ydeevne og Toro 8 er stor kraft i en lille pakke.<\/span><\/span><\/p>\n<p style=\"text-align: center;\">&#160;<span style=\"font-size: medium;\"><span style=\"font-family: Arial;\">Funktionerne i Toro 8 er let tilg\u00e6ngelige og justeres ved hj\u00e6lp af et program kort. Ved tryk p\u00e5 en enkelt knap kan du justere LiPo batteriets&#160;volt cut-off, maksimal punch, bremse styrke, tr\u00e6k bremse, motorens timing og omvendt lock-out! Alle indstillinger vil blive vist p\u00e5 program kortet p\u00e5 en gang. Kan ikke g\u00f8res lettere!<\/span><\/span><\/p>\n<p style=\"text-align: center;\"><span style=\"font-size: medium;\"><span style=\"font-family: Arial;\">Har du ikke et program kort, kan Toro 8 dog stadig programmeres ved hj\u00e6lp af led og lyd.<\/span><\/span><\/p>\n<p style=\"text-align: center;\">&#160;<font size=\"4\">Det komplet nye design vil bevise, at b\u00f8rstel\u00f8s teknologi har netop n\u00e5et et nyt h\u00f8jdepunkt!<\/font><\/p>\n<p style=\"text-align: center;\">&#160;&#160;<\/p>\n<p style=\"text-align: center;\"><span style=\"font-size: medium;\"><span style=\"font-family: Arial;\">\u2022 Super bl\u00f8d opstart<\/span><\/span><\/p>\n<p style=\"text-align: center;\"><span style=\"font-size: medium;\"><span style=\"font-family: Arial;\">\u2022 Nye h\u00f8jtydende varmeafledende str\u00f8m&#160;kort<\/span><\/span><\/p>\n<p style=\"text-align: center;\"><span style=\"font-size: medium;\"><span style=\"font-family: Arial;\">\u2022 Indbygget ventilator for ekstrem k\u00f8ling<\/span><\/span><\/p>\n<p style=\"text-align: center;\"><span style=\"font-size: medium;\"><span style=\"font-family: Arial;\">\u2022 Sikkerhedsfunktioner, herunder termisk cut off<\/span><\/span><\/p>\n<p style=\"text-align: center;\"><span style=\"font-size: medium;\"><span style=\"font-family: Arial;\">\u2022 Underst\u00f8tter LiPo\/NiCd\/NiMH<\/span><\/span><\/p>\n<p style=\"text-align: center;\"><span style=\"font-size: medium;\"><span style=\"font-family: Arial;\">\u2022 Ny software \u00f8ger kraft og tophastigheder<\/span><\/span><\/p>\n<p style=\"text-align: center;\"><span style=\"font-size: medium;\"><span style=\"font-family: Arial;\">\u2022 Nye justerbare funktioner via&#160;program kort-Meget nem at bruge<\/span><\/span><\/p>\n<p style=\"text-align: center;\"><span style=\"font-size: medium;\"><span style=\"font-family: Arial;\">\u2022 Nye h\u00f8j effekt bremser, fuldt justerbare<\/span><\/span><\/p>\n<p style=\"text-align: center;\"><span style=\"font-size: medium;\"><span style=\"font-family: Arial;\">\u2022 Nye h\u00f8j effekt tr\u00e6k bremser, fuldt justerbare<\/span><\/span><\/p>\n<p style=\"text-align: center;\"><span style=\"font-size: medium;\"><span style=\"font-family: Arial;\">\u2022 Underst\u00f8tter LiPo op til 6 celler<\/span><\/span><\/p>\n<p style=\"text-align: center;\"><span style=\"font-size: medium;\"><span style=\"font-family: Arial;\">\u2022 Lille st\u00f8rrelse &#8211; 49x58x36mm<\/span><\/span><\/p>\n<p style=\"text-align: center;\"><span style=\"font-size: medium;\"><span style=\"font-family: Arial;\">\u2022 V\u00e6gt &#8211; 88g (uden ledninger)<\/span><\/span><\/p>\n<p>&#160;<\/p>\n<p style=\"text-align: center;\">&#160;<\/p>\n<p style=\"text-align: center;\"><strong><span style=\"font-size: medium;\"><span style=\"font-family: Arial;\">Specifikationer:<\/span><\/span><\/strong><\/p>\n<p style=\"text-align: center;\">\n<table border=\"0\" cellspacing=\"0\" cellpadding=\"0\" style=\"margin: auto auto auto 4.55pt; border-collapse: collapse;\">\n<tbody>\n<tr style=\"height: 12.75pt;\">\n<td valign=\"bottom\" width=\"330\" colspan=\"2\" nowrap=\"nowrap\" style=\"border: 1pt solid windowtext; padding: 0cm 5.4pt; background-color: transparent; width: 198pt; height: 12.75pt;\"><span style=\"font-size: 10pt;\">Controls, TORO 8<\/span><\/td>\n<td valign=\"bottom\" width=\"421\" nowrap=\"nowrap\" style=\"border-color: windowtext windowtext windowtext rgb(240, 240, 240); border-top-width: 1pt; border-right-width: 1pt; border-bottom-width: 1pt; border-top-style: solid; border-right-style: solid; border-bottom-style: solid; padding: 0cm 5.4pt; background-color: transparent; width: 252.85pt; height: 12.75pt;\"><span style=\"font-size: 10pt;\">Rev\/Brk\/ or Fwd\/Fwd<\/span><\/td>\n<\/tr>\n<tr style=\"height: 12.75pt;\">\n<td valign=\"bottom\" width=\"330\" colspan=\"2\" nowrap=\"nowrap\" style=\"border-color: rgb(240, 240, 240) windowtext windowtext; border-right-width: 1pt; border-bottom-width: 1pt; border-left-width: 1pt; border-right-style: solid; border-bottom-style: solid; border-left-style: solid; padding: 0cm 5.4pt; background-color: transparent; width: 198pt; height: 12.75pt;\"><span style=\"font-size: 10pt;\">Motor Limits, TORO 8<\/span><\/td>\n<td valign=\"bottom\" width=\"421\" nowrap=\"nowrap\" style=\"border-color: rgb(240, 240, 240) windowtext windowtext rgb(240, 240, 240); border-right-width: 1pt; border-bottom-width: 1pt; border-right-style: solid; border-bottom-style: solid; padding: 0cm 5.4pt; background-color: transparent; width: 252.85pt; height: 12.75pt;\"><span style=\"font-size: 10pt;\">Input Power (Cells)<\/span><\/td>\n<\/tr>\n<tr style=\"height: 12.75pt;\">\n<td valign=\"bottom\" rowspan=\"2\" width=\"151\" nowrap=\"nowrap\" style=\"border-color: rgb(240, 240, 240) windowtext windowtext; border-right-width: 1pt; border-bottom-width: 1pt; border-left-width: 1pt; border-right-style: solid; border-bottom-style: solid; border-left-style: solid; padding: 0cm 5.4pt; background-color: transparent; width: 90.85pt; height: 12.75pt;\"><b><span style=\"font-size: 10pt;\">X150<\/span><\/b><\/td>\n<td valign=\"bottom\" width=\"179\" nowrap=\"nowrap\" style=\"border-color: rgb(240, 240, 240) windowtext windowtext rgb(240, 240, 240); border-right-width: 1pt; border-bottom-width: 1pt; border-right-style: solid; border-bottom-style: solid; padding: 0cm 5.4pt; background-color: transparent; width: 107.15pt; height: 12.75pt;\"><span style=\"font-size: 10pt;\">Brushless KV &gt; 2400<\/span><\/td>\n<td valign=\"bottom\" width=\"421\" nowrap=\"nowrap\" style=\"border-color: rgb(240, 240, 240) windowtext windowtext rgb(240, 240, 240); border-right-width: 1pt; border-bottom-width: 1pt; border-right-style: solid; border-bottom-style: solid; padding: 0cm 5.4pt; background-color: transparent; width: 252.85pt; height: 12.75pt;\"><span style=\"font-size: 10pt;\">Up to 4S(16.8Volt),ideal for 1\/8 buggies<\/span><\/td>\n<\/tr>\n<tr style=\"height: 12.75pt;\">\n<td valign=\"bottom\" width=\"179\" nowrap=\"nowrap\" style=\"border-color: rgb(240, 240, 240) windowtext windowtext rgb(240, 240, 240); border-right-width: 1pt; border-bottom-width: 1pt; border-right-style: solid; border-bottom-style: solid; padding: 0cm 5.4pt; background-color: transparent; width: 107.15pt; height: 12.75pt;\"><span style=\"font-size: 10pt;\">Brushless KV<\/span><span style=\"font-size: 10pt;\">&#8804;<\/span><span style=\"font-size: 10pt;\">&#160;2400<\/span><\/td>\n<td valign=\"bottom\" width=\"421\" nowrap=\"nowrap\" style=\"border-color: rgb(240, 240, 240) windowtext windowtext rgb(240, 240, 240); border-right-width: 1pt; border-bottom-width: 1pt; border-right-style: solid; border-bottom-style: solid; padding: 0cm 5.4pt; background-color: transparent; width: 252.85pt; height: 12.75pt;\"><span style=\"font-size: 10pt;\">Up to 6S(25.2Volt),ideal for 1\/8 monster trucks and buggies<\/span><\/td>\n<\/tr>\n<tr style=\"height: 12.75pt;\">\n<td valign=\"bottom\" width=\"151\" nowrap=\"nowrap\" style=\"border-color: rgb(240, 240, 240) windowtext windowtext; border-right-width: 1pt; border-bottom-width: 1pt; border-left-width: 1pt; border-right-style: solid; border-bottom-style: solid; border-left-style: solid; padding: 0cm 5.4pt; background-color: transparent; width: 90.85pt; height: 12.75pt;\"><span style=\"font-size: 10pt;\">X80<\/span><\/td>\n<td valign=\"bottom\" width=\"179\" nowrap=\"nowrap\" style=\"border-color: rgb(240, 240, 240) windowtext windowtext rgb(240, 240, 240); border-right-width: 1pt; border-bottom-width: 1pt; border-right-style: solid; border-bottom-style: solid; padding: 0cm 5.4pt; background-color: transparent; width: 107.15pt; height: 12.75pt;\"><span style=\"font-size: 10pt;\">Brushless KV &lt; 2300<\/span><\/td>\n<td valign=\"bottom\" width=\"421\" nowrap=\"nowrap\" style=\"border-color: rgb(240, 240, 240) windowtext windowtext rgb(240, 240, 240); border-right-width: 1pt; border-bottom-width: 1pt; border-right-style: solid; border-bottom-style: solid; padding: 0cm 5.4pt; background-color: transparent; width: 252.85pt; height: 12.75pt;\"><span style=\"font-size: 10pt;\">Up to 4S(16.8Volt),ideal for 1\/8 buggies<\/span><\/td>\n<\/tr>\n<tr style=\"height: 12.75pt;\">\n<td valign=\"bottom\" rowspan=\"2\" width=\"151\" style=\"border-color: rgb(240, 240, 240) windowtext windowtext; border-right-width: 1pt; border-bottom-width: 1pt; border-left-width: 1pt; border-right-style: solid; border-bottom-style: solid; border-left-style: solid; padding: 0cm 5.4pt; background-color: transparent; width: 90.85pt; height: 12.75pt;\"><span style=\"font-size: 10pt;\">On Resistance, Brushless<\/span><\/td>\n<td valign=\"bottom\" width=\"179\" nowrap=\"nowrap\" style=\"border-color: rgb(240, 240, 240) windowtext windowtext rgb(240, 240, 240); border-right-width: 1pt; border-bottom-width: 1pt; border-right-style: solid; border-bottom-style: solid; padding: 0cm 5.4pt; background-color: transparent; width: 107.15pt; height: 12.75pt;\"><b><span style=\"font-size: 10pt;\">X150<\/span><\/b><\/td>\n<td valign=\"bottom\" width=\"421\" nowrap=\"nowrap\" style=\"border-color: rgb(240, 240, 240) windowtext windowtext rgb(240, 240, 240); border-right-width: 1pt; border-bottom-width: 1pt; border-right-style: solid; border-bottom-style: solid; padding: 0cm 5.4pt; background-color: transparent; width: 252.85pt; height: 12.75pt;\"><span style=\"font-size: 10pt;\">0.0002 Ohms per phase at 25<\/span><span style=\"font-size: 10pt;\">&#8451;&#65288;<\/span><span style=\"font-size: 10pt;\">77\u00b0F<\/span><span style=\"font-size: 10pt;\">&#65289;<\/span><span style=\"font-size: 10pt;\">Trans.Temp<\/span><\/td>\n<\/tr>\n<tr style=\"height: 12.75pt;\">\n<td valign=\"bottom\" width=\"179\" nowrap=\"nowrap\" style=\"border-color: rgb(240, 240, 240) windowtext windowtext rgb(240, 240, 240); border-right-width: 1pt; border-bottom-width: 1pt; border-right-style: solid; border-bottom-style: solid; padding: 0cm 5.4pt; background-color: transparent; width: 107.15pt; height: 12.75pt;\"><span style=\"font-size: 10pt;\">X80<\/span><\/td>\n<td valign=\"bottom\" width=\"421\" nowrap=\"nowrap\" style=\"border-color: rgb(240, 240, 240) windowtext windowtext rgb(240, 240, 240); border-right-width: 1pt; border-bottom-width: 1pt; border-right-style: solid; border-bottom-style: solid; padding: 0cm 5.4pt; background-color: transparent; width: 252.85pt; height: 12.75pt;\"><span style=\"font-size: 10pt;\">0.0004 Ohms per phase at 25<\/span><span style=\"font-size: 10pt;\">&#8451;&#65288;<\/span><span style=\"font-size: 10pt;\">77\u00b0F<\/span><span style=\"font-size: 10pt;\">&#65289;<\/span><span style=\"font-size: 10pt;\">Trans.Temp<\/span><\/td>\n<\/tr>\n<tr style=\"height: 12.75pt;\">\n<td valign=\"bottom\" rowspan=\"2\" width=\"151\" style=\"border-color: rgb(240, 240, 240) windowtext windowtext; border-right-width: 1pt; border-bottom-width: 1pt; border-left-width: 1pt; border-right-style: solid; border-bottom-style: solid; border-left-style: solid; padding: 0cm 5.4pt; background-color: transparent; width: 90.85pt; height: 12.75pt;\"><span style=\"font-size: 10pt;\">Continuous\/Burst Current<\/span><\/td>\n<td valign=\"bottom\" width=\"179\" nowrap=\"nowrap\" style=\"border-color: rgb(240, 240, 240) windowtext windowtext rgb(240, 240, 240); border-right-width: 1pt; border-bottom-width: 1pt; border-right-style: solid; border-bottom-style: solid; padding: 0cm 5.4pt; background-color: transparent; width: 107.15pt; height: 12.75pt;\"><b><span style=\"font-size: 10pt;\">X150<\/span><\/b><\/td>\n<td valign=\"bottom\" width=\"421\" nowrap=\"nowrap\" style=\"border-color: rgb(240, 240, 240) windowtext windowtext rgb(240, 240, 240); border-right-width: 1pt; border-bottom-width: 1pt; border-right-style: solid; border-bottom-style: solid; padding: 0cm 5.4pt; background-color: transparent; width: 252.85pt; height: 12.75pt;\"><span style=\"font-size: 10pt;\">150Amp\/950Amp<\/span><\/td>\n<\/tr>\n<tr style=\"height: 12.75pt;\">\n<td valign=\"bottom\" width=\"179\" nowrap=\"nowrap\" style=\"border-color: rgb(240, 240, 240) windowtext windowtext rgb(240, 240, 240); border-right-width: 1pt; border-bottom-width: 1pt; border-right-style: solid; border-bottom-style: solid; padding: 0cm 5.4pt; background-color: transparent; width: 107.15pt; height: 12.75pt;\"><span style=\"font-size: 10pt;\">X80<\/span><\/td>\n<td valign=\"bottom\" width=\"421\" nowrap=\"nowrap\" style=\"border-color: rgb(240, 240, 240) windowtext windowtext rgb(240, 240, 240); border-right-width: 1pt; border-bottom-width: 1pt; border-right-style: solid; border-bottom-style: solid; padding: 0cm 5.4pt; background-color: transparent; width: 252.85pt; height: 12.75pt;\"><span style=\"font-size: 10pt;\">80Amp\/500Amp<\/span><\/td>\n<\/tr>\n<tr style=\"height: 12.75pt;\">\n<td valign=\"bottom\" width=\"330\" colspan=\"2\" nowrap=\"nowrap\" style=\"border-color: rgb(240, 240, 240) windowtext windowtext; border-right-width: 1pt; border-bottom-width: 1pt; border-left-width: 1pt; border-right-style: solid; border-bottom-style: solid; border-left-style: solid; padding: 0cm 5.4pt; background-color: transparent; width: 198pt; height: 12.75pt;\"><span style=\"font-size: 10pt;\">Switching BEC<\/span><\/td>\n<td valign=\"bottom\" width=\"421\" nowrap=\"nowrap\" style=\"border-color: rgb(240, 240, 240) windowtext windowtext rgb(240, 240, 240); border-right-width: 1pt; border-bottom-width: 1pt; border-right-style: solid; border-bottom-style: solid; padding: 0cm 5.4pt; background-color: transparent; width: 252.85pt; height: 12.75pt;\"><span style=\"font-size: 10pt;\">5.7V 3Amp<\/span><\/td>\n<\/tr>\n<tr style=\"height: 12.75pt;\">\n<td valign=\"bottom\" width=\"330\" colspan=\"2\" nowrap=\"nowrap\" style=\"border-color: rgb(240, 240, 240) windowtext windowtext; border-right-width: 1pt; border-bottom-width: 1pt; border-left-width: 1pt; border-right-style: solid; border-bottom-style: solid; border-left-style: solid; padding: 0cm 5.4pt; background-color: transparent; width: 198pt; height: 12.75pt;\"><span style=\"font-size: 10pt;\">Status LED<\/span><\/td>\n<td valign=\"bottom\" width=\"421\" nowrap=\"nowrap\" style=\"border-color: rgb(240, 240, 240) windowtext windowtext rgb(240, 240, 240); border-right-width: 1pt; border-bottom-width: 1pt; border-right-style: solid; border-bottom-style: solid; padding: 0cm 5.4pt; background-color: transparent; width: 252.85pt; height: 12.75pt;\"><span style=\"font-size: 10pt;\">1 with 3 color (Red, Green &amp; Orange)<\/span><\/td>\n<\/tr>\n<tr style=\"height: 12.75pt;\">\n<td valign=\"bottom\" width=\"330\" colspan=\"2\" nowrap=\"nowrap\" style=\"border-color: rgb(240, 240, 240) windowtext windowtext; border-right-width: 1pt; border-bottom-width: 1pt; border-left-width: 1pt; border-right-style: solid; border-bottom-style: solid; border-left-style: solid; padding: 0cm 5.4pt; background-color: transparent; width: 198pt; height: 12.75pt;\"><span style=\"font-size: 10pt;\">Thermal Overload Protection<\/span><\/td>\n<td valign=\"bottom\" width=\"421\" nowrap=\"nowrap\" style=\"border-color: rgb(240, 240, 240) windowtext windowtext rgb(240, 240, 240); border-right-width: 1pt; border-bottom-width: 1pt; border-right-style: solid; border-bottom-style: solid; padding: 0cm 5.4pt; background-color: transparent; width: 252.85pt; height: 12.75pt;\"><span style=\"font-size: 10pt;\">Yes<\/span><\/td>\n<\/tr>\n<tr style=\"height: 12.75pt;\">\n<td valign=\"bottom\" width=\"330\" colspan=\"2\" nowrap=\"nowrap\" style=\"border-color: rgb(240, 240, 240) windowtext windowtext; border-right-width: 1pt; border-bottom-width: 1pt; border-left-width: 1pt; border-right-style: solid; border-bottom-style: solid; border-left-style: solid; padding: 0cm 5.4pt; background-color: transparent; width: 198pt; height: 12.75pt;\"><span style=\"font-size: 10pt;\">Dimensions(L*W*H)<\/span><\/td>\n<td valign=\"bottom\" width=\"421\" nowrap=\"nowrap\" style=\"border-color: rgb(240, 240, 240) windowtext windowtext rgb(240, 240, 240); border-right-width: 1pt; border-bottom-width: 1pt; border-right-style: solid; border-bottom-style: solid; padding: 0cm 5.4pt; background-color: transparent; width: 252.85pt; height: 12.75pt;\"><span style=\"font-size: 10pt;\">48.8*57.5*35.8mm(1.29*2.28*1.41in)<\/span><\/td>\n<\/tr>\n<tr style=\"height: 13.5pt;\">\n<td valign=\"bottom\" width=\"330\" colspan=\"2\" nowrap=\"nowrap\" style=\"border-color: rgb(240, 240, 240) windowtext windowtext; border-right-width: 1pt; border-bottom-width: 1pt; border-left-width: 1pt; border-right-style: solid; border-bottom-style: solid; border-left-style: solid; padding: 0cm 5.4pt; background-color: transparent; width: 198pt; height: 13.5pt;\"><span style=\"font-size: 10pt;\">Weight(Without wires)<\/span><\/td>\n<td valign=\"bottom\" width=\"421\" nowrap=\"nowrap\" style=\"border-color: rgb(240, 240, 240) windowtext windowtext rgb(240, 240, 240); border-right-width: 1pt; border-bottom-width: 1pt; border-right-style: solid; border-bottom-style: solid; padding: 0cm 5.4pt; background-color: transparent; width: 252.85pt; height: 13.5pt;\"><span style=\"font-size: 10pt;\">88g(3.1oz)<\/span><\/td>\n<\/tr>\n<\/tbody>\n<\/table>\n<p>&#160;<\/p>\n<p style=\"text-align: center;\">\n<h1 style=\"font-family: Arial, Helvetica, sans-serif; margin: 0px; padding: 8px 0px 8px 7px; border: 0px; font-size: 14px; text-transform: uppercase; background-color: rgb(245, 246, 247);\">\n<h1 style=\"margin: 0px; padding: 8px 0px 8px 7px; border: 0px; font-size: 14px;\">TORO X8 3D MOTOR<\/h1>\n<p style=\"font-family: Arial, Verdana, sans-serif; font-size: 12px; font-weight: normal; text-align: start; text-transform: none;\">&#160;<\/p>\n<p style=\"font-family: Arial, Verdana, sans-serif; font-size: 12px; font-weight: normal; text-align: start; text-transform: none;\">\n<table border=\"1\" cellpadding=\"0\" cellspacing=\"0\" style=\"font-family: Arial, Helvetica, sans-serif; color: rgb(0, 0, 0); font-size: 12px; text-align: left;\">\n<tbody>\n<tr>\n<td width=\"115\">Item No<\/td>\n<td width=\"52\">Product Name<\/td>\n<td width=\"47\">Watts<\/td>\n<td width=\"47\">Max Voltage<\/td>\n<td width=\"44\">Max Amps<\/td>\n<td width=\"64\">Resistance<\/td>\n<td width=\"69\">KV&#160; (RPM\/volt)<\/td>\n<td width=\"49\">Max RPM<\/td>\n<td width=\"52\">Length<\/td>\n<td width=\"64\">Diameter (w\/fins)<\/td>\n<td width=\"47\">Weight (g)<\/td>\n<td width=\"59\">Shaft Diameter (inches)<\/td>\n<td width=\"63\">Length of extend shaft<\/td>\n<\/tr>\n<tr>\n<td>SK-400001-03<\/td>\n<td>X8 2D<\/td>\n<td align=\"right\">2200<\/td>\n<td>17V<\/td>\n<td align=\"right\">129A<\/td>\n<td align=\"right\">0.0062<\/td>\n<td align=\"right\">2650<\/td>\n<td align=\"right\">45000<\/td>\n<td>68mm<\/td>\n<td>42.8mm<\/td>\n<td align=\"right\">375<\/td>\n<td>&#934;5<\/td>\n<td>15mm<\/td>\n<\/tr>\n<tr>\n<td><strong>SK-400001-04<\/strong><\/td>\n<td>X8 3D<\/td>\n<td align=\"right\">2200<\/td>\n<td>24V<\/td>\n<td align=\"right\">92A<\/td>\n<td align=\"right\">0.0103<\/td>\n<td align=\"right\">1900<\/td>\n<td align=\"right\">45000<\/td>\n<td>68mm<\/td>\n<td>42.8mm<\/td>\n<td align=\"right\">375<\/td>\n<td>&#934;5<\/td>\n<td>15mm<\/td>\n<\/tr>\n<\/tbody>\n<\/table>\n<p style=\"font-family: Arial, Verdana, sans-serif; font-size: 12px; font-weight: normal; text-align: start; text-transform: none;\">&#160;<\/p>\n<\/h1>\n","protected":false},"excerpt":{"rendered":"<p>&#160; &#160; &#160;&#160; &#160; &#160; &#160; &#160; Denne b\u00f8rstel\u00f8s, sensorless esc er sp\u00e6kket med mange funktioner, hvilket g\u00f8r den enest\u00e5ende til enten non stop sjov eller topniveau racing. &#160; Toro 8 fartregulatorer s\u00e6tter nye standarder i B\u00f8rstel\u00f8s ydeevne og Toro 8 er stor kraft i en lille pakke. &#160;Funktionerne i Toro 8 er let tilg\u00e6ngelige [&hellip;]<\/p>\n","protected":false},"featured_media":4722,"comment_status":"open","ping_status":"closed","template":"","meta":[],"pwb-brand":[],"product_brand":[],"product_cat":[68],"product_tag":[],"class_list":{"0":"post-4101","1":"product","2":"type-product","3":"status-publish","4":"has-post-thumbnail","6":"product_cat-el-motor-dele","7":"has-post-title","8":"has-post-date","9":"has-post-category","10":"has-post-tag","11":"has-post-comment","12":"has-post-author","13":"","15":"first","16":"outofstock","17":"taxable","18":"shipping-taxable","19":"purchasable","20":"product-type-simple"},"jetpack_sharing_enabled":true,"brands":[],"builder_content":"","_links":{"self":[{"href":"https:\/\/interware.dk\/RC\/wp-json\/wp\/v2\/product\/4101","targetHints":{"allow":["GET"]}}],"collection":[{"href":"https:\/\/interware.dk\/RC\/wp-json\/wp\/v2\/product"}],"about":[{"href":"https:\/\/interware.dk\/RC\/wp-json\/wp\/v2\/types\/product"}],"replies":[{"embeddable":true,"href":"https:\/\/interware.dk\/RC\/wp-json\/wp\/v2\/comments?post=4101"}],"wp:featuredmedia":[{"embeddable":true,"href":"https:\/\/interware.dk\/RC\/wp-json\/wp\/v2\/media\/4722"}],"wp:attachment":[{"href":"https:\/\/interware.dk\/RC\/wp-json\/wp\/v2\/media?parent=4101"}],"wp:term":[{"taxonomy":"pwb-brand","embeddable":true,"href":"https:\/\/interware.dk\/RC\/wp-json\/wp\/v2\/pwb-brand?post=4101"},{"taxonomy":"product_brand","embeddable":true,"href":"https:\/\/interware.dk\/RC\/wp-json\/wp\/v2\/product_brand?post=4101"},{"taxonomy":"product_cat","embeddable":true,"href":"https:\/\/interware.dk\/RC\/wp-json\/wp\/v2\/product_cat?post=4101"},{"taxonomy":"product_tag","embeddable":true,"href":"https:\/\/interware.dk\/RC\/wp-json\/wp\/v2\/product_tag?post=4101"}],"curies":[{"name":"wp","href":"https:\/\/api.w.org\/{rel}","templated":true}]}}