{"id":4050,"date":"2019-06-06T17:44:26","date_gmt":"2019-06-06T16:44:26","guid":{"rendered":"http:\/\/interware.dk\/fjernstyret\/vare\/genopladelige-aaa-batterier-4stk\/"},"modified":"2019-06-09T14:52:43","modified_gmt":"2019-06-09T12:52:43","slug":"genopladelige-aaa-batterier-4stk","status":"publish","type":"product","link":"https:\/\/interware.dk\/RC\/vare\/genopladelige-aaa-batterier-4stk\/","title":{"rendered":"Genopladelige AAA batterier 4stk"},"content":{"rendered":"<p>&#160;<\/p>\n<p>&#160;<\/p>\n<p>&#160;<\/p>\n<p>&#160;<\/p>\n<p>&#160;<\/p>\n<ul>\n<li><span style=\"font-size: small\"><span style=\"font-family: Arial\">Nyeste Japansk teknologi <\/span><\/span><\/li>\n<li><span style=\"font-size: small\"><span style=\"font-family: Arial\">Kapacitet: 1000mAh. <\/span><\/span><\/li>\n<li><span style=\"font-size: small\"><span style=\"font-family: Arial\">Sp\u00e6nding: 1.2V. <\/span><\/span><\/li>\n<li><span style=\"font-size: small\"><span style=\"font-family: Arial\">Kemi: Ni-MH (nikkel-metalhydrid). <\/span><\/span><\/li>\n<li><span style=\"font-size: small\"><span style=\"font-family: Arial\">Ingen memory-effekt, Milj\u00f8venlig. <\/span><\/span><\/li>\n<li><span style=\"font-size: small\"><span style=\"font-family: Arial\">Kan blive hurtigopladet (V\u00e6r opm\u00e6rksom p\u00e5, at ikke alle genopladelige batterier kan oplades hurtigt) <\/span><\/span><\/li>\n<li><span style=\"font-size: small\"><span style=\"font-family: Arial\">Genopladelige gange: Op til 1000 gange.<\/span><\/span><\/li>\n<\/ul>\n","protected":false},"excerpt":{"rendered":"<p>&#160; &#160; &#160; &#160; &#160; Nyeste Japansk teknologi Kapacitet: 1000mAh. Sp\u00e6nding: 1.2V. Kemi: Ni-MH (nikkel-metalhydrid). Ingen memory-effekt, Milj\u00f8venlig. Kan blive hurtigopladet (V\u00e6r opm\u00e6rksom p\u00e5, at ikke alle genopladelige batterier kan oplades hurtigt) Genopladelige gange: Op til 1000 gange.<\/p>\n","protected":false},"featured_media":4764,"comment_status":"open","ping_status":"closed","template":"","meta":[],"pwb-brand":[],"product_brand":[],"product_cat":[89],"product_tag":[],"class_list":{"0":"post-4050","1":"product","2":"type-product","3":"status-publish","4":"has-post-thumbnail","6":"product_cat-batteri-og-ladere","7":"has-post-title","8":"has-post-date","9":"has-post-category","10":"has-post-tag","11":"has-post-comment","12":"has-post-author","13":"","15":"first","16":"instock","17":"taxable","18":"shipping-taxable","19":"purchasable","20":"product-type-simple"},"jetpack_sharing_enabled":true,"brands":[],"builder_content":"","_links":{"self":[{"href":"https:\/\/interware.dk\/RC\/wp-json\/wp\/v2\/product\/4050","targetHints":{"allow":["GET"]}}],"collection":[{"href":"https:\/\/interware.dk\/RC\/wp-json\/wp\/v2\/product"}],"about":[{"href":"https:\/\/interware.dk\/RC\/wp-json\/wp\/v2\/types\/product"}],"replies":[{"embeddable":true,"href":"https:\/\/interware.dk\/RC\/wp-json\/wp\/v2\/comments?post=4050"}],"wp:featuredmedia":[{"embeddable":true,"href":"https:\/\/interware.dk\/RC\/wp-json\/wp\/v2\/media\/4764"}],"wp:attachment":[{"href":"https:\/\/interware.dk\/RC\/wp-json\/wp\/v2\/media?parent=4050"}],"wp:term":[{"taxonomy":"pwb-brand","embeddable":true,"href":"https:\/\/interware.dk\/RC\/wp-json\/wp\/v2\/pwb-brand?post=4050"},{"taxonomy":"product_brand","embeddable":true,"href":"https:\/\/interware.dk\/RC\/wp-json\/wp\/v2\/product_brand?post=4050"},{"taxonomy":"product_cat","embeddable":true,"href":"https:\/\/interware.dk\/RC\/wp-json\/wp\/v2\/product_cat?post=4050"},{"taxonomy":"product_tag","embeddable":true,"href":"https:\/\/interware.dk\/RC\/wp-json\/wp\/v2\/product_tag?post=4050"}],"curies":[{"name":"wp","href":"https:\/\/api.w.org\/{rel}","templated":true}]}}