{"id":4034,"date":"2019-06-06T17:44:25","date_gmt":"2019-06-06T16:44:25","guid":{"rendered":"http:\/\/interware.dk\/fjernstyret\/vare\/toro-8-x150-150a-esc-til-1-8-model\/"},"modified":"2019-06-09T13:55:32","modified_gmt":"2019-06-09T11:55:32","slug":"toro-8-x150-150a-esc-til-1-8-model","status":"publish","type":"product","link":"https:\/\/interware.dk\/RC\/vare\/toro-8-x150-150a-esc-til-1-8-model\/","title":{"rendered":"Toro 8 X150 150A ESC til 1\/8 model"},"content":{"rendered":"<p style=\"text-align: center\">&#160;<\/p>\n<p>&#160;&#160;<\/p>\n<p>&#160;<\/p>\n<p style=\"text-align: center\">&#160;<\/p>\n<p>&#160;<\/p>\n<p>&#160;<\/p>\n<p style=\"text-align: center\"><span style=\"font-size: medium\"><span style=\"font-family: Arial\">Denne b\u00f8rstel\u00f8s, sensorless esc er sp\u00e6kket med mange funktioner, hvilket g\u00f8r den enest\u00e5ende til enten non stop sjov eller topniveau racing.<\/span><\/span><\/p>\n<p>&#160;<\/p>\n<p style=\"text-align: center\"><span style=\"font-size: medium\"><span style=\"font-family: Arial\">Toro 8 fartregulatorer s\u00e6tter nye standarder i B\u00f8rstel\u00f8s ydeevne og Toro 8 er stor kraft i en lille pakke.<\/span><\/span><\/p>\n<p style=\"text-align: center\">&#160;<span style=\"font-size: medium\"><span style=\"font-family: Arial\"><span lang=\"\">Funktionerne i Toro 8 er let tilg\u00e6ngelige og justeres ved hj\u00e6lp af et program kort. Ved tryk p\u00e5 en enkelt knap kan du justere LiPo batteriets&#160;volt cut-off, maksimal punch, bremse styrke, tr\u00e6k bremse, motorens timing og omvendt lock-out! Alle indstillinger vil blive vist p\u00e5 program kortet p\u00e5 en gang. Kan ikke g\u00f8res lettere!<\/span><\/span><\/span><\/p>\n<p style=\"text-align: center\"><span style=\"font-size: medium\"><span style=\"font-family: Arial\"><span lang=\"\">Har du ikke et program kort, kan Toro 8 dog stadig programmeres ved hj\u00e6lp af led og lyd.<\/span><\/span><\/span><\/p>\n<p style=\"text-align: center\">&#160;<font size=\"4\">Det komplet nye design vil bevise, at b\u00f8rstel\u00f8s teknologi har netop n\u00e5et et nyt h\u00f8jdepunkt!<\/font><\/p>\n<p style=\"text-align: center\">&#160;&#160;<\/p>\n<p style=\"text-align: center\"><span style=\"font-size: medium\"><span style=\"font-family: Arial\">\u2022 Super bl\u00f8d opstart <\/span><\/span><\/p>\n<p style=\"text-align: center\"><span style=\"font-size: medium\"><span style=\"font-family: Arial\">\u2022 Nye h\u00f8jtydende varmeafledende str\u00f8m&#160;kort <\/span><\/span><\/p>\n<p style=\"text-align: center\"><span style=\"font-size: medium\"><span style=\"font-family: Arial\">\u2022 Indbygget ventilator for ekstrem k\u00f8ling <\/span><\/span><\/p>\n<p style=\"text-align: center\"><span style=\"font-size: medium\"><span style=\"font-family: Arial\">\u2022 Sikkerhedsfunktioner, herunder termisk cut off <\/span><\/span><\/p>\n<p style=\"text-align: center\"><span style=\"font-size: medium\"><span style=\"font-family: Arial\">\u2022 Underst\u00f8tter LiPo\/NiCd\/NiMH <\/span><\/span><\/p>\n<p style=\"text-align: center\"><span style=\"font-size: medium\"><span style=\"font-family: Arial\">\u2022 Ny software \u00f8ger kraft og tophastigheder <\/span><\/span><\/p>\n<p style=\"text-align: center\"><span style=\"font-size: medium\"><span style=\"font-family: Arial\">\u2022 Nye justerbare funktioner via&#160;program kort-Meget nem at bruge <\/span><\/span><\/p>\n<p style=\"text-align: center\"><span style=\"font-size: medium\"><span style=\"font-family: Arial\">\u2022 Nye h\u00f8j effekt bremser, fuldt justerbare <\/span><\/span><\/p>\n<p style=\"text-align: center\"><span style=\"font-size: medium\"><span style=\"font-family: Arial\">\u2022 Nye h\u00f8j effekt tr\u00e6k bremser, fuldt justerbare <\/span><\/span><\/p>\n<p style=\"text-align: center\"><span style=\"font-size: medium\"><span style=\"font-family: Arial\">\u2022 Underst\u00f8tter LiPo op til 6 celler <\/span><\/span><\/p>\n<p style=\"text-align: center\"><span style=\"font-size: medium\"><span style=\"font-family: Arial\">\u2022 Lille st\u00f8rrelse &#8211; 49x58x36mm <\/span><\/span><\/p>\n<p style=\"text-align: center\"><span style=\"font-size: medium\"><span style=\"font-family: Arial\">\u2022 V\u00e6gt &#8211; 88g (uden ledninger)<\/span><\/span><\/p>\n<p>&#160;<\/p>\n<p style=\"text-align: center\">&#160;<\/p>\n<p style=\"text-align: center\"><strong><span style=\"font-size: medium\"><span style=\"font-family: Arial\">Specifikationer:<\/span><\/span><\/strong><\/p>\n<p style=\"text-align: center\">\n<table style=\"margin: auto auto auto 4.55pt; border-collapse: collapse\" border=\"0\" cellspacing=\"0\" cellpadding=\"0\">\n<tbody>\n<tr style=\"height: 12.75pt\">\n<td style=\"border-bottom: windowtext 1pt solid; border-left: windowtext 1pt solid; padding-bottom: 0cm; background-color: transparent; padding-left: 5.4pt; width: 198pt; padding-right: 5.4pt; height: 12.75pt; border-top: windowtext 1pt solid; border-right: windowtext 1pt solid; padding-top: 0cm\" valign=\"bottom\" width=\"330\" colspan=\"2\" nowrap=\"nowrap\">\n<div style=\"line-height: normal\"><span style=\"font-size: 10pt\">Controls, TORO 8<\/span><\/div>\n<\/td>\n<td style=\"border-bottom: windowtext 1pt solid; border-left: #f0f0f0; padding-bottom: 0cm; background-color: transparent; padding-left: 5.4pt; width: 252.85pt; padding-right: 5.4pt; height: 12.75pt; border-top: windowtext 1pt solid; border-right: windowtext 1pt solid; padding-top: 0cm\" valign=\"bottom\" width=\"421\" nowrap=\"nowrap\">\n<div style=\"line-height: normal\"><span style=\"font-size: 10pt\">Rev\/Brk\/ or Fwd\/Fwd<\/span><\/div>\n<\/td>\n<\/tr>\n<tr style=\"height: 12.75pt\">\n<td style=\"border-bottom: windowtext 1pt solid; border-left: windowtext 1pt solid; padding-bottom: 0cm; background-color: transparent; padding-left: 5.4pt; width: 198pt; padding-right: 5.4pt; height: 12.75pt; border-top: #f0f0f0; border-right: windowtext 1pt solid; padding-top: 0cm\" valign=\"bottom\" width=\"330\" colspan=\"2\" nowrap=\"nowrap\">\n<div style=\"line-height: normal\"><span style=\"font-size: 10pt\">Motor Limits, TORO 8<\/span><\/div>\n<\/td>\n<td style=\"border-bottom: windowtext 1pt solid; border-left: #f0f0f0; padding-bottom: 0cm; background-color: transparent; padding-left: 5.4pt; width: 252.85pt; padding-right: 5.4pt; height: 12.75pt; border-top: #f0f0f0; border-right: windowtext 1pt solid; padding-top: 0cm\" valign=\"bottom\" width=\"421\" nowrap=\"nowrap\">\n<div style=\"line-height: normal\"><span style=\"font-size: 10pt\">Input Power (Cells)<\/span><\/div>\n<\/td>\n<\/tr>\n<tr style=\"height: 12.75pt\">\n<td style=\"border-bottom: windowtext 1pt solid; border-left: windowtext 1pt solid; padding-bottom: 0cm; background-color: transparent; padding-left: 5.4pt; width: 90.85pt; padding-right: 5.4pt; height: 12.75pt; border-top: #f0f0f0; border-right: windowtext 1pt solid; padding-top: 0cm\" valign=\"bottom\" rowspan=\"2\" width=\"151\" nowrap=\"nowrap\">\n<div style=\"line-height: normal\"><b><span style=\"font-size: 10pt\">X150<\/span><\/b><\/div>\n<\/td>\n<td style=\"border-bottom: windowtext 1pt solid; border-left: #f0f0f0; padding-bottom: 0cm; background-color: transparent; padding-left: 5.4pt; width: 107.15pt; padding-right: 5.4pt; height: 12.75pt; border-top: #f0f0f0; border-right: windowtext 1pt solid; padding-top: 0cm\" valign=\"bottom\" width=\"179\" nowrap=\"nowrap\">\n<div style=\"line-height: normal\"><span style=\"font-size: 10pt\">Brushless KV &gt; 2400<\/span><\/div>\n<\/td>\n<td style=\"border-bottom: windowtext 1pt solid; border-left: #f0f0f0; padding-bottom: 0cm; background-color: transparent; padding-left: 5.4pt; width: 252.85pt; padding-right: 5.4pt; height: 12.75pt; border-top: #f0f0f0; border-right: windowtext 1pt solid; padding-top: 0cm\" valign=\"bottom\" width=\"421\" nowrap=\"nowrap\">\n<div style=\"line-height: normal\"><span style=\"font-size: 10pt\">Up to 4S(16.8Volt),ideal for 1\/8 buggies<\/span><\/div>\n<\/td>\n<\/tr>\n<tr style=\"height: 12.75pt\">\n<td style=\"border-bottom: windowtext 1pt solid; border-left: #f0f0f0; padding-bottom: 0cm; background-color: transparent; padding-left: 5.4pt; width: 107.15pt; padding-right: 5.4pt; height: 12.75pt; border-top: #f0f0f0; border-right: windowtext 1pt solid; padding-top: 0cm\" valign=\"bottom\" width=\"179\" nowrap=\"nowrap\">\n<div style=\"line-height: normal\"><span style=\"font-size: 10pt\">Brushless KV<\/span><span style=\"font-size: 10pt\">&#8804;<\/span><span style=\"font-size: 10pt\"> 2400<\/span><\/div>\n<\/td>\n<td style=\"border-bottom: windowtext 1pt solid; border-left: #f0f0f0; padding-bottom: 0cm; background-color: transparent; padding-left: 5.4pt; width: 252.85pt; padding-right: 5.4pt; height: 12.75pt; border-top: #f0f0f0; border-right: windowtext 1pt solid; padding-top: 0cm\" valign=\"bottom\" width=\"421\" nowrap=\"nowrap\">\n<div style=\"line-height: normal\"><span style=\"font-size: 10pt\">Up to 6S(25.2Volt),ideal for 1\/8 monster trucks and buggies<\/span><\/div>\n<\/td>\n<\/tr>\n<tr style=\"height: 12.75pt\">\n<td style=\"border-bottom: windowtext 1pt solid; border-left: windowtext 1pt solid; padding-bottom: 0cm; background-color: transparent; padding-left: 5.4pt; width: 90.85pt; padding-right: 5.4pt; height: 12.75pt; border-top: #f0f0f0; border-right: windowtext 1pt solid; padding-top: 0cm\" valign=\"bottom\" width=\"151\" nowrap=\"nowrap\">\n<div style=\"line-height: normal\"><span style=\"font-size: 10pt\">X80<\/span><\/div>\n<\/td>\n<td style=\"border-bottom: windowtext 1pt solid; border-left: #f0f0f0; padding-bottom: 0cm; background-color: transparent; padding-left: 5.4pt; width: 107.15pt; padding-right: 5.4pt; height: 12.75pt; border-top: #f0f0f0; border-right: windowtext 1pt solid; padding-top: 0cm\" valign=\"bottom\" width=\"179\" nowrap=\"nowrap\">\n<div style=\"line-height: normal\"><span style=\"font-size: 10pt\">Brushless KV &lt; 2300<\/span><\/div>\n<\/td>\n<td style=\"border-bottom: windowtext 1pt solid; border-left: #f0f0f0; padding-bottom: 0cm; background-color: transparent; padding-left: 5.4pt; width: 252.85pt; padding-right: 5.4pt; height: 12.75pt; border-top: #f0f0f0; border-right: windowtext 1pt solid; padding-top: 0cm\" valign=\"bottom\" width=\"421\" nowrap=\"nowrap\">\n<div style=\"line-height: normal\"><span style=\"font-size: 10pt\">Up to 4S(16.8Volt),ideal for 1\/8 buggies<\/span><\/div>\n<\/td>\n<\/tr>\n<tr style=\"height: 12.75pt\">\n<td style=\"border-bottom: windowtext 1pt solid; border-left: windowtext 1pt solid; padding-bottom: 0cm; background-color: transparent; padding-left: 5.4pt; width: 90.85pt; padding-right: 5.4pt; height: 12.75pt; border-top: #f0f0f0; border-right: windowtext 1pt solid; padding-top: 0cm\" valign=\"bottom\" rowspan=\"2\" width=\"151\">\n<div style=\"line-height: normal\"><span style=\"font-size: 10pt\">On Resistance, Brushless<\/span><\/div>\n<\/td>\n<td style=\"border-bottom: windowtext 1pt solid; border-left: #f0f0f0; padding-bottom: 0cm; background-color: transparent; padding-left: 5.4pt; width: 107.15pt; padding-right: 5.4pt; height: 12.75pt; border-top: #f0f0f0; border-right: windowtext 1pt solid; padding-top: 0cm\" valign=\"bottom\" width=\"179\" nowrap=\"nowrap\">\n<div style=\"line-height: normal\"><b><span style=\"font-size: 10pt\">X150<\/span><\/b><\/div>\n<\/td>\n<td style=\"border-bottom: windowtext 1pt solid; border-left: #f0f0f0; padding-bottom: 0cm; background-color: transparent; padding-left: 5.4pt; width: 252.85pt; padding-right: 5.4pt; height: 12.75pt; border-top: #f0f0f0; border-right: windowtext 1pt solid; padding-top: 0cm\" valign=\"bottom\" width=\"421\" nowrap=\"nowrap\">\n<div style=\"line-height: normal\"><span style=\"font-size: 10pt\">0.0002 Ohms per phase at 25<\/span><span style=\"font-size: 10pt\">&#8451;&#65288;<\/span><span style=\"font-size: 10pt\">77\u00b0F<\/span><span style=\"font-size: 10pt\">&#65289;<\/span><span style=\"font-size: 10pt\">Trans.Temp<\/span><\/div>\n<\/td>\n<\/tr>\n<tr style=\"height: 12.75pt\">\n<td style=\"border-bottom: windowtext 1pt solid; border-left: #f0f0f0; padding-bottom: 0cm; background-color: transparent; padding-left: 5.4pt; width: 107.15pt; padding-right: 5.4pt; height: 12.75pt; border-top: #f0f0f0; border-right: windowtext 1pt solid; padding-top: 0cm\" valign=\"bottom\" width=\"179\" nowrap=\"nowrap\">\n<div style=\"line-height: normal\"><span style=\"font-size: 10pt\">X80<\/span><\/div>\n<\/td>\n<td style=\"border-bottom: windowtext 1pt solid; border-left: #f0f0f0; padding-bottom: 0cm; background-color: transparent; padding-left: 5.4pt; width: 252.85pt; padding-right: 5.4pt; height: 12.75pt; border-top: #f0f0f0; border-right: windowtext 1pt solid; padding-top: 0cm\" valign=\"bottom\" width=\"421\" nowrap=\"nowrap\">\n<div style=\"line-height: normal\"><span style=\"font-size: 10pt\">0.0004 Ohms per phase at 25<\/span><span style=\"font-size: 10pt\">&#8451;&#65288;<\/span><span style=\"font-size: 10pt\">77\u00b0F<\/span><span style=\"font-size: 10pt\">&#65289;<\/span><span style=\"font-size: 10pt\">Trans.Temp<\/span><\/div>\n<\/td>\n<\/tr>\n<tr style=\"height: 12.75pt\">\n<td style=\"border-bottom: windowtext 1pt solid; border-left: windowtext 1pt solid; padding-bottom: 0cm; background-color: transparent; padding-left: 5.4pt; width: 90.85pt; padding-right: 5.4pt; height: 12.75pt; border-top: #f0f0f0; border-right: windowtext 1pt solid; padding-top: 0cm\" valign=\"bottom\" rowspan=\"2\" width=\"151\">\n<div style=\"line-height: normal\"><span style=\"font-size: 10pt\">Continuous\/Burst Current<\/span><\/div>\n<\/td>\n<td style=\"border-bottom: windowtext 1pt solid; border-left: #f0f0f0; padding-bottom: 0cm; background-color: transparent; padding-left: 5.4pt; width: 107.15pt; padding-right: 5.4pt; height: 12.75pt; border-top: #f0f0f0; border-right: windowtext 1pt solid; padding-top: 0cm\" valign=\"bottom\" width=\"179\" nowrap=\"nowrap\">\n<div style=\"line-height: normal\"><b><span style=\"font-size: 10pt\">X150<\/span><\/b><\/div>\n<\/td>\n<td style=\"border-bottom: windowtext 1pt solid; border-left: #f0f0f0; padding-bottom: 0cm; background-color: transparent; padding-left: 5.4pt; width: 252.85pt; padding-right: 5.4pt; height: 12.75pt; border-top: #f0f0f0; border-right: windowtext 1pt solid; padding-top: 0cm\" valign=\"bottom\" width=\"421\" nowrap=\"nowrap\">\n<div style=\"line-height: normal\"><span style=\"font-size: 10pt\">150Amp\/950Amp<\/span><\/div>\n<\/td>\n<\/tr>\n<tr style=\"height: 12.75pt\">\n<td style=\"border-bottom: windowtext 1pt solid; border-left: #f0f0f0; padding-bottom: 0cm; background-color: transparent; padding-left: 5.4pt; width: 107.15pt; padding-right: 5.4pt; height: 12.75pt; border-top: #f0f0f0; border-right: windowtext 1pt solid; padding-top: 0cm\" valign=\"bottom\" width=\"179\" nowrap=\"nowrap\">\n<div style=\"line-height: normal\"><span style=\"font-size: 10pt\">X80<\/span><\/div>\n<\/td>\n<td style=\"border-bottom: windowtext 1pt solid; border-left: #f0f0f0; padding-bottom: 0cm; background-color: transparent; padding-left: 5.4pt; width: 252.85pt; padding-right: 5.4pt; height: 12.75pt; border-top: #f0f0f0; border-right: windowtext 1pt solid; padding-top: 0cm\" valign=\"bottom\" width=\"421\" nowrap=\"nowrap\">\n<div style=\"line-height: normal\"><span style=\"font-size: 10pt\">80Amp\/500Amp<\/span><\/div>\n<\/td>\n<\/tr>\n<tr style=\"height: 12.75pt\">\n<td style=\"border-bottom: windowtext 1pt solid; border-left: windowtext 1pt solid; padding-bottom: 0cm; background-color: transparent; padding-left: 5.4pt; width: 198pt; padding-right: 5.4pt; height: 12.75pt; border-top: #f0f0f0; border-right: windowtext 1pt solid; padding-top: 0cm\" valign=\"bottom\" width=\"330\" colspan=\"2\" nowrap=\"nowrap\">\n<div style=\"line-height: normal\"><span style=\"font-size: 10pt\">Switching BEC<\/span><\/div>\n<\/td>\n<td style=\"border-bottom: windowtext 1pt solid; border-left: #f0f0f0; padding-bottom: 0cm; background-color: transparent; padding-left: 5.4pt; width: 252.85pt; padding-right: 5.4pt; height: 12.75pt; border-top: #f0f0f0; border-right: windowtext 1pt solid; padding-top: 0cm\" valign=\"bottom\" width=\"421\" nowrap=\"nowrap\">\n<div style=\"line-height: normal\"><span style=\"font-size: 10pt\">5.7V 3Amp<\/span><\/div>\n<\/td>\n<\/tr>\n<tr style=\"height: 12.75pt\">\n<td style=\"border-bottom: windowtext 1pt solid; border-left: windowtext 1pt solid; padding-bottom: 0cm; background-color: transparent; padding-left: 5.4pt; width: 198pt; padding-right: 5.4pt; height: 12.75pt; border-top: #f0f0f0; border-right: windowtext 1pt solid; padding-top: 0cm\" valign=\"bottom\" width=\"330\" colspan=\"2\" nowrap=\"nowrap\">\n<div style=\"line-height: normal\"><span style=\"font-size: 10pt\">Status LED<\/span><\/div>\n<\/td>\n<td style=\"border-bottom: windowtext 1pt solid; border-left: #f0f0f0; padding-bottom: 0cm; background-color: transparent; padding-left: 5.4pt; width: 252.85pt; padding-right: 5.4pt; height: 12.75pt; border-top: #f0f0f0; border-right: windowtext 1pt solid; padding-top: 0cm\" valign=\"bottom\" width=\"421\" nowrap=\"nowrap\">\n<div style=\"line-height: normal\"><span style=\"font-size: 10pt\">1 with 3 color (Red, Green &amp; Orange)<\/span><\/div>\n<\/td>\n<\/tr>\n<tr style=\"height: 12.75pt\">\n<td style=\"border-bottom: windowtext 1pt solid; border-left: windowtext 1pt solid; padding-bottom: 0cm; background-color: transparent; padding-left: 5.4pt; width: 198pt; padding-right: 5.4pt; height: 12.75pt; border-top: #f0f0f0; border-right: windowtext 1pt solid; padding-top: 0cm\" valign=\"bottom\" width=\"330\" colspan=\"2\" nowrap=\"nowrap\">\n<div style=\"line-height: normal\"><span style=\"font-size: 10pt\">Thermal Overload Protection<\/span><\/div>\n<\/td>\n<td style=\"border-bottom: windowtext 1pt solid; border-left: #f0f0f0; padding-bottom: 0cm; background-color: transparent; padding-left: 5.4pt; width: 252.85pt; padding-right: 5.4pt; height: 12.75pt; border-top: #f0f0f0; border-right: windowtext 1pt solid; padding-top: 0cm\" valign=\"bottom\" width=\"421\" nowrap=\"nowrap\">\n<div style=\"line-height: normal\"><span style=\"font-size: 10pt\">Yes<\/span><\/div>\n<\/td>\n<\/tr>\n<tr style=\"height: 12.75pt\">\n<td style=\"border-bottom: windowtext 1pt solid; border-left: windowtext 1pt solid; padding-bottom: 0cm; background-color: transparent; padding-left: 5.4pt; width: 198pt; padding-right: 5.4pt; height: 12.75pt; border-top: #f0f0f0; border-right: windowtext 1pt solid; padding-top: 0cm\" valign=\"bottom\" width=\"330\" colspan=\"2\" nowrap=\"nowrap\">\n<div style=\"line-height: normal\"><span style=\"font-size: 10pt\">Dimensions(L*W*H)<\/span><\/div>\n<\/td>\n<td style=\"border-bottom: windowtext 1pt solid; border-left: #f0f0f0; padding-bottom: 0cm; background-color: transparent; padding-left: 5.4pt; width: 252.85pt; padding-right: 5.4pt; height: 12.75pt; border-top: #f0f0f0; border-right: windowtext 1pt solid; padding-top: 0cm\" valign=\"bottom\" width=\"421\" nowrap=\"nowrap\">\n<div style=\"line-height: normal\"><span style=\"font-size: 10pt\">48.8*57.5*35.8mm(1.29*2.28*1.41in)<\/span><\/div>\n<\/td>\n<\/tr>\n<tr style=\"height: 13.5pt\">\n<td style=\"border-bottom: windowtext 1pt solid; border-left: windowtext 1pt solid; padding-bottom: 0cm; background-color: transparent; padding-left: 5.4pt; width: 198pt; padding-right: 5.4pt; height: 13.5pt; border-top: #f0f0f0; border-right: windowtext 1pt solid; padding-top: 0cm\" valign=\"bottom\" width=\"330\" colspan=\"2\" nowrap=\"nowrap\">\n<div style=\"line-height: normal\"><span style=\"font-size: 10pt\">Weight(Without wires)<\/span><\/div>\n<\/td>\n<td style=\"border-bottom: windowtext 1pt solid; border-left: #f0f0f0; padding-bottom: 0cm; background-color: transparent; padding-left: 5.4pt; width: 252.85pt; padding-right: 5.4pt; height: 13.5pt; border-top: #f0f0f0; border-right: windowtext 1pt solid; padding-top: 0cm\" valign=\"bottom\" width=\"421\" nowrap=\"nowrap\">\n<div style=\"line-height: normal\"><span style=\"font-size: 10pt\">88g(3.1oz)<\/span><\/div>\n<\/td>\n<\/tr>\n<\/tbody>\n<\/table>\n<p>&#160;<\/p>\n<p style=\"text-align: center\"><span style=\"font-size: medium\"><span style=\"display: none\" id=\"1339336885341S\">&#160;<\/span><\/span><\/p>\n<p style=\"text-align: center\"><span style=\"display: none\" id=\"1339336885221E\">&#160;<\/span><\/p>\n","protected":false},"excerpt":{"rendered":"<p>&#160; &#160;&#160; &#160; &#160; &#160; &#160; Denne b\u00f8rstel\u00f8s, sensorless esc er sp\u00e6kket med mange funktioner, hvilket g\u00f8r den enest\u00e5ende til enten non stop sjov eller topniveau racing. &#160; Toro 8 fartregulatorer s\u00e6tter nye standarder i B\u00f8rstel\u00f8s ydeevne og Toro 8 er stor kraft i en lille pakke. &#160;Funktionerne i Toro 8 er let tilg\u00e6ngelige og [&hellip;]<\/p>\n","protected":false},"featured_media":4727,"comment_status":"open","ping_status":"closed","template":"","meta":[],"pwb-brand":[],"product_brand":[],"product_cat":[68],"product_tag":[],"class_list":{"0":"post-4034","1":"product","2":"type-product","3":"status-publish","4":"has-post-thumbnail","6":"product_cat-el-motor-dele","7":"has-post-title","8":"has-post-date","9":"has-post-category","10":"has-post-tag","11":"has-post-comment","12":"has-post-author","13":"","15":"first","16":"instock","17":"taxable","18":"shipping-taxable","19":"purchasable","20":"product-type-simple"},"jetpack_sharing_enabled":true,"brands":[],"builder_content":"","_links":{"self":[{"href":"https:\/\/interware.dk\/RC\/wp-json\/wp\/v2\/product\/4034","targetHints":{"allow":["GET"]}}],"collection":[{"href":"https:\/\/interware.dk\/RC\/wp-json\/wp\/v2\/product"}],"about":[{"href":"https:\/\/interware.dk\/RC\/wp-json\/wp\/v2\/types\/product"}],"replies":[{"embeddable":true,"href":"https:\/\/interware.dk\/RC\/wp-json\/wp\/v2\/comments?post=4034"}],"wp:featuredmedia":[{"embeddable":true,"href":"https:\/\/interware.dk\/RC\/wp-json\/wp\/v2\/media\/4727"}],"wp:attachment":[{"href":"https:\/\/interware.dk\/RC\/wp-json\/wp\/v2\/media?parent=4034"}],"wp:term":[{"taxonomy":"pwb-brand","embeddable":true,"href":"https:\/\/interware.dk\/RC\/wp-json\/wp\/v2\/pwb-brand?post=4034"},{"taxonomy":"product_brand","embeddable":true,"href":"https:\/\/interware.dk\/RC\/wp-json\/wp\/v2\/product_brand?post=4034"},{"taxonomy":"product_cat","embeddable":true,"href":"https:\/\/interware.dk\/RC\/wp-json\/wp\/v2\/product_cat?post=4034"},{"taxonomy":"product_tag","embeddable":true,"href":"https:\/\/interware.dk\/RC\/wp-json\/wp\/v2\/product_tag?post=4034"}],"curies":[{"name":"wp","href":"https:\/\/api.w.org\/{rel}","templated":true}]}}