{"id":4032,"date":"2019-06-06T17:44:25","date_gmt":"2019-06-06T16:44:25","guid":{"rendered":"http:\/\/interware.dk\/fjernstyret\/vare\/toro-4300kv-1-10-boersteloes-motor\/"},"modified":"2019-06-09T13:55:03","modified_gmt":"2019-06-09T11:55:03","slug":"toro-4300kv-1-10-boersteloes-motor","status":"publish","type":"product","link":"https:\/\/interware.dk\/RC\/vare\/toro-4300kv-1-10-boersteloes-motor\/","title":{"rendered":"Toro 4300KV 1\/10 b\u00f8rstel\u00f8s motor"},"content":{"rendered":"<p style=\"text-align: center\"><span style=\"font-size: medium\"><span style=\"font-family: Arial\">&#160;<\/span><\/span><\/p>\n<p style=\"text-align: center\">&#160;<\/p>\n<p style=\"text-align: center\">&#160;<\/p>\n<p style=\"text-align: center\">&#160;<\/p>\n<p style=\"text-align: center\">&#160;<\/p>\n<p style=\"text-align: center\"><span style=\"font-size: medium\"><span style=\"font-family: Arial\">Toro 1\/10 SkyRC serie b\u00f8rstel\u00f8se motorer er holdbare og meget effektive. Disse motorer kan give din b\u00f8rstel\u00f8se ops\u00e6tning kraften til nemt at overvinde konkurrencen.<\/span><\/span><\/p>\n<p style=\"text-align: center\"><span style=\"font-size: medium\"><span style=\"font-family: Arial\"><br \/>\n<\/span><\/span><\/p>\n<p style=\"text-align: center\"><span style=\"font-size: medium\"><span style=\"font-family: Arial\">Ligesom alle SkyRC b\u00f8rstel\u00f8se motorer, er Toro Brushless motor h\u00e5nd-viklet for maksimal kobber fylde, og hver motor er individuelt testet for konsistens for at sikre det bedste produkt sendes til kunderne.<\/span><\/span><\/p>\n<p style=\"text-align: center\">&#160;<\/p>\n<p>&#160;&#160;<\/p>\n<p style=\"text-align: center\">&#160;<span style=\"font-size: medium\"><span style=\"font-family: Arial\"><strong>SkyRC Toro Brushless Motor features: <\/strong><\/span><\/span><\/p>\n<p style=\"text-align: center\"><span style=\"font-size: medium; \"><span style=\"font-family: Arial; \"><br type=\"_moz\" \/><br \/>\n<\/span><\/span><\/p>\n<ul>\n<li style=\"text-align: center\"><span style=\"font-size: medium; \"><span style=\"font-family: Arial; \">Kompatibel med Sensorless ESC<\/span><\/span><\/li>\n<li style=\"text-align: center\"><span style=\"font-size: medium; \"><span style=\"font-family: Arial; \">Viklinger med kobber med h\u00f8j renhed maksimerer ledningsevnen <\/span><\/span><\/li>\n<li style=\"text-align: center\"><span style=\"font-size: medium; \"><span style=\"font-family: Arial; \">High Power loddeflige<\/span><\/span><\/li>\n<li style=\"text-align: center\"><span style=\"font-size: medium; \"><span style=\"font-family: Arial; \">Aftagelig \/ udskiftelig Rotor <\/span><\/span><\/li>\n<li style=\"text-align: center\"><span style=\"font-size: medium; \"><span style=\"font-family: Arial; \">Kraftfuld Sintret Neodym-magnet <\/span><\/span><\/li>\n<li style=\"text-align: center\"><span style=\"font-size: medium; \"><span style=\"font-family: Arial; \">     Precisions udviklet til maksimal energi konvertering<\/span><\/span><span style=\"font-size: medium\"><span style=\"font-family: Arial\">     <\/span><\/span>\n<p style=\"text-align: center\">&#160;<\/p>\n<\/li>\n<\/ul>\n<p style=\"text-align: left; \">&#160;<span style=\"font-size: medium\"><span style=\"font-family: Arial\">Specifikationer:<\/span><\/span><\/p>\n<p style=\"text-align: center\"><span style=\"font-size: medium\"><span style=\"font-family: Arial\"><\/p>\n<table style=\"width: 282.6pt\" border=\"1\" cellspacing=\"0\" cellpadding=\"0\" width=\"471\">\n<tbody>\n<tr style=\"height: 12.75pt\">\n<td style=\"border-bottom: black 1pt inset; border-left: black 1pt inset; padding-bottom: 0cm; background-color: transparent; padding-left: 0cm; width: 113pt; padding-right: 0cm; height: 12.75pt; border-top: black 1pt inset; border-right: black 1pt inset; padding-top: 0cm\" width=\"188\">\n<div style=\"text-align: center; line-height: normal\" align=\"center\"><b><span style=\"font-size: 9pt\">Item Name<\/span><\/b><\/div>\n<\/td>\n<td style=\"border-bottom: black 1pt inset; border-left: black 1pt inset; padding-bottom: 0cm; background-color: transparent; padding-left: 0cm; width: 241pt; padding-right: 0cm; height: 12.75pt; border-top: black 1pt inset; border-right: black 1pt inset; padding-top: 0cm\" width=\"402\" colspan=\"3\">\n<div style=\"text-align: center; line-height: normal\" align=\"center\"><span style=\"font-size: 9pt\">Toro 4300KV\/4P BL Motor for 1\/10 Car<\/span><\/div>\n<\/td>\n<\/tr>\n<tr style=\"height: 25.5pt\">\n<td style=\"border-bottom: black 1pt inset; border-left: black 1pt inset; padding-bottom: 0cm; background-color: transparent; padding-left: 0cm; width: 113pt; padding-right: 0cm; height: 25.5pt; border-top: black 1pt inset; border-right: black 1pt inset; padding-top: 0cm\" width=\"188\">\n<div style=\"text-align: center; line-height: normal\" align=\"center\"><b><span style=\"font-size: 9pt\">Sensored \/Sensorless<\/span><\/b><\/div>\n<\/td>\n<td style=\"border-bottom: black 1pt inset; border-left: black 1pt inset; padding-bottom: 0cm; background-color: transparent; padding-left: 0cm; width: 74pt; padding-right: 0cm; height: 25.5pt; border-top: black 1pt inset; border-right: black 1pt inset; padding-top: 0cm\" width=\"123\">\n<div style=\"text-align: center; line-height: normal\" align=\"center\"><span style=\"font-size: 9pt\">sensorless<\/span><\/div>\n<\/td>\n<td style=\"border-bottom: black 1pt inset; border-left: black 1pt inset; padding-bottom: 0cm; background-color: transparent; padding-left: 0cm; width: 113pt; padding-right: 0cm; height: 25.5pt; border-top: black 1pt inset; border-right: black 1pt inset; padding-top: 0cm\" width=\"188\">\n<div style=\"text-align: center; line-height: normal\" align=\"center\"><b><span style=\"font-size: 9pt\">No loading @7.2V Current<\/span><\/b><\/div>\n<\/td>\n<td style=\"border-bottom: black 1pt inset; border-left: black 1pt inset; padding-bottom: 0cm; background-color: transparent; padding-left: 0cm; width: 54pt; padding-right: 0cm; height: 25.5pt; border-top: black 1pt inset; border-right: black 1pt inset; padding-top: 0cm\" width=\"90\">\n<div style=\"text-align: center; line-height: normal\" align=\"center\"><span style=\"font-size: 9pt\">2.5A<\/span><\/div>\n<\/td>\n<\/tr>\n<tr style=\"height: 12.75pt\">\n<td style=\"border-bottom: black 1pt inset; border-left: black 1pt inset; padding-bottom: 0cm; background-color: transparent; padding-left: 0cm; width: 113pt; padding-right: 0cm; height: 12.75pt; border-top: black 1pt inset; border-right: black 1pt inset; padding-top: 0cm\" width=\"188\">\n<div style=\"text-align: center; line-height: normal\" align=\"center\"><b><span style=\"font-size: 9pt\">Turns<\/span><\/b><\/div>\n<\/td>\n<td style=\"border-bottom: black 1pt inset; border-left: black 1pt inset; padding-bottom: 0cm; background-color: transparent; padding-left: 0cm; width: 74pt; padding-right: 0cm; height: 12.75pt; border-top: black 1pt inset; border-right: black 1pt inset; padding-top: 0cm\" width=\"123\">\n<div style=\"text-align: center; line-height: normal\" align=\"center\"><span style=\"font-size: 9pt\">2T<\/span><\/div>\n<\/td>\n<td style=\"border-bottom: black 1pt inset; border-left: black 1pt inset; padding-bottom: 0cm; background-color: transparent; padding-left: 0cm; width: 113pt; padding-right: 0cm; height: 12.75pt; border-top: black 1pt inset; border-right: black 1pt inset; padding-top: 0cm\" width=\"188\">\n<div style=\"text-align: center; line-height: normal\" align=\"center\"><b><span style=\"font-size: 9pt\">Max current<\/span><\/b><\/div>\n<\/td>\n<td style=\"border-bottom: black 1pt inset; border-left: black 1pt inset; padding-bottom: 0cm; background-color: transparent; padding-left: 0cm; width: 54pt; padding-right: 0cm; height: 12.75pt; border-top: black 1pt inset; border-right: black 1pt inset; padding-top: 0cm\" width=\"90\">\n<div style=\"text-align: center; line-height: normal\" align=\"center\"><span style=\"font-size: 9pt\">72A<\/span><\/div>\n<\/td>\n<\/tr>\n<tr style=\"height: 12.75pt\">\n<td style=\"border-bottom: black 1pt inset; border-left: black 1pt inset; padding-bottom: 0cm; background-color: transparent; padding-left: 0cm; width: 113pt; padding-right: 0cm; height: 12.75pt; border-top: black 1pt inset; border-right: black 1pt inset; padding-top: 0cm\" width=\"188\">\n<div style=\"text-align: center; line-height: normal\" align=\"center\"><b><span style=\"font-size: 9pt\">KV value<\/span><\/b><\/div>\n<\/td>\n<td style=\"border-bottom: black 1pt inset; border-left: black 1pt inset; padding-bottom: 0cm; background-color: transparent; padding-left: 0cm; width: 74pt; padding-right: 0cm; height: 12.75pt; border-top: black 1pt inset; border-right: black 1pt inset; padding-top: 0cm\" width=\"123\">\n<div style=\"text-align: center; line-height: normal\" align=\"center\"><span style=\"font-size: 9pt\">4300KV<\/span><\/div>\n<\/td>\n<td style=\"border-bottom: black 1pt inset; border-left: black 1pt inset; padding-bottom: 0cm; background-color: transparent; padding-left: 0cm; width: 113pt; padding-right: 0cm; height: 12.75pt; border-top: black 1pt inset; border-right: black 1pt inset; padding-top: 0cm\" width=\"188\">\n<div style=\"text-align: center; line-height: normal\" align=\"center\"><b><span style=\"font-size: 9pt\">Resistance (&#937;)<\/span><\/b><\/div>\n<\/td>\n<td style=\"border-bottom: black 1pt inset; border-left: black 1pt inset; padding-bottom: 0cm; background-color: transparent; padding-left: 0cm; width: 54pt; padding-right: 0cm; height: 12.75pt; border-top: black 1pt inset; border-right: black 1pt inset; padding-top: 0cm\" width=\"90\">\n<div style=\"text-align: center; line-height: normal\" align=\"center\"><span style=\"font-size: 9pt\">0.006&#937;<\/span><\/div>\n<\/td>\n<\/tr>\n<tr style=\"height: 12pt\">\n<td style=\"border-bottom: black 1pt inset; border-left: black 1pt inset; padding-bottom: 0cm; background-color: transparent; padding-left: 0cm; width: 113pt; padding-right: 0cm; height: 12pt; border-top: black 1pt inset; border-right: black 1pt inset; padding-top: 0cm\" width=\"188\">\n<div style=\"text-align: center; line-height: normal\" align=\"center\"><b><span style=\"font-size: 9pt\">Poles<\/span><\/b><\/div>\n<\/td>\n<td style=\"border-bottom: black 1pt inset; border-left: black 1pt inset; padding-bottom: 0cm; background-color: transparent; padding-left: 0cm; width: 74pt; padding-right: 0cm; height: 12pt; border-top: black 1pt inset; border-right: black 1pt inset; padding-top: 0cm\" width=\"123\">\n<div style=\"text-align: center; line-height: normal\" align=\"center\"><span style=\"font-size: 9pt\">4P<\/span><\/div>\n<\/td>\n<td style=\"border-bottom: black 1pt inset; border-left: black 1pt inset; padding-bottom: 0cm; background-color: transparent; padding-left: 0cm; width: 113pt; padding-right: 0cm; height: 12pt; border-top: black 1pt inset; border-right: black 1pt inset; padding-top: 0cm\" width=\"188\">\n<div style=\"text-align: center; line-height: normal\" align=\"center\"><b><span style=\"font-size: 9pt\">Battery range<\/span><\/b><\/div>\n<\/td>\n<td style=\"border-bottom: black 1pt inset; border-left: black 1pt inset; padding-bottom: 0cm; background-color: transparent; padding-left: 0cm; width: 54pt; padding-right: 0cm; height: 12pt; border-top: black 1pt inset; border-right: black 1pt inset; padding-top: 0cm\" width=\"90\">\n<div style=\"text-align: center; line-height: normal\" align=\"center\"><span style=\"font-size: 9pt\">2S<\/span><\/div>\n<\/td>\n<\/tr>\n<tr style=\"height: 25.5pt\">\n<td style=\"border-bottom: black 1pt inset; border-left: black 1pt inset; padding-bottom: 0cm; background-color: transparent; padding-left: 0cm; width: 113pt; padding-right: 0cm; height: 25.5pt; border-top: black 1pt inset; border-right: black 1pt inset; padding-top: 0cm\" width=\"188\">\n<div style=\"text-align: center; line-height: normal\" align=\"center\"><b><span style=\"font-size: 9pt\">Diameter<\/span><\/b><\/div>\n<\/td>\n<td style=\"border-bottom: black 1pt inset; border-left: black 1pt inset; padding-bottom: 0cm; background-color: transparent; padding-left: 0cm; width: 74pt; padding-right: 0cm; height: 25.5pt; border-top: black 1pt inset; border-right: black 1pt inset; padding-top: 0cm\" width=\"123\">\n<div style=\"text-align: center; line-height: normal\" align=\"center\"><span style=\"font-size: 9pt\">35.9mm<\/span><\/div>\n<\/td>\n<td style=\"border-bottom: black 1pt inset; border-left: black 1pt inset; padding-bottom: 0cm; background-color: transparent; padding-left: 0cm; width: 113pt; padding-right: 0cm; height: 25.5pt; border-top: black 1pt inset; border-right: black 1pt inset; padding-top: 0cm\" width=\"188\">\n<div style=\"text-align: center; line-height: normal\" align=\"center\"><b><span style=\"font-size: 9pt\">Operation Temperature<\/span><\/b><\/div>\n<\/td>\n<td style=\"border-bottom: black 1pt inset; border-left: black 1pt inset; padding-bottom: 0cm; background-color: transparent; padding-left: 0cm; width: 54pt; padding-right: 0cm; height: 25.5pt; border-top: black 1pt inset; border-right: black 1pt inset; padding-top: 0cm\" width=\"90\">\n<div style=\"text-align: center; line-height: normal\" align=\"center\"><span style=\"font-size: 9pt\">&lt;130C<\/span><\/div>\n<\/td>\n<\/tr>\n<tr style=\"height: 12pt\">\n<td style=\"border-bottom: black 1pt inset; border-left: black 1pt inset; padding-bottom: 0cm; background-color: transparent; padding-left: 0cm; width: 113pt; padding-right: 0cm; height: 12pt; border-top: black 1pt inset; border-right: black 1pt inset; padding-top: 0cm\" width=\"188\">\n<div style=\"text-align: center; line-height: normal\" align=\"center\"><b><span style=\"font-size: 9pt\">Motor length<\/span><\/b><\/div>\n<\/td>\n<td style=\"border-bottom: black 1pt inset; border-left: black 1pt inset; padding-bottom: 0cm; background-color: transparent; padding-left: 0cm; width: 74pt; padding-right: 0cm; height: 12pt; border-top: black 1pt inset; border-right: black 1pt inset; padding-top: 0cm\" width=\"123\">\n<div style=\"text-align: center; line-height: normal\" align=\"center\"><span style=\"font-size: 9pt\">50mm<\/span><\/div>\n<\/td>\n<td style=\"border-bottom: black 1pt inset; border-left: black 1pt inset; padding-bottom: 0cm; background-color: transparent; padding-left: 0cm; width: 113pt; padding-right: 0cm; height: 12pt; border-top: black 1pt inset; border-right: black 1pt inset; padding-top: 0cm\" width=\"188\">\n<div style=\"text-align: center; line-height: normal\" align=\"center\"><b><span style=\"font-size: 9pt\">Max Temperature<\/span><\/b><\/div>\n<\/td>\n<td style=\"border-bottom: black 1pt inset; border-left: black 1pt inset; padding-bottom: 0cm; background-color: transparent; padding-left: 0cm; width: 54pt; padding-right: 0cm; height: 12pt; border-top: black 1pt inset; border-right: black 1pt inset; padding-top: 0cm\" width=\"90\">\n<div style=\"text-align: center; line-height: normal\" align=\"center\"><span style=\"font-size: 9pt\">&lt;180C<\/span><\/div>\n<\/td>\n<\/tr>\n<tr style=\"height: 12pt\">\n<td style=\"border-bottom: black 1pt inset; border-left: black 1pt inset; padding-bottom: 0cm; background-color: transparent; padding-left: 0cm; width: 113pt; padding-right: 0cm; height: 12pt; border-top: black 1pt inset; border-right: black 1pt inset; padding-top: 0cm\" width=\"188\">\n<div style=\"text-align: center; line-height: normal\" align=\"center\"><b><span style=\"font-size: 9pt\">Extend shaft diameter <\/span><\/b><\/div>\n<\/td>\n<td style=\"border-bottom: black 1pt inset; border-left: black 1pt inset; padding-bottom: 0cm; background-color: transparent; padding-left: 0cm; width: 74pt; padding-right: 0cm; height: 12pt; border-top: black 1pt inset; border-right: black 1pt inset; padding-top: 0cm\" width=\"123\">\n<div style=\"text-align: center; line-height: normal\" align=\"center\"><span style=\"font-size: 9pt\">3.17mm<\/span><\/div>\n<\/td>\n<td style=\"border-bottom: black 1pt inset; border-left: black 1pt inset; padding-bottom: 0cm; background-color: transparent; padding-left: 0cm; width: 113pt; padding-right: 0cm; height: 12pt; border-top: black 1pt inset; border-right: black 1pt inset; padding-top: 0cm\" width=\"188\">\n<div style=\"text-align: center; line-height: normal\" align=\"center\"><b><span style=\"font-size: 9pt\">Suitable car scale<\/span><\/b><\/div>\n<\/td>\n<td style=\"border-bottom: black 1pt inset; border-left: black 1pt inset; padding-bottom: 0cm; background-color: transparent; padding-left: 0cm; width: 54pt; padding-right: 0cm; height: 12pt; border-top: black 1pt inset; border-right: black 1pt inset; padding-top: 0cm\" width=\"90\">\n<div style=\"text-align: center; line-height: normal\" align=\"center\"><span style=\"font-size: 9pt\">1\/10<\/span><\/div>\n<\/td>\n<\/tr>\n<tr style=\"height: 12pt\">\n<td style=\"border-bottom: black 1pt inset; border-left: black 1pt inset; padding-bottom: 0cm; background-color: transparent; padding-left: 0cm; width: 113pt; padding-right: 0cm; height: 12pt; border-top: black 1pt inset; border-right: black 1pt inset; padding-top: 0cm\" width=\"188\">\n<div style=\"text-align: center; line-height: normal\" align=\"center\"><b><span style=\"font-size: 9pt\">Length of extend shaft<\/span><\/b><\/div>\n<\/td>\n<td style=\"border-bottom: black 1pt inset; border-left: black 1pt inset; padding-bottom: 0cm; background-color: transparent; padding-left: 0cm; width: 74pt; padding-right: 0cm; height: 12pt; border-top: black 1pt inset; border-right: black 1pt inset; padding-top: 0cm\" width=\"123\">\n<div style=\"text-align: center; line-height: normal\" align=\"center\"><span style=\"font-size: 9pt\">15mm<\/span><\/div>\n<\/td>\n<td style=\"border-bottom: black 1pt inset; border-left: black 1pt inset; padding-bottom: 0cm; background-color: transparent; padding-left: 0cm; width: 113pt; padding-right: 0cm; height: 12pt; border-top: black 1pt inset; border-right: black 1pt inset; padding-top: 0cm\" width=\"188\">\n<div style=\"text-align: center; line-height: normal\" align=\"center\"><b><span style=\"font-size: 9pt\">Suitable ESC<\/span><\/b><\/div>\n<\/td>\n<td style=\"border-bottom: black 1pt inset; border-left: black 1pt inset; padding-bottom: 0cm; background-color: transparent; padding-left: 0cm; width: 54pt; padding-right: 0cm; height: 12pt; border-top: black 1pt inset; border-right: black 1pt inset; padding-top: 0cm\" width=\"90\">\n<div style=\"text-align: center; line-height: normal\" align=\"center\"><span style=\"font-size: 9pt\">&gt;80A<\/span><\/div>\n<\/td>\n<\/tr>\n<tr style=\"height: 12pt\">\n<td style=\"border-bottom: black 1pt inset; border-left: black 1pt inset; padding-bottom: 0cm; background-color: transparent; padding-left: 0cm; width: 113pt; padding-right: 0cm; height: 12pt; border-top: black 1pt inset; border-right: black 1pt inset; padding-top: 0cm\" width=\"188\">\n<div style=\"text-align: center; line-height: normal\" align=\"center\"><b><span style=\"font-size: 9pt\">Weight <\/span><\/b><\/div>\n<\/td>\n<td style=\"border-bottom: black 1pt inset; border-left: black 1pt inset; padding-bottom: 0cm; background-color: transparent; padding-left: 0cm; width: 74pt; padding-right: 0cm; height: 12pt; border-top: black 1pt inset; border-right: black 1pt inset; padding-top: 0cm\" width=\"123\">\n<div style=\"text-align: center; line-height: normal\" align=\"center\"><span style=\"font-size: 9pt\">190g<\/span><\/div>\n<\/td>\n<td style=\"border-bottom: black 1pt inset; border-left: black 1pt inset; padding-bottom: 0cm; background-color: transparent; padding-left: 0cm; width: 113pt; padding-right: 0cm; height: 12pt; border-top: black 1pt inset; border-right: black 1pt inset; padding-top: 0cm\" width=\"188\">\n<div style=\"text-align: center; line-height: normal\" align=\"center\"><b><span style=\"font-size: 9pt\">Connector Type<\/span><\/b><\/div>\n<\/td>\n<td style=\"border-bottom: black 1pt inset; border-left: black 1pt inset; padding-bottom: 0cm; background-color: transparent; padding-left: 0cm; width: 54pt; padding-right: 0cm; height: 12pt; border-top: black 1pt inset; border-right: black 1pt inset; padding-top: 0cm\" width=\"90\">\n<div style=\"text-align: center; line-height: normal\" align=\"center\"><span style=\"font-size: 9pt\">3.5mm<\/span><\/div>\n<\/td>\n<\/tr>\n<tr style=\"height: 12pt\">\n<td style=\"border-bottom: black 1pt inset; border-left: black 1pt inset; padding-bottom: 0cm; background-color: transparent; padding-left: 0cm; width: 113pt; padding-right: 0cm; height: 12pt; border-top: black 1pt inset; border-right: black 1pt inset; padding-top: 0cm\" width=\"188\">\n<div style=\"text-align: center; line-height: normal\" align=\"center\"><b><span style=\"font-size: 9pt\">Thickness of lamination<\/span><\/b><\/div>\n<\/td>\n<td style=\"border-bottom: black 1pt inset; border-left: black 1pt inset; padding-bottom: 0cm; background-color: transparent; padding-left: 0cm; width: 74pt; padding-right: 0cm; height: 12pt; border-top: black 1pt inset; border-right: black 1pt inset; padding-top: 0cm\" width=\"123\">\n<div style=\"text-align: center; line-height: normal\" align=\"center\"><span style=\"font-size: 9pt\">0.35mm<\/span><\/div>\n<\/td>\n<\/tr>\n<\/tbody>\n<\/table>\n<p><\/span><\/span><\/p>\n<p style=\"text-align: center\">&#160;<\/p>\n<p style=\"text-align: center\">&#160;<\/p>\n<p style=\"text-align: center\">&#160;<\/p>\n","protected":false},"excerpt":{"rendered":"<p>&#160; &#160; &#160; &#160; &#160; Toro 1\/10 SkyRC serie b\u00f8rstel\u00f8se motorer er holdbare og meget effektive. Disse motorer kan give din b\u00f8rstel\u00f8se ops\u00e6tning kraften til nemt at overvinde konkurrencen. Ligesom alle SkyRC b\u00f8rstel\u00f8se motorer, er Toro Brushless motor h\u00e5nd-viklet for maksimal kobber fylde, og hver motor er individuelt testet for konsistens for at sikre det [&hellip;]<\/p>\n","protected":false},"featured_media":4726,"comment_status":"open","ping_status":"closed","template":"","meta":[],"pwb-brand":[],"product_brand":[],"product_cat":[68],"product_tag":[],"class_list":{"0":"post-4032","1":"product","2":"type-product","3":"status-publish","4":"has-post-thumbnail","6":"product_cat-el-motor-dele","7":"has-post-title","8":"has-post-date","9":"has-post-category","10":"has-post-tag","11":"has-post-comment","12":"has-post-author","13":"","15":"first","16":"instock","17":"taxable","18":"shipping-taxable","19":"purchasable","20":"product-type-simple"},"jetpack_sharing_enabled":true,"brands":[],"builder_content":"","_links":{"self":[{"href":"https:\/\/interware.dk\/RC\/wp-json\/wp\/v2\/product\/4032","targetHints":{"allow":["GET"]}}],"collection":[{"href":"https:\/\/interware.dk\/RC\/wp-json\/wp\/v2\/product"}],"about":[{"href":"https:\/\/interware.dk\/RC\/wp-json\/wp\/v2\/types\/product"}],"replies":[{"embeddable":true,"href":"https:\/\/interware.dk\/RC\/wp-json\/wp\/v2\/comments?post=4032"}],"wp:featuredmedia":[{"embeddable":true,"href":"https:\/\/interware.dk\/RC\/wp-json\/wp\/v2\/media\/4726"}],"wp:attachment":[{"href":"https:\/\/interware.dk\/RC\/wp-json\/wp\/v2\/media?parent=4032"}],"wp:term":[{"taxonomy":"pwb-brand","embeddable":true,"href":"https:\/\/interware.dk\/RC\/wp-json\/wp\/v2\/pwb-brand?post=4032"},{"taxonomy":"product_brand","embeddable":true,"href":"https:\/\/interware.dk\/RC\/wp-json\/wp\/v2\/product_brand?post=4032"},{"taxonomy":"product_cat","embeddable":true,"href":"https:\/\/interware.dk\/RC\/wp-json\/wp\/v2\/product_cat?post=4032"},{"taxonomy":"product_tag","embeddable":true,"href":"https:\/\/interware.dk\/RC\/wp-json\/wp\/v2\/product_tag?post=4032"}],"curies":[{"name":"wp","href":"https:\/\/api.w.org\/{rel}","templated":true}]}}