{"id":4030,"date":"2019-06-06T17:44:25","date_gmt":"2019-06-06T16:44:25","guid":{"rendered":"http:\/\/interware.dk\/fjernstyret\/vare\/toro-10-c120-120a-esc-til-1-10-model\/"},"modified":"2019-06-09T13:54:03","modified_gmt":"2019-06-09T11:54:03","slug":"toro-10-c120-120a-esc-til-1-10-model","status":"publish","type":"product","link":"https:\/\/interware.dk\/RC\/vare\/toro-10-c120-120a-esc-til-1-10-model\/","title":{"rendered":"Toro 10 C120 120A ESC til 1\/10 model"},"content":{"rendered":"<p style=\"text-align: center\">&#160;<\/p>\n<p style=\"text-align: center\">&#160;<\/p>\n<p style=\"text-align: center\">&#160;<\/p>\n<p style=\"text-align: center\">&#160;<\/p>\n<p style=\"text-align: center\">&#160;<\/p>\n<p style=\"text-align: center\">&#160;<\/p>\n<p style=\"text-align: center\"><span style=\"font-size: medium\"><span style=\"font-family: Arial\">Toro 10 C120 ESC er velegnet til 1\/10 og endda nogle 1\/8 skala RC biler og giver avanceret b\u00f8rstel\u00f8s pr\u00e6stationer i kombination med nogle af de 540 mest kr\u00e6vende b\u00f8rstel\u00f8se motorer.<\/span><\/span><\/p>\n<p>&#160;<\/p>\n<p>&#160;<\/p>\n<p style=\"text-align: center\">&#160;<\/p>\n<p style=\"text-align: center\"><span style=\"font-size: medium\"><span style=\"font-family: Arial\"><span style=\"font-size: medium\"><span style=\"font-family: Arial\"><strong>SkyRC Toro 10 C120 funktioner:<\/strong><\/span><\/span><\/span><\/span><\/p>\n<ul>\n<li style=\"text-align: center\"><span style=\"font-size: medium\"><span style=\"font-family: Arial\">Super bl\u00f8d opstart <\/span><\/span><\/li>\n<li style=\"text-align: center\"><span style=\"font-size: medium\"><span style=\"font-family: Arial\">Ventilator for ekstrem k\u00f8ling <\/span><\/span><\/li>\n<li style=\"text-align: center\"><span style=\"font-size: medium\"><span style=\"font-family: Arial\">Sikkerhedsfunktioner, herunder termisk cut off<\/span><\/span><\/li>\n<li style=\"text-align: center\"><span style=\"font-size: medium\"><span style=\"font-family: Arial\">Underst\u00f8tter LiPo\/NiCd\/NiMH <\/span><\/span><\/li>\n<li style=\"text-align: center\"><span style=\"font-size: medium\"><span style=\"font-family: Arial\">Nye justerbare funktioner via program kort<\/span><\/span><\/li>\n<li style=\"text-align: center\"><span style=\"font-size: medium\"><span style=\"font-family: Arial\">Underst\u00f8tter&#160;LiPo&#160;op til 3 celler <\/span><\/span><\/li>\n<li style=\"text-align: center\"><span style=\"font-size: medium\"><span style=\"font-family: Arial\">Lille st\u00f8rrelse \u2013 40.5&#215;37.5x24mm <\/span><\/span><\/li>\n<li style=\"text-align: center\"><span style=\"font-size: medium\"><span style=\"font-family: Arial\">V\u00e6gt&#160;- 45g (uden ledninger) <\/span><\/span><\/li>\n<\/ul>\n<p>&#160;<\/p>\n<p style=\"text-align: center\"><strong><span style=\"font-size: medium\"><span style=\"font-family: Arial\">Specifikationer:<\/span><\/span><\/strong><\/p>\n<p style=\"text-align: center\">\n<table style=\"margin: auto auto auto 4.55pt; width: 414.85pt; border-collapse: collapse\" border=\"0\" cellspacing=\"0\" cellpadding=\"0\" width=\"691\">\n<tbody>\n<tr style=\"height: 12.75pt\">\n<td style=\"border-bottom: windowtext 1pt solid; border-left: windowtext 1pt solid; padding-bottom: 0cm; background-color: transparent; padding-left: 5.4pt; width: 180.85pt; padding-right: 5.4pt; height: 12.75pt; border-top: windowtext 1pt solid; border-right: windowtext 1pt solid; padding-top: 0cm\" valign=\"bottom\" width=\"301\" colspan=\"2\" nowrap=\"nowrap\">\n<div style=\"line-height: normal\"><span style=\"font-size: 10pt\">Controls, TORO 10 RTR<\/span><\/div>\n<\/td>\n<td style=\"border-bottom: windowtext 1pt solid; border-left: #f0f0f0; padding-bottom: 0cm; background-color: transparent; padding-left: 5.4pt; width: 234pt; padding-right: 5.4pt; height: 12.75pt; border-top: windowtext 1pt solid; border-right: windowtext 1pt solid; padding-top: 0cm\" valign=\"bottom\" width=\"390\" nowrap=\"nowrap\">\n<div style=\"line-height: normal\"><span style=\"font-size: 10pt\">Rev\/Brk\/ or Fwd\/Rev<\/span><\/div>\n<\/td>\n<\/tr>\n<tr style=\"height: 12.75pt\">\n<td style=\"border-bottom: windowtext 1pt solid; border-left: windowtext 1pt solid; padding-bottom: 0cm; background-color: transparent; padding-left: 5.4pt; width: 180.85pt; padding-right: 5.4pt; height: 12.75pt; border-top: #f0f0f0; border-right: windowtext 1pt solid; padding-top: 0cm\" valign=\"bottom\" width=\"301\" colspan=\"2\" nowrap=\"nowrap\">\n<div style=\"line-height: normal\"><span style=\"font-size: 10pt\">Input Power (Cells)<\/span><\/div>\n<\/td>\n<td style=\"border-bottom: windowtext 1pt solid; border-left: #f0f0f0; padding-bottom: 0cm; background-color: transparent; padding-left: 5.4pt; width: 234pt; padding-right: 5.4pt; height: 12.75pt; border-top: #f0f0f0; border-right: windowtext 1pt solid; padding-top: 0cm\" valign=\"bottom\" width=\"390\" nowrap=\"nowrap\">\n<div style=\"line-height: normal\"><span style=\"font-size: 10pt\">2-3S LiPo\/LiFe, 4-8 NiMH (12.6V Max)<\/span><\/div>\n<\/td>\n<\/tr>\n<tr style=\"height: 25.5pt\">\n<td style=\"border-bottom: #f0f0f0; border-left: windowtext 1pt solid; padding-bottom: 0cm; background-color: transparent; padding-left: 5.4pt; width: 102.05pt; padding-right: 5.4pt; height: 25.5pt; border-top: #f0f0f0; border-right: windowtext 1pt solid; padding-top: 0cm\" valign=\"bottom\" rowspan=\"4\" width=\"170\" nowrap=\"nowrap\">\n<div style=\"text-align: center; line-height: normal\" align=\"center\"><span style=\"font-size: 10pt\">Motor Limits<\/span><\/div>\n<\/td>\n<td style=\"border-bottom: windowtext 1pt solid; border-left: #f0f0f0; padding-bottom: 0cm; background-color: transparent; padding-left: 5.4pt; width: 78.8pt; padding-right: 5.4pt; height: 25.5pt; border-top: #f0f0f0; border-right: windowtext 1pt solid; padding-top: 0cm\" valign=\"bottom\" width=\"131\" nowrap=\"nowrap\">\n<div style=\"line-height: normal\"><b><span style=\"font-size: 10pt\">C120 120A<\/span><\/b><\/div>\n<\/td>\n<td style=\"border-bottom: windowtext 1pt solid; border-left: #f0f0f0; padding-bottom: 0cm; background-color: transparent; padding-left: 5.4pt; width: 234pt; padding-right: 5.4pt; height: 25.5pt; border-top: #f0f0f0; border-right: windowtext 1pt solid; padding-top: 0cm\" valign=\"bottom\" width=\"390\">\n<div style=\"line-height: normal\"><span style=\"font-size: 10pt\">2S LiPo(4-6S NiMH): On Road <\/span><span style=\"font-size: 10pt\">&#8805;<\/span><span style=\"font-size: 10pt\">4.5T <\/span><\/div>\n<div style=\"line-height: normal; text-indent: 100pt\"><span style=\"font-size: 10pt\">Off Road <\/span><span style=\"font-size: 10pt\">&#8805;<\/span><span style=\"font-size: 10pt\">6.5T <\/span><\/div>\n<div style=\"line-height: normal\"><span style=\"font-size: 10pt\">3S LiPo(7-8S NiMH): On Road <\/span><span style=\"font-size: 10pt\">&#8805;<\/span><span style=\"font-size: 10pt\">6.5T <\/span><\/div>\n<div style=\"line-height: normal; text-indent: 100pt\"><span style=\"font-size: 10pt\">Off Road <\/span><span style=\"font-size: 10pt\">&#8805;<\/span><span style=\"font-size: 10pt\">9.5T<\/span><\/div>\n<\/td>\n<\/tr>\n<tr style=\"height: 25.5pt\">\n<td style=\"border-bottom: windowtext 1pt solid; border-left: #f0f0f0; padding-bottom: 0cm; background-color: transparent; padding-left: 5.4pt; width: 78.8pt; padding-right: 5.4pt; height: 25.5pt; border-top: #f0f0f0; border-right: windowtext 1pt solid; padding-top: 0cm\" valign=\"bottom\" width=\"131\" nowrap=\"nowrap\">\n<div style=\"line-height: normal\"><span style=\"font-size: 10pt\">C60 60A<\/span><\/div>\n<\/td>\n<td style=\"border-bottom: windowtext 1pt solid; border-left: #f0f0f0; padding-bottom: 0cm; background-color: transparent; padding-left: 5.4pt; width: 234pt; padding-right: 5.4pt; height: 25.5pt; border-top: #f0f0f0; border-right: windowtext 1pt solid; padding-top: 0cm\" valign=\"bottom\" width=\"390\">\n<div style=\"line-height: normal\"><span style=\"font-size: 10pt\">2S LiPo(4-6S NiMH): On Road <\/span><span style=\"font-size: 10pt\">&#8805;<\/span><span style=\"font-size: 10pt\">6.5T <\/span><\/div>\n<div style=\"line-height: normal; text-indent: 100pt\"><span style=\"font-size: 10pt\">Off Road <\/span><span style=\"font-size: 10pt\">&#8805;<\/span><span style=\"font-size: 10pt\">8.5T <\/span><\/div>\n<div style=\"line-height: normal\"><span style=\"font-size: 10pt\">3S LiPo(7-8S NiMH): On Road <\/span><span style=\"font-size: 10pt\">&#8805;<\/span><span style=\"font-size: 10pt\">10.5T <\/span><\/div>\n<div style=\"line-height: normal; text-indent: 100pt\"><span style=\"font-size: 10pt\">Off Road <\/span><span style=\"font-size: 10pt\">&#8805;<\/span><span style=\"font-size: 10pt\">17.5T<\/span><\/div>\n<\/td>\n<\/tr>\n<tr style=\"height: 25.5pt\">\n<td style=\"border-bottom: windowtext 1pt solid; border-left: #f0f0f0; padding-bottom: 0cm; background-color: transparent; padding-left: 5.4pt; width: 78.8pt; padding-right: 5.4pt; height: 25.5pt; border-top: #f0f0f0; border-right: windowtext 1pt solid; padding-top: 0cm\" valign=\"bottom\" width=\"131\" nowrap=\"nowrap\">\n<div style=\"line-height: normal\"><span style=\"font-size: 10pt\">C45 45A<\/span><\/div>\n<\/td>\n<td style=\"border-bottom: windowtext 1pt solid; border-left: #f0f0f0; padding-bottom: 0cm; background-color: transparent; padding-left: 5.4pt; width: 234pt; padding-right: 5.4pt; height: 25.5pt; border-top: #f0f0f0; border-right: windowtext 1pt solid; padding-top: 0cm\" valign=\"bottom\" width=\"390\">\n<div style=\"line-height: normal\"><span style=\"font-size: 10pt\">2S LiPo(4-6S NiMH): On Road <\/span><span style=\"font-size: 10pt\">&#8805;<\/span><span style=\"font-size: 10pt\">8.5T <\/span><\/div>\n<div style=\"line-height: normal; text-indent: 100pt\"><span style=\"font-size: 10pt\">Off Road <\/span><span style=\"font-size: 10pt\">&#8805;<\/span><span style=\"font-size: 10pt\">11.5T <\/span><\/div>\n<div style=\"line-height: normal\"><span style=\"font-size: 10pt\">3S LiPo(7-8S NiMH): On Road <\/span><span style=\"font-size: 10pt\">&#8805;<\/span><span style=\"font-size: 10pt\">13.5T <\/span><\/div>\n<div style=\"line-height: normal; text-indent: 100pt\"><span style=\"font-size: 10pt\">Off Road <\/span><span style=\"font-size: 10pt\">&#8805;<\/span><span style=\"font-size: 10pt\">17.5T<\/span><\/div>\n<\/td>\n<\/tr>\n<tr style=\"height: 24.75pt\">\n<td style=\"border-bottom: windowtext 1pt solid; border-left: #f0f0f0; padding-bottom: 0cm; background-color: transparent; padding-left: 5.4pt; width: 78.8pt; padding-right: 5.4pt; height: 24.75pt; border-top: #f0f0f0; border-right: windowtext 1pt solid; padding-top: 0cm\" valign=\"bottom\" width=\"131\" nowrap=\"nowrap\">\n<div style=\"line-height: normal\"><span style=\"font-size: 10pt\">C35 35A<\/span><\/div>\n<\/td>\n<td style=\"border-bottom: windowtext 1pt solid; border-left: #f0f0f0; padding-bottom: 0cm; background-color: transparent; padding-left: 5.4pt; width: 234pt; padding-right: 5.4pt; height: 24.75pt; border-top: #f0f0f0; border-right: windowtext 1pt solid; padding-top: 0cm\" valign=\"bottom\" width=\"390\">\n<div style=\"line-height: normal\"><span style=\"font-size: 10pt\">2S LiPo(4-6S NiMH): On Road <\/span><span style=\"font-size: 10pt\">&#8805;<\/span><span style=\"font-size: 10pt\">10.5T <\/span><\/div>\n<div style=\"line-height: normal; text-indent: 95pt\"><span style=\"font-size: 10pt\">Off Road <\/span><span style=\"font-size: 10pt\">&#8805;<\/span><span style=\"font-size: 10pt\">13.5T <\/span><\/div>\n<div style=\"line-height: normal\"><span style=\"font-size: 10pt\">3S LiPo(7-8S NiMH): On Road <\/span><span style=\"font-size: 10pt\">&#8805;<\/span><span style=\"font-size: 10pt\">13.5T <\/span><\/div>\n<div style=\"line-height: normal; text-indent: 100pt\"><span style=\"font-size: 10pt\">Off Road <\/span><span style=\"font-size: 10pt\">&#8805;<\/span><span style=\"font-size: 10pt\">18.5T<\/span><\/div>\n<\/td>\n<\/tr>\n<tr style=\"height: 12.75pt\">\n<td style=\"border-bottom: windowtext 1pt solid; border-left: windowtext 1pt solid; padding-bottom: 0cm; background-color: transparent; padding-left: 5.4pt; width: 180.85pt; padding-right: 5.4pt; height: 12.75pt; border-top: windowtext 1pt solid; border-right: windowtext 1pt solid; padding-top: 0cm\" valign=\"bottom\" width=\"301\" colspan=\"2\" nowrap=\"nowrap\">\n<div style=\"line-height: normal\"><span style=\"font-size: 10pt\">Linear BEC<\/span><\/div>\n<\/td>\n<td style=\"border-bottom: windowtext 1pt solid; border-left: #f0f0f0; padding-bottom: 0cm; background-color: transparent; padding-left: 5.4pt; width: 234pt; padding-right: 5.4pt; height: 12.75pt; border-top: #f0f0f0; border-right: windowtext 1pt solid; padding-top: 0cm\" valign=\"bottom\" width=\"390\" nowrap=\"nowrap\">\n<div style=\"line-height: normal\"><span style=\"font-size: 10pt\">5.0V 2Amp<\/span><\/div>\n<\/td>\n<\/tr>\n<tr style=\"height: 12.75pt\">\n<td style=\"border-bottom: windowtext 1pt solid; border-left: windowtext 1pt solid; padding-bottom: 0cm; background-color: transparent; padding-left: 5.4pt; width: 180.85pt; padding-right: 5.4pt; height: 12.75pt; border-top: #f0f0f0; border-right: windowtext 1pt solid; padding-top: 0cm\" valign=\"bottom\" width=\"301\" colspan=\"2\" nowrap=\"nowrap\">\n<div style=\"line-height: normal\"><span style=\"font-size: 10pt\">Status LED<\/span><\/div>\n<\/td>\n<td style=\"border-bottom: windowtext 1pt solid; border-left: #f0f0f0; padding-bottom: 0cm; background-color: transparent; padding-left: 5.4pt; width: 234pt; padding-right: 5.4pt; height: 12.75pt; border-top: #f0f0f0; border-right: windowtext 1pt solid; padding-top: 0cm\" valign=\"bottom\" width=\"390\" nowrap=\"nowrap\">\n<div style=\"line-height: normal\"><span style=\"font-size: 10pt\">White LED, 3 color LED (Red, Green &amp; Orange)<\/span><\/div>\n<\/td>\n<\/tr>\n<tr style=\"height: 12.75pt\">\n<td style=\"border-bottom: windowtext 1pt solid; border-left: windowtext 1pt solid; padding-bottom: 0cm; background-color: transparent; padding-left: 5.4pt; width: 180.85pt; padding-right: 5.4pt; height: 12.75pt; border-top: #f0f0f0; border-right: windowtext 1pt solid; padding-top: 0cm\" valign=\"bottom\" width=\"301\" colspan=\"2\" nowrap=\"nowrap\">\n<div style=\"line-height: normal\"><span style=\"font-size: 10pt\">Thermal Overload Protection<\/span><\/div>\n<\/td>\n<td style=\"border-bottom: windowtext 1pt solid; border-left: #f0f0f0; padding-bottom: 0cm; background-color: transparent; padding-left: 5.4pt; width: 234pt; padding-right: 5.4pt; height: 12.75pt; border-top: #f0f0f0; border-right: windowtext 1pt solid; padding-top: 0cm\" valign=\"bottom\" width=\"390\" nowrap=\"nowrap\">\n<div style=\"line-height: normal\"><span style=\"font-size: 10pt\">Yes<\/span><\/div>\n<\/td>\n<\/tr>\n<tr style=\"height: 12.75pt\">\n<td style=\"border-bottom: windowtext 1pt solid; border-left: windowtext 1pt solid; padding-bottom: 0cm; background-color: transparent; padding-left: 5.4pt; width: 180.85pt; padding-right: 5.4pt; height: 12.75pt; border-top: #f0f0f0; border-right: black 1pt solid; padding-top: 0cm\" valign=\"bottom\" width=\"301\" colspan=\"2\" nowrap=\"nowrap\">\n<div style=\"line-height: normal\"><span style=\"font-size: 10pt\">Compatibility<\/span><\/div>\n<\/td>\n<td style=\"border-bottom: windowtext 1pt solid; border-left: #f0f0f0; padding-bottom: 0cm; background-color: transparent; padding-left: 5.4pt; width: 234pt; padding-right: 5.4pt; height: 12.75pt; border-top: #f0f0f0; border-right: windowtext 1pt solid; padding-top: 0cm\" valign=\"bottom\" width=\"390\" nowrap=\"nowrap\">\n<div style=\"line-height: normal\"><span style=\"font-size: 10pt\">Brushless Motor<\/span><\/div>\n<\/td>\n<\/tr>\n<tr style=\"height: 12.75pt\">\n<td style=\"border-bottom: windowtext 1pt solid; border-left: windowtext 1pt solid; padding-bottom: 0cm; background-color: transparent; padding-left: 5.4pt; width: 180.85pt; padding-right: 5.4pt; height: 12.75pt; border-top: #f0f0f0; border-right: windowtext 1pt solid; padding-top: 0cm\" valign=\"bottom\" width=\"301\" colspan=\"2\" nowrap=\"nowrap\">\n<div style=\"line-height: normal\"><span style=\"font-size: 10pt\">Dimensions(L*W*H\/without fan)<\/span><\/div>\n<\/td>\n<td style=\"border-bottom: windowtext 1pt solid; border-left: #f0f0f0; padding-bottom: 0cm; background-color: transparent; padding-left: 5.4pt; width: 234pt; padding-right: 5.4pt; height: 12.75pt; border-top: #f0f0f0; border-right: windowtext 1pt solid; padding-top: 0cm\" valign=\"bottom\" width=\"390\" nowrap=\"nowrap\">\n<div style=\"line-height: normal\"><span style=\"font-size: 10pt\">40.5*37.5*24mm(1.6*1.47*0.95in)<\/span><\/div>\n<\/td>\n<\/tr>\n<tr style=\"height: 12.75pt\">\n<td style=\"border-bottom: windowtext 1pt solid; border-left: windowtext 1pt solid; padding-bottom: 0cm; background-color: transparent; padding-left: 5.4pt; width: 180.85pt; padding-right: 5.4pt; height: 12.75pt; border-top: #f0f0f0; border-right: windowtext 1pt solid; padding-top: 0cm\" valign=\"bottom\" width=\"301\" colspan=\"2\" nowrap=\"nowrap\">\n<div style=\"line-height: normal\"><span style=\"font-size: 10pt\">Weight(Without wires)<\/span><\/div>\n<\/td>\n<td style=\"border-bottom: windowtext 1pt solid; border-left: #f0f0f0; padding-bottom: 0cm; background-color: transparent; padding-left: 5.4pt; width: 234pt; padding-right: 5.4pt; height: 12.75pt; border-top: #f0f0f0; border-right: windowtext 1pt solid; padding-top: 0cm\" valign=\"bottom\" width=\"390\" nowrap=\"nowrap\">\n<div style=\"line-height: normal\"><span style=\"font-size: 10pt\">45g(1.59oz)<\/span><\/div>\n<\/td>\n<\/tr>\n<\/tbody>\n<\/table>\n<p>&#160;<\/p>\n<p><span style=\"font-family: Arial; font-size: medium; text-align: center;\">Funktionerne i Toro 8 er let tilg\u00e6ngelige og justeres ved hj\u00e6lp af et program kort. Ved tryk p\u00e5 en enkelt knap kan du justere LiPo batteriets volt cut-off, maksimal punch, bremse styrke, tr\u00e6k bremse, motorens timing og omvendt lock-out! Alle indstillinger vil blive vist p\u00e5 program kortet p\u00e5 en gang. Kan ikke g\u00f8res lettere!<\/span><\/p>\n<p style=\"text-align: center;\"><span style=\"font-size: medium;\"><span style=\"font-family: Arial;\"><span lang=\"\">Har du ikke et program kort, kan Toro 8 dog stadig programmeres ved hj\u00e6lp af led og lyd.<\/span><\/span><\/span><\/p>\n<p style=\"text-align: center\">&#160;<\/p>\n","protected":false},"excerpt":{"rendered":"<p>&#160; &#160; &#160; &#160; &#160; &#160; Toro 10 C120 ESC er velegnet til 1\/10 og endda nogle 1\/8 skala RC biler og giver avanceret b\u00f8rstel\u00f8s pr\u00e6stationer i kombination med nogle af de 540 mest kr\u00e6vende b\u00f8rstel\u00f8se motorer. &#160; &#160; &#160; SkyRC Toro 10 C120 funktioner: Super bl\u00f8d opstart Ventilator for ekstrem k\u00f8ling Sikkerhedsfunktioner, herunder termisk [&hellip;]<\/p>\n","protected":false},"featured_media":4721,"comment_status":"open","ping_status":"closed","template":"","meta":[],"pwb-brand":[],"product_brand":[],"product_cat":[68],"product_tag":[],"class_list":{"0":"post-4030","1":"product","2":"type-product","3":"status-publish","4":"has-post-thumbnail","6":"product_cat-el-motor-dele","7":"has-post-title","8":"has-post-date","9":"has-post-category","10":"has-post-tag","11":"has-post-comment","12":"has-post-author","13":"","15":"first","16":"instock","17":"taxable","18":"shipping-taxable","19":"purchasable","20":"product-type-simple"},"jetpack_sharing_enabled":true,"brands":[],"builder_content":"","_links":{"self":[{"href":"https:\/\/interware.dk\/RC\/wp-json\/wp\/v2\/product\/4030","targetHints":{"allow":["GET"]}}],"collection":[{"href":"https:\/\/interware.dk\/RC\/wp-json\/wp\/v2\/product"}],"about":[{"href":"https:\/\/interware.dk\/RC\/wp-json\/wp\/v2\/types\/product"}],"replies":[{"embeddable":true,"href":"https:\/\/interware.dk\/RC\/wp-json\/wp\/v2\/comments?post=4030"}],"wp:featuredmedia":[{"embeddable":true,"href":"https:\/\/interware.dk\/RC\/wp-json\/wp\/v2\/media\/4721"}],"wp:attachment":[{"href":"https:\/\/interware.dk\/RC\/wp-json\/wp\/v2\/media?parent=4030"}],"wp:term":[{"taxonomy":"pwb-brand","embeddable":true,"href":"https:\/\/interware.dk\/RC\/wp-json\/wp\/v2\/pwb-brand?post=4030"},{"taxonomy":"product_brand","embeddable":true,"href":"https:\/\/interware.dk\/RC\/wp-json\/wp\/v2\/product_brand?post=4030"},{"taxonomy":"product_cat","embeddable":true,"href":"https:\/\/interware.dk\/RC\/wp-json\/wp\/v2\/product_cat?post=4030"},{"taxonomy":"product_tag","embeddable":true,"href":"https:\/\/interware.dk\/RC\/wp-json\/wp\/v2\/product_tag?post=4030"}],"curies":[{"name":"wp","href":"https:\/\/api.w.org\/{rel}","templated":true}]}}