{"id":4028,"date":"2019-06-06T17:44:25","date_gmt":"2019-06-06T16:44:25","guid":{"rendered":"http:\/\/interware.dk\/fjernstyret\/vare\/brushless-motor-checker\/"},"modified":"2020-07-02T09:20:57","modified_gmt":"2020-07-02T08:20:57","slug":"brushless-motor-checker","status":"publish","type":"product","link":"https:\/\/interware.dk\/RC\/vare\/brushless-motor-checker\/","title":{"rendered":"Brushless motor checker"},"content":{"rendered":"<p>&#160;&#160;<\/p>\n<p>&#160;<\/p>\n<p>&#160;<\/p>\n<p>&#160;<\/p>\n<p>&#160;<\/p>\n<p>&#160;<\/p>\n<p style=\"text-align: center\"><span style=\"font-size: medium\"><span style=\"font-family: Arial\">B\u00f8rstel\u00f8se motorer er det mest popul\u00e6re motor valg nu i RC biler og modelfly industrien. Med deres overlegne kraft til v\u00e6gt forhold, en lang r\u00e6kke st\u00f8rrelser, fra under 5 gram til store motorer normeret til tusindvis af watt, har de revolutioneret markedet for el-drevne modeller. Motor Checker er en pr\u00e6cisions elektronisk anordning, der er specielt designet til at m\u00e5le KV v\u00e6rdi, RMP, ampere forbrug og kontrollere funktionen af &#8203;&#8203;Hall effekt sensorer p\u00e5 en b\u00f8rstel\u00f8s motor. Den leveres med en 2&#215;16 karakterer LCD, der er i stand til at vise realtid m\u00e5ling af enten sensor eller sensorless brushless motor.<\/span><\/span><\/p>\n<p style=\"text-align: center\">&#160;<\/p>\n<p style=\"text-align: center\">\n<style type=\"text\/css\">\nst1:*{behavior:url(#ieooui) }<\/style>\n<\/p>\n<div style=\"text-align: center\"><span style=\"font-size: medium\"><span style=\"font-family: Arial\"><span lang=\"\"><\/p>\n<p>Input Sp\u00e6nding: 7.6-8.6V (foresl\u00e5s at bruge et 7.4V 2S1P LiPo batteri)<br \/>\nLCD Sk\u00e6rm: bl\u00e5 baggrundsbelysning, hvid tekst, 16 tegn x 2 linjer<br \/>\nUnderst\u00f8ttet Motor: Sensor eller Sensorless Brushless Motor<br \/>\n(a) Standard 540 St\u00f8rrelse RC bil Motor: 2,5 Turn eller derover, 2 poler (In-runner Motor)<br \/>\n(b) Fly Motor: Underst\u00f8tter Sensorless Brushless Motor, 6 poler (Out-runner Motor)<br \/>\nAmpere trukket, mindre end 18A p\u00e5 8.4V uden belastning<\/p>\n<p>&#160;<\/p>\n<p><\/span><\/span><\/span><\/div>\n<p style=\"text-align: left\"><span style=\"font-size: medium\"><span style=\"font-family: Arial\">1.Brushless Motor Kontrol KV M\u00e5ling \/ RPM M\u00e5ling \/ Ampere M\u00e5ling<br \/>\n2. Hall Effect Sensor Test Kun Brushless Motor med sensorer<br \/>\n3. Motor\/bil Diff Break-in Fikseret Sp\u00e6nding fra 2.5V til 7.2V eller 10 trins cyklus med variabel Sp\u00e6nding indstilling fra 2.5V til 7.2V Brushless Motor Kontrol<\/span><\/span><\/p>\n<p style=\"text-align: center\">&#160;<\/p>\n<p style=\"text-align: center\">&#160;<\/p>\n","protected":false},"excerpt":{"rendered":"<p>&#160;&#160; &#160; &#160; &#160; &#160; &#160; B\u00f8rstel\u00f8se motorer er det mest popul\u00e6re motor valg nu i RC biler og modelfly industrien. Med deres overlegne kraft til v\u00e6gt forhold, en lang r\u00e6kke st\u00f8rrelser, fra under 5 gram til store motorer normeret til tusindvis af watt, har de revolutioneret markedet for el-drevne modeller. Motor Checker er en [&hellip;]<\/p>\n","protected":false},"featured_media":4723,"comment_status":"open","ping_status":"closed","template":"","meta":[],"pwb-brand":[],"product_brand":[],"product_cat":[68],"product_tag":[],"class_list":{"0":"post-4028","1":"product","2":"type-product","3":"status-publish","4":"has-post-thumbnail","6":"product_cat-el-motor-dele","7":"has-post-title","8":"has-post-date","9":"has-post-category","10":"has-post-tag","11":"has-post-comment","12":"has-post-author","13":"","15":"first","16":"outofstock","17":"taxable","18":"shipping-taxable","19":"purchasable","20":"product-type-simple"},"jetpack_sharing_enabled":true,"brands":[],"builder_content":"","_links":{"self":[{"href":"https:\/\/interware.dk\/RC\/wp-json\/wp\/v2\/product\/4028","targetHints":{"allow":["GET"]}}],"collection":[{"href":"https:\/\/interware.dk\/RC\/wp-json\/wp\/v2\/product"}],"about":[{"href":"https:\/\/interware.dk\/RC\/wp-json\/wp\/v2\/types\/product"}],"replies":[{"embeddable":true,"href":"https:\/\/interware.dk\/RC\/wp-json\/wp\/v2\/comments?post=4028"}],"wp:featuredmedia":[{"embeddable":true,"href":"https:\/\/interware.dk\/RC\/wp-json\/wp\/v2\/media\/4723"}],"wp:attachment":[{"href":"https:\/\/interware.dk\/RC\/wp-json\/wp\/v2\/media?parent=4028"}],"wp:term":[{"taxonomy":"pwb-brand","embeddable":true,"href":"https:\/\/interware.dk\/RC\/wp-json\/wp\/v2\/pwb-brand?post=4028"},{"taxonomy":"product_brand","embeddable":true,"href":"https:\/\/interware.dk\/RC\/wp-json\/wp\/v2\/product_brand?post=4028"},{"taxonomy":"product_cat","embeddable":true,"href":"https:\/\/interware.dk\/RC\/wp-json\/wp\/v2\/product_cat?post=4028"},{"taxonomy":"product_tag","embeddable":true,"href":"https:\/\/interware.dk\/RC\/wp-json\/wp\/v2\/product_tag?post=4028"}],"curies":[{"name":"wp","href":"https:\/\/api.w.org\/{rel}","templated":true}]}}