{"id":3814,"date":"2019-06-06T17:44:10","date_gmt":"2019-06-06T16:44:10","guid":{"rendered":"http:\/\/interware.dk\/fjernstyret\/vare\/sanyo-eneloop-4-aa-batterier\/"},"modified":"2024-05-21T19:35:19","modified_gmt":"2024-05-21T18:35:19","slug":"sanyo-eneloop-4-aa-batterier","status":"publish","type":"product","link":"https:\/\/interware.dk\/RC\/vare\/sanyo-eneloop-4-aa-batterier\/","title":{"rendered":"Sanyo Eneloop 4 AA batterier"},"content":{"rendered":"<p style=\"text-align: center\">&#160;<\/p>\n<p style=\"text-align: center\">&#160;<\/p>\n<p style=\"text-align: center\">&#160;<\/p>\n<p style=\"text-align: center\">Eneloop batterier kan op\/aflades 1500 gange, og holder 75% af str\u00f8mmen i hele 3\u00e5r. De virker desuden helt ned til -20 grader<\/p>\n<p style=\"text-align: center\"><strong>Specifikationer<br \/>\n<\/strong>Type: Ni-MH<br \/>\nKapacitet: 2000 mAh<br \/>\nSp\u00e6nding: 1.2V<br \/>\nH\u00f8jde: 50.5 mm<br \/>\nDiameter: 14.15 mm<\/p>\n<p style=\"text-align: center\">&#160;<\/p>\n","protected":false},"excerpt":{"rendered":"<p>&#160; &#160; &#160; Eneloop batterier kan op\/aflades 1500 gange, og holder 75% af str\u00f8mmen i hele 3\u00e5r. De virker desuden helt ned til -20 grader Specifikationer Type: Ni-MH Kapacitet: 2000 mAh Sp\u00e6nding: 1.2V H\u00f8jde: 50.5 mm Diameter: 14.15 mm &#160;<\/p>\n","protected":false},"featured_media":4771,"comment_status":"open","ping_status":"closed","template":"","meta":[],"pwb-brand":[],"product_brand":[],"product_cat":[89],"product_tag":[],"class_list":{"0":"post-3814","1":"product","2":"type-product","3":"status-publish","4":"has-post-thumbnail","6":"product_cat-batteri-og-ladere","7":"has-post-title","8":"has-post-date","9":"has-post-category","10":"has-post-tag","11":"has-post-comment","12":"has-post-author","13":"","15":"first","16":"outofstock","17":"taxable","18":"shipping-taxable","19":"purchasable","20":"product-type-simple"},"jetpack_sharing_enabled":true,"brands":[],"builder_content":"","_links":{"self":[{"href":"https:\/\/interware.dk\/RC\/wp-json\/wp\/v2\/product\/3814","targetHints":{"allow":["GET"]}}],"collection":[{"href":"https:\/\/interware.dk\/RC\/wp-json\/wp\/v2\/product"}],"about":[{"href":"https:\/\/interware.dk\/RC\/wp-json\/wp\/v2\/types\/product"}],"replies":[{"embeddable":true,"href":"https:\/\/interware.dk\/RC\/wp-json\/wp\/v2\/comments?post=3814"}],"wp:featuredmedia":[{"embeddable":true,"href":"https:\/\/interware.dk\/RC\/wp-json\/wp\/v2\/media\/4771"}],"wp:attachment":[{"href":"https:\/\/interware.dk\/RC\/wp-json\/wp\/v2\/media?parent=3814"}],"wp:term":[{"taxonomy":"pwb-brand","embeddable":true,"href":"https:\/\/interware.dk\/RC\/wp-json\/wp\/v2\/pwb-brand?post=3814"},{"taxonomy":"product_brand","embeddable":true,"href":"https:\/\/interware.dk\/RC\/wp-json\/wp\/v2\/product_brand?post=3814"},{"taxonomy":"product_cat","embeddable":true,"href":"https:\/\/interware.dk\/RC\/wp-json\/wp\/v2\/product_cat?post=3814"},{"taxonomy":"product_tag","embeddable":true,"href":"https:\/\/interware.dk\/RC\/wp-json\/wp\/v2\/product_tag?post=3814"}],"curies":[{"name":"wp","href":"https:\/\/api.w.org\/{rel}","templated":true}]}}