{"id":3421,"date":"2019-06-06T17:31:59","date_gmt":"2019-06-06T16:31:59","guid":{"rendered":"http:\/\/interware.dk\/fjernstyret\/vare\/toledo-2\/"},"modified":"2019-06-09T14:13:43","modified_gmt":"2019-06-09T12:13:43","slug":"toledo-2","status":"publish","type":"product","link":"https:\/\/interware.dk\/RC\/vare\/toledo-2\/","title":{"rendered":"Toledo"},"content":{"rendered":"<p><P>&nbsp;<\/P><br \/>\n<P>&nbsp;<\/P><br \/>\n<P>&nbsp;<\/P><br \/>\n<P>&nbsp;<\/P><br \/>\n<P>&nbsp;<\/P><br \/>\n<P><BR><br \/>\n<META name=GENERATOR content=\"Microsoft FrontPage 12.0\"><br \/>\n<META name=ProgId content=FrontPage.Editor.Document><\/P><br \/>\n<TABLE id=table18 border=0 width=\"100%\" bgColor=#000000><br \/>\n<TBODY><br \/>\n<TR><br \/>\n<TD><br \/>\n<P align=center><FONT color=#ffffff size=6>Oskar Emil &#8211; Toledo<\/FONT><\/P><br \/>\n<P align=center>&nbsp;<\/P><br \/>\n<TABLE id=table19 border=0 cellSpacing=0 cellPadding=0 width=769><br \/>\n<TBODY><br \/>\n<TR><br \/>\n<TD class=f13><FONT color=#ffffff>Helt nyt Oskar Emil, model Toledo med 18karat guldbel\u00e6gning.<BR>Kvalitet och design af h\u00f8jeste klasse.<BR><BR>Schweiziskt pr\u00e6cisions Quartzurv\u00e6rk <BR>Mother of pearl urskive<BR>8 \u00c6gte diamanter (single cut, 1mm, 0.4 karat, kvalitet I2) <BR>Safirglas<BR>Individuelt serienummer<\/FONT><br \/>\n<P>&nbsp;<\/P><br \/>\n<P><FONT color=#ffffff>Hele 5 \u00e5rs international garanti fra fabrikken<BR><BR>Leveres i eksklusiv gave\u00e6ske.<BR><\/FONT><\/P><\/TD><\/TR><\/TBODY><\/TABLE><br \/>\n<P><BR><\/P><br \/>\n<P><IMG data-recalc-dims=\"1\" src=\"https:\/\/i0.wp.com\/www.interware.dk\/picture_library\/Toledo.jpg?resize=800%2C531\" width=\"800\" height=\"531\"><br \/>\n<P>&nbsp;<\/P><\/TD><\/TR><\/TBODY><\/TABLE><\/p>\n","protected":false},"excerpt":{"rendered":"<p>&nbsp; &nbsp; &nbsp; &nbsp; &nbsp; Oskar Emil &#8211; Toledo &nbsp; Helt nyt Oskar Emil, model Toledo med 18karat guldbel\u00e6gning.Kvalitet och design af h\u00f8jeste klasse.Schweiziskt pr\u00e6cisions Quartzurv\u00e6rk Mother of pearl urskive8 \u00c6gte diamanter (single cut, 1mm, 0.4 karat, kvalitet I2) SafirglasIndividuelt serienummer &nbsp; Hele 5 \u00e5rs international garanti fra fabrikkenLeveres i eksklusiv gave\u00e6ske. &nbsp;<\/p>\n","protected":false},"featured_media":4739,"comment_status":"open","ping_status":"closed","template":"","meta":[],"pwb-brand":[],"product_brand":[],"product_cat":[84],"product_tag":[],"class_list":{"0":"post-3421","1":"product","2":"type-product","3":"status-publish","4":"has-post-thumbnail","6":"product_cat-oskar-emil-ure","7":"has-post-title","8":"has-post-date","9":"has-post-category","10":"has-post-tag","11":"has-post-comment","12":"has-post-author","13":"","15":"first","16":"instock","17":"taxable","18":"shipping-taxable","19":"purchasable","20":"product-type-simple"},"jetpack_sharing_enabled":true,"brands":[],"builder_content":"","_links":{"self":[{"href":"https:\/\/interware.dk\/RC\/wp-json\/wp\/v2\/product\/3421","targetHints":{"allow":["GET"]}}],"collection":[{"href":"https:\/\/interware.dk\/RC\/wp-json\/wp\/v2\/product"}],"about":[{"href":"https:\/\/interware.dk\/RC\/wp-json\/wp\/v2\/types\/product"}],"replies":[{"embeddable":true,"href":"https:\/\/interware.dk\/RC\/wp-json\/wp\/v2\/comments?post=3421"}],"wp:featuredmedia":[{"embeddable":true,"href":"https:\/\/interware.dk\/RC\/wp-json\/wp\/v2\/media\/4739"}],"wp:attachment":[{"href":"https:\/\/interware.dk\/RC\/wp-json\/wp\/v2\/media?parent=3421"}],"wp:term":[{"taxonomy":"pwb-brand","embeddable":true,"href":"https:\/\/interware.dk\/RC\/wp-json\/wp\/v2\/pwb-brand?post=3421"},{"taxonomy":"product_brand","embeddable":true,"href":"https:\/\/interware.dk\/RC\/wp-json\/wp\/v2\/product_brand?post=3421"},{"taxonomy":"product_cat","embeddable":true,"href":"https:\/\/interware.dk\/RC\/wp-json\/wp\/v2\/product_cat?post=3421"},{"taxonomy":"product_tag","embeddable":true,"href":"https:\/\/interware.dk\/RC\/wp-json\/wp\/v2\/product_tag?post=3421"}],"curies":[{"name":"wp","href":"https:\/\/api.w.org\/{rel}","templated":true}]}}