{"id":3419,"date":"2019-06-06T17:31:59","date_gmt":"2019-06-06T16:31:59","guid":{"rendered":"http:\/\/interware.dk\/fjernstyret\/vare\/bermuda-2\/"},"modified":"2020-07-02T09:18:37","modified_gmt":"2020-07-02T08:18:37","slug":"bermuda-2","status":"publish","type":"product","link":"https:\/\/interware.dk\/RC\/vare\/bermuda-2\/","title":{"rendered":"Bermuda"},"content":{"rendered":"<p><P><FONT color=#ffffff><FONT size=+0><FONT color=#ffffff><FONT size=+0><FONT color=#000000><FONT size=+0>&nbsp;<\/P><br \/>\n<P>&nbsp;<\/P><br \/>\n<P>&nbsp;<\/P><br \/>\n<P>&nbsp;<\/P><br \/>\n<P>&nbsp;&nbsp;<\/P><br \/>\n<P><BR><br \/>\n<META content=da http-equiv=Content-Language><\/FONT><\/FONT><\/FONT><\/FONT><\/FONT><\/FONT><br \/>\n<META name=GENERATOR content=\"Microsoft FrontPage 12.0\"><br \/>\n<META name=ProgId content=FrontPage.Editor.Document><br \/>\n<TABLE style=\"WIDTH: 100%; BORDER-COLLAPSE: collapse; HEIGHT: 1021px\" id=AutoNumber1 border=0 cellSpacing=0 cellPadding=0 width=\"100%\" bgColor=#000000><br \/>\n<TBODY><br \/>\n<TR><br \/>\n<TD height=1021 width=\"100%\"><br \/>\n<P align=center><FONT color=#ffffff size=6>Oskar Emil &#8211; Bermuda<\/FONT><\/P><br \/>\n<P align=center>&nbsp;<\/P><br \/>\n<P align=center>&nbsp;<\/P><br \/>\n<P align=center>&nbsp;<\/P><br \/>\n<TABLE id=Table17 border=0 cellSpacing=0 cellPadding=0 width=769><br \/>\n<TBODY><br \/>\n<TR><br \/>\n<TD class=f13><FONT color=#ffffff>Her har du et rigtigt luksus ur fra OSKAR EMIL, Bermuda<BR><BR>Det har: <BR>23 karat guldbel\u00e6gning<BR>Analogt pr\u00e6cisions Quartzurv\u00e6rk <BR>Creme farvet urskive<BR>Vandt\u00e6t til 100 meter <BR>H\u00e6rdet mineralglas<BR>Selvlysende visere <BR>Roterende skive <BR>Individuelt serienummer <BR>&nbsp;<\/FONT><br \/>\n<P><FONT color=#ffffff>Levereres i flot \u00e6ske. Perfekt som gave.<\/FONT><\/P><br \/>\n<P><FONT color=#ffffff>Hele 5 \u00e5rs international garanti fra fabrikken<\/FONT><\/P><\/TD><\/TR><\/TBODY><\/TABLE><br \/>\n<P><BR>&nbsp;<\/P><br \/>\n<P><IMG data-recalc-dims=\"1\" src=\"https:\/\/i0.wp.com\/www.interware.dk\/picture_library\/bermudagold.jpg?resize=640%2C378\" width=\"640\" height=\"378\"><\/P><\/TD><\/TR><\/TBODY><\/TABLE><\/P><\/p>\n","protected":false},"excerpt":{"rendered":"<p>&nbsp; &nbsp; &nbsp; &nbsp; &nbsp;&nbsp; Oskar Emil &#8211; Bermuda &nbsp; &nbsp; &nbsp; Her har du et rigtigt luksus ur fra OSKAR EMIL, BermudaDet har: 23 karat guldbel\u00e6gningAnalogt pr\u00e6cisions Quartzurv\u00e6rk Creme farvet urskiveVandt\u00e6t til 100 meter H\u00e6rdet mineralglasSelvlysende visere Roterende skive Individuelt serienummer &nbsp; Levereres i flot \u00e6ske. Perfekt som gave. Hele 5 \u00e5rs international garanti [&hellip;]<\/p>\n","protected":false},"featured_media":4737,"comment_status":"open","ping_status":"closed","template":"","meta":[],"pwb-brand":[],"product_brand":[],"product_cat":[84],"product_tag":[],"class_list":{"0":"post-3419","1":"product","2":"type-product","3":"status-publish","4":"has-post-thumbnail","6":"product_cat-oskar-emil-ure","7":"has-post-title","8":"has-post-date","9":"has-post-category","10":"has-post-tag","11":"has-post-comment","12":"has-post-author","13":"","15":"first","16":"instock","17":"taxable","18":"shipping-taxable","19":"purchasable","20":"product-type-simple"},"jetpack_sharing_enabled":true,"brands":[],"builder_content":"","_links":{"self":[{"href":"https:\/\/interware.dk\/RC\/wp-json\/wp\/v2\/product\/3419","targetHints":{"allow":["GET"]}}],"collection":[{"href":"https:\/\/interware.dk\/RC\/wp-json\/wp\/v2\/product"}],"about":[{"href":"https:\/\/interware.dk\/RC\/wp-json\/wp\/v2\/types\/product"}],"replies":[{"embeddable":true,"href":"https:\/\/interware.dk\/RC\/wp-json\/wp\/v2\/comments?post=3419"}],"wp:featuredmedia":[{"embeddable":true,"href":"https:\/\/interware.dk\/RC\/wp-json\/wp\/v2\/media\/4737"}],"wp:attachment":[{"href":"https:\/\/interware.dk\/RC\/wp-json\/wp\/v2\/media?parent=3419"}],"wp:term":[{"taxonomy":"pwb-brand","embeddable":true,"href":"https:\/\/interware.dk\/RC\/wp-json\/wp\/v2\/pwb-brand?post=3419"},{"taxonomy":"product_brand","embeddable":true,"href":"https:\/\/interware.dk\/RC\/wp-json\/wp\/v2\/product_brand?post=3419"},{"taxonomy":"product_cat","embeddable":true,"href":"https:\/\/interware.dk\/RC\/wp-json\/wp\/v2\/product_cat?post=3419"},{"taxonomy":"product_tag","embeddable":true,"href":"https:\/\/interware.dk\/RC\/wp-json\/wp\/v2\/product_tag?post=3419"}],"curies":[{"name":"wp","href":"https:\/\/api.w.org\/{rel}","templated":true}]}}