{"id":3404,"date":"2019-06-06T17:31:58","date_gmt":"2019-06-06T16:31:58","guid":{"rendered":"http:\/\/interware.dk\/fjernstyret\/vare\/krydskaervet-skruetraekker-i-hss-staal-og-alu-6mm\/"},"modified":"2020-07-02T09:20:06","modified_gmt":"2020-07-02T08:20:06","slug":"krydskaervet-skruetraekker-i-hss-staal-og-alu-6mm","status":"publish","type":"product","link":"https:\/\/interware.dk\/RC\/vare\/krydskaervet-skruetraekker-i-hss-staal-og-alu-6mm\/","title":{"rendered":"Krydsk\u00e6rvet skruetr\u00e6kker i HSS st\u00e5l og alu 6mm"},"content":{"rendered":"<p><P>&nbsp;<\/P><br \/>\n<P>&nbsp;<\/P><br \/>\n<P>L\u00e6kker og solid krydsk\u00e6rvet skruetr\u00e6kker til din rc&nbsp;st\u00f8rrelse 6mm<\/P><\/p>\n","protected":false},"excerpt":{"rendered":"<p>&nbsp; &nbsp; L\u00e6kker og solid krydsk\u00e6rvet skruetr\u00e6kker til din rc&nbsp;st\u00f8rrelse 6mm<\/p>\n","protected":false},"featured_media":4789,"comment_status":"open","ping_status":"closed","template":"","meta":[],"pwb-brand":[],"product_brand":[],"product_cat":[90],"product_tag":[],"class_list":{"0":"post-3404","1":"product","2":"type-product","3":"status-publish","4":"has-post-thumbnail","6":"product_cat-vaerktoej","7":"has-post-title","8":"has-post-date","9":"has-post-category","10":"has-post-tag","11":"has-post-comment","12":"has-post-author","13":"","15":"first","16":"instock","17":"taxable","18":"shipping-taxable","19":"purchasable","20":"product-type-simple"},"jetpack_sharing_enabled":true,"brands":[],"builder_content":"","_links":{"self":[{"href":"https:\/\/interware.dk\/RC\/wp-json\/wp\/v2\/product\/3404","targetHints":{"allow":["GET"]}}],"collection":[{"href":"https:\/\/interware.dk\/RC\/wp-json\/wp\/v2\/product"}],"about":[{"href":"https:\/\/interware.dk\/RC\/wp-json\/wp\/v2\/types\/product"}],"replies":[{"embeddable":true,"href":"https:\/\/interware.dk\/RC\/wp-json\/wp\/v2\/comments?post=3404"}],"wp:featuredmedia":[{"embeddable":true,"href":"https:\/\/interware.dk\/RC\/wp-json\/wp\/v2\/media\/4789"}],"wp:attachment":[{"href":"https:\/\/interware.dk\/RC\/wp-json\/wp\/v2\/media?parent=3404"}],"wp:term":[{"taxonomy":"pwb-brand","embeddable":true,"href":"https:\/\/interware.dk\/RC\/wp-json\/wp\/v2\/pwb-brand?post=3404"},{"taxonomy":"product_brand","embeddable":true,"href":"https:\/\/interware.dk\/RC\/wp-json\/wp\/v2\/product_brand?post=3404"},{"taxonomy":"product_cat","embeddable":true,"href":"https:\/\/interware.dk\/RC\/wp-json\/wp\/v2\/product_cat?post=3404"},{"taxonomy":"product_tag","embeddable":true,"href":"https:\/\/interware.dk\/RC\/wp-json\/wp\/v2\/product_tag?post=3404"}],"curies":[{"name":"wp","href":"https:\/\/api.w.org\/{rel}","templated":true}]}}