{"id":3290,"date":"2019-06-06T17:31:51","date_gmt":"2019-06-06T16:31:51","guid":{"rendered":"http:\/\/interware.dk\/fjernstyret\/vare\/24ghz-pistolfjernbetjening\/"},"modified":"2020-07-02T09:15:12","modified_gmt":"2020-07-02T08:15:12","slug":"24ghz-pistolfjernbetjening","status":"publish","type":"product","link":"https:\/\/interware.dk\/RC\/vare\/24ghz-pistolfjernbetjening\/","title":{"rendered":"2,4Ghz pistolfjernbetjening"},"content":{"rendered":"<p class=\"style1\">&#160;<\/p>\n<p class=\"style1\" align=\"center\">&#160;<\/p>\n<p class=\"style1\" align=\"center\"><font size=\"6\">2,4Ghz fjernbetjening<\/font><\/p>\n<p class=\"style2\" align=\"center\"><font size=\"4\">FS-GT2<\/font><\/p>\n<p class=\"style3\" align=\"center\"><font size=\"3\">Med det nye 2,4Ghz system beh\u00f8ver du ikke l\u00e6ngere at t\u00e6nke p\u00e5 hvilken frekvens du k\u00f8rer p\u00e5, eller hvilke krystaller du skal have. Du t\u00e6nder bare for systemet, og det finder selv en ledig frekvens, s\u00e5 du er klar til at k\u00f8re med det samme uden forstyrrelser.<\/font><\/p>\n<p class=\"style3\" align=\"center\"><font size=\"3\">Fjernbetjeningen er med 2 kanaler og udstyret med ladestik og DSC stik, s\u00e5 du med en usb adapter <span class=\"style4\">(ikke inkluderet)<\/span> kan koble fjernbetjeningen til computeren og spille bil simulator. Modtageren er p\u00e5 3 kanaler er med indbygget failsafe.<\/font><\/p>\n<p class=\"style2\" align=\"center\"><font size=\"3\"><strong>Specifikationer:<\/strong><\/font><\/p>\n<div class=\"style3\" align=\"center\"><font size=\"3\">Advarsel ved lav batteri<br \/>\nDSC stik<br \/>\nLade stik<br \/>\n8x AA batterier<br \/>\nV\u00e6gt 328g<br \/>\n<\/font><\/div>\n<p align=\"center\"><font size=\"3\">Engelsk manual medf\u00f8lger.&#160;<\/font><\/p>\n<p class=\"style3\" align=\"center\"><img data-recalc-dims=\"1\" loading=\"lazy\" decoding=\"async\" style=\"width: 312px; height: 513px\" width=\"350\" height=\"535\" alt=\"\" src=\"https:\/\/i0.wp.com\/www.interware.dk\/picture_library\/fsgt2buttons.jpg?resize=350%2C535\" \/><img data-recalc-dims=\"1\" loading=\"lazy\" decoding=\"async\" width=\"400\" height=\"335\" alt=\"\" src=\"https:\/\/i0.wp.com\/www.interware.dk\/picture_library\/fsgt2receiver.jpg?resize=400%2C335\" \/><\/p>\n<p class=\"style3\" align=\"center\">&#160;<\/p>\n<p class=\"style3\">&#160;<\/p>\n<p class=\"style3\" align=\"center\">&#160;<\/p>\n","protected":false},"excerpt":{"rendered":"<p>&#160; &#160; 2,4Ghz fjernbetjening FS-GT2 Med det nye 2,4Ghz system beh\u00f8ver du ikke l\u00e6ngere at t\u00e6nke p\u00e5 hvilken frekvens du k\u00f8rer p\u00e5, eller hvilke krystaller du skal have. Du t\u00e6nder bare for systemet, og det finder selv en ledig frekvens, s\u00e5 du er klar til at k\u00f8re med det samme uden forstyrrelser. Fjernbetjeningen er med [&hellip;]<\/p>\n","protected":false},"featured_media":4698,"comment_status":"open","ping_status":"closed","template":"","meta":[],"pwb-brand":[],"product_brand":[],"product_cat":[64],"product_tag":[],"class_list":{"0":"post-3290","1":"product","2":"type-product","3":"status-publish","4":"has-post-thumbnail","6":"product_cat-tilbehoer-2","7":"has-post-title","8":"has-post-date","9":"has-post-category","10":"has-post-tag","11":"has-post-comment","12":"has-post-author","13":"","15":"first","16":"outofstock","17":"taxable","18":"shipping-taxable","19":"purchasable","20":"product-type-simple"},"jetpack_sharing_enabled":true,"brands":[],"builder_content":"","_links":{"self":[{"href":"https:\/\/interware.dk\/RC\/wp-json\/wp\/v2\/product\/3290","targetHints":{"allow":["GET"]}}],"collection":[{"href":"https:\/\/interware.dk\/RC\/wp-json\/wp\/v2\/product"}],"about":[{"href":"https:\/\/interware.dk\/RC\/wp-json\/wp\/v2\/types\/product"}],"replies":[{"embeddable":true,"href":"https:\/\/interware.dk\/RC\/wp-json\/wp\/v2\/comments?post=3290"}],"wp:featuredmedia":[{"embeddable":true,"href":"https:\/\/interware.dk\/RC\/wp-json\/wp\/v2\/media\/4698"}],"wp:attachment":[{"href":"https:\/\/interware.dk\/RC\/wp-json\/wp\/v2\/media?parent=3290"}],"wp:term":[{"taxonomy":"pwb-brand","embeddable":true,"href":"https:\/\/interware.dk\/RC\/wp-json\/wp\/v2\/pwb-brand?post=3290"},{"taxonomy":"product_brand","embeddable":true,"href":"https:\/\/interware.dk\/RC\/wp-json\/wp\/v2\/product_brand?post=3290"},{"taxonomy":"product_cat","embeddable":true,"href":"https:\/\/interware.dk\/RC\/wp-json\/wp\/v2\/product_cat?post=3290"},{"taxonomy":"product_tag","embeddable":true,"href":"https:\/\/interware.dk\/RC\/wp-json\/wp\/v2\/product_tag?post=3290"}],"curies":[{"name":"wp","href":"https:\/\/api.w.org\/{rel}","templated":true}]}}