{"id":3134,"date":"2019-06-06T17:31:41","date_gmt":"2019-06-06T16:31:41","guid":{"rendered":"http:\/\/interware.dk\/fjernstyret\/vare\/boxer\/"},"modified":"2024-06-22T12:08:28","modified_gmt":"2024-06-22T11:08:28","slug":"boxer","status":"publish","type":"product","link":"https:\/\/interware.dk\/RC\/vare\/boxer\/","title":{"rendered":"Boxer"},"content":{"rendered":"<p>&nbsp;<\/p>\n<p>&nbsp;<\/p>\n<p>&nbsp;<\/p>\n<p>&nbsp;<\/p>\n<p>&nbsp;<\/p>\n<p>&nbsp;<\/p>\n<p align=\"center\"><span style=\"font-size: xx-large;\">Boxer<\/span><\/p>\n<p align=\"center\"><span style=\"font-size: large;\">1\/5 28cc Benzin Truggy<\/span><\/p>\n<p align=\"center\">\n<p align=\"center\"><img data-recalc-dims=\"1\" loading=\"lazy\" decoding=\"async\" src=\"https:\/\/i0.wp.com\/www.interware.dk\/picture_library\/Boxerfront.jpg?resize=800%2C414\" alt=\"\" width=\"800\" height=\"414\" \/><\/p>\n<p align=\"center\">\n<p align=\"center\">Efter at Titan beviste sin store popularitet, var det en selvf\u00f8lge at bygge en Truggy p\u00e5 samme platform. Den truggy er nu kommet til Danmark og hedder Boxer.\u00a0Boxer har som sin bror den kraftige 28cc benzin motor, og er 4-hjulstrukket. De samme kraftige st\u00f8dd\u00e6mpere, s\u00f8rger for at Boxer har et perfekt vejgreb, om du enten v\u00e6lger at k\u00f8re p\u00e5 asfalt eller g\u00e5 offroad. Boxer har 2 kraftige 15kg servoer, s\u00e5 du altid har kontrol over den voldsomme model. Ligesom sin bror Titan, har man brugt solide materialer hele vejen rundt, s\u00e5 du virkelig f\u00e5r kvalitet f\u00e5r pengene. Boxer har ogs\u00e5 indbygget failsafe.<\/p>\n<p class=\"style2\" align=\"center\">\n<p class=\"style2\" align=\"center\">Specifikationer<\/p>\n<p align=\"center\">L\u00e6ngde: 700mm<br \/>\nBredde: 510mm<br \/>\nH\u00f8jde: 286mm<br \/>\nFrih\u00f8jde 40mm<br \/>\nGear ratio 11.4:1<br \/>\nHjul bredde: 80mm<br \/>\nHjul diameter: 172mm<br \/>\n4WD<br \/>\nMotor SMT 28cc<br \/>\nV\u00e6gt: 12000g<br \/>\nTopfart ca. 80km\/t\n<\/p>\n<p align=\"center\">\n<p align=\"center\"><img data-recalc-dims=\"1\" loading=\"lazy\" decoding=\"async\" src=\"https:\/\/i0.wp.com\/www.interware.dk\/picture_library\/Boxerside.jpg?resize=800%2C365\" alt=\"\" width=\"800\" height=\"365\" \/><\/p>\n<p align=\"center\">\n<p align=\"center\">Modellen kommer k\u00f8reklar, du mangler kun br\u00e6ndstof, <a href=\"http:\/\/interware.dk\/catalog\/product_info.php?products_id=2252\"><u><span style=\"color: #800080;\">6v batteri<\/span><\/u><\/a> til modellen og 8 AA batterier til senderen.<\/p>\n<p align=\"center\">\n<p align=\"center\"><img data-recalc-dims=\"1\" loading=\"lazy\" decoding=\"async\" src=\"https:\/\/i0.wp.com\/www.interware.dk\/picture_library\/Boxergear.jpg?resize=350%2C325\" alt=\"\" width=\"350\" height=\"325\" \/> <img data-recalc-dims=\"1\" loading=\"lazy\" decoding=\"async\" src=\"https:\/\/i0.wp.com\/www.interware.dk\/picture_library\/boxerengine.jpg?resize=400%2C320\" alt=\"\" width=\"400\" height=\"320\" \/><\/p>\n<p align=\"center\"><img data-recalc-dims=\"1\" loading=\"lazy\" decoding=\"async\" src=\"https:\/\/i0.wp.com\/www.interware.dk\/picture_library\/Boxerdampers.jpg?resize=390%2C234\" alt=\"\" width=\"390\" height=\"234\" \/> <img data-recalc-dims=\"1\" loading=\"lazy\" decoding=\"async\" src=\"https:\/\/i0.wp.com\/www.interware.dk\/picture_library\/Boxerfrontservo.jpg?resize=350%2C237\" alt=\"\" width=\"350\" height=\"237\" \/><\/p>\n<p align=\"center\">\n<p align=\"center\">\n<p align=\"center\">\n<p align=\"center\"><img data-recalc-dims=\"1\" loading=\"lazy\" decoding=\"async\" src=\"https:\/\/i0.wp.com\/www.interware.dk\/picture_library\/Boxerback.jpg?resize=800%2C375\" alt=\"\" width=\"800\" height=\"375\" \/><\/p>\n<p align=\"center\">\n<p class=\"style2\" align=\"center\"><u>Husk at en ny motor altid skal k\u00f8res til inden brug.<\/u><\/p>\n<p align=\"center\">\n<p align=\"center\">\n<!--themify_builder_content-->\n<div id=\"themify_builder_content-3134\" data-postid=\"3134\" class=\"themify_builder_content themify_builder_content-3134 themify_builder tf_clear\">\n    <\/div>\n<!--\/themify_builder_content-->\n","protected":false},"excerpt":{"rendered":"<p>&nbsp; &nbsp; &nbsp; &nbsp; &nbsp; &nbsp; Boxer 1\/5 28cc Benzin Truggy Efter at Titan beviste sin store popularitet, var det en selvf\u00f8lge at bygge en Truggy p\u00e5 samme platform. Den truggy er nu kommet til Danmark og hedder Boxer.\u00a0Boxer har som sin bror den kraftige 28cc benzin motor, og er 4-hjulstrukket. De samme kraftige st\u00f8dd\u00e6mpere, [&hellip;]<\/p>\n","protected":false},"featured_media":14708,"comment_status":"open","ping_status":"closed","template":"","meta":[],"pwb-brand":[],"product_brand":[],"product_cat":[73],"product_tag":[],"class_list":{"0":"post-3134","1":"product","2":"type-product","3":"status-publish","4":"has-post-thumbnail","6":"product_cat-1-5-biler","7":"has-post-title","8":"has-post-date","9":"has-post-category","10":"has-post-tag","11":"has-post-comment","12":"has-post-author","13":"","15":"first","16":"outofstock","17":"taxable","18":"shipping-taxable","19":"purchasable","20":"product-type-simple"},"jetpack_sharing_enabled":true,"brands":[],"builder_content":"","_links":{"self":[{"href":"https:\/\/interware.dk\/RC\/wp-json\/wp\/v2\/product\/3134","targetHints":{"allow":["GET"]}}],"collection":[{"href":"https:\/\/interware.dk\/RC\/wp-json\/wp\/v2\/product"}],"about":[{"href":"https:\/\/interware.dk\/RC\/wp-json\/wp\/v2\/types\/product"}],"replies":[{"embeddable":true,"href":"https:\/\/interware.dk\/RC\/wp-json\/wp\/v2\/comments?post=3134"}],"wp:featuredmedia":[{"embeddable":true,"href":"https:\/\/interware.dk\/RC\/wp-json\/wp\/v2\/media\/14708"}],"wp:attachment":[{"href":"https:\/\/interware.dk\/RC\/wp-json\/wp\/v2\/media?parent=3134"}],"wp:term":[{"taxonomy":"pwb-brand","embeddable":true,"href":"https:\/\/interware.dk\/RC\/wp-json\/wp\/v2\/pwb-brand?post=3134"},{"taxonomy":"product_brand","embeddable":true,"href":"https:\/\/interware.dk\/RC\/wp-json\/wp\/v2\/product_brand?post=3134"},{"taxonomy":"product_cat","embeddable":true,"href":"https:\/\/interware.dk\/RC\/wp-json\/wp\/v2\/product_cat?post=3134"},{"taxonomy":"product_tag","embeddable":true,"href":"https:\/\/interware.dk\/RC\/wp-json\/wp\/v2\/product_tag?post=3134"}],"curies":[{"name":"wp","href":"https:\/\/api.w.org\/{rel}","templated":true}]}}