{"id":3088,"date":"2019-06-06T17:31:38","date_gmt":"2019-06-06T16:31:38","guid":{"rendered":"http:\/\/interware.dk\/fjernstyret\/vare\/faelge-m-daek-til-1-8-buggy-2\/"},"modified":"2019-06-14T21:10:57","modified_gmt":"2019-06-14T19:10:57","slug":"faelge-m-daek-til-1-8-buggy-2","status":"publish","type":"product","link":"https:\/\/interware.dk\/RC\/vare\/faelge-m-daek-til-1-8-buggy-2\/","title":{"rendered":"F\u00e6lge m. d\u00e6k til 1\/8 Buggy"},"content":{"rendered":"<p style=\"margin: 0cm 0cm 0pt; color: black; mso-margin-top-alt: auto; mso-margin-bottom-alt: auto; mso-list: l0 level1 lfo1; tab-stops: list 36.0pt\" class=\"MsoNormal\"><span style=\"font-family: 'Verdana','sans-serif'; color: black; font-size: 12pt; mso-fareast-font-family: 'Times New Roman'; mso-bidi-font-family: 'Times New Roman'; mso-fareast-language: DA\"><o:p><\/o:p><\/span>&#160;<\/p>\n<p style=\"margin: 0cm 0cm 0pt; color: black; mso-margin-top-alt: auto; mso-margin-bottom-alt: auto; mso-list: l0 level1 lfo1; tab-stops: list 36.0pt\" class=\"MsoNormal\"><span style=\"font-family: 'Verdana','sans-serif'; color: black; font-size: 12pt; mso-fareast-font-family: 'Times New Roman'; mso-bidi-font-family: 'Times New Roman'; mso-fareast-language: DA\"><o:p><\/o:p><\/span>&#160;<\/p>\n<p style=\"margin: 0cm 0cm 0pt; color: black; mso-margin-top-alt: auto; mso-margin-bottom-alt: auto; mso-list: l0 level1 lfo1; tab-stops: list 36.0pt\" class=\"MsoNormal\"><span style=\"font-family: 'Verdana','sans-serif'; color: black; font-size: 12pt; mso-fareast-font-family: 'Times New Roman'; mso-bidi-font-family: 'Times New Roman'; mso-fareast-language: DA\"><o:p><\/o:p><\/span>&#160;<\/p>\n<p style=\"margin: 0cm 0cm 0pt; color: black; mso-margin-top-alt: auto; mso-margin-bottom-alt: auto; mso-list: l0 level1 lfo1; tab-stops: list 36.0pt\" class=\"MsoNormal\"><span style=\"font-family: 'Verdana','sans-serif'; color: black; font-size: 12pt; mso-fareast-font-family: 'Times New Roman'; mso-bidi-font-family: 'Times New Roman'; mso-fareast-language: DA\"><o:p><\/o:p><\/span>&#160;<\/p>\n<p style=\"margin: 0cm 0cm 0pt; color: black; mso-margin-top-alt: auto; mso-margin-bottom-alt: auto; mso-list: l0 level1 lfo1; tab-stops: list 36.0pt\" class=\"MsoNormal\"><span style=\"font-family: 'Verdana','sans-serif'; color: black; font-size: 12pt; mso-fareast-font-family: 'Times New Roman'; mso-bidi-font-family: 'Times New Roman'; mso-fareast-language: DA\"><o:p><\/o:p><\/span>&#160;<\/p>\n<p><span style=\"font-family: 'Verdana','sans-serif'; color: black; font-size: 12pt; mso-fareast-font-family: 'Times New Roman'; mso-bidi-font-family: 'Times New Roman'; mso-fareast-language: DA\"><o:p><\/p>\n<ul type=\"disc\">\n<li style=\"margin: 0cm 0cm 0pt; color: black; mso-margin-top-alt: auto; mso-margin-bottom-alt: auto; mso-list: l0 level1 lfo1; tab-stops: list 36.0pt\" class=\"MsoNormal\"><span style=\"font-family: 'Verdana','sans-serif'; font-size: 12pt; mso-fareast-font-family: 'Times New Roman'; mso-bidi-font-family: 'Times New Roman'; mso-fareast-language: DA\">F\u00e6lge i&#160;gul<\/span><\/li>\n<li style=\"margin: 0cm 0cm 0pt; color: black; mso-margin-top-alt: auto; mso-margin-bottom-alt: auto; mso-list: l0 level1 lfo1; tab-stops: list 36.0pt\" class=\"MsoNormal\"><span style=\"font-family: 'Verdana','sans-serif'; font-size: 12pt; mso-fareast-font-family: 'Times New Roman'; mso-bidi-font-family: 'Times New Roman'; mso-fareast-language: DA\">Passer 1\/8 Buggy<\/span><\/li>\n<li style=\"margin: 0cm 0cm 0pt; color: black; mso-margin-top-alt: auto; mso-margin-bottom-alt: auto; mso-list: l0 level1 lfo1; tab-stops: list 36.0pt\" class=\"MsoNormal\"><span style=\"font-family: 'Verdana','sans-serif'; font-size: 12pt; mso-fareast-font-family: 'Times New Roman'; mso-bidi-font-family: 'Times New Roman'; mso-fareast-language: DA\">F\u00e6lg Bredde 40mm<\/span><span style=\"font-family: 'Verdana','sans-serif'; font-size: 10pt; mso-fareast-font-family: 'Times New Roman'; mso-bidi-font-family: 'Times New Roman'; mso-fareast-language: DA\"><o:p><\/o:p><\/span><\/li>\n<li style=\"margin: 0cm 0cm 0pt; color: black; mso-margin-top-alt: auto; mso-margin-bottom-alt: auto; mso-list: l0 level1 lfo1; tab-stops: list 36.0pt\" class=\"MsoNormal\"><span style=\"font-family: 'Verdana','sans-serif'; font-size: 12pt; mso-fareast-font-family: 'Times New Roman'; mso-bidi-font-family: 'Times New Roman'; mso-fareast-language: DA\">F\u00e6lg Diameter 87mm<\/span><\/li>\n<li style=\"margin: 0cm 0cm 0pt; color: black; mso-margin-top-alt: auto; mso-margin-bottom-alt: auto; mso-list: l0 level1 lfo1; tab-stops: list 36.0pt\" class=\"MsoNormal\"><span style=\"font-family: 'Verdana','sans-serif'; font-size: 12pt; mso-fareast-font-family: 'Times New Roman'; mso-bidi-font-family: 'Times New Roman'; mso-fareast-language: DA\">D\u00e6k Bredde 44mm<\/span><\/li>\n<li style=\"margin: 0cm 0cm 0pt; color: black; mso-margin-top-alt: auto; mso-margin-bottom-alt: auto; mso-list: l0 level1 lfo1; tab-stops: list 36.0pt\" class=\"MsoNormal\"><span style=\"font-family: 'Verdana','sans-serif'; font-size: 12pt; mso-fareast-font-family: 'Times New Roman'; mso-bidi-font-family: 'Times New Roman'; mso-fareast-language: DA\">D\u00e6k Diameter 112mm<\/span><\/li>\n<li style=\"margin: 0cm 0cm 0pt; color: black; mso-margin-top-alt: auto; mso-margin-bottom-alt: auto; mso-list: l0 level1 lfo1; tab-stops: list 36.0pt\" class=\"MsoNormal\"><span style=\"font-family: 'Verdana','sans-serif'; font-size: 12pt; mso-fareast-font-family: 'Times New Roman'; mso-bidi-font-family: 'Times New Roman'; mso-fareast-language: DA\">17mm hex<\/span><span style=\"font-family: 'Verdana','sans-serif'; font-size: 10pt; mso-fareast-font-family: 'Times New Roman'; mso-bidi-font-family: 'Times New Roman'; mso-fareast-language: DA\"><o:p><\/o:p><\/span><\/li>\n<li style=\"margin: 0cm 0cm 0pt; color: black; mso-margin-top-alt: auto; mso-margin-bottom-alt: auto; mso-list: l0 level1 lfo1; tab-stops: list 36.0pt\" class=\"MsoNormal\"><span style=\"font-family: 'Verdana','sans-serif'; font-size: 12pt; mso-fareast-font-family: 'Times New Roman'; mso-bidi-font-family: 'Times New Roman'; mso-fareast-language: DA\">2 stk<\/span><span style=\"font-family: 'Verdana','sans-serif'; font-size: 10pt; mso-fareast-font-family: 'Times New Roman'; mso-bidi-font-family: 'Times New Roman'; mso-fareast-language: DA\"><o:p><\/o:p><\/span><\/li>\n<\/ul>\n<p style=\"margin: 0cm 0cm 0pt; mso-margin-top-alt: auto; mso-margin-bottom-alt: auto\" class=\"MsoNormal\"><span style=\"font-family: 'Verdana','sans-serif'; color: black; font-size: 12pt; mso-fareast-font-family: 'Times New Roman'; mso-bidi-font-family: 'Times New Roman'; mso-fareast-language: DA\"><o:p>&#160;<\/o:p><\/span><\/p>\n<p><\/o:p><\/span><\/p>\n","protected":false},"excerpt":{"rendered":"<p>&#160; &#160; &#160; &#160; &#160; F\u00e6lge i&#160;gul Passer 1\/8 Buggy F\u00e6lg Bredde 40mm F\u00e6lg Diameter 87mm D\u00e6k Bredde 44mm D\u00e6k Diameter 112mm 17mm hex 2 stk &#160;<\/p>\n","protected":false},"featured_media":6457,"comment_status":"open","ping_status":"closed","template":"","meta":[],"pwb-brand":[],"product_brand":[],"product_cat":[140],"product_tag":[],"class_list":{"0":"post-3088","1":"product","2":"type-product","3":"status-publish","4":"has-post-thumbnail","6":"product_cat-daek-og-faelge","7":"has-post-title","8":"has-post-date","9":"has-post-category","10":"has-post-tag","11":"has-post-comment","12":"has-post-author","13":"","15":"first","16":"instock","17":"taxable","18":"shipping-taxable","19":"purchasable","20":"product-type-simple"},"jetpack_sharing_enabled":true,"brands":[],"builder_content":"","_links":{"self":[{"href":"https:\/\/interware.dk\/RC\/wp-json\/wp\/v2\/product\/3088","targetHints":{"allow":["GET"]}}],"collection":[{"href":"https:\/\/interware.dk\/RC\/wp-json\/wp\/v2\/product"}],"about":[{"href":"https:\/\/interware.dk\/RC\/wp-json\/wp\/v2\/types\/product"}],"replies":[{"embeddable":true,"href":"https:\/\/interware.dk\/RC\/wp-json\/wp\/v2\/comments?post=3088"}],"wp:featuredmedia":[{"embeddable":true,"href":"https:\/\/interware.dk\/RC\/wp-json\/wp\/v2\/media\/6457"}],"wp:attachment":[{"href":"https:\/\/interware.dk\/RC\/wp-json\/wp\/v2\/media?parent=3088"}],"wp:term":[{"taxonomy":"pwb-brand","embeddable":true,"href":"https:\/\/interware.dk\/RC\/wp-json\/wp\/v2\/pwb-brand?post=3088"},{"taxonomy":"product_brand","embeddable":true,"href":"https:\/\/interware.dk\/RC\/wp-json\/wp\/v2\/product_brand?post=3088"},{"taxonomy":"product_cat","embeddable":true,"href":"https:\/\/interware.dk\/RC\/wp-json\/wp\/v2\/product_cat?post=3088"},{"taxonomy":"product_tag","embeddable":true,"href":"https:\/\/interware.dk\/RC\/wp-json\/wp\/v2\/product_tag?post=3088"}],"curies":[{"name":"wp","href":"https:\/\/api.w.org\/{rel}","templated":true}]}}