{"id":3084,"date":"2019-06-06T17:31:38","date_gmt":"2019-06-06T16:31:38","guid":{"rendered":"http:\/\/interware.dk\/fjernstyret\/vare\/1-32-land-honour\/"},"modified":"2020-07-02T09:20:43","modified_gmt":"2020-07-02T08:20:43","slug":"1-32-land-honour","status":"publish","type":"product","link":"https:\/\/interware.dk\/RC\/vare\/1-32-land-honour\/","title":{"rendered":"1\/32 Land Honour"},"content":{"rendered":"<p>&nbsp;<\/p>\n<p>&nbsp;<\/p>\n<p>En rigtig sjov lille model til de unge. Kan k\u00f8re frem og tilbage, og naturligvis dreje til h\u00f8jre og venstre. Er udstyret med fjeder oph\u00e6ng, s\u00e5 den kan k\u00f8re over sm\u00e5 forhindrer og klare lidt offroad. Modellen bruger 4AA batterier og et 9V batteri til fjernbetjeningen.<\/p>\n<p>&nbsp;<\/p>\n<p class=\"MsoNormal\" style=\"margin: 0cm 0cm 0pt;\"><span style=\"mso-ascii-font-family: Calibri; mso-hansi-font-family: Calibri;\"><span style=\"font-size: medium;\">L\u00e6ngde: 170mm<!--?xml:namespace prefix = o \/--><\/span><\/span><\/p>\n<p class=\"MsoNormal\" style=\"margin: 0cm 0cm 0pt;\"><span style=\"mso-ascii-font-family: Calibri; mso-hansi-font-family: Calibri;\"><span style=\"font-size: medium;\">Bredde: 132mm<\/span><\/span><\/p>\n<p class=\"MsoNormal\" style=\"margin: 0cm 0cm 0pt;\"><span style=\"mso-ascii-font-family: Calibri; mso-hansi-font-family: Calibri;\"><span style=\"font-size: medium;\">H\u00f8jde: 105mm<\/span><\/span><\/p>\n<p>&nbsp;<\/p>\n<p>Pakken indeholder model og fjernbetjening.<\/p>\n<p align=\"left\"><img data-recalc-dims=\"1\" loading=\"lazy\" decoding=\"async\" src=\"https:\/\/i0.wp.com\/www.interware.dk\/picture_library\/landhonourside.jpg?resize=400%2C304\" alt=\"\" width=\"400\" height=\"304\" \/><img data-recalc-dims=\"1\" loading=\"lazy\" decoding=\"async\" src=\"https:\/\/i0.wp.com\/www.interware.dk\/picture_library\/landhonourback.jpg?resize=400%2C312\" alt=\"\" width=\"400\" height=\"312\" \/><\/p>\n<p class=\"style1\" align=\"center\"><img data-recalc-dims=\"1\" loading=\"lazy\" decoding=\"async\" src=\"https:\/\/i0.wp.com\/www.interware.dk\/picture_library\/cycloneremote.jpg?resize=200%2C278\" alt=\"\" width=\"200\" height=\"278\" \/><\/p>\n<p class=\"style1\">\n<!--themify_builder_content-->\n<div id=\"themify_builder_content-3084\" data-postid=\"3084\" class=\"themify_builder_content themify_builder_content-3084 themify_builder tf_clear\">\n    <\/div>\n<!--\/themify_builder_content-->\n","protected":false},"excerpt":{"rendered":"<p>&nbsp; &nbsp; En rigtig sjov lille model til de unge. Kan k\u00f8re frem og tilbage, og naturligvis dreje til h\u00f8jre og venstre. Er udstyret med fjeder oph\u00e6ng, s\u00e5 den kan k\u00f8re over sm\u00e5 forhindrer og klare lidt offroad. Modellen bruger 4AA batterier og et 9V batteri til fjernbetjeningen. &nbsp; L\u00e6ngde: 170mm Bredde: 132mm H\u00f8jde: 105mm [&hellip;]<\/p>\n","protected":false},"featured_media":4651,"comment_status":"open","ping_status":"closed","template":"","meta":[],"pwb-brand":[],"product_brand":[],"product_cat":[87],"product_tag":[],"class_list":{"0":"post-3084","1":"product","2":"type-product","3":"status-publish","4":"has-post-thumbnail","6":"product_cat-fjernstyret-rc-sjov-gaveideer","7":"has-post-title","8":"has-post-date","9":"has-post-category","10":"has-post-tag","11":"has-post-comment","12":"has-post-author","13":"","15":"first","16":"instock","17":"taxable","18":"shipping-taxable","19":"purchasable","20":"product-type-simple"},"jetpack_sharing_enabled":true,"brands":[],"builder_content":"","_links":{"self":[{"href":"https:\/\/interware.dk\/RC\/wp-json\/wp\/v2\/product\/3084","targetHints":{"allow":["GET"]}}],"collection":[{"href":"https:\/\/interware.dk\/RC\/wp-json\/wp\/v2\/product"}],"about":[{"href":"https:\/\/interware.dk\/RC\/wp-json\/wp\/v2\/types\/product"}],"replies":[{"embeddable":true,"href":"https:\/\/interware.dk\/RC\/wp-json\/wp\/v2\/comments?post=3084"}],"wp:featuredmedia":[{"embeddable":true,"href":"https:\/\/interware.dk\/RC\/wp-json\/wp\/v2\/media\/4651"}],"wp:attachment":[{"href":"https:\/\/interware.dk\/RC\/wp-json\/wp\/v2\/media?parent=3084"}],"wp:term":[{"taxonomy":"pwb-brand","embeddable":true,"href":"https:\/\/interware.dk\/RC\/wp-json\/wp\/v2\/pwb-brand?post=3084"},{"taxonomy":"product_brand","embeddable":true,"href":"https:\/\/interware.dk\/RC\/wp-json\/wp\/v2\/product_brand?post=3084"},{"taxonomy":"product_cat","embeddable":true,"href":"https:\/\/interware.dk\/RC\/wp-json\/wp\/v2\/product_cat?post=3084"},{"taxonomy":"product_tag","embeddable":true,"href":"https:\/\/interware.dk\/RC\/wp-json\/wp\/v2\/product_tag?post=3084"}],"curies":[{"name":"wp","href":"https:\/\/api.w.org\/{rel}","templated":true}]}}