{"id":3079,"date":"2019-06-06T17:31:37","date_gmt":"2019-06-06T16:31:37","guid":{"rendered":"http:\/\/interware.dk\/fjernstyret\/vare\/titan\/"},"modified":"2023-03-21T01:17:19","modified_gmt":"2023-03-21T00:17:19","slug":"titan","status":"publish","type":"product","link":"https:\/\/interware.dk\/RC\/vare\/titan\/","title":{"rendered":"Titan"},"content":{"rendered":"<p style=\"text-align: center;\">\n<p style=\"text-align: center;\">\n<p style=\"text-align: center;\">\n<p style=\"text-align: center;\"><span style=\"font-size: 20px;\">Titan<\/span><\/p>\n<p style=\"text-align: center;\">1\/5 28cc Benzin Monster truck<\/p>\n<p style=\"text-align: center;\">\n<p style=\"text-align: center;\"><img data-recalc-dims=\"1\" decoding=\"async\" style=\"height: 305px; width: 500px;\" src=\"https:\/\/i0.wp.com\/www.interware.dk\/picture_library\/053410corner.jpg?w=1165\" alt=\"\" \/><\/p>\n<p style=\"text-align: center;\">\n<p style=\"text-align: center;\">Titan er topmodellen fra Smartech. En stor og st\u00e6rk 28cc motor, kraftige st\u00f8dd\u00e6mpere, firehjulstr\u00e6k, st\u00e6rke og holdbare tandhjul og differentialer, forkromede hjul i mega st\u00f8rrelse, er bare nogle f\u00e5 eksempler p\u00e5 kvaliteten og elegancen, der er lagt i Titan. Ingen udfordring er for stor for Titan, og vennerne vil kigge en ekstra gang, n\u00e5r den kommer rullende forbi. Den store benzin k\u00e6mpe kan komme frem stort set alle steder, med sit 4 hjulstr\u00e6k og h\u00f8jtydende 28cc motor. De store brede d\u00e6k, vil give dig fantastisk greb p\u00e5 alle overflader, og den f\u00f8lsomme 15kg servo, vil hele tiden s\u00f8rge for at du har kontrol over modellen. Skulle du k\u00f8re for langt vil den indbyggede failsafe, s\u00f8rge for at bremse modellen, inden det g\u00e5r galt.<\/p>\n<p style=\"text-align: center;\">\n<p style=\"text-align: center;\"><strong>Specifikationer<\/strong><\/p>\n<p style=\"text-align: center;\">L\u00e6ngde: 750mm<br \/>\nBredde: 400mm<br \/>\nH\u00f8jde: 300mm<br \/>\nFrih\u00f8jde 55mm<br \/>\nGear ratio 11.4:1<br \/>\nHjul bredde: 108mm<br \/>\nHjul diameter: 200mm<br \/>\n4WD<br \/>\nMotor SMT 28cc<br \/>\nV\u00e6gt: 12400g<br \/>\nTopfart ca. 80km\/t<\/p>\n<p style=\"text-align: center;\">\n<p style=\"text-align: center;\">\n<p style=\"text-align: center;\"><img data-recalc-dims=\"1\" decoding=\"async\" style=\"height: 249px; width: 500px;\" src=\"https:\/\/i0.wp.com\/www.interware.dk\/picture_library\/053410side.jpg?w=1165\" alt=\"\" \/><\/p>\n<p style=\"text-align: center;\">\n<p style=\"text-align: center;\">Modellen kommer k\u00f8reklar, du mangler kun br\u00e6ndstof, <a href=\"http:\/\/interware.dk\/RC\/product_info.php?products_id=2252\"><u>6v batteri<\/u><\/a> til modellen og 8 AA batterier til senderen.<\/p>\n<p style=\"text-align: center;\">\n<p style=\"text-align: center;\"><img data-recalc-dims=\"1\" decoding=\"async\" style=\"height: 318px; width: 350px;\" src=\"https:\/\/i0.wp.com\/www.interware.dk\/picture_library\/053410dampers.jpg?w=1165\" alt=\"\" \/> <img data-recalc-dims=\"1\" decoding=\"async\" class=\"style3\" style=\"height: 314px; width: 360px;\" src=\"https:\/\/i0.wp.com\/www.interware.dk\/picture_library\/053410exhaust.jpg?w=1165\" alt=\"\" \/><\/p>\n<p style=\"text-align: center;\"><img data-recalc-dims=\"1\" decoding=\"async\" style=\"height: 287px; width: 345px;\" src=\"https:\/\/i0.wp.com\/www.interware.dk\/picture_library\/053410gears.jpg?w=1165\" alt=\"\" \/> <img data-recalc-dims=\"1\" decoding=\"async\" style=\"height: 286px; width: 370px;\" src=\"https:\/\/i0.wp.com\/www.interware.dk\/picture_library\/053410servosaver.jpg?w=1165\" alt=\"\" \/><\/p>\n<p style=\"text-align: center;\">\n<p style=\"text-align: center;\"><img data-recalc-dims=\"1\" decoding=\"async\" style=\"height: 386px; width: 500px;\" src=\"https:\/\/i0.wp.com\/www.interware.dk\/picture_library\/053410engine.jpg?w=1165\" alt=\"\" \/><\/p>\n<p style=\"text-align: center;\">\n<p style=\"text-align: center;\"><img data-recalc-dims=\"1\" decoding=\"async\" style=\"height: 309px; width: 500px;\" src=\"https:\/\/i0.wp.com\/www.interware.dk\/picture_library\/053410back.jpg?w=1165\" alt=\"\" \/><\/p>\n<p style=\"text-align: center;\">\n<p style=\"text-align: center;\"><u>Husk at en ny motor altid skal k\u00f8res til inden brug.<\/u><\/p>\n<p style=\"text-align: center;\">\n<p>&nbsp;<\/p>\n<!--themify_builder_content-->\n<div id=\"themify_builder_content-3079\" data-postid=\"3079\" class=\"themify_builder_content themify_builder_content-3079 themify_builder tf_clear\">\n    <\/div>\n<!--\/themify_builder_content-->\n","protected":false},"excerpt":{"rendered":"<p>Titan 1\/5 28cc Benzin Monster truck Titan er topmodellen fra Smartech. En stor og st\u00e6rk 28cc motor, kraftige st\u00f8dd\u00e6mpere, firehjulstr\u00e6k, st\u00e6rke og holdbare tandhjul og differentialer, forkromede hjul i mega st\u00f8rrelse, er bare nogle f\u00e5 eksempler p\u00e5 kvaliteten og elegancen, der er lagt i Titan. Ingen udfordring er for stor for Titan, og vennerne vil [&hellip;]<\/p>\n","protected":false},"featured_media":4650,"comment_status":"open","ping_status":"closed","template":"","meta":[],"pwb-brand":[169],"product_brand":[],"product_cat":[73],"product_tag":[],"class_list":{"0":"post-3079","1":"product","2":"type-product","3":"status-publish","4":"has-post-thumbnail","6":"pwb-brand-smartech","7":"product_cat-1-5-biler","8":"has-post-title","9":"has-post-date","10":"has-post-category","11":"has-post-tag","12":"has-post-comment","13":"has-post-author","14":"","16":"first","17":"outofstock","18":"sale","19":"taxable","20":"shipping-taxable","21":"purchasable","22":"product-type-simple"},"jetpack_sharing_enabled":true,"brands":[{"id":169,"name":"Smartech","slug":"smartech"}],"builder_content":"","_links":{"self":[{"href":"https:\/\/interware.dk\/RC\/wp-json\/wp\/v2\/product\/3079","targetHints":{"allow":["GET"]}}],"collection":[{"href":"https:\/\/interware.dk\/RC\/wp-json\/wp\/v2\/product"}],"about":[{"href":"https:\/\/interware.dk\/RC\/wp-json\/wp\/v2\/types\/product"}],"replies":[{"embeddable":true,"href":"https:\/\/interware.dk\/RC\/wp-json\/wp\/v2\/comments?post=3079"}],"wp:featuredmedia":[{"embeddable":true,"href":"https:\/\/interware.dk\/RC\/wp-json\/wp\/v2\/media\/4650"}],"wp:attachment":[{"href":"https:\/\/interware.dk\/RC\/wp-json\/wp\/v2\/media?parent=3079"}],"wp:term":[{"taxonomy":"pwb-brand","embeddable":true,"href":"https:\/\/interware.dk\/RC\/wp-json\/wp\/v2\/pwb-brand?post=3079"},{"taxonomy":"product_brand","embeddable":true,"href":"https:\/\/interware.dk\/RC\/wp-json\/wp\/v2\/product_brand?post=3079"},{"taxonomy":"product_cat","embeddable":true,"href":"https:\/\/interware.dk\/RC\/wp-json\/wp\/v2\/product_cat?post=3079"},{"taxonomy":"product_tag","embeddable":true,"href":"https:\/\/interware.dk\/RC\/wp-json\/wp\/v2\/product_tag?post=3079"}],"curies":[{"name":"wp","href":"https:\/\/api.w.org\/{rel}","templated":true}]}}