{"id":2868,"date":"2019-06-06T17:31:22","date_gmt":"2019-06-06T16:31:22","guid":{"rendered":"http:\/\/interware.dk\/fjernstyret\/vare\/powerstarter-bagplade\/"},"modified":"2023-08-03T09:16:22","modified_gmt":"2023-08-03T08:16:22","slug":"powerstarter-bagplade","status":"publish","type":"product","link":"https:\/\/interware.dk\/RC\/vare\/powerstarter-bagplade\/","title":{"rendered":"Powerstarter bagplade"},"content":{"rendered":"<p>&#160;<\/p>\n<p>Da der findes forskellige varianter af nogle motorerne p\u00e5 markedet, s\u00e5 skriv venligst dit krydsm\u00e5l p\u00e5 skruehullerne til der dit tr\u00e6kstart sidder, samt hex st\u00f8rrelsen p\u00e5 dit 1-vejs leje.<\/p>\n","protected":false},"excerpt":{"rendered":"<p>&#160; Da der findes forskellige varianter af nogle motorerne p\u00e5 markedet, s\u00e5 skriv venligst dit krydsm\u00e5l p\u00e5 skruehullerne til der dit tr\u00e6kstart sidder, samt hex st\u00f8rrelsen p\u00e5 dit 1-vejs leje.<\/p>\n","protected":false},"featured_media":0,"comment_status":"open","ping_status":"closed","template":"","meta":[],"pwb-brand":[],"product_brand":[],"product_cat":[64],"product_tag":[],"class_list":{"0":"post-2868","1":"product","2":"type-product","3":"status-publish","5":"product_cat-tilbehoer-2","6":"has-post-title","7":"has-post-date","8":"has-post-category","9":"has-post-tag","10":"has-post-comment","11":"has-post-author","12":"","14":"first","15":"instock","16":"taxable","17":"shipping-taxable","18":"purchasable","19":"product-type-variable"},"jetpack_sharing_enabled":true,"brands":[],"builder_content":"","_links":{"self":[{"href":"https:\/\/interware.dk\/RC\/wp-json\/wp\/v2\/product\/2868","targetHints":{"allow":["GET"]}}],"collection":[{"href":"https:\/\/interware.dk\/RC\/wp-json\/wp\/v2\/product"}],"about":[{"href":"https:\/\/interware.dk\/RC\/wp-json\/wp\/v2\/types\/product"}],"replies":[{"embeddable":true,"href":"https:\/\/interware.dk\/RC\/wp-json\/wp\/v2\/comments?post=2868"}],"wp:attachment":[{"href":"https:\/\/interware.dk\/RC\/wp-json\/wp\/v2\/media?parent=2868"}],"wp:term":[{"taxonomy":"pwb-brand","embeddable":true,"href":"https:\/\/interware.dk\/RC\/wp-json\/wp\/v2\/pwb-brand?post=2868"},{"taxonomy":"product_brand","embeddable":true,"href":"https:\/\/interware.dk\/RC\/wp-json\/wp\/v2\/product_brand?post=2868"},{"taxonomy":"product_cat","embeddable":true,"href":"https:\/\/interware.dk\/RC\/wp-json\/wp\/v2\/product_cat?post=2868"},{"taxonomy":"product_tag","embeddable":true,"href":"https:\/\/interware.dk\/RC\/wp-json\/wp\/v2\/product_tag?post=2868"}],"curies":[{"name":"wp","href":"https:\/\/api.w.org\/{rel}","templated":true}]}}