{"id":2859,"date":"2019-06-06T17:31:22","date_gmt":"2019-06-06T16:31:22","guid":{"rendered":"http:\/\/interware.dk\/fjernstyret\/vare\/rapido\/"},"modified":"2020-07-02T09:20:43","modified_gmt":"2020-07-02T08:20:43","slug":"rapido","status":"publish","type":"product","link":"https:\/\/interware.dk\/RC\/vare\/rapido\/","title":{"rendered":"Rapido"},"content":{"rendered":"<p style=\"text-align: center;\"><span style=\"font-size: 20px;\">Rapido<\/span><\/p>\n<p style=\"text-align: center;\"><strong>1\/8 3,5cc nitro onroad bil<\/strong><\/p>\n<p style=\"text-align: center;\"><img data-recalc-dims=\"1\" decoding=\"async\" style=\"height: 277px; width: 500px;\" src=\"https:\/\/i0.wp.com\/www.interware.dk\/picture_library\/rapido06.jpg?w=1165\" alt=\"\" \/><\/p>\n<p style=\"text-align: center;\">S\u00e5 kom Hispeed med deres onroad, og rigtig l\u00e6kker og flot ser den ud. Med sin kraftige 3,5cc motor, f\u00e5r den en super h\u00f8j topfart, og god lyd, som passer til dens udseende. Du kan godt v\u00e6re sikker p\u00e5 at vennerne kigger en ekstra gang, n\u00e5r den ruller forbi.<\/p>\n<p style=\"text-align: center;\">Kvaliteten er naturligvis i top, som andre modeller fra HiSpeed. Tykke oliefyldte st\u00f8dd\u00e6mper holder bilen perfekt p\u00e5 vejen, og brede d\u00e6k giver den et rigtigt godt greb.<\/p>\n<p style=\"text-align: center;\"><strong>Specifikationer<\/strong><\/p>\n<p style=\"text-align: center;\">L\u00e6ngde 530mm<br \/>\nBredde 305mm<br \/>\nH\u00f8jde 155mm<br \/>\nFrih\u00f8jde 30mm<br \/>\nGear Ratio 11,71:1<br \/>\n4WD (4 Hjulstr\u00e6k)<br \/>\nAluminium chassis<br \/>\nMotor 3,5 ccm Vertex<br \/>\nHjul st\u00f8relse&#8211;110mm*45mm<\/p>\n<p style=\"text-align: center;\"><img data-recalc-dims=\"1\" decoding=\"async\" style=\"height: 262px; width: 350px;\" src=\"https:\/\/i0.wp.com\/www.interware.dk\/picture_library\/rapidosuspension09.jpg?w=1165\" alt=\"\" \/>\u00a0<img data-recalc-dims=\"1\" decoding=\"async\" style=\"height: 262px; width: 350px;\" src=\"https:\/\/i0.wp.com\/www.interware.dk\/picture_library\/rapidowheel10.jpg?w=1165\" alt=\"\" \/><\/p>\n<p style=\"text-align: center;\"><img data-recalc-dims=\"1\" decoding=\"async\" style=\"height: 473px; width: 500px;\" src=\"https:\/\/i0.wp.com\/www.interware.dk\/picture_library\/rapidowobody11.jpg?w=1165\" alt=\"\" \/><\/p>\n<p style=\"text-align: center;\">Modellen leveres inkl. pistol fjernbetjening, det eneste der mangler for at v\u00e6re k\u00f8rende er: br\u00e6ndstof, 12AA batterier og gl\u00f8destarter.<\/p>\n<p style=\"text-align: center;\"><img data-recalc-dims=\"1\" decoding=\"async\" style=\"height: 204px; width: 500px;\" src=\"https:\/\/i0.wp.com\/www.interware.dk\/picture_library\/rapidoside08.jpg?w=1165\" alt=\"\" \/><\/p>\n<p style=\"text-align: center;\"><a href=\"http:\/\/www.interware.dk\/mediafiles\/Indkoringafmotor.doc\"><u>Husk at en ny motor altid skal k\u00f8res til inden brug, klik her for at l\u00e6se, hvordan det g\u00f8res.<\/u><\/a><\/p>\n<p>&nbsp;<\/p>\n<!--themify_builder_content-->\n<div id=\"themify_builder_content-2859\" data-postid=\"2859\" class=\"themify_builder_content themify_builder_content-2859 themify_builder tf_clear\">\n    <\/div>\n<!--\/themify_builder_content-->\n","protected":false},"excerpt":{"rendered":"<p>Rapido 1\/8 3,5cc nitro onroad bil S\u00e5 kom Hispeed med deres onroad, og rigtig l\u00e6kker og flot ser den ud. Med sin kraftige 3,5cc motor, f\u00e5r den en super h\u00f8j topfart, og god lyd, som passer til dens udseende. Du kan godt v\u00e6re sikker p\u00e5 at vennerne kigger en ekstra gang, n\u00e5r den ruller forbi. [&hellip;]<\/p>\n","protected":false},"featured_media":4636,"comment_status":"open","ping_status":"closed","template":"","meta":[],"pwb-brand":[167],"product_brand":[],"product_cat":[57],"product_tag":[],"class_list":{"0":"post-2859","1":"product","2":"type-product","3":"status-publish","4":"has-post-thumbnail","6":"pwb-brand-hsp","7":"product_cat-1-8-biler","8":"has-post-title","9":"has-post-date","10":"has-post-category","11":"has-post-tag","12":"has-post-comment","13":"has-post-author","14":"","16":"first","17":"instock","18":"taxable","19":"shipping-taxable","20":"purchasable","21":"product-type-simple"},"jetpack_sharing_enabled":true,"brands":[{"id":167,"name":"HSP","slug":"hsp"}],"builder_content":"","_links":{"self":[{"href":"https:\/\/interware.dk\/RC\/wp-json\/wp\/v2\/product\/2859","targetHints":{"allow":["GET"]}}],"collection":[{"href":"https:\/\/interware.dk\/RC\/wp-json\/wp\/v2\/product"}],"about":[{"href":"https:\/\/interware.dk\/RC\/wp-json\/wp\/v2\/types\/product"}],"replies":[{"embeddable":true,"href":"https:\/\/interware.dk\/RC\/wp-json\/wp\/v2\/comments?post=2859"}],"wp:featuredmedia":[{"embeddable":true,"href":"https:\/\/interware.dk\/RC\/wp-json\/wp\/v2\/media\/4636"}],"wp:attachment":[{"href":"https:\/\/interware.dk\/RC\/wp-json\/wp\/v2\/media?parent=2859"}],"wp:term":[{"taxonomy":"pwb-brand","embeddable":true,"href":"https:\/\/interware.dk\/RC\/wp-json\/wp\/v2\/pwb-brand?post=2859"},{"taxonomy":"product_brand","embeddable":true,"href":"https:\/\/interware.dk\/RC\/wp-json\/wp\/v2\/product_brand?post=2859"},{"taxonomy":"product_cat","embeddable":true,"href":"https:\/\/interware.dk\/RC\/wp-json\/wp\/v2\/product_cat?post=2859"},{"taxonomy":"product_tag","embeddable":true,"href":"https:\/\/interware.dk\/RC\/wp-json\/wp\/v2\/product_tag?post=2859"}],"curies":[{"name":"wp","href":"https:\/\/api.w.org\/{rel}","templated":true}]}}