{"id":2768,"date":"2019-06-06T17:31:15","date_gmt":"2019-06-06T16:31:15","guid":{"rendered":"http:\/\/interware.dk\/fjernstyret\/vare\/apache-kamp-helikoptere\/"},"modified":"2020-12-05T11:11:39","modified_gmt":"2020-12-05T10:11:39","slug":"apache-kamp-helikoptere","status":"publish","type":"product","link":"https:\/\/interware.dk\/RC\/vare\/apache-kamp-helikoptere\/","title":{"rendered":"Apache kamp helikoptere"},"content":{"rendered":"<p style=\"margin: 0cm 0cm 0pt\" class=\"MsoNormal\">&#160;<\/p>\n<p style=\"margin: 0cm 0cm 0pt\" class=\"MsoNormal\">&#160;<\/p>\n<p style=\"margin: 0cm 0cm 0pt\" class=\"MsoNormal\" align=\"center\"><font size=\"5\">Apache kamp helikopter<\/font><\/p>\n<p style=\"margin: 0cm 0cm 0pt\" class=\"MsoNormal\" align=\"center\">&#160;<font size=\"3\">Sky challenger<\/font><\/p>\n<p style=\"margin: 0cm 0cm 0pt\" class=\"MsoNormal\" align=\"center\">&#160;<\/p>\n<p style=\"margin: 0cm 0cm 0pt\" class=\"MsoNormal\"><span style=\"font-family: Verdana; color: black; font-size: 5.5pt\"><font size=\"3\">Det helt store hit i \u00e5r er disse Apache kamphelikopter. Der er 2 flyveklare kamphelikopter i en \u00e6ske, s\u00e5 i er klar til kamp med det samme.<o:p><\/o:p><\/font><\/span><\/p>\n<p style=\"margin: 0cm 0cm 0pt\" class=\"MsoNormal\"><span style=\"font-family: Verdana; color: black; font-size: 5.5pt\"><font size=\"3\">Helikopterne skyder med infrar\u00f8de skud, og bliver du ramt af fjenden, kan du ikke styre din helikopter og den falder til jorden. S\u00e5 er det bare om at genstarte den og jagte den der sk\u00f8d dig ned ;0)<o:p><\/o:p><\/font><\/span><\/p>\n<p style=\"margin: 0cm 0cm 0pt\" class=\"MsoNormal\">&#160;<\/p>\n<p style=\"margin: 0cm 0cm 0pt\" class=\"MsoNormal\"><span style=\"font-family: Verdana; color: black; font-size: 5.5pt\"><font size=\"3\">Helikopterne er lavet i ekspanderet polypropyl skum, s\u00e5 de er meget lette, og modstandsdygtige overfor styrt.<\/font><\/span><\/p>\n<p style=\"margin: 0cm 0cm 0pt\" class=\"MsoNormal\"><span style=\"font-family: Verdana; color: black; font-size: 5.5pt\"><font size=\"3\"><o:p><\/o:p><\/font><\/span>&#160;<\/p>\n<p style=\"margin: 0cm 0cm 0pt\" class=\"MsoNormal\"><span style=\"font-family: Verdana; color: black; font-size: 5.5pt\"><font size=\"3\">De er udstyret med et auto stabiliseringssystem, som g\u00f8r dem nemme at flyve med.<\/font><\/span><\/p>\n<p style=\"margin: 0cm 0cm 0pt\" class=\"MsoNormal\"><span style=\"font-family: Verdana; color: black; font-size: 5.5pt\"><font size=\"3\"><o:p><\/o:p><\/font><\/span>&#160;<\/p>\n<p style=\"margin: 0cm 0cm 0pt\" class=\"MsoNormal\"><span style=\"font-family: Verdana; color: black; font-size: 5.5pt\"><font size=\"3\">Den infrar\u00f8de fjernbetjening er udstyret med 3 frekvenser, s\u00e5 3 kan flyve sammen samtidigt.<\/font><\/span><\/p>\n<p style=\"margin: 0cm 0cm 0pt\" class=\"MsoNormal\"><span style=\"font-family: Verdana; color: black; font-size: 5.5pt\"><font size=\"3\"><o:p><\/o:p><\/font><\/span>&#160;<\/p>\n<p style=\"margin: 0cm 0cm 0pt\" class=\"MsoNormal\"><span style=\"font-family: Verdana; color: black; font-size: 5.5pt\"><font size=\"3\">Helikoptererne er kun til indend\u00f8rsbrug.<\/font><\/span><\/p>\n<p style=\"margin: 0cm 0cm 0pt\" class=\"MsoNormal\"><span style=\"font-family: Verdana; color: black; font-size: 5.5pt\"><font size=\"3\"><o:p><\/o:p><\/font><\/span>&#160;<\/p>\n<p style=\"margin: 0cm 0cm 0pt\" class=\"MsoNormal\"><span style=\"font-family: Verdana; color: black; font-size: 5.5pt\"><font size=\"3\">Helikoptererne lades via fjernbetjeningen.<\/font><\/span><\/p>\n<p style=\"margin: 0cm 0cm 0pt\" class=\"MsoNormal\"><span style=\"font-family: Verdana; color: black; font-size: 5.5pt\"><font size=\"3\"><o:p><\/o:p><\/font><\/span>&#160;<\/p>\n<p style=\"margin: 0cm 0cm 0pt\" class=\"MsoNormal\"><span style=\"font-family: Verdana; color: black; font-size: 5.5pt\"><font size=\"3\">Fjernbetjeningen har en r\u00e6kkevidde p\u00e5 ca. 8-10m<\/font><\/span><\/p>\n<p style=\"margin: 0cm 0cm 0pt\" class=\"MsoNormal\"><span style=\"font-family: Verdana; color: black; font-size: 5.5pt\"><font size=\"3\"><o:p><\/o:p><\/font><\/span>&#160;<\/p>\n<p style=\"margin: 0cm 0cm 0pt\" class=\"MsoNormal\"><span style=\"font-family: Verdana; color: black; font-size: 5.5pt\"><font size=\"3\">En lille bl\u00e5 LED blinker p\u00e5 helikopterne s\u00e5 i kan flyve i m\u00f8rke.<\/font><\/span><\/p>\n<p style=\"margin: 0cm 0cm 0pt\" class=\"MsoNormal\">&#160;<\/p>\n<p style=\"margin: 0cm 0cm 0pt\" class=\"MsoNormal\"><span style=\"font-family: Verdana; color: black; font-size: 5.5pt\"><font size=\"3\">Kamphelikopterens st\u00f8rrelse: 18x4x7,2cm<\/font><\/span><\/p>\n<p style=\"margin: 0cm 0cm 0pt\" class=\"MsoNormal\">&#160;<\/p>\n<p style=\"margin: 0cm 0cm 0pt\" class=\"MsoNormal\"><span style=\"font-family: Verdana; color: black; font-size: 5.5pt\"><font size=\"3\">I mangler bare 12AA batterier for at v\u00e6re flyvende.<\/font><\/span><\/p>\n<p style=\"margin: 0cm 0cm 0pt\" class=\"MsoNormal\"><span style=\"font-family: Verdana; color: black; font-size: 5.5pt\"><font size=\"3\"><o:p><\/o:p><\/font><\/span>&#160;<\/p>\n","protected":false},"excerpt":{"rendered":"<p>&#160; &#160; Apache kamp helikopter &#160;Sky challenger &#160; Det helt store hit i \u00e5r er disse Apache kamphelikopter. Der er 2 flyveklare kamphelikopter i en \u00e6ske, s\u00e5 i er klar til kamp med det samme. Helikopterne skyder med infrar\u00f8de skud, og bliver du ramt af fjenden, kan du ikke styre din helikopter og den falder [&hellip;]<\/p>\n","protected":false},"featured_media":4735,"comment_status":"open","ping_status":"closed","template":"","meta":[],"pwb-brand":[],"product_brand":[],"product_cat":[80],"product_tag":[],"class_list":{"0":"post-2768","1":"product","2":"type-product","3":"status-publish","4":"has-post-thumbnail","6":"product_cat-el-helikopter","7":"has-post-title","8":"has-post-date","9":"has-post-category","10":"has-post-tag","11":"has-post-comment","12":"has-post-author","13":"","15":"first","16":"instock","17":"taxable","18":"shipping-taxable","19":"purchasable","20":"product-type-simple"},"jetpack_sharing_enabled":true,"brands":[],"builder_content":"","_links":{"self":[{"href":"https:\/\/interware.dk\/RC\/wp-json\/wp\/v2\/product\/2768","targetHints":{"allow":["GET"]}}],"collection":[{"href":"https:\/\/interware.dk\/RC\/wp-json\/wp\/v2\/product"}],"about":[{"href":"https:\/\/interware.dk\/RC\/wp-json\/wp\/v2\/types\/product"}],"replies":[{"embeddable":true,"href":"https:\/\/interware.dk\/RC\/wp-json\/wp\/v2\/comments?post=2768"}],"wp:featuredmedia":[{"embeddable":true,"href":"https:\/\/interware.dk\/RC\/wp-json\/wp\/v2\/media\/4735"}],"wp:attachment":[{"href":"https:\/\/interware.dk\/RC\/wp-json\/wp\/v2\/media?parent=2768"}],"wp:term":[{"taxonomy":"pwb-brand","embeddable":true,"href":"https:\/\/interware.dk\/RC\/wp-json\/wp\/v2\/pwb-brand?post=2768"},{"taxonomy":"product_brand","embeddable":true,"href":"https:\/\/interware.dk\/RC\/wp-json\/wp\/v2\/product_brand?post=2768"},{"taxonomy":"product_cat","embeddable":true,"href":"https:\/\/interware.dk\/RC\/wp-json\/wp\/v2\/product_cat?post=2768"},{"taxonomy":"product_tag","embeddable":true,"href":"https:\/\/interware.dk\/RC\/wp-json\/wp\/v2\/product_tag?post=2768"}],"curies":[{"name":"wp","href":"https:\/\/api.w.org\/{rel}","templated":true}]}}