{"id":2762,"date":"2019-06-06T17:31:15","date_gmt":"2019-06-06T16:31:15","guid":{"rendered":"http:\/\/interware.dk\/fjernstyret\/vare\/faelge-m-daek-til-1-8-truggy\/"},"modified":"2021-07-27T12:44:11","modified_gmt":"2021-07-27T11:44:11","slug":"faelge-m-daek-til-1-8-truggy","status":"publish","type":"product","link":"https:\/\/interware.dk\/RC\/vare\/faelge-m-daek-til-1-8-truggy\/","title":{"rendered":"F\u00e6lge m. d\u00e6k til 1\/8 Truggy"},"content":{"rendered":"<p><P style=\"MARGIN: 0cm 0cm 0pt; COLOR: black; mso-margin-top-alt: auto; mso-margin-bottom-alt: auto; mso-list: l0 level1 lfo1; tab-stops: list 36.0pt\" class=MsoNormal><SPAN style=\"FONT-FAMILY: 'Verdana','sans-serif'; COLOR: black; FONT-SIZE: 12pt; mso-fareast-font-family: 'Times New Roman'; mso-bidi-font-family: 'Times New Roman'; mso-fareast-language: DA\"><?xml:namespace prefix = o ns = \"urn:schemas-microsoft-com:office:office\" \/><o:p><\/o:p><\/SPAN>&nbsp;<\/P><br \/>\n<P style=\"MARGIN: 0cm 0cm 0pt; COLOR: black; mso-margin-top-alt: auto; mso-margin-bottom-alt: auto; mso-list: l0 level1 lfo1; tab-stops: list 36.0pt\" class=MsoNormal><SPAN style=\"FONT-FAMILY: 'Verdana','sans-serif'; COLOR: black; FONT-SIZE: 12pt; mso-fareast-font-family: 'Times New Roman'; mso-bidi-font-family: 'Times New Roman'; mso-fareast-language: DA\"><o:p><\/o:p><\/SPAN>&nbsp;<\/P><br \/>\n<P style=\"MARGIN: 0cm 0cm 0pt; COLOR: black; mso-margin-top-alt: auto; mso-margin-bottom-alt: auto; mso-list: l0 level1 lfo1; tab-stops: list 36.0pt\" class=MsoNormal><SPAN style=\"FONT-FAMILY: 'Verdana','sans-serif'; COLOR: black; FONT-SIZE: 12pt; mso-fareast-font-family: 'Times New Roman'; mso-bidi-font-family: 'Times New Roman'; mso-fareast-language: DA\"><o:p><\/o:p><\/SPAN>&nbsp;<\/P><br \/>\n<P style=\"MARGIN: 0cm 0cm 0pt; COLOR: black; mso-margin-top-alt: auto; mso-margin-bottom-alt: auto; mso-list: l0 level1 lfo1; tab-stops: list 36.0pt\" class=MsoNormal><SPAN style=\"FONT-FAMILY: 'Verdana','sans-serif'; COLOR: black; FONT-SIZE: 12pt; mso-fareast-font-family: 'Times New Roman'; mso-bidi-font-family: 'Times New Roman'; mso-fareast-language: DA\"><o:p><\/o:p><\/SPAN>&nbsp;<\/P><br \/>\n<P style=\"MARGIN: 0cm 0cm 0pt; COLOR: black; mso-margin-top-alt: auto; mso-margin-bottom-alt: auto; mso-list: l0 level1 lfo1; tab-stops: list 36.0pt\" class=MsoNormal><SPAN style=\"FONT-FAMILY: 'Verdana','sans-serif'; COLOR: black; FONT-SIZE: 12pt; mso-fareast-font-family: 'Times New Roman'; mso-bidi-font-family: 'Times New Roman'; mso-fareast-language: DA\"><o:p><\/o:p><\/SPAN>&nbsp;<\/P><SPAN style=\"FONT-FAMILY: 'Verdana','sans-serif'; COLOR: black; FONT-SIZE: 12pt; mso-fareast-font-family: 'Times New Roman'; mso-bidi-font-family: 'Times New Roman'; mso-fareast-language: DA\"><o:p><br \/>\n<UL type=disc><br \/>\n<LI style=\"MARGIN: 0cm 0cm 0pt; COLOR: black; mso-margin-top-alt: auto; mso-margin-bottom-alt: auto; mso-list: l0 level1 lfo1; tab-stops: list 36.0pt\" class=MsoNormal><SPAN style=\"FONT-FAMILY: 'Verdana','sans-serif'; FONT-SIZE: 12pt; mso-fareast-font-family: 'Times New Roman'; mso-bidi-font-family: 'Times New Roman'; mso-fareast-language: DA\">F\u00e6lge i hvid<\/SPAN><br \/>\n<LI style=\"MARGIN: 0cm 0cm 0pt; COLOR: black; mso-margin-top-alt: auto; mso-margin-bottom-alt: auto; mso-list: l0 level1 lfo1; tab-stops: list 36.0pt\" class=MsoNormal><SPAN style=\"FONT-FAMILY: 'Verdana','sans-serif'; FONT-SIZE: 12pt; mso-fareast-font-family: 'Times New Roman'; mso-bidi-font-family: 'Times New Roman'; mso-fareast-language: DA\">Passer 1\/8 Truggy og&nbsp;ATV<\/SPAN><br \/>\n<LI style=\"MARGIN: 0cm 0cm 0pt; COLOR: black; mso-margin-top-alt: auto; mso-margin-bottom-alt: auto; mso-list: l0 level1 lfo1; tab-stops: list 36.0pt\" class=MsoNormal><SPAN style=\"FONT-FAMILY: 'Verdana','sans-serif'; FONT-SIZE: 12pt; mso-fareast-font-family: 'Times New Roman'; mso-bidi-font-family: 'Times New Roman'; mso-fareast-language: DA\">F\u00e6lg Bredde 60mm<\/SPAN><SPAN style=\"FONT-FAMILY: 'Verdana','sans-serif'; FONT-SIZE: 10pt; mso-fareast-font-family: 'Times New Roman'; mso-bidi-font-family: 'Times New Roman'; mso-fareast-language: DA\"><o:p><\/o:p><\/SPAN><br \/>\n<LI style=\"MARGIN: 0cm 0cm 0pt; COLOR: black; mso-margin-top-alt: auto; mso-margin-bottom-alt: auto; mso-list: l0 level1 lfo1; tab-stops: list 36.0pt\" class=MsoNormal><SPAN style=\"FONT-FAMILY: 'Verdana','sans-serif'; FONT-SIZE: 12pt; mso-fareast-font-family: 'Times New Roman'; mso-bidi-font-family: 'Times New Roman'; mso-fareast-language: DA\">F\u00e6lg Diameter 89mm<\/SPAN><br \/>\n<LI style=\"MARGIN: 0cm 0cm 0pt; COLOR: black; mso-margin-top-alt: auto; mso-margin-bottom-alt: auto; mso-list: l0 level1 lfo1; tab-stops: list 36.0pt\" class=MsoNormal><SPAN style=\"FONT-FAMILY: 'Verdana','sans-serif'; FONT-SIZE: 12pt; mso-fareast-font-family: 'Times New Roman'; mso-bidi-font-family: 'Times New Roman'; mso-fareast-language: DA\">D\u00e6k Bredde 82mm<\/SPAN><br \/>\n<LI style=\"MARGIN: 0cm 0cm 0pt; COLOR: black; mso-margin-top-alt: auto; mso-margin-bottom-alt: auto; mso-list: l0 level1 lfo1; tab-stops: list 36.0pt\" class=MsoNormal><SPAN style=\"FONT-FAMILY: 'Verdana','sans-serif'; FONT-SIZE: 12pt; mso-fareast-font-family: 'Times New Roman'; mso-bidi-font-family: 'Times New Roman'; mso-fareast-language: DA\">D\u00e6k Diameter 135mm<\/SPAN><br \/>\n<LI style=\"MARGIN: 0cm 0cm 0pt; COLOR: black; mso-margin-top-alt: auto; mso-margin-bottom-alt: auto; mso-list: l0 level1 lfo1; tab-stops: list 36.0pt\" class=MsoNormal><SPAN style=\"FONT-FAMILY: 'Verdana','sans-serif'; FONT-SIZE: 12pt; mso-fareast-font-family: 'Times New Roman'; mso-bidi-font-family: 'Times New Roman'; mso-fareast-language: DA\">17mm hex<\/SPAN><SPAN style=\"FONT-FAMILY: 'Verdana','sans-serif'; FONT-SIZE: 10pt; mso-fareast-font-family: 'Times New Roman'; mso-bidi-font-family: 'Times New Roman'; mso-fareast-language: DA\"><o:p><\/o:p><\/SPAN><br \/>\n<LI style=\"MARGIN: 0cm 0cm 0pt; COLOR: black; mso-margin-top-alt: auto; mso-margin-bottom-alt: auto; mso-list: l0 level1 lfo1; tab-stops: list 36.0pt\" class=MsoNormal><SPAN style=\"FONT-FAMILY: 'Verdana','sans-serif'; FONT-SIZE: 12pt; mso-fareast-font-family: 'Times New Roman'; mso-bidi-font-family: 'Times New Roman'; mso-fareast-language: DA\">2 stk<\/SPAN><SPAN style=\"FONT-FAMILY: 'Verdana','sans-serif'; FONT-SIZE: 10pt; mso-fareast-font-family: 'Times New Roman'; mso-bidi-font-family: 'Times New Roman'; mso-fareast-language: DA\"><o:p><\/o:p><\/SPAN><\/LI><\/UL><br \/>\n<P style=\"MARGIN: 0cm 0cm 0pt; mso-margin-top-alt: auto; mso-margin-bottom-alt: auto\" class=MsoNormal><SPAN style=\"FONT-FAMILY: 'Verdana','sans-serif'; COLOR: black; FONT-SIZE: 12pt; mso-fareast-font-family: 'Times New Roman'; mso-bidi-font-family: 'Times New Roman'; mso-fareast-language: DA\"><o:p>&nbsp;<\/o:p><\/SPAN><\/P><\/o:p><\/SPAN><\/p>\n","protected":false},"excerpt":{"rendered":"<p>&nbsp; &nbsp; &nbsp; &nbsp; &nbsp; F\u00e6lge i hvid Passer 1\/8 Truggy og&nbsp;ATV F\u00e6lg Bredde 60mm F\u00e6lg Diameter 89mm D\u00e6k Bredde 82mm D\u00e6k Diameter 135mm 17mm hex 2 stk &nbsp;<\/p>\n","protected":false},"featured_media":6473,"comment_status":"open","ping_status":"closed","template":"","meta":[],"pwb-brand":[],"product_brand":[],"product_cat":[140],"product_tag":[],"class_list":{"0":"post-2762","1":"product","2":"type-product","3":"status-publish","4":"has-post-thumbnail","6":"product_cat-daek-og-faelge","7":"has-post-title","8":"has-post-date","9":"has-post-category","10":"has-post-tag","11":"has-post-comment","12":"has-post-author","13":"","15":"first","16":"outofstock","17":"taxable","18":"shipping-taxable","19":"purchasable","20":"product-type-simple"},"jetpack_sharing_enabled":true,"brands":[],"builder_content":"","_links":{"self":[{"href":"https:\/\/interware.dk\/RC\/wp-json\/wp\/v2\/product\/2762","targetHints":{"allow":["GET"]}}],"collection":[{"href":"https:\/\/interware.dk\/RC\/wp-json\/wp\/v2\/product"}],"about":[{"href":"https:\/\/interware.dk\/RC\/wp-json\/wp\/v2\/types\/product"}],"replies":[{"embeddable":true,"href":"https:\/\/interware.dk\/RC\/wp-json\/wp\/v2\/comments?post=2762"}],"wp:featuredmedia":[{"embeddable":true,"href":"https:\/\/interware.dk\/RC\/wp-json\/wp\/v2\/media\/6473"}],"wp:attachment":[{"href":"https:\/\/interware.dk\/RC\/wp-json\/wp\/v2\/media?parent=2762"}],"wp:term":[{"taxonomy":"pwb-brand","embeddable":true,"href":"https:\/\/interware.dk\/RC\/wp-json\/wp\/v2\/pwb-brand?post=2762"},{"taxonomy":"product_brand","embeddable":true,"href":"https:\/\/interware.dk\/RC\/wp-json\/wp\/v2\/product_brand?post=2762"},{"taxonomy":"product_cat","embeddable":true,"href":"https:\/\/interware.dk\/RC\/wp-json\/wp\/v2\/product_cat?post=2762"},{"taxonomy":"product_tag","embeddable":true,"href":"https:\/\/interware.dk\/RC\/wp-json\/wp\/v2\/product_tag?post=2762"}],"curies":[{"name":"wp","href":"https:\/\/api.w.org\/{rel}","templated":true}]}}