{"id":2580,"date":"2019-06-06T17:31:02","date_gmt":"2019-06-06T16:31:02","guid":{"rendered":"http:\/\/interware.dk\/fjernstyret\/vare\/multifunktionsbil-land-vand\/"},"modified":"2020-07-02T09:15:40","modified_gmt":"2020-07-02T08:15:40","slug":"multifunktionsbil-land-vand","status":"publish","type":"product","link":"https:\/\/interware.dk\/RC\/vare\/multifunktionsbil-land-vand\/","title":{"rendered":"Multifunktionsbil (land\/vand)"},"content":{"rendered":"<p>En sjov lille fjernstyret bil, som kan k\u00f8re b\u00e5de p\u00e5 land og vand.<\/p>\n<p>Bilen kan k\u00f8re i ca. 25min p\u00e5 en opladning, og har en topfart p\u00e5 ca. 15-20km\/t<\/p>\n<p>Bilen er inklusiv fjernbetjening, batteri og lader.<\/p>\n<!--themify_builder_content-->\n<div id=\"themify_builder_content-2580\" data-postid=\"2580\" class=\"themify_builder_content themify_builder_content-2580 themify_builder tf_clear\">\n    <\/div>\n<!--\/themify_builder_content-->\n","protected":false},"excerpt":{"rendered":"<p>En sjov lille fjernstyret bil, som kan k\u00f8re b\u00e5de p\u00e5 land og vand. Bilen kan k\u00f8re i ca. 25min p\u00e5 en opladning, og har en topfart p\u00e5 ca. 15-20km\/t Bilen er inklusiv fjernbetjening, batteri og lader.<\/p>\n","protected":false},"featured_media":4653,"comment_status":"open","ping_status":"closed","template":"","meta":[],"pwb-brand":[],"product_brand":[],"product_cat":[87],"product_tag":[],"class_list":{"0":"post-2580","1":"product","2":"type-product","3":"status-publish","4":"has-post-thumbnail","6":"product_cat-fjernstyret-rc-sjov-gaveideer","7":"has-post-title","8":"has-post-date","9":"has-post-category","10":"has-post-tag","11":"has-post-comment","12":"has-post-author","13":"","15":"first","16":"instock","17":"taxable","18":"shipping-taxable","19":"purchasable","20":"product-type-simple"},"jetpack_sharing_enabled":true,"brands":[],"builder_content":"","_links":{"self":[{"href":"https:\/\/interware.dk\/RC\/wp-json\/wp\/v2\/product\/2580","targetHints":{"allow":["GET"]}}],"collection":[{"href":"https:\/\/interware.dk\/RC\/wp-json\/wp\/v2\/product"}],"about":[{"href":"https:\/\/interware.dk\/RC\/wp-json\/wp\/v2\/types\/product"}],"replies":[{"embeddable":true,"href":"https:\/\/interware.dk\/RC\/wp-json\/wp\/v2\/comments?post=2580"}],"wp:featuredmedia":[{"embeddable":true,"href":"https:\/\/interware.dk\/RC\/wp-json\/wp\/v2\/media\/4653"}],"wp:attachment":[{"href":"https:\/\/interware.dk\/RC\/wp-json\/wp\/v2\/media?parent=2580"}],"wp:term":[{"taxonomy":"pwb-brand","embeddable":true,"href":"https:\/\/interware.dk\/RC\/wp-json\/wp\/v2\/pwb-brand?post=2580"},{"taxonomy":"product_brand","embeddable":true,"href":"https:\/\/interware.dk\/RC\/wp-json\/wp\/v2\/product_brand?post=2580"},{"taxonomy":"product_cat","embeddable":true,"href":"https:\/\/interware.dk\/RC\/wp-json\/wp\/v2\/product_cat?post=2580"},{"taxonomy":"product_tag","embeddable":true,"href":"https:\/\/interware.dk\/RC\/wp-json\/wp\/v2\/product_tag?post=2580"}],"curies":[{"name":"wp","href":"https:\/\/api.w.org\/{rel}","templated":true}]}}