{"id":2476,"date":"2019-06-06T17:30:55","date_gmt":"2019-06-06T16:30:55","guid":{"rendered":"http:\/\/interware.dk\/fjernstyret\/vare\/faelge-m-daek-til-1-10-truggy\/"},"modified":"2019-06-14T21:23:25","modified_gmt":"2019-06-14T19:23:25","slug":"faelge-m-daek-til-1-10-truggy","status":"publish","type":"product","link":"https:\/\/interware.dk\/RC\/vare\/faelge-m-daek-til-1-10-truggy\/","title":{"rendered":"F\u00e6lge m. d\u00e6k til 1\/10 truggy"},"content":{"rendered":"<p><P class=MsoNormal style=\"MARGIN: 0cm 0cm 0pt; mso-margin-top-alt: auto; mso-margin-bottom-alt: auto\"><SPAN style=\"FONT-SIZE: 10pt; COLOR: black; FONT-FAMILY: 'Verdana','sans-serif'; mso-fareast-font-family: 'Times New Roman'; mso-bidi-font-family: 'Times New Roman'; mso-fareast-language: DA\">&nbsp;<?xml:namespace prefix = o ns = \"urn:schemas-microsoft-com:office:office\" \/><o:p><\/o:p><\/SPAN><\/P><br \/>\n<UL type=disc><br \/>\n<LI class=MsoNormal style=\"MARGIN: 0cm 0cm 0pt; COLOR: black; mso-margin-top-alt: auto; mso-margin-bottom-alt: auto; mso-list: l0 level1 lfo1; tab-stops: list 36.0pt\"><SPAN style=\"FONT-SIZE: 12pt; FONT-FAMILY: 'Verdana','sans-serif'; mso-fareast-font-family: 'Times New Roman'; mso-bidi-font-family: 'Times New Roman'; mso-fareast-language: DA\">F\u00e6lge i hvid<\/SPAN><br \/>\n<LI class=MsoNormal style=\"MARGIN: 0cm 0cm 0pt; COLOR: black; mso-margin-top-alt: auto; mso-margin-bottom-alt: auto; mso-list: l0 level1 lfo1; tab-stops: list 36.0pt\"><SPAN style=\"FONT-SIZE: 12pt; FONT-FAMILY: 'Verdana','sans-serif'; mso-fareast-font-family: 'Times New Roman'; mso-bidi-font-family: 'Times New Roman'; mso-fareast-language: DA\">Passer 1\/10 Truggy og Monster truck<\/SPAN><br \/>\n<LI class=MsoNormal style=\"MARGIN: 0cm 0cm 0pt; COLOR: black; mso-margin-top-alt: auto; mso-margin-bottom-alt: auto; mso-list: l0 level1 lfo1; tab-stops: list 36.0pt\"><SPAN style=\"FONT-SIZE: 12pt; FONT-FAMILY: 'Verdana','sans-serif'; mso-fareast-font-family: 'Times New Roman'; mso-bidi-font-family: 'Times New Roman'; mso-fareast-language: DA\">F\u00e6lg Bredde 51mm<\/SPAN><SPAN style=\"FONT-SIZE: 10pt; FONT-FAMILY: 'Verdana','sans-serif'; mso-fareast-font-family: 'Times New Roman'; mso-bidi-font-family: 'Times New Roman'; mso-fareast-language: DA\"><o:p><\/o:p><\/SPAN><br \/>\n<LI class=MsoNormal style=\"MARGIN: 0cm 0cm 0pt; COLOR: black; mso-margin-top-alt: auto; mso-margin-bottom-alt: auto; mso-list: l0 level1 lfo1; tab-stops: list 36.0pt\"><SPAN style=\"FONT-SIZE: 12pt; FONT-FAMILY: 'Verdana','sans-serif'; mso-fareast-font-family: 'Times New Roman'; mso-bidi-font-family: 'Times New Roman'; mso-fareast-language: DA\">F\u00e6lg Diameter 68mm<\/SPAN><br \/>\n<LI class=MsoNormal style=\"MARGIN: 0cm 0cm 0pt; COLOR: black; mso-margin-top-alt: auto; mso-margin-bottom-alt: auto; mso-list: l0 level1 lfo1; tab-stops: list 36.0pt\"><SPAN style=\"FONT-SIZE: 12pt; FONT-FAMILY: 'Verdana','sans-serif'; mso-fareast-font-family: 'Times New Roman'; mso-bidi-font-family: 'Times New Roman'; mso-fareast-language: DA\">D\u00e6k Bredde 52mm<\/SPAN><br \/>\n<LI class=MsoNormal style=\"MARGIN: 0cm 0cm 0pt; COLOR: black; mso-margin-top-alt: auto; mso-margin-bottom-alt: auto; mso-list: l0 level1 lfo1; tab-stops: list 36.0pt\"><SPAN style=\"FONT-SIZE: 12pt; FONT-FAMILY: 'Verdana','sans-serif'; mso-fareast-font-family: 'Times New Roman'; mso-bidi-font-family: 'Times New Roman'; mso-fareast-language: DA\">D\u00e6k Diameter 100mm<\/SPAN><br \/>\n<LI class=MsoNormal style=\"MARGIN: 0cm 0cm 0pt; COLOR: black; mso-margin-top-alt: auto; mso-margin-bottom-alt: auto; mso-list: l0 level1 lfo1; tab-stops: list 36.0pt\"><SPAN style=\"FONT-SIZE: 12pt; FONT-FAMILY: 'Verdana','sans-serif'; mso-fareast-font-family: 'Times New Roman'; mso-bidi-font-family: 'Times New Roman'; mso-fareast-language: DA\">12mm hex<\/SPAN><SPAN style=\"FONT-SIZE: 10pt; FONT-FAMILY: 'Verdana','sans-serif'; mso-fareast-font-family: 'Times New Roman'; mso-bidi-font-family: 'Times New Roman'; mso-fareast-language: DA\"><o:p><\/o:p><\/SPAN><br \/>\n<LI class=MsoNormal style=\"MARGIN: 0cm 0cm 0pt; COLOR: black; mso-margin-top-alt: auto; mso-margin-bottom-alt: auto; mso-list: l0 level1 lfo1; tab-stops: list 36.0pt\"><SPAN style=\"FONT-SIZE: 12pt; FONT-FAMILY: 'Verdana','sans-serif'; mso-fareast-font-family: 'Times New Roman'; mso-bidi-font-family: 'Times New Roman'; mso-fareast-language: DA\">2 stk<\/SPAN><SPAN style=\"FONT-SIZE: 10pt; FONT-FAMILY: 'Verdana','sans-serif'; mso-fareast-font-family: 'Times New Roman'; mso-bidi-font-family: 'Times New Roman'; mso-fareast-language: DA\"><o:p><\/o:p><\/SPAN><\/LI><\/UL><br \/>\n<P class=MsoNormal style=\"MARGIN: 0cm 0cm 0pt; mso-margin-top-alt: auto; mso-margin-bottom-alt: auto\"><SPAN style=\"FONT-SIZE: 12pt; COLOR: black; FONT-FAMILY: 'Verdana','sans-serif'; mso-fareast-font-family: 'Times New Roman'; mso-bidi-font-family: 'Times New Roman'; mso-fareast-language: DA\"><o:p>&nbsp;<\/o:p><\/SPAN><\/P><\/p>\n","protected":false},"excerpt":{"rendered":"<p>&nbsp; F\u00e6lge i hvid Passer 1\/10 Truggy og Monster truck F\u00e6lg Bredde 51mm F\u00e6lg Diameter 68mm D\u00e6k Bredde 52mm D\u00e6k Diameter 100mm 12mm hex 2 stk &nbsp;<\/p>\n","protected":false},"featured_media":6474,"comment_status":"open","ping_status":"closed","template":"","meta":[],"pwb-brand":[],"product_brand":[],"product_cat":[140],"product_tag":[],"class_list":{"0":"post-2476","1":"product","2":"type-product","3":"status-publish","4":"has-post-thumbnail","6":"product_cat-daek-og-faelge","7":"has-post-title","8":"has-post-date","9":"has-post-category","10":"has-post-tag","11":"has-post-comment","12":"has-post-author","13":"","15":"first","16":"instock","17":"taxable","18":"shipping-taxable","19":"purchasable","20":"product-type-simple"},"jetpack_sharing_enabled":true,"brands":[],"builder_content":"","_links":{"self":[{"href":"https:\/\/interware.dk\/RC\/wp-json\/wp\/v2\/product\/2476","targetHints":{"allow":["GET"]}}],"collection":[{"href":"https:\/\/interware.dk\/RC\/wp-json\/wp\/v2\/product"}],"about":[{"href":"https:\/\/interware.dk\/RC\/wp-json\/wp\/v2\/types\/product"}],"replies":[{"embeddable":true,"href":"https:\/\/interware.dk\/RC\/wp-json\/wp\/v2\/comments?post=2476"}],"wp:featuredmedia":[{"embeddable":true,"href":"https:\/\/interware.dk\/RC\/wp-json\/wp\/v2\/media\/6474"}],"wp:attachment":[{"href":"https:\/\/interware.dk\/RC\/wp-json\/wp\/v2\/media?parent=2476"}],"wp:term":[{"taxonomy":"pwb-brand","embeddable":true,"href":"https:\/\/interware.dk\/RC\/wp-json\/wp\/v2\/pwb-brand?post=2476"},{"taxonomy":"product_brand","embeddable":true,"href":"https:\/\/interware.dk\/RC\/wp-json\/wp\/v2\/product_brand?post=2476"},{"taxonomy":"product_cat","embeddable":true,"href":"https:\/\/interware.dk\/RC\/wp-json\/wp\/v2\/product_cat?post=2476"},{"taxonomy":"product_tag","embeddable":true,"href":"https:\/\/interware.dk\/RC\/wp-json\/wp\/v2\/product_tag?post=2476"}],"curies":[{"name":"wp","href":"https:\/\/api.w.org\/{rel}","templated":true}]}}