{"id":2428,"date":"2019-06-06T17:30:52","date_gmt":"2019-06-06T16:30:52","guid":{"rendered":"http:\/\/interware.dk\/fjernstyret\/vare\/monster\/"},"modified":"2021-10-21T09:58:33","modified_gmt":"2021-10-21T08:58:33","slug":"monster","status":"publish","type":"product","link":"https:\/\/interware.dk\/RC\/vare\/monster\/","title":{"rendered":"Monster"},"content":{"rendered":"<p style=\"text-align: center;\"><span style=\"font-size: 20px;\">Monster<\/span><\/p>\n<p style=\"text-align: center;\"><strong>1\/10 3,0cc nitro monster truck<\/strong><\/p>\n<p style=\"text-align: center;\">\u00a0<a href=\"http:\/\/interware.dk\/RC\/index.php?cPath=2_35_75\">Reservedele til Monster finder du her.<\/a><\/p>\n<p style=\"text-align: center;\"><img data-recalc-dims=\"1\" decoding=\"async\" style=\"height: 288px; width: 500px;\" src=\"https:\/\/i0.wp.com\/www.interware.dk\/picture_library\/monster.jpg?w=1165\" \/><\/p>\n<p style=\"text-align: center;\">En nydesignet og forbedret monster truck fra HiSpeed, nu med bla. det s\u00e5kaldte pivot ball oph\u00e6ng, og SH .18 motor.<\/p>\n<p style=\"text-align: center;\"><strong>Specifikationer<\/strong>:<\/p>\n<p>l\u00e6ngde 420mm<br \/>\nBredde 330mm<br \/>\nH\u00f8jde 185mm<br \/>\nFrih\u00f8jde 30mm<br \/>\nGear Ratio 13.34:1<br \/>\n4WD (4 Hjulstr\u00e6k)<br \/>\nAluminium chassis<br \/>\nMotor SH 3,0 cc<br \/>\nV\u00e6gt 2100g<\/p>\n<p style=\"text-align: center;\">Monster kan upgraderes med aludele.<\/p>\n<p style=\"text-align: center;\"><img data-recalc-dims=\"1\" decoding=\"async\" style=\"height: 229px; width: 245px;\" src=\"https:\/\/i0.wp.com\/www.interware.dk\/picture_library\/monsterpivot.jpg?w=1165\" \/>\u00a0 <img data-recalc-dims=\"1\" decoding=\"async\" style=\"height: 234px; width: 310px;\" src=\"https:\/\/i0.wp.com\/www.interware.dk\/picture_library\/monsterfront.jpg?w=1165\" \/><\/p>\n<p style=\"text-align: center;\">Monster leveres k\u00f8reklar.<\/p>\n<p style=\"text-align: center;\">Det eneste du mangler for at v\u00e6re k\u00f8rende er 12AA batterier, gl\u00f8destarter\u00a0og br\u00e6ndstof.<\/p>\n<p style=\"text-align: center;\"><a href=\"http:\/\/www.interware.dk\/mediafiles\/Indkoringafmotor.doc\"><u>Husk at en ny motor altid skal k\u00f8res til inden brug, klik her for at l\u00e6se, hvordan det g\u00f8res.<\/u><\/a><\/p>\n<p style=\"text-align: center;\"><img data-recalc-dims=\"1\" decoding=\"async\" style=\"height: 375px; width: 500px;\" src=\"https:\/\/i0.wp.com\/www.interware.dk\/picture_library\/monsterwb.jpg?w=1165\" \/><\/p>\n<p>&nbsp;<\/p>\n<!--themify_builder_content-->\n<div id=\"themify_builder_content-2428\" data-postid=\"2428\" class=\"themify_builder_content themify_builder_content-2428 themify_builder tf_clear\">\n    <\/div>\n<!--\/themify_builder_content-->\n","protected":false},"excerpt":{"rendered":"<p>Monster 1\/10 3,0cc nitro monster truck \u00a0Reservedele til Monster finder du her. En nydesignet og forbedret monster truck fra HiSpeed, nu med bla. det s\u00e5kaldte pivot ball oph\u00e6ng, og SH .18 motor. Specifikationer: l\u00e6ngde 420mm Bredde 330mm H\u00f8jde 185mm Frih\u00f8jde 30mm Gear Ratio 13.34:1 4WD (4 Hjulstr\u00e6k) Aluminium chassis Motor SH 3,0 cc V\u00e6gt 2100g [&hellip;]<\/p>\n","protected":false},"featured_media":4637,"comment_status":"open","ping_status":"closed","template":"","meta":[],"pwb-brand":[167],"product_brand":[],"product_cat":[58],"product_tag":[],"class_list":{"0":"post-2428","1":"product","2":"type-product","3":"status-publish","4":"has-post-thumbnail","6":"pwb-brand-hsp","7":"product_cat-1-10-biler","8":"has-post-title","9":"has-post-date","10":"has-post-category","11":"has-post-tag","12":"has-post-comment","13":"has-post-author","14":"","16":"first","17":"outofstock","18":"taxable","19":"shipping-taxable","20":"purchasable","21":"product-type-simple"},"jetpack_sharing_enabled":true,"brands":[{"id":167,"name":"HSP","slug":"hsp"}],"builder_content":"","_links":{"self":[{"href":"https:\/\/interware.dk\/RC\/wp-json\/wp\/v2\/product\/2428","targetHints":{"allow":["GET"]}}],"collection":[{"href":"https:\/\/interware.dk\/RC\/wp-json\/wp\/v2\/product"}],"about":[{"href":"https:\/\/interware.dk\/RC\/wp-json\/wp\/v2\/types\/product"}],"replies":[{"embeddable":true,"href":"https:\/\/interware.dk\/RC\/wp-json\/wp\/v2\/comments?post=2428"}],"wp:featuredmedia":[{"embeddable":true,"href":"https:\/\/interware.dk\/RC\/wp-json\/wp\/v2\/media\/4637"}],"wp:attachment":[{"href":"https:\/\/interware.dk\/RC\/wp-json\/wp\/v2\/media?parent=2428"}],"wp:term":[{"taxonomy":"pwb-brand","embeddable":true,"href":"https:\/\/interware.dk\/RC\/wp-json\/wp\/v2\/pwb-brand?post=2428"},{"taxonomy":"product_brand","embeddable":true,"href":"https:\/\/interware.dk\/RC\/wp-json\/wp\/v2\/product_brand?post=2428"},{"taxonomy":"product_cat","embeddable":true,"href":"https:\/\/interware.dk\/RC\/wp-json\/wp\/v2\/product_cat?post=2428"},{"taxonomy":"product_tag","embeddable":true,"href":"https:\/\/interware.dk\/RC\/wp-json\/wp\/v2\/product_tag?post=2428"}],"curies":[{"name":"wp","href":"https:\/\/api.w.org\/{rel}","templated":true}]}}