{"id":2417,"date":"2019-06-06T17:30:51","date_gmt":"2019-06-06T16:30:51","guid":{"rendered":"http:\/\/interware.dk\/fjernstyret\/vare\/startboks\/"},"modified":"2019-06-08T15:08:08","modified_gmt":"2019-06-08T13:08:08","slug":"startboks","status":"publish","type":"product","link":"https:\/\/interware.dk\/RC\/vare\/startboks\/","title":{"rendered":"Startboks"},"content":{"rendered":"<p><P>Startboksen (startbox) kan tilsluttes 2x 7,2V batterier eller 1x 12V batteri. Medf\u00f8lger ikke.<\/P><br \/>\n<P>Passer til b\u00e5de onroad og offroad modeller 1\/10 og 1\/8. Har indbygget gl\u00f8der\u00f8rsholder og gummi magnetplade.<\/P><br \/>\n<P>OBS: Kan ikke bruges sammen med SH 4,6cc motoren, som sidder p\u00e5 Bazooka Pro og Tornado Pro.<\/P><\/p>\n","protected":false},"excerpt":{"rendered":"<p>Startboksen (startbox) kan tilsluttes 2x 7,2V batterier eller 1x 12V batteri. Medf\u00f8lger ikke. Passer til b\u00e5de onroad og offroad modeller 1\/10 og 1\/8. Har indbygget gl\u00f8der\u00f8rsholder og gummi magnetplade. OBS: Kan ikke bruges sammen med SH 4,6cc motoren, som sidder p\u00e5 Bazooka Pro og Tornado Pro.<\/p>\n","protected":false},"featured_media":4705,"comment_status":"open","ping_status":"closed","template":"","meta":[],"pwb-brand":[],"product_brand":[],"product_cat":[64],"product_tag":[],"class_list":{"0":"post-2417","1":"product","2":"type-product","3":"status-publish","4":"has-post-thumbnail","6":"product_cat-tilbehoer-2","7":"has-post-title","8":"has-post-date","9":"has-post-category","10":"has-post-tag","11":"has-post-comment","12":"has-post-author","13":"","15":"first","16":"instock","17":"taxable","18":"shipping-taxable","19":"purchasable","20":"product-type-simple"},"jetpack_sharing_enabled":true,"brands":[],"builder_content":"","_links":{"self":[{"href":"https:\/\/interware.dk\/RC\/wp-json\/wp\/v2\/product\/2417","targetHints":{"allow":["GET"]}}],"collection":[{"href":"https:\/\/interware.dk\/RC\/wp-json\/wp\/v2\/product"}],"about":[{"href":"https:\/\/interware.dk\/RC\/wp-json\/wp\/v2\/types\/product"}],"replies":[{"embeddable":true,"href":"https:\/\/interware.dk\/RC\/wp-json\/wp\/v2\/comments?post=2417"}],"wp:featuredmedia":[{"embeddable":true,"href":"https:\/\/interware.dk\/RC\/wp-json\/wp\/v2\/media\/4705"}],"wp:attachment":[{"href":"https:\/\/interware.dk\/RC\/wp-json\/wp\/v2\/media?parent=2417"}],"wp:term":[{"taxonomy":"pwb-brand","embeddable":true,"href":"https:\/\/interware.dk\/RC\/wp-json\/wp\/v2\/pwb-brand?post=2417"},{"taxonomy":"product_brand","embeddable":true,"href":"https:\/\/interware.dk\/RC\/wp-json\/wp\/v2\/product_brand?post=2417"},{"taxonomy":"product_cat","embeddable":true,"href":"https:\/\/interware.dk\/RC\/wp-json\/wp\/v2\/product_cat?post=2417"},{"taxonomy":"product_tag","embeddable":true,"href":"https:\/\/interware.dk\/RC\/wp-json\/wp\/v2\/product_tag?post=2417"}],"curies":[{"name":"wp","href":"https:\/\/api.w.org\/{rel}","templated":true}]}}