{"id":2240,"date":"2019-06-06T17:30:39","date_gmt":"2019-06-06T16:30:39","guid":{"rendered":"http:\/\/interware.dk\/fjernstyret\/vare\/powerstarter\/"},"modified":"2023-10-02T13:14:45","modified_gmt":"2023-10-02T12:14:45","slug":"powerstarter","status":"publish","type":"product","link":"https:\/\/interware.dk\/RC\/vare\/powerstarter\/","title":{"rendered":"Powerstarter"},"content":{"rendered":"<p>&#160;<\/p>\n<p>Til motor st\u00f8rrelserne 2,5 og&#160;2,6 og 3,0cc er et batteri p\u00e5 1800mAh tilstr\u00e6kkeligt, men der skal 3000mAh til 3,5cc og&#160;4,6cc motoren.<\/p>\n<p>Bem\u00e6rk at Powerstarteren er med Tamiyastik.<\/p>\n","protected":false},"excerpt":{"rendered":"<p>&#160; Til motor st\u00f8rrelserne 2,5 og&#160;2,6 og 3,0cc er et batteri p\u00e5 1800mAh tilstr\u00e6kkeligt, men der skal 3000mAh til 3,5cc og&#160;4,6cc motoren. Bem\u00e6rk at Powerstarteren er med Tamiyastik.<\/p>\n","protected":false},"featured_media":4706,"comment_status":"open","ping_status":"closed","template":"","meta":[],"pwb-brand":[],"product_brand":[],"product_cat":[64],"product_tag":[],"class_list":{"0":"post-2240","1":"product","2":"type-product","3":"status-publish","4":"has-post-thumbnail","6":"product_cat-tilbehoer-2","7":"has-post-title","8":"has-post-date","9":"has-post-category","10":"has-post-tag","11":"has-post-comment","12":"has-post-author","13":"","15":"first","16":"onbackorder","17":"taxable","18":"shipping-taxable","19":"purchasable","20":"product-type-simple"},"jetpack_sharing_enabled":true,"brands":[],"builder_content":"","_links":{"self":[{"href":"https:\/\/interware.dk\/RC\/wp-json\/wp\/v2\/product\/2240","targetHints":{"allow":["GET"]}}],"collection":[{"href":"https:\/\/interware.dk\/RC\/wp-json\/wp\/v2\/product"}],"about":[{"href":"https:\/\/interware.dk\/RC\/wp-json\/wp\/v2\/types\/product"}],"replies":[{"embeddable":true,"href":"https:\/\/interware.dk\/RC\/wp-json\/wp\/v2\/comments?post=2240"}],"wp:featuredmedia":[{"embeddable":true,"href":"https:\/\/interware.dk\/RC\/wp-json\/wp\/v2\/media\/4706"}],"wp:attachment":[{"href":"https:\/\/interware.dk\/RC\/wp-json\/wp\/v2\/media?parent=2240"}],"wp:term":[{"taxonomy":"pwb-brand","embeddable":true,"href":"https:\/\/interware.dk\/RC\/wp-json\/wp\/v2\/pwb-brand?post=2240"},{"taxonomy":"product_brand","embeddable":true,"href":"https:\/\/interware.dk\/RC\/wp-json\/wp\/v2\/product_brand?post=2240"},{"taxonomy":"product_cat","embeddable":true,"href":"https:\/\/interware.dk\/RC\/wp-json\/wp\/v2\/product_cat?post=2240"},{"taxonomy":"product_tag","embeddable":true,"href":"https:\/\/interware.dk\/RC\/wp-json\/wp\/v2\/product_tag?post=2240"}],"curies":[{"name":"wp","href":"https:\/\/api.w.org\/{rel}","templated":true}]}}