{"id":1886,"date":"2019-06-06T17:30:18","date_gmt":"2019-06-06T16:30:18","guid":{"rendered":"http:\/\/interware.dk\/fjernstyret\/vare\/faelge-m-daek-til-1-10-buggy-3\/"},"modified":"2019-06-13T20:26:00","modified_gmt":"2019-06-13T18:26:00","slug":"faelge-m-daek-til-1-10-buggy-3","status":"publish","type":"product","link":"https:\/\/interware.dk\/RC\/vare\/faelge-m-daek-til-1-10-buggy-3\/","title":{"rendered":"F\u00e6lge m. d\u00e6k til 1\/10 Buggy"},"content":{"rendered":"<p>&#160;<\/p>\n<p>&#160;<\/p>\n<ul type=\"disc\">\n<li style=\"color: black\"><span style=\"font-size: 12pt\">F\u00e6lge i gul<\/span><\/li>\n<li style=\"color: black\"><span style=\"font-size: 12pt\">Passer 1\/10 Buggy<\/span><\/li>\n<li style=\"color: black\"><span style=\"font-size: 12pt\">F\u00e6lg Bredde 36mm<\/span><\/li>\n<li style=\"color: black\"><span style=\"font-size: 12pt\">F\u00e6lg Diameter 62mm<\/span><\/li>\n<li style=\"color: black\"><span style=\"font-size: 12pt\">D\u00e6k Bredde 41mm<\/span><\/li>\n<li style=\"color: black\"><span style=\"font-size: 12pt\">D\u00e6k Diameter 86mm<\/span><\/li>\n<li style=\"color: black\"><span style=\"font-size: 12pt\">12mm hex<\/span><\/li>\n<li style=\"color: black\"><span style=\"font-size: 12pt\">2 stk<\/span><\/li>\n<\/ul>\n","protected":false},"excerpt":{"rendered":"<p>&#160; &#160; F\u00e6lge i gul Passer 1\/10 Buggy F\u00e6lg Bredde 36mm F\u00e6lg Diameter 62mm D\u00e6k Bredde 41mm D\u00e6k Diameter 86mm 12mm hex 2 stk<\/p>\n","protected":false},"featured_media":6046,"comment_status":"open","ping_status":"closed","template":"","meta":[],"pwb-brand":[],"product_brand":[],"product_cat":[140,99],"product_tag":[],"class_list":{"0":"post-1886","1":"product","2":"type-product","3":"status-publish","4":"has-post-thumbnail","6":"product_cat-daek-og-faelge","7":"product_cat-warhead-sedrmer","8":"has-post-title","9":"has-post-date","10":"has-post-category","11":"has-post-tag","12":"has-post-comment","13":"has-post-author","14":"","16":"first","17":"instock","18":"taxable","19":"shipping-taxable","20":"purchasable","21":"product-type-simple"},"jetpack_sharing_enabled":true,"brands":[],"builder_content":"","_links":{"self":[{"href":"https:\/\/interware.dk\/RC\/wp-json\/wp\/v2\/product\/1886","targetHints":{"allow":["GET"]}}],"collection":[{"href":"https:\/\/interware.dk\/RC\/wp-json\/wp\/v2\/product"}],"about":[{"href":"https:\/\/interware.dk\/RC\/wp-json\/wp\/v2\/types\/product"}],"replies":[{"embeddable":true,"href":"https:\/\/interware.dk\/RC\/wp-json\/wp\/v2\/comments?post=1886"}],"wp:featuredmedia":[{"embeddable":true,"href":"https:\/\/interware.dk\/RC\/wp-json\/wp\/v2\/media\/6046"}],"wp:attachment":[{"href":"https:\/\/interware.dk\/RC\/wp-json\/wp\/v2\/media?parent=1886"}],"wp:term":[{"taxonomy":"pwb-brand","embeddable":true,"href":"https:\/\/interware.dk\/RC\/wp-json\/wp\/v2\/pwb-brand?post=1886"},{"taxonomy":"product_brand","embeddable":true,"href":"https:\/\/interware.dk\/RC\/wp-json\/wp\/v2\/product_brand?post=1886"},{"taxonomy":"product_cat","embeddable":true,"href":"https:\/\/interware.dk\/RC\/wp-json\/wp\/v2\/product_cat?post=1886"},{"taxonomy":"product_tag","embeddable":true,"href":"https:\/\/interware.dk\/RC\/wp-json\/wp\/v2\/product_tag?post=1886"}],"curies":[{"name":"wp","href":"https:\/\/api.w.org\/{rel}","templated":true}]}}