{"id":1348,"date":"2019-06-06T17:29:47","date_gmt":"2019-06-06T16:29:47","guid":{"rendered":"http:\/\/interware.dk\/fjernstyret\/vare\/by-pass\/"},"modified":"2020-07-02T09:20:57","modified_gmt":"2020-07-02T08:20:57","slug":"by-pass","status":"publish","type":"product","link":"https:\/\/interware.dk\/RC\/vare\/by-pass\/","title":{"rendered":"By-pass"},"content":{"rendered":"<p><P align=center><FONT size=6>By-pass modul<\/FONT><\/P><br \/>\n<P align=center><FONT size=6><\/FONT>&nbsp;<\/P><br \/>\n<P align=center><FONT size=3>By-pass modulet bruges til alarmer med motorstart, hvis de skal monteres i en bil med startsp\u00e6rre i n\u00f8glen. Modulet kr\u00e6ver du har en ekstra n\u00f8gle til bilen.<\/FONT><\/P><\/p>\n","protected":false},"excerpt":{"rendered":"<p>By-pass modul &nbsp; By-pass modulet bruges til alarmer med motorstart, hvis de skal monteres i en bil med startsp\u00e6rre i n\u00f8glen. Modulet kr\u00e6ver du har en ekstra n\u00f8gle til bilen.<\/p>\n","protected":false},"featured_media":0,"comment_status":"open","ping_status":"closed","template":"","meta":[],"pwb-brand":[],"product_brand":[],"product_cat":[55],"product_tag":[],"class_list":{"0":"post-1348","1":"product","2":"type-product","3":"status-publish","5":"product_cat-tilbehoer","6":"has-post-title","7":"has-post-date","8":"has-post-category","9":"has-post-tag","10":"has-post-comment","11":"has-post-author","12":"","14":"first","15":"instock","16":"taxable","17":"shipping-taxable","18":"purchasable","19":"product-type-simple"},"jetpack_sharing_enabled":true,"brands":[],"builder_content":"","_links":{"self":[{"href":"https:\/\/interware.dk\/RC\/wp-json\/wp\/v2\/product\/1348","targetHints":{"allow":["GET"]}}],"collection":[{"href":"https:\/\/interware.dk\/RC\/wp-json\/wp\/v2\/product"}],"about":[{"href":"https:\/\/interware.dk\/RC\/wp-json\/wp\/v2\/types\/product"}],"replies":[{"embeddable":true,"href":"https:\/\/interware.dk\/RC\/wp-json\/wp\/v2\/comments?post=1348"}],"wp:attachment":[{"href":"https:\/\/interware.dk\/RC\/wp-json\/wp\/v2\/media?parent=1348"}],"wp:term":[{"taxonomy":"pwb-brand","embeddable":true,"href":"https:\/\/interware.dk\/RC\/wp-json\/wp\/v2\/pwb-brand?post=1348"},{"taxonomy":"product_brand","embeddable":true,"href":"https:\/\/interware.dk\/RC\/wp-json\/wp\/v2\/product_brand?post=1348"},{"taxonomy":"product_cat","embeddable":true,"href":"https:\/\/interware.dk\/RC\/wp-json\/wp\/v2\/product_cat?post=1348"},{"taxonomy":"product_tag","embeddable":true,"href":"https:\/\/interware.dk\/RC\/wp-json\/wp\/v2\/product_tag?post=1348"}],"curies":[{"name":"wp","href":"https:\/\/api.w.org\/{rel}","templated":true}]}}