{"id":1207,"date":"2019-06-06T17:29:41","date_gmt":"2019-06-06T16:29:41","guid":{"rendered":"http:\/\/interware.dk\/fjernstyret\/vare\/classic-2\/"},"modified":"2019-06-06T17:29:41","modified_gmt":"2019-06-06T16:29:41","slug":"classic-2","status":"publish","type":"product","link":"https:\/\/interware.dk\/RC\/vare\/classic-2\/","title":{"rendered":"Classic"},"content":{"rendered":"<p><P>&nbsp;<\/P><br \/>\n<P>&nbsp;<\/P><br \/>\n<P>&nbsp;<\/P><br \/>\n<P>&nbsp;<\/P><br \/>\n<P>&nbsp;<\/P><br \/>\n<P><BR><br \/>\n<META http-equiv=Content-Language content=da><br \/>\n<META content=\"Microsoft FrontPage 6.0\" name=GENERATOR><br \/>\n<META content=FrontPage.Editor.Document name=ProgId><\/P><br \/>\n<TABLE id=table18 width=\"100%\" bgColor=#000000 border=0><br \/>\n<TBODY><br \/>\n<TR><br \/>\n<TD><br \/>\n<P align=center><FONT color=#ffffff size=6>Classic fra Oskar Emil<\/FONT><\/P><br \/>\n<P align=center><IMG data-recalc-dims=\"1\" height=\"248\" src=\"https:\/\/i0.wp.com\/www.interware.dk\/picture_library\/classicGOLDup.jpg?resize=104%2C248\" width=\"104\" border=0><\/P><br \/>\n<P align=center>&nbsp;<\/P><br \/>\n<TABLE id=table19 cellSpacing=0 cellPadding=0 width=769 border=0><br \/>\n<TBODY><br \/>\n<TR><br \/>\n<TD class=f13><FONT color=#ffffff>Helt nyt og rigtigt l\u00e6kkert kvalitetsur &#8211; Classic fra OSKAR EMIL. <BR><BR>Classic har:<BR>23 karat guldbel\u00e6gning<BR>H\u00e6rdet mineralglas<BR>Vandt\u00e6t til 30M<BR>Trykknap sikkerhedsl\u00e5s<BR>Swiss urv\u00e6rk<BR>Individuellt serienummer <BR><BR>Hele 5 \u00e5rs international garanti fra fabrikken<BR><BR>Leveres i flot \u00e6ske. Perfekt som gave.<BR><\/FONT><br \/>\n<P><\/P><br \/>\n<P><\/P><br \/>\n<P><\/P><br \/>\n<P><\/P><br \/>\n<P><FONT color=#ffffff>Der kan v\u00e6lges mellem: Dame eller Herre\/Hvid eller Bl\u00e5 urskive<BR><\/FONT><br \/>\n<P><FONT color=#ffffff>Der skal forventes ca. 1 uges leveringstid efter registreret betaling.<\/FONT><\/P><\/TD><\/TR><\/TBODY><\/TABLE><br \/>\n<P><IMG data-recalc-dims=\"1\" height=\"327\" src=\"https:\/\/i0.wp.com\/www.interware.dk\/picture_library\/classicGOLD.jpg?resize=800%2C327\" width=\"800\" border=0><\/P><br \/>\n<P><IMG data-recalc-dims=\"1\" height=\"327\" src=\"https:\/\/i0.wp.com\/www.interware.dk\/picture_library\/classicGOLDB.jpg?resize=800%2C327\" width=\"800\" border=0><\/P><br \/>\n<P><IMG data-recalc-dims=\"1\" height=\"244\" src=\"https:\/\/i0.wp.com\/www.interware.dk\/picture_library\/classicGOLDback.jpg?resize=600%2C244\" width=\"600\" border=0><BR>&nbsp;<\/P><br \/>\n<P>&nbsp;<\/P><\/TD><\/TR><\/TBODY><\/TABLE><\/p>\n","protected":false},"excerpt":{"rendered":"<p>&nbsp; &nbsp; &nbsp; &nbsp; &nbsp; Classic fra Oskar Emil &nbsp; Helt nyt og rigtigt l\u00e6kkert kvalitetsur &#8211; Classic fra OSKAR EMIL. Classic har:23 karat guldbel\u00e6gningH\u00e6rdet mineralglasVandt\u00e6t til 30MTrykknap sikkerhedsl\u00e5sSwiss urv\u00e6rkIndividuellt serienummer Hele 5 \u00e5rs international garanti fra fabrikkenLeveres i flot \u00e6ske. Perfekt som gave. Der kan v\u00e6lges mellem: Dame eller Herre\/Hvid eller Bl\u00e5 urskive Der [&hellip;]<\/p>\n","protected":false},"featured_media":4540,"comment_status":"open","ping_status":"closed","template":"","meta":[],"pwb-brand":[],"product_brand":[],"product_cat":[84],"product_tag":[],"class_list":{"0":"post-1207","1":"product","2":"type-product","3":"status-publish","4":"has-post-thumbnail","6":"product_cat-oskar-emil-ure","7":"has-post-title","8":"has-post-date","9":"has-post-category","10":"has-post-tag","11":"has-post-comment","12":"has-post-author","13":"","15":"first","16":"instock","17":"taxable","18":"shipping-taxable","19":"purchasable","20":"product-type-variable"},"jetpack_sharing_enabled":true,"brands":[],"builder_content":"","_links":{"self":[{"href":"https:\/\/interware.dk\/RC\/wp-json\/wp\/v2\/product\/1207","targetHints":{"allow":["GET"]}}],"collection":[{"href":"https:\/\/interware.dk\/RC\/wp-json\/wp\/v2\/product"}],"about":[{"href":"https:\/\/interware.dk\/RC\/wp-json\/wp\/v2\/types\/product"}],"replies":[{"embeddable":true,"href":"https:\/\/interware.dk\/RC\/wp-json\/wp\/v2\/comments?post=1207"}],"wp:featuredmedia":[{"embeddable":true,"href":"https:\/\/interware.dk\/RC\/wp-json\/wp\/v2\/media\/4540"}],"wp:attachment":[{"href":"https:\/\/interware.dk\/RC\/wp-json\/wp\/v2\/media?parent=1207"}],"wp:term":[{"taxonomy":"pwb-brand","embeddable":true,"href":"https:\/\/interware.dk\/RC\/wp-json\/wp\/v2\/pwb-brand?post=1207"},{"taxonomy":"product_brand","embeddable":true,"href":"https:\/\/interware.dk\/RC\/wp-json\/wp\/v2\/product_brand?post=1207"},{"taxonomy":"product_cat","embeddable":true,"href":"https:\/\/interware.dk\/RC\/wp-json\/wp\/v2\/product_cat?post=1207"},{"taxonomy":"product_tag","embeddable":true,"href":"https:\/\/interware.dk\/RC\/wp-json\/wp\/v2\/product_tag?post=1207"}],"curies":[{"name":"wp","href":"https:\/\/api.w.org\/{rel}","templated":true}]}}