{"id":1005,"date":"2019-06-06T17:29:33","date_gmt":"2019-06-06T16:29:33","guid":{"rendered":"http:\/\/interware.dk\/fjernstyret\/vare\/vanguard-sports\/"},"modified":"2020-07-02T09:18:52","modified_gmt":"2020-07-02T08:18:52","slug":"vanguard-sports","status":"publish","type":"product","link":"https:\/\/interware.dk\/RC\/vare\/vanguard-sports\/","title":{"rendered":"Vanguard Sports"},"content":{"rendered":"<p>&nbsp;<\/p>\n<p>&nbsp;<\/p>\n<p>&nbsp;<\/p>\n<p>&nbsp;<\/p>\n<p>&nbsp;<\/p>\n<p style=\"text-align: center;\">\n<p style=\"text-align: center;\"><span style=\"font-size: 20px;\">Vanguard Sports<\/span><\/p>\n<p style=\"text-align: center;\"><strong>1\/8 3,5cc Nitro Buggy<\/strong><\/p>\n<p style=\"text-align: center;\">\n<p style=\"text-align: center;\"><img data-recalc-dims=\"1\" decoding=\"async\" style=\"height: 269px; width: 500px;\" src=\"https:\/\/i0.wp.com\/www.interware.dk\/picture_library\/Vanguardcorner.jpg?w=1165\" alt=\"\" \/><\/p>\n<p style=\"text-align: center;\">\n<p style=\"text-align: center;\">Vanguard Sports fra Smartech er en hurtig og robust 1\/8 buggy. Den er udstyret med 4 kraftige oliefyldte st\u00f8dd\u00e6mpere, som s\u00f8rger for et rigtigt godt vejgreb i uj\u00e6vnt terr\u00e6n, og g\u00f8r at den kan lande perfekt ved selv store hop. Den kommer med en 3,5cc motor som yder 2,1hk hvilket giver rigeligt med krafter til at lave hjulspin og en hurtig acceleration. P\u00e5 Vanguard Sports har man valgt at lave 2 t\u00e6tte bokse til elektronikken. 1 til modtager og evt failsafe, og 1 separat til batterier, dejligt nemt at komme til.<\/p>\n<p style=\"text-align: center;\">\n<p style=\"text-align: center;\"><img data-recalc-dims=\"1\" decoding=\"async\" style=\"height: 245px; width: 350px;\" src=\"https:\/\/i0.wp.com\/www.interware.dk\/picture_library\/Vanguardelectronic.jpg?w=1165\" alt=\"\" \/> <img data-recalc-dims=\"1\" decoding=\"async\" style=\"height: 245px; width: 350px;\" src=\"https:\/\/i0.wp.com\/www.interware.dk\/picture_library\/Vanguardsteering.jpg?w=1165\" alt=\"\" \/><\/p>\n<p style=\"text-align: center;\"><strong>Specifikationer<\/strong><\/p>\n<p style=\"text-align: center;\">L\u00e6ngde: 470mm<br \/>\nBredde: 310mm<br \/>\nH\u00f8jde: 285mm<br \/>\nV\u00e6gt: 3,5kg<br \/>\nMotor: 3,5cc<\/p>\n<p style=\"text-align: center;\"><img data-recalc-dims=\"1\" decoding=\"async\" style=\"height: 257px; width: 350px;\" src=\"https:\/\/i0.wp.com\/www.interware.dk\/picture_library\/Vanguardengine.jpg?w=1165\" alt=\"\" \/> <img data-recalc-dims=\"1\" decoding=\"async\" style=\"height: 271px; width: 350px;\" src=\"https:\/\/i0.wp.com\/www.interware.dk\/picture_library\/Vanguardsuspension.jpg?w=1165\" alt=\"\" \/><\/p>\n<p style=\"text-align: center;\">\n<p style=\"text-align: center;\">\n<p style=\"text-align: center;\">Modellen er RTR, du mangler kun br\u00e6ndstof, gl\u00f8destarter og 12AA batterier.<\/p>\n<p style=\"text-align: center;\">\n<p style=\"text-align: center;\"><a href=\"http:\/\/www.interware.dk\/mediafiles\/Indkoringafmotor.doc\"><u>Husk at en ny motor altid skal k\u00f8res til inden brug, klik her for at l\u00e6se, hvordan det g\u00f8res.<\/u><\/a><\/p>\n<p style=\"text-align: center;\">\n<p style=\"text-align: center;\"><img data-recalc-dims=\"1\" decoding=\"async\" style=\"height: 219px; width: 500px;\" src=\"https:\/\/i0.wp.com\/www.interware.dk\/picture_library\/Vanguardside.jpg?w=1165\" alt=\"\" \/><\/p>\n<p style=\"text-align: center;\">\n<p style=\"text-align: center;\">\n<!--themify_builder_content-->\n<div id=\"themify_builder_content-1005\" data-postid=\"1005\" class=\"themify_builder_content themify_builder_content-1005 themify_builder tf_clear\">\n    <\/div>\n<!--\/themify_builder_content-->\n","protected":false},"excerpt":{"rendered":"<p>&nbsp; &nbsp; &nbsp; &nbsp; &nbsp; Vanguard Sports 1\/8 3,5cc Nitro Buggy Vanguard Sports fra Smartech er en hurtig og robust 1\/8 buggy. Den er udstyret med 4 kraftige oliefyldte st\u00f8dd\u00e6mpere, som s\u00f8rger for et rigtigt godt vejgreb i uj\u00e6vnt terr\u00e6n, og g\u00f8r at den kan lande perfekt ved selv store hop. Den kommer med en [&hellip;]<\/p>\n","protected":false},"featured_media":4524,"comment_status":"open","ping_status":"closed","template":"","meta":[],"pwb-brand":[169],"product_brand":[],"product_cat":[57],"product_tag":[],"class_list":{"0":"post-1005","1":"product","2":"type-product","3":"status-publish","4":"has-post-thumbnail","6":"pwb-brand-smartech","7":"product_cat-1-8-biler","8":"has-post-title","9":"has-post-date","10":"has-post-category","11":"has-post-tag","12":"has-post-comment","13":"has-post-author","14":"","16":"first","17":"instock","18":"sale","19":"taxable","20":"shipping-taxable","21":"purchasable","22":"product-type-simple"},"jetpack_sharing_enabled":true,"brands":[{"id":169,"name":"Smartech","slug":"smartech"}],"builder_content":"","_links":{"self":[{"href":"https:\/\/interware.dk\/RC\/wp-json\/wp\/v2\/product\/1005","targetHints":{"allow":["GET"]}}],"collection":[{"href":"https:\/\/interware.dk\/RC\/wp-json\/wp\/v2\/product"}],"about":[{"href":"https:\/\/interware.dk\/RC\/wp-json\/wp\/v2\/types\/product"}],"replies":[{"embeddable":true,"href":"https:\/\/interware.dk\/RC\/wp-json\/wp\/v2\/comments?post=1005"}],"wp:featuredmedia":[{"embeddable":true,"href":"https:\/\/interware.dk\/RC\/wp-json\/wp\/v2\/media\/4524"}],"wp:attachment":[{"href":"https:\/\/interware.dk\/RC\/wp-json\/wp\/v2\/media?parent=1005"}],"wp:term":[{"taxonomy":"pwb-brand","embeddable":true,"href":"https:\/\/interware.dk\/RC\/wp-json\/wp\/v2\/pwb-brand?post=1005"},{"taxonomy":"product_brand","embeddable":true,"href":"https:\/\/interware.dk\/RC\/wp-json\/wp\/v2\/product_brand?post=1005"},{"taxonomy":"product_cat","embeddable":true,"href":"https:\/\/interware.dk\/RC\/wp-json\/wp\/v2\/product_cat?post=1005"},{"taxonomy":"product_tag","embeddable":true,"href":"https:\/\/interware.dk\/RC\/wp-json\/wp\/v2\/product_tag?post=1005"}],"curies":[{"name":"wp","href":"https:\/\/api.w.org\/{rel}","templated":true}]}}