{"id":1003,"date":"2019-06-06T17:29:33","date_gmt":"2019-06-06T16:29:33","guid":{"rendered":"http:\/\/interware.dk\/fjernstyret\/vare\/bazooka\/"},"modified":"2020-07-02T09:18:52","modified_gmt":"2020-07-02T08:18:52","slug":"bazooka","status":"publish","type":"product","link":"https:\/\/interware.dk\/RC\/vare\/bazooka\/","title":{"rendered":"Bazooka"},"content":{"rendered":"<p style=\"text-align: center;\">\n<p style=\"text-align: center;\">\n<p style=\"text-align: center;\">\n<p style=\"text-align: center;\"><span style=\"font-size: 20px;\">Bazooka<\/span><\/p>\n<p style=\"text-align: center;\"><strong>1\/8 3,5cc nitro buggy<\/strong><\/p>\n<p style=\"text-align: center;\">\n<p style=\"text-align: center;\"><img data-recalc-dims=\"1\" decoding=\"async\" style=\"height: 357px; width: 500px;\" src=\"https:\/\/i0.wp.com\/www.interware.dk\/picture_library\/Bazooka.jpg?w=1165\" alt=\"\" \/><\/p>\n<p style=\"text-align: center;\">Bilen kommer f\u00e6rdig bygget og med alt udstyr monteret.<br \/>\nMotoren er en 3,5ccm Vertex motor med 2,3 hk<br \/>\nDet giver en enorm tr\u00e6kkraft, om det er p\u00e5 grus, gr\u00e6s eller asfalt.<br \/>\nHastigheden ligger p\u00e5 ca 70 Km\/t<\/p>\n<p style=\"text-align: center;\">\n<p style=\"text-align: center;\"><strong>Specifikationer:<\/strong><\/p>\n<p>L\u00e6ngde 490mm<br \/>\nBredde 305mm<br \/>\nh\u00f8jde 190mm<br \/>\nTankvolume 125cc<br \/>\nMotor 3,5ccm Vertex<br \/>\nD\u00e6k 116x42mm<br \/>\n4WD (4 Hjulstr\u00e6k)<br \/>\nAluminum udst\u00f8dning<br \/>\nAluminium chassis<br \/>\nOlie St\u00f8dd\u00e6mper (Aluminium)<br \/>\nV\u00e6gt 3300g<\/p>\n<p>Modellen leveres inkl. pistol fjernbetjening, det eneste der mangler for at v\u00e6re k\u00f8rende er: br\u00e6ndstof, 12AA batterier og gl\u00f8destarter.<\/p>\n<p style=\"text-align: center;\"><img data-recalc-dims=\"1\" decoding=\"async\" style=\"height: 334px; width: 500px;\" src=\"https:\/\/i0.wp.com\/www.interware.dk\/picture_library\/Bazooka2.jpg?w=1165\" alt=\"\" \/><\/p>\n<p style=\"text-align: center;\"><img data-recalc-dims=\"1\" decoding=\"async\" style=\"height: 239px; width: 500px;\" src=\"https:\/\/i0.wp.com\/www.interware.dk\/picture_library\/Bazooka3.jpg?w=1165\" alt=\"\" \/><\/p>\n<p style=\"text-align: center;\">\n<p style=\"text-align: center;\">Modellen kan desuden opgraderes.<\/p>\n<p style=\"text-align: center;\"><a href=\"http:\/\/www.interware.dk\/mediafiles\/Indkoringafmotor.doc\"><u>Husk at en ny motor altid skal k\u00f8res til inden brug, klik her for at l\u00e6se, hvordan det g\u00f8res.<\/u><\/a><\/p>\n<!--themify_builder_content-->\n<div id=\"themify_builder_content-1003\" data-postid=\"1003\" class=\"themify_builder_content themify_builder_content-1003 themify_builder tf_clear\">\n    <\/div>\n<!--\/themify_builder_content-->\n","protected":false},"excerpt":{"rendered":"<p>Bazooka 1\/8 3,5cc nitro buggy Bilen kommer f\u00e6rdig bygget og med alt udstyr monteret. Motoren er en 3,5ccm Vertex motor med 2,3 hk Det giver en enorm tr\u00e6kkraft, om det er p\u00e5 grus, gr\u00e6s eller asfalt. Hastigheden ligger p\u00e5 ca 70 Km\/t Specifikationer: L\u00e6ngde 490mm Bredde 305mm h\u00f8jde 190mm Tankvolume 125cc Motor 3,5ccm Vertex D\u00e6k [&hellip;]<\/p>\n","protected":false},"featured_media":4522,"comment_status":"open","ping_status":"closed","template":"","meta":[],"pwb-brand":[167],"product_brand":[],"product_cat":[57],"product_tag":[],"class_list":{"0":"post-1003","1":"product","2":"type-product","3":"status-publish","4":"has-post-thumbnail","6":"pwb-brand-hsp","7":"product_cat-1-8-biler","8":"has-post-title","9":"has-post-date","10":"has-post-category","11":"has-post-tag","12":"has-post-comment","13":"has-post-author","14":"","16":"first","17":"instock","18":"taxable","19":"shipping-taxable","20":"purchasable","21":"product-type-simple"},"jetpack_sharing_enabled":true,"brands":[{"id":167,"name":"HSP","slug":"hsp"}],"builder_content":"","_links":{"self":[{"href":"https:\/\/interware.dk\/RC\/wp-json\/wp\/v2\/product\/1003","targetHints":{"allow":["GET"]}}],"collection":[{"href":"https:\/\/interware.dk\/RC\/wp-json\/wp\/v2\/product"}],"about":[{"href":"https:\/\/interware.dk\/RC\/wp-json\/wp\/v2\/types\/product"}],"replies":[{"embeddable":true,"href":"https:\/\/interware.dk\/RC\/wp-json\/wp\/v2\/comments?post=1003"}],"wp:featuredmedia":[{"embeddable":true,"href":"https:\/\/interware.dk\/RC\/wp-json\/wp\/v2\/media\/4522"}],"wp:attachment":[{"href":"https:\/\/interware.dk\/RC\/wp-json\/wp\/v2\/media?parent=1003"}],"wp:term":[{"taxonomy":"pwb-brand","embeddable":true,"href":"https:\/\/interware.dk\/RC\/wp-json\/wp\/v2\/pwb-brand?post=1003"},{"taxonomy":"product_brand","embeddable":true,"href":"https:\/\/interware.dk\/RC\/wp-json\/wp\/v2\/product_brand?post=1003"},{"taxonomy":"product_cat","embeddable":true,"href":"https:\/\/interware.dk\/RC\/wp-json\/wp\/v2\/product_cat?post=1003"},{"taxonomy":"product_tag","embeddable":true,"href":"https:\/\/interware.dk\/RC\/wp-json\/wp\/v2\/product_tag?post=1003"}],"curies":[{"name":"wp","href":"https:\/\/api.w.org\/{rel}","templated":true}]}}