{"id":1002,"date":"2019-06-06T17:29:33","date_gmt":"2019-06-06T16:29:33","guid":{"rendered":"http:\/\/interware.dk\/fjernstyret\/vare\/tornado\/"},"modified":"2020-07-02T09:14:53","modified_gmt":"2020-07-02T08:14:53","slug":"tornado","status":"publish","type":"product","link":"https:\/\/interware.dk\/RC\/vare\/tornado\/","title":{"rendered":"Tornado"},"content":{"rendered":"<p style=\"text-align: center;\">\n<p style=\"text-align: center;\">\n<p style=\"text-align: center;\">\n<p style=\"text-align: center;\"><span style=\"font-size: 20px;\">HiSpeed Tornado<\/span><\/p>\n<p style=\"text-align: center;\"><strong>1\/8 3,5cc nitro monster<\/strong><\/p>\n<p style=\"text-align: center;\"><img data-recalc-dims=\"1\" decoding=\"async\" style=\"height: 487px; width: 500px;\" src=\"https:\/\/i0.wp.com\/www.interware.dk\/picture_library\/Tornado.jpg?w=1165\" alt=\"\" \/><\/p>\n<p style=\"text-align: center;\">\n<p style=\"text-align: center;\">Tornado har en 3,5ccm motor med 2,3 hk.<br \/>\nDette giver Tornado en utrolig r\u00e5styrke og g\u00f8r den i stand til at k\u00f8re igennem alle terr\u00e6n og klare alle forhindringer.<br \/>\nNogle af dens features er: aluminium st\u00f8dd\u00e6mpere, st\u00f8v og vandt\u00e6t boks til elektronik, tunfilter og m.m.<br \/>\nVil du have en monster truck der kan klare alle dine udfordringer, s\u00e5 har du chancen her.\n<\/p>\n<p style=\"text-align: center;\"><strong>Specifikationer:<\/strong><\/p>\n<p>V\u00e6gt 3950g<br \/>\nl\u00e6ngde 490mm<br \/>\nBredde 400mm<br \/>\nH\u00f8jde 260mm<br \/>\nAlu udst\u00f8dning<br \/>\nGear Ratio 17.9:1<br \/>\n4WD (4 Hjulstr\u00e6k)<br \/>\nAluminium chassis<br \/>\nMotor 3,5 ccm Vertex<br \/>\nAkselafstand&#8212;-320-330mm<br \/>\nFront Thread&#8212;&#8212;&#8212;300mm<br \/>\nRear Thread&#8212;&#8212;&#8212;-305mm<br \/>\nHjul st\u00f8relse&#8211;155mm*80mm<br \/>\nOlie St\u00f8dd\u00e6mper (Aluminium)<\/p>\n<p style=\"text-align: center;\">Topfart ca. 70km\/t<\/p>\n<p>&nbsp;<\/p>\n<p style=\"text-align: center;\">Modellen leveres inkl. pistol fjernbetjening, det eneste der mangler for at v\u00e6re k\u00f8rende er: br\u00e6ndstof, 12AA batterier og gl\u00f8destarter.<\/p>\n<p style=\"text-align: center;\"><img data-recalc-dims=\"1\" decoding=\"async\" style=\"height: 286px; width: 500px;\" src=\"https:\/\/i0.wp.com\/www.interware.dk\/picture_library\/Tornado1.jpg?w=1165\" alt=\"\" \/><\/p>\n<p style=\"text-align: center;\">\n<p style=\"text-align: center;\">Modellen kan desuden opgraderes.<\/p>\n<p style=\"text-align: center;\"><a href=\"http:\/\/www.interware.dk\/mediafiles\/Indkoringafmotor.doc\"><u>Husk at en ny motor altid skal k\u00f8res til inden brug, klik her for at l\u00e6se, hvordan det g\u00f8res.<\/u><\/a><\/p>\n<!--themify_builder_content-->\n<div id=\"themify_builder_content-1002\" data-postid=\"1002\" class=\"themify_builder_content themify_builder_content-1002 themify_builder tf_clear\">\n    <\/div>\n<!--\/themify_builder_content-->\n","protected":false},"excerpt":{"rendered":"<p>HiSpeed Tornado 1\/8 3,5cc nitro monster Tornado har en 3,5ccm motor med 2,3 hk. Dette giver Tornado en utrolig r\u00e5styrke og g\u00f8r den i stand til at k\u00f8re igennem alle terr\u00e6n og klare alle forhindringer. Nogle af dens features er: aluminium st\u00f8dd\u00e6mpere, st\u00f8v og vandt\u00e6t boks til elektronik, tunfilter og m.m. Vil du have en [&hellip;]<\/p>\n","protected":false},"featured_media":4521,"comment_status":"open","ping_status":"closed","template":"","meta":[],"pwb-brand":[167],"product_brand":[],"product_cat":[57],"product_tag":[],"class_list":{"0":"post-1002","1":"product","2":"type-product","3":"status-publish","4":"has-post-thumbnail","6":"pwb-brand-hsp","7":"product_cat-1-8-biler","8":"has-post-title","9":"has-post-date","10":"has-post-category","11":"has-post-tag","12":"has-post-comment","13":"has-post-author","14":"","16":"first","17":"instock","18":"taxable","19":"shipping-taxable","20":"purchasable","21":"product-type-simple"},"jetpack_sharing_enabled":true,"brands":[{"id":167,"name":"HSP","slug":"hsp"}],"builder_content":"","_links":{"self":[{"href":"https:\/\/interware.dk\/RC\/wp-json\/wp\/v2\/product\/1002","targetHints":{"allow":["GET"]}}],"collection":[{"href":"https:\/\/interware.dk\/RC\/wp-json\/wp\/v2\/product"}],"about":[{"href":"https:\/\/interware.dk\/RC\/wp-json\/wp\/v2\/types\/product"}],"replies":[{"embeddable":true,"href":"https:\/\/interware.dk\/RC\/wp-json\/wp\/v2\/comments?post=1002"}],"wp:featuredmedia":[{"embeddable":true,"href":"https:\/\/interware.dk\/RC\/wp-json\/wp\/v2\/media\/4521"}],"wp:attachment":[{"href":"https:\/\/interware.dk\/RC\/wp-json\/wp\/v2\/media?parent=1002"}],"wp:term":[{"taxonomy":"pwb-brand","embeddable":true,"href":"https:\/\/interware.dk\/RC\/wp-json\/wp\/v2\/pwb-brand?post=1002"},{"taxonomy":"product_brand","embeddable":true,"href":"https:\/\/interware.dk\/RC\/wp-json\/wp\/v2\/product_brand?post=1002"},{"taxonomy":"product_cat","embeddable":true,"href":"https:\/\/interware.dk\/RC\/wp-json\/wp\/v2\/product_cat?post=1002"},{"taxonomy":"product_tag","embeddable":true,"href":"https:\/\/interware.dk\/RC\/wp-json\/wp\/v2\/product_tag?post=1002"}],"curies":[{"name":"wp","href":"https:\/\/api.w.org\/{rel}","templated":true}]}}