{"id":1001,"date":"2019-06-06T17:29:33","date_gmt":"2019-06-06T16:29:33","guid":{"rendered":"http:\/\/interware.dk\/fjernstyret\/vare\/winner-sport\/"},"modified":"2024-12-18T17:37:13","modified_gmt":"2024-12-18T16:37:13","slug":"winner-sport","status":"publish","type":"product","link":"https:\/\/interware.dk\/RC\/vare\/winner-sport\/","title":{"rendered":"Winner Sport"},"content":{"rendered":"<div style=\"text-align: center;\"><\/div>\n<div style=\"text-align: center;\"><\/div>\n<div style=\"text-align: center;\"><\/div>\n<div style=\"text-align: center;\"><\/div>\n<div style=\"text-align: center;\"><\/div>\n<div style=\"text-align: center;\"><span style=\"font-size: 20px;\">Winner Sport<\/span><\/div>\n<div style=\"text-align: center;\"><\/div>\n<div style=\"text-align: center;\">\u00a0<a href=\"http:\/\/interware.dk\/RC\/index.php?cPath=2_35_36\">Reservedele til Winner Sport finder du her.<\/a><\/div>\n<div style=\"text-align: center;\"><\/div>\n<div>\n<p style=\"text-align: center;\"><img data-recalc-dims=\"1\" decoding=\"async\" style=\"height: 239px; width: 500px;\" src=\"https:\/\/i0.wp.com\/www.interware.dk\/picture_library\/10343d.gif?w=1165\" \/><\/p>\n<\/div>\n<div>\n<p style=\"text-align: center;\">\n<\/div>\n<blockquote>\n<div style=\"text-align: center;\"><\/div>\n<div style=\"text-align: center;\"><\/div>\n<div style=\"text-align: center;\"><strong>En ustoppelig nitro dreven Buggy, med lexan karroseri, som er meget mere holdbart end PVC karroserier. <\/strong><\/div>\n<div style=\"text-align: center;\"><strong>Er du til hurtige biler er denne fartdj\u00e6vel noget for dig!<\/strong><\/div>\n<div style=\"text-align: center;\"><\/div>\n<\/blockquote>\n<div>\n<p style=\"text-align: center;\"><img data-recalc-dims=\"1\" decoding=\"async\" style=\"height: 293px; width: 500px;\" src=\"https:\/\/i0.wp.com\/www.interware.dk\/picture_library\/body_10343.gif?w=1165\" \/><\/p>\n<\/div>\n<blockquote>\n<div style=\"text-align: center;\"><\/div>\n<div style=\"text-align: center;\">\n<p><strong>FEATURES:<\/strong><\/p>\n<p>15CXP h\u00f8jt ydende, tr\u00e6kstarts motor med karburator<br \/>\nFor og bag differentiale<br \/>\n4 hjulstr\u00e6k.<br \/>\nJusterbart wishbone oph\u00e6ng<\/p>\n<\/div>\n<div style=\"text-align: center;\">80cc br\u00e6ndstoftank<br \/>\noliefyldte st\u00f8dd\u00e6mpere<\/div>\n<div style=\"text-align: center;\">Radial d\u00e6k<\/div>\n<div style=\"text-align: center;\">Aluminium chassis\n<\/div>\n<div style=\"text-align: center;\"><\/div>\n<div style=\"text-align: center;\"><strong>TEKNISKE DATA:<\/strong>\n<\/div>\n<div>\n<ul>\n<li style=\"text-align: center;\">BREDDE&#8212;&#8212;&#8212;- 267MM<\/li>\n<li style=\"text-align: center;\">H\u00d8JDE&#8212;&#8212;&#8212;&#8212;- 155MM<\/li>\n<li style=\"text-align: center;\">L\u00c6NGDE&#8212;&#8212;&#8212;&#8212;- 430MM<\/li>\n<li style=\"text-align: center;\">V\u00c6GT&#8212;&#8212;&#8212;&#8212;&#8212;&#8212;-1900g<\/li>\n<li style=\"text-align: center;\">MOTOR&#8212;&#8212;&#8212;&#8212;&#8212;&#8212; 2,5cc<\/li>\n<\/ul>\n<\/div>\n<p style=\"text-align: center;\">\n<p style=\"text-align: center;\">Modellen leveres inkl. pistol fjernbetjening, det eneste der mangler for at v\u00e6re k\u00f8rende er: br\u00e6ndstof, 12AA batterier og gl\u00f8destarter.<\/p>\n<p style=\"text-align: center;\"><img data-recalc-dims=\"1\" decoding=\"async\" style=\"height: 334px; width: 500px;\" src=\"https:\/\/i0.wp.com\/www.interware.dk\/RC\/images\/RC\/details.jpg?w=1165\" alt=\"\" \/><\/p>\n<\/blockquote>\n<div style=\"text-align: center;\">\u00a0<a href=\"http:\/\/www.interware.dk\/mediafiles\/Indkoringafmotor.doc\"><u>Husk at en ny motor altid skal k\u00f8res til inden brug, klik her for at l\u00e6se, hvordan det g\u00f8res.<\/u><\/a><\/div>\n<!--themify_builder_content-->\n<div id=\"themify_builder_content-1001\" data-postid=\"1001\" class=\"themify_builder_content themify_builder_content-1001 themify_builder tf_clear\">\n    <\/div>\n<!--\/themify_builder_content-->\n","protected":false},"excerpt":{"rendered":"<p>Winner Sport \u00a0Reservedele til Winner Sport finder du her. En ustoppelig nitro dreven Buggy, med lexan karroseri, som er meget mere holdbart end PVC karroserier. Er du til hurtige biler er denne fartdj\u00e6vel noget for dig! FEATURES: 15CXP h\u00f8jt ydende, tr\u00e6kstarts motor med karburator For og bag differentiale 4 hjulstr\u00e6k. Justerbart wishbone oph\u00e6ng 80cc br\u00e6ndstoftank [&hellip;]<\/p>\n","protected":false},"featured_media":4520,"comment_status":"open","ping_status":"closed","template":"","meta":[],"pwb-brand":[169],"product_brand":[],"product_cat":[58],"product_tag":[],"class_list":{"0":"post-1001","1":"product","2":"type-product","3":"status-publish","4":"has-post-thumbnail","6":"pwb-brand-smartech","7":"product_cat-1-10-biler","8":"has-post-title","9":"has-post-date","10":"has-post-category","11":"has-post-tag","12":"has-post-comment","13":"has-post-author","14":"","16":"first","17":"instock","18":"sale","19":"taxable","20":"shipping-taxable","21":"purchasable","22":"product-type-simple"},"jetpack_sharing_enabled":true,"brands":[{"id":169,"name":"Smartech","slug":"smartech"}],"builder_content":"","_links":{"self":[{"href":"https:\/\/interware.dk\/RC\/wp-json\/wp\/v2\/product\/1001","targetHints":{"allow":["GET"]}}],"collection":[{"href":"https:\/\/interware.dk\/RC\/wp-json\/wp\/v2\/product"}],"about":[{"href":"https:\/\/interware.dk\/RC\/wp-json\/wp\/v2\/types\/product"}],"replies":[{"embeddable":true,"href":"https:\/\/interware.dk\/RC\/wp-json\/wp\/v2\/comments?post=1001"}],"wp:featuredmedia":[{"embeddable":true,"href":"https:\/\/interware.dk\/RC\/wp-json\/wp\/v2\/media\/4520"}],"wp:attachment":[{"href":"https:\/\/interware.dk\/RC\/wp-json\/wp\/v2\/media?parent=1001"}],"wp:term":[{"taxonomy":"pwb-brand","embeddable":true,"href":"https:\/\/interware.dk\/RC\/wp-json\/wp\/v2\/pwb-brand?post=1001"},{"taxonomy":"product_brand","embeddable":true,"href":"https:\/\/interware.dk\/RC\/wp-json\/wp\/v2\/product_brand?post=1001"},{"taxonomy":"product_cat","embeddable":true,"href":"https:\/\/interware.dk\/RC\/wp-json\/wp\/v2\/product_cat?post=1001"},{"taxonomy":"product_tag","embeddable":true,"href":"https:\/\/interware.dk\/RC\/wp-json\/wp\/v2\/product_tag?post=1001"}],"curies":[{"name":"wp","href":"https:\/\/api.w.org\/{rel}","templated":true}]}}