{"id":6928,"date":"2016-10-06T02:08:51","date_gmt":"2016-10-06T01:08:51","guid":{"rendered":"https:\/\/interware.dk\/fjernstyret\/fortrolighedspolitik\/"},"modified":"2019-07-01T16:25:34","modified_gmt":"2019-07-01T15:25:34","slug":"fortrolighedspolitik","status":"publish","type":"page","link":"https:\/\/interware.dk\/RC\/fortrolighedspolitik\/?lang=sv","title":{"rendered":"Integritetspolicy"},"content":{"rendered":"<!--themify_builder_content-->\n<div id=\"themify_builder_content-6928\" data-postid=\"6928\" class=\"themify_builder_content themify_builder_content-6928 themify_builder tf_clear\">\n                    <div  data-lazy=\"1\" class=\"module_row themify_builder_row tb_s803375 tb_first tf_w\">\n                        <div class=\"row_inner col_align_top tb_col_count_1 tf_box tf_rel\">\n                        <div  data-lazy=\"1\" class=\"module_column tb-column col-full tb_15w9376 first\">\n                    <!-- module text -->\n<div  class=\"module module-text tb_7lea815   \" data-lazy=\"1\">\n        <div  class=\"tb_text_wrap\">\n        <p>Interwares\u00a0webbplats anv\u00e4nder cookies. Alla som bes\u00f6ker en webbplats som anv\u00e4nder cookies m\u00e5ste enligt lag f\u00e5 information om att webbplatsen inneh\u00e5ller cookies, vad de anv\u00e4nds till och hur man kan v\u00e4lja bort dem.<\/p>\n<p>En cookie \u00e4r en liten textfil som lagras p\u00e5 bes\u00f6karens dator och inneh\u00e5ller information. Cookies anv\u00e4nds normalt f\u00f6r att f\u00f6rb\u00e4ttra webbplatsen f\u00f6r bes\u00f6karen. Det finns tv\u00e5 typer:<\/p>\n<ul>\n<li>Den ena typen sparar en fil som ligger kvar p\u00e5 bes\u00f6karens dator. Filen anv\u00e4nds t.ex. f\u00f6r att bes\u00f6karen l\u00e4ttare ska kunna anv\u00e4nda webbplatsen utifr\u00e5n sina \u00f6nskem\u00e5l och intressen.<\/li>\n<li>Den andra typen kallas sessionscookie. Under tiden en bes\u00f6kare \u00e4r inne p\u00e5 en webbsida lagras den tempor\u00e4rt i bes\u00f6karens dators minne. Sessionscookies f\u00f6rsvinner n\u00e4r bes\u00f6karen st\u00e4nger sin webbl\u00e4sare. Ingen personlig information, t.ex. e-post eller namn, sparas om bes\u00f6karen.<\/li>\n<\/ul>\n<p>P\u00e5\u00a0Interwares webbplats anv\u00e4nds b\u00e5da typerna av cookies. N\u00e4r du bes\u00f6ker v\u00e5r webbplats skickas en sessionscookie mellan din dator och v\u00e5r webbserver f\u00f6r att bland annat underl\u00e4tta navigering. Sessionscookies anv\u00e4nds ocks\u00e5 n\u00e4r du anv\u00e4nder v\u00e5ra e-tj\u00e4nster. Cookien f\u00f6rsvinner n\u00e4r du avslutat bes\u00f6ket.<\/p>\n<p>Om du som bes\u00f6kare inte accepterar att webbplatsen anv\u00e4nder cookies kan du st\u00e4nga av funktionen via din webbl\u00e4sares s\u00e4kerhetsinst\u00e4llningar. Du kan \u00e4ven st\u00e4lla in webbl\u00e4saren s\u00e5 att du f\u00e5r en varning varje g\u00e5ng webbplatsen f\u00f6rs\u00f6ker s\u00e4tta en cookie p\u00e5 din dator.<\/p>\n<p>Om du inte vill att cookies lagras p\u00e5 din dator kan du st\u00e4nga av \u00e4ven den funktionen i din webbl\u00e4sares inst\u00e4llningar. D\u00e5 kommer inga cookies att lagras, men du kommer inte heller kunna anv\u00e4nda vissa funktioner p\u00e5 webbplatsen.<\/p>\n<p>Allm\u00e4n information om cookies och den nya lagen om elektronisk kommunikation finns p\u00e5 Post- och telestyrelsens webbplats.<\/p>    <\/div>\n<\/div>\n<!-- \/module text -->        <\/div>\n                        <\/div>\n        <\/div>\n        <\/div>\n<!--\/themify_builder_content-->","protected":false},"excerpt":{"rendered":"<p>Interwares\u00a0webbplats anv\u00e4nder cookies. Alla som bes\u00f6ker en webbplats som anv\u00e4nder cookies m\u00e5ste enligt lag f\u00e5 information om att webbplatsen inneh\u00e5ller cookies, vad de anv\u00e4nds till och hur man kan v\u00e4lja bort dem. En cookie \u00e4r en liten textfil som lagras p\u00e5 bes\u00f6karens dator och inneh\u00e5ller information. Cookies anv\u00e4nds normalt f\u00f6r att f\u00f6rb\u00e4ttra webbplatsen f\u00f6r bes\u00f6karen. [&hellip;]<\/p>\n","protected":false},"author":1,"featured_media":0,"parent":0,"menu_order":0,"comment_status":"closed","ping_status":"closed","template":"","meta":{"footnotes":""},"class_list":["post-6928","page","type-page","status-publish","hentry","has-post-title","has-post-date","has-post-category","has-post-tag","has-post-comment","has-post-author",""],"jetpack_sharing_enabled":true,"builder_content":"<p>Interwares\u00a0webbplats anv\u00e4nder cookies. Alla som bes\u00f6ker en webbplats som anv\u00e4nder cookies m\u00e5ste enligt lag f\u00e5 information om att webbplatsen inneh\u00e5ller cookies, vad de anv\u00e4nds till och hur man kan v\u00e4lja bort dem.<\/p> <p>En cookie \u00e4r en liten textfil som lagras p\u00e5 bes\u00f6karens dator och inneh\u00e5ller information. Cookies anv\u00e4nds normalt f\u00f6r att f\u00f6rb\u00e4ttra webbplatsen f\u00f6r bes\u00f6karen. Det finns tv\u00e5 typer:<\/p> <ul> <li>Den ena typen sparar en fil som ligger kvar p\u00e5 bes\u00f6karens dator. Filen anv\u00e4nds t.ex. f\u00f6r att bes\u00f6karen l\u00e4ttare ska kunna anv\u00e4nda webbplatsen utifr\u00e5n sina \u00f6nskem\u00e5l och intressen.<\/li> <li>Den andra typen kallas sessionscookie. Under tiden en bes\u00f6kare \u00e4r inne p\u00e5 en webbsida lagras den tempor\u00e4rt i bes\u00f6karens dators minne. Sessionscookies f\u00f6rsvinner n\u00e4r bes\u00f6karen st\u00e4nger sin webbl\u00e4sare. Ingen personlig information, t.ex. e-post eller namn, sparas om bes\u00f6karen.<\/li> <\/ul> <p>P\u00e5\u00a0Interwares webbplats anv\u00e4nds b\u00e5da typerna av cookies. N\u00e4r du bes\u00f6ker v\u00e5r webbplats skickas en sessionscookie mellan din dator och v\u00e5r webbserver f\u00f6r att bland annat underl\u00e4tta navigering. Sessionscookies anv\u00e4nds ocks\u00e5 n\u00e4r du anv\u00e4nder v\u00e5ra e-tj\u00e4nster. Cookien f\u00f6rsvinner n\u00e4r du avslutat bes\u00f6ket.<\/p> <p>Om du som bes\u00f6kare inte accepterar att webbplatsen anv\u00e4nder cookies kan du st\u00e4nga av funktionen via din webbl\u00e4sares s\u00e4kerhetsinst\u00e4llningar. Du kan \u00e4ven st\u00e4lla in webbl\u00e4saren s\u00e5 att du f\u00e5r en varning varje g\u00e5ng webbplatsen f\u00f6rs\u00f6ker s\u00e4tta en cookie p\u00e5 din dator.<\/p> <p>Om du inte vill att cookies lagras p\u00e5 din dator kan du st\u00e4nga av \u00e4ven den funktionen i din webbl\u00e4sares inst\u00e4llningar. D\u00e5 kommer inga cookies att lagras, men du kommer inte heller kunna anv\u00e4nda vissa funktioner p\u00e5 webbplatsen.<\/p> <p>Allm\u00e4n information om cookies och den nya lagen om elektronisk kommunikation finns p\u00e5 Post- och telestyrelsens webbplats.<\/p>","_links":{"self":[{"href":"https:\/\/interware.dk\/RC\/wp-json\/wp\/v2\/pages\/6928","targetHints":{"allow":["GET"]}}],"collection":[{"href":"https:\/\/interware.dk\/RC\/wp-json\/wp\/v2\/pages"}],"about":[{"href":"https:\/\/interware.dk\/RC\/wp-json\/wp\/v2\/types\/page"}],"author":[{"embeddable":true,"href":"https:\/\/interware.dk\/RC\/wp-json\/wp\/v2\/users\/1"}],"replies":[{"embeddable":true,"href":"https:\/\/interware.dk\/RC\/wp-json\/wp\/v2\/comments?post=6928"}],"version-history":[{"count":2,"href":"https:\/\/interware.dk\/RC\/wp-json\/wp\/v2\/pages\/6928\/revisions"}],"predecessor-version":[{"id":6933,"href":"https:\/\/interware.dk\/RC\/wp-json\/wp\/v2\/pages\/6928\/revisions\/6933"}],"wp:attachment":[{"href":"https:\/\/interware.dk\/RC\/wp-json\/wp\/v2\/media?parent=6928"}],"curies":[{"name":"wp","href":"https:\/\/api.w.org\/{rel}","templated":true}]}}