{"id":6917,"date":"2019-06-01T19:39:20","date_gmt":"2019-06-01T18:39:20","guid":{"rendered":"https:\/\/interware.dk\/fjernstyret\/fragt-og-retur\/"},"modified":"2019-08-20T07:03:10","modified_gmt":"2019-08-20T06:03:10","slug":"fragt-og-retur","status":"publish","type":"page","link":"https:\/\/interware.dk\/RC\/fragt-og-retur\/?lang=sv","title":{"rendered":"Frakt o Returer"},"content":{"rendered":"<p><\/p>\n<!--themify_builder_content-->\n<div id=\"themify_builder_content-6917\" data-postid=\"6917\" class=\"themify_builder_content themify_builder_content-6917 themify_builder tf_clear\">\n                    <div  data-lazy=\"1\" class=\"module_row themify_builder_row tb_pfd710 tb_first tf_w\">\n                        <div class=\"row_inner col_align_top tb_col_count_1 tf_box tf_rel\">\n                        <div  data-lazy=\"1\" class=\"module_column tb-column col-full tb_iabb11 first\">\n                    <!-- module text -->\n<div  class=\"module module-text tb_x58875   \" data-lazy=\"1\">\n        <div  class=\"tb_text_wrap\">\n        <div><strong>Leverans:<\/strong>\n<div>Vi skickar din best\u00e4llning s\u00e5 fort som m\u00f6jligt om vi har registrerat din betalning.<br \/>Om din best\u00e4llning inneh\u00e5ller best\u00e4llningsvaror, kommer best\u00e4llningen att levereras n\u00e4r vi kan g\u00f6ra en enda leverans, om inte annat avtalats .<\/div>\n<div>\u00a0<\/div>\n<div>Varor som inte finns i lager, tar vanligtvis cirka 1-4 veckor f\u00f6r leverans. Om inte annat beskrivs\u00a0p\u00e5 produkt sidan. Kontakta oss om du vill veta mer om leveranstiden .<br \/>Alla best\u00e4llningar levereras via Post Danmark och kan f\u00f6ljas i deras Track &amp; Trace-system, om din totala order vikt \u00f6verstiger 500g.<br \/>Du f\u00e5r ett meddelande med kollinummer n\u00e4r\u00a0vi skickar din best\u00e4llning.<\/div>\n<br \/><br \/><strong>Frakt:<\/strong>\n<div>Interware anv\u00e4nder Post Danmark.<br \/>Overseas och utl\u00e4ndska destinationer betalar frakten i enlighet med g\u00e4llande taxor hos Post Danmark.<br \/>Dessa avgifter \u00e4r inb\u00e4ddade i v\u00e5rt system och du kommer alltid att f\u00e5 frakt priset\u00a0angett innan du best\u00e4ller. Du betalar aldrig mer \u00e4n systemet ber\u00e4knas.<\/div>\n<div>\u00a0<\/div>\n<div>Om du har fr\u00e5gor eller beh\u00f6ver hj\u00e4lp tveka inte att skicka ett e-mail till info@interware.dk<\/div>\n<\/div>\n<div>\u00a0<\/div>\n<div><strong>Retur:<\/strong><br \/>Du har 14 dagars retur \/ tillbakadragande .<br \/>Varorna m\u00e5ste returneras i originalf\u00f6rpackning .<br \/>Kostnaden f\u00f6r returtransporter av denna typ h\u00e5lls av dig.<br \/>Om du vill ha pengarna tillbaks,\u00a0kommer det att underl\u00e4tta v\u00e5r expedition, om du samtidigt skicka oss information om din bank. Vi beh\u00f6ver f\u00f6ljande information:<br \/>Bankens namn<\/div>\n<div>Registreringsnummer (4 cifre)<br \/>Kontonummer (10 cifre)<\/div>\n<div>IBAN<\/div>\n<div>SWIFT<\/div>\n<div>N\u00e4r varor tas emot och godk\u00e4nts som returnerade varor vidarebefordrades det belopp som betalas utam frakt inom 7 dagar.<\/div>\n<div>\u00a0<\/div>\n<div><strong>Vi tar\u00a0inte emot post skickades via COD.<\/strong><\/div>\n<div>\u00a0<\/div>\n<div><strong>Klagom\u00e5l och garanti:<\/strong><\/div>\n<div>Vi ger 2-\u00e5rs garanti mot tillverkningsfel p\u00e5 alla produkter.<br \/>Interware bytar eller reparerar om m\u00f6jligt defekta varor,\u00a0om produkten\u00a0g\u00e5r s\u00f6nder\u00a0under garantiperioden repareras denna kostnadsfritt , om inte felet beror p\u00e5 operat\u00f6r fel, \u00e4ndringar, felaktig installation eller grov missbruk av anv\u00e4ndaren. Vi f\u00f6rbeh\u00e5ller oss r\u00e4tten att reglera ett klagom\u00e5l genom att betala dess pris.<\/div>    <\/div>\n<\/div>\n<!-- \/module text -->        <\/div>\n                        <\/div>\n        <\/div>\n        <\/div>\n<!--\/themify_builder_content-->","protected":false},"excerpt":{"rendered":"<p>Leverans: Vi skickar din best\u00e4llning s\u00e5 fort som m\u00f6jligt om vi har registrerat din betalning.Om din best\u00e4llning inneh\u00e5ller best\u00e4llningsvaror, kommer best\u00e4llningen att levereras n\u00e4r vi kan g\u00f6ra en enda leverans, om inte annat avtalats . \u00a0 Varor som inte finns i lager, tar vanligtvis cirka 1-4 veckor f\u00f6r leverans. Om inte annat beskrivs\u00a0p\u00e5 produkt sidan. [&hellip;]<\/p>\n","protected":false},"author":1,"featured_media":0,"parent":0,"menu_order":0,"comment_status":"closed","ping_status":"closed","template":"","meta":{"footnotes":""},"class_list":["post-6917","page","type-page","status-publish","hentry","has-post-title","has-post-date","has-post-category","has-post-tag","has-post-comment","has-post-author",""],"jetpack_sharing_enabled":true,"builder_content":"<strong>Leverans:<\/strong> Vi skickar din best\u00e4llning s\u00e5 fort som m\u00f6jligt om vi har registrerat din betalning.<br \/>Om din best\u00e4llning inneh\u00e5ller best\u00e4llningsvaror, kommer best\u00e4llningen att levereras n\u00e4r vi kan g\u00f6ra en enda leverans, om inte annat avtalats . \u00a0 Varor som inte finns i lager, tar vanligtvis cirka 1-4 veckor f\u00f6r leverans. Om inte annat beskrivs\u00a0p\u00e5 produkt sidan. Kontakta oss om du vill veta mer om leveranstiden .<br \/>Alla best\u00e4llningar levereras via Post Danmark och kan f\u00f6ljas i deras Track &amp; Trace-system, om din totala order vikt \u00f6verstiger 500g.<br \/>Du f\u00e5r ett meddelande med kollinummer n\u00e4r\u00a0vi skickar din best\u00e4llning. <br \/><br \/><strong>Frakt:<\/strong> Interware anv\u00e4nder Post Danmark.<br \/>Overseas och utl\u00e4ndska destinationer betalar frakten i enlighet med g\u00e4llande taxor hos Post Danmark.<br \/>Dessa avgifter \u00e4r inb\u00e4ddade i v\u00e5rt system och du kommer alltid att f\u00e5 frakt priset\u00a0angett innan du best\u00e4ller. Du betalar aldrig mer \u00e4n systemet ber\u00e4knas. \u00a0 Om du har fr\u00e5gor eller beh\u00f6ver hj\u00e4lp tveka inte att skicka ett e-mail till info@interware.dk\n\u00a0 <strong>Retur:<\/strong><br \/>Du har 14 dagars retur \/ tillbakadragande .<br \/>Varorna m\u00e5ste returneras i originalf\u00f6rpackning .<br \/>Kostnaden f\u00f6r returtransporter av denna typ h\u00e5lls av dig.<br \/>Om du vill ha pengarna tillbaks,\u00a0kommer det att underl\u00e4tta v\u00e5r expedition, om du samtidigt skicka oss information om din bank. Vi beh\u00f6ver f\u00f6ljande information:<br \/>Bankens namn Registreringsnummer (4 cifre)<br \/>Kontonummer (10 cifre) IBAN SWIFT N\u00e4r varor tas emot och godk\u00e4nts som returnerade varor vidarebefordrades det belopp som betalas utam frakt inom 7 dagar. \u00a0 <strong>Vi tar\u00a0inte emot post skickades via COD.<\/strong> \u00a0 <strong>Klagom\u00e5l och garanti:<\/strong> Vi ger 2-\u00e5rs garanti mot tillverkningsfel p\u00e5 alla produkter.<br \/>Interware bytar eller reparerar om m\u00f6jligt defekta varor,\u00a0om produkten\u00a0g\u00e5r s\u00f6nder\u00a0under garantiperioden repareras denna kostnadsfritt , om inte felet beror p\u00e5 operat\u00f6r fel, \u00e4ndringar, felaktig installation eller grov missbruk av anv\u00e4ndaren. Vi f\u00f6rbeh\u00e5ller oss r\u00e4tten att reglera ett klagom\u00e5l genom att betala dess pris.","_links":{"self":[{"href":"https:\/\/interware.dk\/RC\/wp-json\/wp\/v2\/pages\/6917","targetHints":{"allow":["GET"]}}],"collection":[{"href":"https:\/\/interware.dk\/RC\/wp-json\/wp\/v2\/pages"}],"about":[{"href":"https:\/\/interware.dk\/RC\/wp-json\/wp\/v2\/types\/page"}],"author":[{"embeddable":true,"href":"https:\/\/interware.dk\/RC\/wp-json\/wp\/v2\/users\/1"}],"replies":[{"embeddable":true,"href":"https:\/\/interware.dk\/RC\/wp-json\/wp\/v2\/comments?post=6917"}],"version-history":[{"count":4,"href":"https:\/\/interware.dk\/RC\/wp-json\/wp\/v2\/pages\/6917\/revisions"}],"predecessor-version":[{"id":12274,"href":"https:\/\/interware.dk\/RC\/wp-json\/wp\/v2\/pages\/6917\/revisions\/12274"}],"wp:attachment":[{"href":"https:\/\/interware.dk\/RC\/wp-json\/wp\/v2\/media?parent=6917"}],"curies":[{"name":"wp","href":"https:\/\/api.w.org\/{rel}","templated":true}]}}