{"id":358,"date":"2016-10-06T02:08:51","date_gmt":"2016-10-06T02:08:51","guid":{"rendered":"https:\/\/themify.me\/demo\/themes\/ultra-ecommerce\/checkout\/"},"modified":"2019-06-19T11:51:23","modified_gmt":"2019-06-19T10:51:23","slug":"fortrolighedspolitik","status":"publish","type":"page","link":"https:\/\/interware.dk\/RC\/fortrolighedspolitik\/","title":{"rendered":"Fortrolighedspolitik"},"content":{"rendered":"<!--themify_builder_content-->\n<div id=\"themify_builder_content-358\" data-postid=\"358\" class=\"themify_builder_content themify_builder_content-358 themify_builder tf_clear\">\n                    <div  data-lazy=\"1\" class=\"module_row themify_builder_row tb_s803375 tb_first tf_w\">\n                        <div class=\"row_inner col_align_top tb_col_count_1 tf_box tf_rel\">\n                        <div  data-lazy=\"1\" class=\"module_column tb-column col-full tb_15w9376 first\">\n                    <!-- module text -->\n<div  class=\"module module-text tb_7lea815   \" data-lazy=\"1\">\n        <div  class=\"tb_text_wrap\">\n        <p><strong>Hjemmesiden er ejet og drevet af:<\/strong><br \/>Interware<br \/>E-mail: info@interware.dk<\/p><p><strong>Personlige oplysninger<\/strong><\/p><p>Alle de oplysninger, du giver til os, behandler vi med st\u00f8rst mulig diskretion. Oplysningerne bruges kun til at betjene dig p\u00e5 vores hjemmeside, og vi g\u00f8r alt, hvad vi kan for at beskytte og hemmeligholde dine personlige data. Vi garanterer, at vi aldrig s\u00e6lger, udlejer eller udl\u00e5ner personlige oplysninger til tredie person.<\/p><p><strong>Cookies<\/strong><\/p><p>P\u00e5 interware.dk anvendes cookies med det form\u00e5l at optimere websitet og dets funktionalitet, og dermed g\u00f8re bes\u00f8get s\u00e5 nemt som muligt for dig.\u00a0<\/p><p>En cookie er en lille stump kode, der gemmes p\u00e5 din computer, n\u00e5r du bes\u00f8ger en hjemmeside. De bruges blandt andet til at registrere din f\u00e6rden, mens du er p\u00e5 hjemmesiden og huske dig, hvis du vender tilbage. Oplysningerne, som registreres, kan for eksempel bruges til statistik, til at forbedre brugeroplevelsen og til at vise dig m\u00e5lrettede reklamer. Denne sides cookies opsamler information som kan bruges til statistiske form\u00e5l (som at se, hvor mange bes\u00f8gende man har haft).<\/p><p>Man skelner mellem f\u00f8rstepartscookies, som stammer fra den hjemmeside, du bes\u00f8ger, og tredjepartscookies, som stammer fra andre steder. Det kan fx v\u00e6re annoncer, reklamebannere og information fra og om andre af hjemmesidernes samarbejdspartnere.<\/p><p>Cookies kan ikke indeholde virus og er i sig selv ikke farlige. De fleste internetbrowsere g\u00f8r det muligt at blokere for cookies helt eller delvist og at slette cookies, du allerede har f\u00e5et. Hvis du blokerer for alle cookies, skal du v\u00e6re opm\u00e6rksom p\u00e5, at mange hjemmesider ikke fungerer korrekt.<\/p><p>Du\u00a0kan til enhver tid slette cookies fra din computer. Hvordan du g\u00f8r det, afh\u00e6nger af din browser.<\/p>    <\/div>\n<\/div>\n<!-- \/module text -->        <\/div>\n                        <\/div>\n        <\/div>\n        <\/div>\n<!--\/themify_builder_content-->","protected":false},"excerpt":{"rendered":"<p>Hjemmesiden er ejet og drevet af:InterwareE-mail: info@interware.dk Personlige oplysninger Alle de oplysninger, du giver til os, behandler vi med st\u00f8rst mulig diskretion. Oplysningerne bruges kun til at betjene dig p\u00e5 vores hjemmeside, og vi g\u00f8r alt, hvad vi kan for at beskytte og hemmeligholde dine personlige data. Vi garanterer, at vi aldrig s\u00e6lger, udlejer eller [&hellip;]<\/p>\n","protected":false},"author":1,"featured_media":0,"parent":0,"menu_order":0,"comment_status":"closed","ping_status":"closed","template":"","meta":{"footnotes":""},"class_list":["post-358","page","type-page","status-publish","hentry","has-post-title","has-post-date","has-post-category","has-post-tag","has-post-comment","has-post-author",""],"jetpack_sharing_enabled":true,"builder_content":"<p><strong>Hjemmesiden er ejet og drevet af:<\/strong><br \/>Interware<br \/>E-mail: info@interware.dk<\/p><p><strong>Personlige oplysninger<\/strong><\/p><p>Alle de oplysninger, du giver til os, behandler vi med st\u00f8rst mulig diskretion. Oplysningerne bruges kun til at betjene dig p\u00e5 vores hjemmeside, og vi g\u00f8r alt, hvad vi kan for at beskytte og hemmeligholde dine personlige data. Vi garanterer, at vi aldrig s\u00e6lger, udlejer eller udl\u00e5ner personlige oplysninger til tredie person.<\/p><p><strong>Cookies<\/strong><\/p><p>P\u00e5 interware.dk anvendes cookies med det form\u00e5l at optimere websitet og dets funktionalitet, og dermed g\u00f8re bes\u00f8get s\u00e5 nemt som muligt for dig.\u00a0<\/p><p>En cookie er en lille stump kode, der gemmes p\u00e5 din computer, n\u00e5r du bes\u00f8ger en hjemmeside. De bruges blandt andet til at registrere din f\u00e6rden, mens du er p\u00e5 hjemmesiden og huske dig, hvis du vender tilbage. Oplysningerne, som registreres, kan for eksempel bruges til statistik, til at forbedre brugeroplevelsen og til at vise dig m\u00e5lrettede reklamer. Denne sides cookies opsamler information som kan bruges til statistiske form\u00e5l (som at se, hvor mange bes\u00f8gende man har haft).<\/p><p>Man skelner mellem f\u00f8rstepartscookies, som stammer fra den hjemmeside, du bes\u00f8ger, og tredjepartscookies, som stammer fra andre steder. Det kan fx v\u00e6re annoncer, reklamebannere og information fra og om andre af hjemmesidernes samarbejdspartnere.<\/p><p>Cookies kan ikke indeholde virus og er i sig selv ikke farlige. De fleste internetbrowsere g\u00f8r det muligt at blokere for cookies helt eller delvist og at slette cookies, du allerede har f\u00e5et. Hvis du blokerer for alle cookies, skal du v\u00e6re opm\u00e6rksom p\u00e5, at mange hjemmesider ikke fungerer korrekt.<\/p><p>Du\u00a0kan til enhver tid slette cookies fra din computer. Hvordan du g\u00f8r det, afh\u00e6nger af din browser.<\/p>","_links":{"self":[{"href":"https:\/\/interware.dk\/RC\/wp-json\/wp\/v2\/pages\/358","targetHints":{"allow":["GET"]}}],"collection":[{"href":"https:\/\/interware.dk\/RC\/wp-json\/wp\/v2\/pages"}],"about":[{"href":"https:\/\/interware.dk\/RC\/wp-json\/wp\/v2\/types\/page"}],"author":[{"embeddable":true,"href":"https:\/\/interware.dk\/RC\/wp-json\/wp\/v2\/users\/1"}],"replies":[{"embeddable":true,"href":"https:\/\/interware.dk\/RC\/wp-json\/wp\/v2\/comments?post=358"}],"version-history":[{"count":2,"href":"https:\/\/interware.dk\/RC\/wp-json\/wp\/v2\/pages\/358\/revisions"}],"predecessor-version":[{"id":6635,"href":"https:\/\/interware.dk\/RC\/wp-json\/wp\/v2\/pages\/358\/revisions\/6635"}],"wp:attachment":[{"href":"https:\/\/interware.dk\/RC\/wp-json\/wp\/v2\/media?parent=358"}],"curies":[{"name":"wp","href":"https:\/\/api.w.org\/{rel}","templated":true}]}}