{"id":323,"date":"2019-06-01T19:39:20","date_gmt":"2019-06-01T18:39:20","guid":{"rendered":"http:\/\/interware.dk\/fjernstyret\/?page_id=323"},"modified":"2022-04-29T14:50:53","modified_gmt":"2022-04-29T13:50:53","slug":"fragt-og-retur","status":"publish","type":"page","link":"https:\/\/interware.dk\/RC\/fragt-og-retur\/","title":{"rendered":"Fragt og retur"},"content":{"rendered":"<p><\/p>\n<!--themify_builder_content-->\n<div id=\"themify_builder_content-323\" data-postid=\"323\" class=\"themify_builder_content themify_builder_content-323 themify_builder tf_clear\">\n                    <div  data-lazy=\"1\" class=\"module_row themify_builder_row tb_pfd710 tb_first tf_w\">\n                        <div class=\"row_inner col_align_top tb_col_count_1 tf_box tf_rel\">\n                        <div  data-lazy=\"1\" class=\"module_column tb-column col-full tb_iabb11 first\">\n                    <!-- module text -->\n<div  class=\"module module-text tb_x58875   \" data-lazy=\"1\">\n        <div  class=\"tb_text_wrap\">\n        <div><strong>Levering:<\/strong><br \/>Vi\u00a0sender din ordre hurtigst muligt, s\u00e5fremt vi har\u00a0registreret din indbetaling.<br \/>Hvis din ordre indeholder bestillingsvarer, vil ordren dog f\u00f8rst blive afsendt, n\u00e5r vi kan foretage en samlet levering, medmindre andet aftales.<\/div>\n<div>Varer der ikke er p\u00e5 lager, har normalt ca. 1-4 ugers leveringstid. Medmindre andet st\u00e5r beskrevet ved produktet. Kontakt os, hvis du vil vide mere om leveringstiden.<br \/>Alle ordrer leveres via PostDanmark og kan f\u00f8lges i deres Track&amp;Trace system, hvis din samlede ordres v\u00e6gt overstiger 1 kg.<br \/>Du modtager en mail med pakkens nummer n\u00e5r vi afsender din ordre.<br \/><br \/><strong>Fragt:<\/strong><br \/>Interware anvender Postens erhvervspakker.<br \/>Overs\u00f8iske og udenlandske destinationer betaler fragt efter g\u00e6ldende takster hos PostDanmark.<br \/>Disse takster er indlagt i vores system, og du vil altid f\u00e5 fragten oplyst inden du bestiller. Du kommer aldrig til at betale mere end det af systemet beregnede.<\/div>\n<div>Har du sp\u00f8rgsm\u00e5l eller brug for hj\u00e6lp er du altid meget velkommen til at sende en e-mail til\u00a0<u>info@interware.dk<\/u><\/div>\n<div>Pakker som ikke afhentes debiteres med 150kr.\u00a0<\/div>\n<div>\u00a0<\/div>\n<div><strong>Retur:<\/strong><br \/>Du har\u00a014 dages retur- \/ fortrydelsesret.<br \/>Varerne skal returneres i original emballage.<br \/>Udgiften til retur-forsendelser af denne type afholdes af dig.<br \/>\u00d8nsker du pengene retur vil det lette vores ekspedition, hvis du samtidigt sender os oplysninger om dit pengeinstitut. Vi skal bruge f\u00f8lgende oplysninger:<br \/>Bankens navn<br \/>Registreringsnummer (4 cifre)<br \/>Kontonummer (10 cifre)<br \/><strong>N\u00e5r varen er modtaget og godkendt som returvare fremsendes det betalte bel\u00f8b uden fragt indenfor 7 dage.<\/strong><\/div>\n<div>\u00a0<\/div>\n<div><strong>Vi modtager ikke post sendt pr. efterkrav.<\/strong><br \/><br \/><strong>Reklamation og garanti:<\/strong><br \/>Der ydes et \u00bd \u00e5rs garanti og 1\u00bd \u00e5rs reklamationsret mod fabrikationsfejl p\u00e5 alle produkter.<br \/>Interware ombytter eller reparerer s\u00e5 vidt muligt defekte varer,\u00a0<strong>skulle varen mod forventning g\u00e5 i stykker under garantiperioden, repareres denne vederlagsfrit, medmindre fejlen skyldes betjeningsfejl, modifikationer, monteringsfejl\u00a0eller groft misbrug fra brugerens side.<\/strong>\u00a0vi forbeholder os retten til at afvikle en reklamation ved at udbetale varens k\u00f8bspris.<\/div>    <\/div>\n<\/div>\n<!-- \/module text -->        <\/div>\n                        <\/div>\n        <\/div>\n        <\/div>\n<!--\/themify_builder_content-->","protected":false},"excerpt":{"rendered":"<p>Levering:Vi\u00a0sender din ordre hurtigst muligt, s\u00e5fremt vi har\u00a0registreret din indbetaling.Hvis din ordre indeholder bestillingsvarer, vil ordren dog f\u00f8rst blive afsendt, n\u00e5r vi kan foretage en samlet levering, medmindre andet aftales. Varer der ikke er p\u00e5 lager, har normalt ca. 1-4 ugers leveringstid. Medmindre andet st\u00e5r beskrevet ved produktet. Kontakt os, hvis du vil vide mere [&hellip;]<\/p>\n","protected":false},"author":1,"featured_media":0,"parent":0,"menu_order":0,"comment_status":"closed","ping_status":"closed","template":"","meta":{"footnotes":""},"class_list":["post-323","page","type-page","status-publish","hentry","has-post-title","has-post-date","has-post-category","has-post-tag","has-post-comment","has-post-author",""],"jetpack_sharing_enabled":true,"builder_content":"<strong>Levering:<\/strong><br \/>Vi\u00a0sender din ordre hurtigst muligt, s\u00e5fremt vi har\u00a0registreret din indbetaling.<br \/>Hvis din ordre indeholder bestillingsvarer, vil ordren dog f\u00f8rst blive afsendt, n\u00e5r vi kan foretage en samlet levering, medmindre andet aftales. Varer der ikke er p\u00e5 lager, har normalt ca. 1-4 ugers leveringstid. Medmindre andet st\u00e5r beskrevet ved produktet. Kontakt os, hvis du vil vide mere om leveringstiden.<br \/>Alle ordrer leveres via PostDanmark og kan f\u00f8lges i deres Track&amp;Trace system, hvis din samlede ordres v\u00e6gt overstiger 1 kg.<br \/>Du modtager en mail med pakkens nummer n\u00e5r vi afsender din ordre.<br \/><br \/><strong>Fragt:<\/strong><br \/>Interware anvender Postens erhvervspakker.<br \/>Overs\u00f8iske og udenlandske destinationer betaler fragt efter g\u00e6ldende takster hos PostDanmark.<br \/>Disse takster er indlagt i vores system, og du vil altid f\u00e5 fragten oplyst inden du bestiller. Du kommer aldrig til at betale mere end det af systemet beregnede. Har du sp\u00f8rgsm\u00e5l eller brug for hj\u00e6lp er du altid meget velkommen til at sende en e-mail til\u00a0<u>info@interware.dk<\/u> Pakker som ikke afhentes debiteres med 150kr.\u00a0 \u00a0 <strong>Retur:<\/strong><br \/>Du har\u00a014 dages retur- \/ fortrydelsesret.<br \/>Varerne skal returneres i original emballage.<br \/>Udgiften til retur-forsendelser af denne type afholdes af dig.<br \/>\u00d8nsker du pengene retur vil det lette vores ekspedition, hvis du samtidigt sender os oplysninger om dit pengeinstitut. Vi skal bruge f\u00f8lgende oplysninger:<br \/>Bankens navn<br \/>Registreringsnummer (4 cifre)<br \/>Kontonummer (10 cifre)<br \/><strong>N\u00e5r varen er modtaget og godkendt som returvare fremsendes det betalte bel\u00f8b uden fragt indenfor 7 dage.<\/strong> \u00a0 <strong>Vi modtager ikke post sendt pr. efterkrav.<\/strong><br \/><br \/><strong>Reklamation og garanti:<\/strong><br \/>Der ydes et \u00bd \u00e5rs garanti og 1\u00bd \u00e5rs reklamationsret mod fabrikationsfejl p\u00e5 alle produkter.<br \/>Interware ombytter eller reparerer s\u00e5 vidt muligt defekte varer,\u00a0<strong>skulle varen mod forventning g\u00e5 i stykker under garantiperioden, repareres denne vederlagsfrit, medmindre fejlen skyldes betjeningsfejl, modifikationer, monteringsfejl\u00a0eller groft misbrug fra brugerens side.<\/strong>\u00a0vi forbeholder os retten til at afvikle en reklamation ved at udbetale varens k\u00f8bspris.","_links":{"self":[{"href":"https:\/\/interware.dk\/RC\/wp-json\/wp\/v2\/pages\/323","targetHints":{"allow":["GET"]}}],"collection":[{"href":"https:\/\/interware.dk\/RC\/wp-json\/wp\/v2\/pages"}],"about":[{"href":"https:\/\/interware.dk\/RC\/wp-json\/wp\/v2\/types\/page"}],"author":[{"embeddable":true,"href":"https:\/\/interware.dk\/RC\/wp-json\/wp\/v2\/users\/1"}],"replies":[{"embeddable":true,"href":"https:\/\/interware.dk\/RC\/wp-json\/wp\/v2\/comments?post=323"}],"version-history":[{"count":12,"href":"https:\/\/interware.dk\/RC\/wp-json\/wp\/v2\/pages\/323\/revisions"}],"predecessor-version":[{"id":14498,"href":"https:\/\/interware.dk\/RC\/wp-json\/wp\/v2\/pages\/323\/revisions\/14498"}],"wp:attachment":[{"href":"https:\/\/interware.dk\/RC\/wp-json\/wp\/v2\/media?parent=323"}],"curies":[{"name":"wp","href":"https:\/\/api.w.org\/{rel}","templated":true}]}}